 

{"id":11025,"date":"2016-10-11T08:44:55","date_gmt":"2016-10-11T05:44:55","guid":{"rendered":"https:\/\/kauppa.ursa.fi\/kauppa\/?page_id=11025"},"modified":"2018-03-21T09:18:35","modified_gmt":"2018-03-21T07:18:35","slug":"tahtitieteen-perusteet","status":"publish","type":"page","link":"https:\/\/kauppa.ursa.fi\/kauppa\/tahtitieteen-perusteet\/","title":{"rendered":"T\u00e4htitieteen perusteet"},"content":{"rendered":"<p><strong>Korjauksia T\u00e4htitieteen perusteiden kuudenteen laitokseen<\/strong><br \/>\nKirjan viidennen laitoksen ollessa loppumaisillaan uutta laitosta jouduttiin tekem\u00e4\u00e4n kovalla kiireell\u00e4. Siksi varsinkin kuva- ja kaavaviittauksiin on j\u00e4\u00e4nyt joitakin virheit\u00e4, joita paljastui englanninkielist\u00e4 laitosta p\u00e4ivitett\u00e4ess\u00e4.<\/p>\n<p>Luku 4:<br \/>\ns. 138, esimerkki 4.4 ja seuraavan sivun puoliv\u00e4li:<br \/>\nviittaukset kaavaan (4.11) po. (4.12)<\/p>\n<p>Luku 6:<br \/>\nsivu 186, toinen kappale: Kuvassa (8.35) po. (8.38)<\/p>\n<p>Luku 7:<br \/>\ns. 201 ylempi kuva 7.3: &#8221;mutka&#8221; 17.4 vastaa alakuvan kohtaa A eik\u00e4 C<br \/>\nja vastaavasti 30.6. kohtaa C<\/p>\n<p>Luku 8:<br \/>\ns. 296 kuvan 8.39 kuvateksti: ks. kappale 8.20 po. 8.12<\/p>\n<p>Luku 14:<br \/>\ns 398: esimerkki 14.1: (4.11) po. (4.12)<br \/>\ns. 405: hieman puoliv\u00e4lin alapuolella: valok\u00e4yr\u00e4 on kuvassa 14.12<br \/>\npo. 14.13<\/p>\n<p>Luku 15:<br \/>\ns. 426: 6. rivi alhaalta: kuvasta 15.12 po. 15.10<br \/>\ns. 429: 13. rivi alhaalta: kuvassa 15.9 po. 15.11<\/p>\n<p>Luku 16:<br \/>\ns. 437: puoliv\u00e4lin alapuolella: (alakuva 19.12) po. (alakuva 19.17)<\/p>\n<p>Luku 20:<br \/>\ns. 561 ensimm\u00e4isen kappaleen lopussa oleva kuvaviite po. kuvaan 20.15 sivulla 583<\/p>\n<p><a href=\"https:\/\/kauppa.ursa.fi\/kauppa\/tuote\/tahtitieteen-perusteet-6-laitos\/\">T\u00e4htitieteen perusteet Ursan verkkokaupassa<\/a><\/p>\n","protected":false},"excerpt":{"rendered":"<p>Korjauksia T\u00e4htitieteen perusteiden kuudenteen laitokseen Kirjan viidennen laitoksen ollessa loppumaisillaan uutta laitosta jouduttiin tekem\u00e4\u00e4n kovalla kiireell\u00e4. Siksi varsinkin kuva- ja kaavaviittauksiin on j\u00e4\u00e4nyt joitakin virheit\u00e4, joita paljastui englanninkielist\u00e4 laitosta p\u00e4ivitett\u00e4ess\u00e4. [&hellip;]<\/p>\n","protected":false},"author":9,"featured_media":0,"parent":0,"menu_order":0,"comment_status":"closed","ping_status":"closed","template":"","meta":{"footnotes":""},"class_list":["post-11025","page","type-page","status-publish","hentry"],"_links":{"self":[{"href":"https:\/\/kauppa.ursa.fi\/kauppa\/wp-json\/wp\/v2\/pages\/11025","targetHints":{"allow":["GET"]}}],"collection":[{"href":"https:\/\/kauppa.ursa.fi\/kauppa\/wp-json\/wp\/v2\/pages"}],"about":[{"href":"https:\/\/kauppa.ursa.fi\/kauppa\/wp-json\/wp\/v2\/types\/page"}],"author":[{"embeddable":true,"href":"https:\/\/kauppa.ursa.fi\/kauppa\/wp-json\/wp\/v2\/users\/9"}],"replies":[{"embeddable":true,"href":"https:\/\/kauppa.ursa.fi\/kauppa\/wp-json\/wp\/v2\/comments?post=11025"}],"version-history":[{"count":4,"href":"https:\/\/kauppa.ursa.fi\/kauppa\/wp-json\/wp\/v2\/pages\/11025\/revisions"}],"predecessor-version":[{"id":19465,"href":"https:\/\/kauppa.ursa.fi\/kauppa\/wp-json\/wp\/v2\/pages\/11025\/revisions\/19465"}],"wp:attachment":[{"href":"https:\/\/kauppa.ursa.fi\/kauppa\/wp-json\/wp\/v2\/media?parent=11025"}],"curies":[{"name":"wp","href":"https:\/\/api.w.org\/{rel}","templated":true}]}}