 

{"id":17682,"date":"2017-12-01T11:11:25","date_gmt":"2017-12-01T09:11:25","guid":{"rendered":"https:\/\/kauppa.ursa.fi\/kauppa\/?page_id=17682"},"modified":"2026-04-14T11:06:43","modified_gmt":"2026-04-14T08:06:43","slug":"joulunalla","status":"publish","type":"page","link":"https:\/\/kauppa.ursa.fi\/kauppa\/joulunalla\/","title":{"rendered":"Ursan myym\u00e4l\u00e4n aukioloajat"},"content":{"rendered":"<h2>Ursan myym\u00e4l\u00e4n aukioloajat<\/h2>\n<p>Pidat\u00e4mme oikeuden muutoksiin<\/p>\n<ul>\n<li>Normaalit aukiolomme: ti, to ja pe klo 12\u201316<\/li>\n<\/ul>\n<h2>Ursan kirjoja saa ostettua my\u00f6s n\u00e4ist\u00e4 liikkeist\u00e4<\/h2>\n<ul>\n<li><a href=\"https:\/\/www2.helsinki.fi\/fi\/helsingin-observatorio\">Helsingin observatorion myym\u00e4l\u00e4<\/a> (Kopernikuksentie 1, Helsinki), koko valikoima.<\/li>\n<li><a href=\"https:\/\/tiedekirja.fi\/fi\/\">Tiedekirja<\/a> (Snellmaninkatu 13, Helsinki), varmista valikoima<\/li>\n<li>Rosebud-kirjakaupat<\/li>\n<li>Muut hyvin varustetut kirjakaupat<\/li>\n<\/ul>\n<h2>\u00a0<\/h2>\n<!--\n<h2>Toimitukset joulun alla<\/h2>\n<ul>\n<li>Tilausten k\u00e4sittely on nopeinta kun<strong> tilaat tuotteet verkkokaupan kautta<\/strong>.\u00a0<\/li>\n<li>Pienet kirjatilaukset ehtiv\u00e4t postiluukusta tai -laatikkoon kun tilaat ne ti<strong> 16.12. klo 12 menness\u00e4.<\/strong><\/li>\n<li>T\u00e4m\u00e4n j\u00e4lkeen kirjatilaukset ehtiv\u00e4t noudettavaksi Postin toimipisteeseen\/automaattiin kun tilaat<strong>\u00a0pe 19.12 klo 12 menness\u00e4.\u00a0<\/strong><\/li>\n<li>Joustavalla kotiinkuljetuksella toimitettavat tilaukset tulee tehd\u00e4\u00a0 <strong>to 18.12. klo 12 menness\u00e4.\u00a0<\/strong><\/li>\n<li>Kaukoputket ja kiikarit ehtiv\u00e4t viel\u00e4 jouluksi kun tilaat ne<strong>\u00a0pe 19.12 klo 12 menness\u00e4.\u00a0<\/strong><\/li>\n<li>Haja-asutusalueilla Postin toimitusajat saattavat olla pidempi\u00e4.<\/li>\n<li>Asentamalla itsellesi <a href=\"https:\/\/www.posti.fi\/fi\/henkiloille\/omaposti\" target=\"_blank\" rel=\"noopener\"><strong>OmaPosti-sovelluksen<\/strong><\/a> voit seurata l\u00e4hetyksesi kulkua.<\/li>\n<li>Ursan l\u00e4hetyksi\u00e4 <strong>ei voi varmuudella tilata tiettyyn pakettiautomaattiin\/noutopisteeseen<\/strong>. Posti ohjaa paketit noudettaviksi l\u00e4himp\u00e4\u00e4n noutopisteeseen joulun alla ruuhkatilanteen mukaisesti.<\/li>\n<li>Voit my\u00f6s tehd\u00e4 tilauksen ja valita toimitukseksi \"Nouto Ursan myym\u00e4l\u00e4st\u00e4\". N\u00e4in v\u00e4ltyt mahdolliselta postin viiv\u00e4stymiselt\u00e4.<\/li>\n<li>Huomioithan ett\u00e4 <strong>s\u00e4hk\u00f6postilla tai puhelimitse tehdyiss\u00e4 tilauksissa kest\u00e4\u00e4 pidemp\u00e4\u00e4n<\/strong>! Toimitus on hidasta, sill\u00e4 tilaus l\u00e4hetet\u00e4\u00e4n vasta, kun lasku n\u00e4kyy Ursan j\u00e4rjestelm\u00e4ss\u00e4 maksettuna. Nopeimman toimituksen takaat tekem\u00e4ll\u00e4 tilauksen Ursan verkkokaupassa.<\/li>\n<\/ul>\n<h2>Mik\u00e4li olet liikkeell\u00e4 viime tingassa...<\/h2>\n<ul>\n<li>Oiva lahja on my\u00f6s <a href=\"https:\/\/kauppa.ursa.fi\/kauppa\/tuote\/lahjakortti\/\"><strong>Ursan lahjakortti<\/strong><\/a>, joka toimitetaan s\u00e4hk\u00f6isesti tilauksen yhteydess\u00e4. Sen voi tilata viel\u00e4 vaikka jouluaattona, ja l\u00e4hett\u00e4\u00e4 itse s\u00e4hk\u00f6postitse eteenp\u00e4in tai tulostaa paperille.<\/li>\n<li>Voit ostaa lahjaksi my\u00f6s <a href=\"https:\/\/kauppa.ursa.fi\/kauppa\/tuote\/liity-ursan-jaseneksi-2\/\"><strong>Ursan j\u00e4senyyden<\/strong><\/a>. Senkin saa helposti viel\u00e4 jouluaattona.<\/li>\n<\/ul>\n-->\n\n\n<p><\/p>\n","protected":false},"excerpt":{"rendered":"<p>Ursan myym\u00e4l\u00e4n aukioloajat Pidat\u00e4mme oikeuden muutoksiin Normaalit aukiolomme: ti, to ja pe klo 12\u201316 Ursan kirjoja saa ostettua my\u00f6s n\u00e4ist\u00e4 liikkeist\u00e4 Helsingin observatorion myym\u00e4l\u00e4 (Kopernikuksentie 1, Helsinki), koko valikoima. Tiedekirja [&hellip;]<\/p>\n","protected":false},"author":9,"featured_media":0,"parent":0,"menu_order":0,"comment_status":"closed","ping_status":"closed","template":"","meta":{"footnotes":""},"class_list":["post-17682","page","type-page","status-publish","hentry"],"_links":{"self":[{"href":"https:\/\/kauppa.ursa.fi\/kauppa\/wp-json\/wp\/v2\/pages\/17682","targetHints":{"allow":["GET"]}}],"collection":[{"href":"https:\/\/kauppa.ursa.fi\/kauppa\/wp-json\/wp\/v2\/pages"}],"about":[{"href":"https:\/\/kauppa.ursa.fi\/kauppa\/wp-json\/wp\/v2\/types\/page"}],"author":[{"embeddable":true,"href":"https:\/\/kauppa.ursa.fi\/kauppa\/wp-json\/wp\/v2\/users\/9"}],"replies":[{"embeddable":true,"href":"https:\/\/kauppa.ursa.fi\/kauppa\/wp-json\/wp\/v2\/comments?post=17682"}],"version-history":[{"count":45,"href":"https:\/\/kauppa.ursa.fi\/kauppa\/wp-json\/wp\/v2\/pages\/17682\/revisions"}],"predecessor-version":[{"id":141531,"href":"https:\/\/kauppa.ursa.fi\/kauppa\/wp-json\/wp\/v2\/pages\/17682\/revisions\/141531"}],"wp:attachment":[{"href":"https:\/\/kauppa.ursa.fi\/kauppa\/wp-json\/wp\/v2\/media?parent=17682"}],"curies":[{"name":"wp","href":"https:\/\/api.w.org\/{rel}","templated":true}]}}