 

{"id":25798,"date":"2019-03-29T13:10:18","date_gmt":"2019-03-29T11:10:18","guid":{"rendered":"https:\/\/kauppa.ursa.fi\/kauppa\/?page_id=25798"},"modified":"2019-03-29T13:10:48","modified_gmt":"2019-03-29T11:10:48","slug":"kosmologia","status":"publish","type":"page","link":"https:\/\/kauppa.ursa.fi\/kauppa\/kosmologia\/","title":{"rendered":"Kosmologian alkul\u00e4hteill\u00e4"},"content":{"rendered":"<p><strong>Korjauksia Kosmologian alkul\u00e4hteill\u00e4 (Pekka Teerikorpi, 2019, Ursa) -kirjaan<br \/>\n<\/strong><\/p>\n<p>s. 84 ensimm\u00e4isen kappaleen viimeisest\u00e4 virkkeest\u00e4 on j\u00e4\u00e4nyt pois lauseke \u03c0r<sup>3<\/sup>. Koko virke kuuluu n\u00e4in: &#8221;Sen euklidinen kaava on tunnetusti nelj\u00e4 kolmasosaa lausekkeesta \u03c0r<sup>3<\/sup>, mutta palloavaruudessa se on pienempi ja hyperbolisessa suurempi.&#8221;<\/p>\n<p><a href=\"https:\/\/kauppa.ursa.fi\/kauppa\/tuote\/satelliittipaikannus\/\"><strong>Kosmologian alkul\u00e4hteill\u00e4<\/strong> Ursan kirjakaupassa<\/a><\/p>\n","protected":false},"excerpt":{"rendered":"<p>Korjauksia Kosmologian alkul\u00e4hteill\u00e4 (Pekka Teerikorpi, 2019, Ursa) -kirjaan s. 84 ensimm\u00e4isen kappaleen viimeisest\u00e4 virkkeest\u00e4 on j\u00e4\u00e4nyt pois lauseke \u03c0r3. Koko virke kuuluu n\u00e4in: &#8221;Sen euklidinen kaava on tunnetusti nelj\u00e4 kolmasosaa [&hellip;]<\/p>\n","protected":false},"author":9,"featured_media":0,"parent":0,"menu_order":0,"comment_status":"closed","ping_status":"closed","template":"","meta":{"footnotes":""},"class_list":["post-25798","page","type-page","status-publish","hentry"],"_links":{"self":[{"href":"https:\/\/kauppa.ursa.fi\/kauppa\/wp-json\/wp\/v2\/pages\/25798","targetHints":{"allow":["GET"]}}],"collection":[{"href":"https:\/\/kauppa.ursa.fi\/kauppa\/wp-json\/wp\/v2\/pages"}],"about":[{"href":"https:\/\/kauppa.ursa.fi\/kauppa\/wp-json\/wp\/v2\/types\/page"}],"author":[{"embeddable":true,"href":"https:\/\/kauppa.ursa.fi\/kauppa\/wp-json\/wp\/v2\/users\/9"}],"replies":[{"embeddable":true,"href":"https:\/\/kauppa.ursa.fi\/kauppa\/wp-json\/wp\/v2\/comments?post=25798"}],"version-history":[{"count":2,"href":"https:\/\/kauppa.ursa.fi\/kauppa\/wp-json\/wp\/v2\/pages\/25798\/revisions"}],"predecessor-version":[{"id":25800,"href":"https:\/\/kauppa.ursa.fi\/kauppa\/wp-json\/wp\/v2\/pages\/25798\/revisions\/25800"}],"wp:attachment":[{"href":"https:\/\/kauppa.ursa.fi\/kauppa\/wp-json\/wp\/v2\/media?parent=25798"}],"curies":[{"name":"wp","href":"https:\/\/api.w.org\/{rel}","templated":true}]}}