 

{"id":28509,"date":"2019-11-07T15:58:31","date_gmt":"2019-11-07T13:58:31","guid":{"rendered":"https:\/\/kauppa.ursa.fi\/kauppa\/?page_id=28509"},"modified":"2025-09-19T12:36:58","modified_gmt":"2025-09-19T09:36:58","slug":"tahtitiedetta-aloittelijoille","status":"publish","type":"page","link":"https:\/\/kauppa.ursa.fi\/kauppa\/tahtitiedetta-aloittelijoille\/","title":{"rendered":"Miten aloittaa t\u00e4htiharrastus"},"content":{"rendered":"<div id=\"pl-gb28509-69f5b032bd6ba\"  class=\"panel-layout\" ><div id=\"pg-gb28509-69f5b032bd6ba-0\"  class=\"panel-grid panel-no-style\" ><div id=\"pgc-gb28509-69f5b032bd6ba-0-0\"  class=\"panel-grid-cell\" ><div id=\"panel-gb28509-69f5b032bd6ba-0-0-0\" class=\"so-panel widget widget_black-studio-tinymce widget_black_studio_tinymce panel-first-child panel-last-child\" data-index=\"0\" ><div class=\"textwidget\"><p><em><a href=\"https:\/\/kauppa.ursa.fi\/kauppa\/wp-content\/uploads\/2019\/11\/kiikarointi.jpg\"><img loading=\"lazy\" decoding=\"async\" class=\"alignnone wp-image-97005 size-full\" src=\"https:\/\/kauppa.ursa.fi\/kauppa\/wp-content\/uploads\/2024\/09\/vaaka-venus-valko.jpg\" alt=\"\" width=\"1200\" height=\"628\" srcset=\"https:\/\/kauppa.ursa.fi\/kauppa\/wp-content\/uploads\/2024\/09\/vaaka-venus-valko.jpg 1200w, https:\/\/kauppa.ursa.fi\/kauppa\/wp-content\/uploads\/2024\/09\/vaaka-venus-valko-420x220.jpg 420w, https:\/\/kauppa.ursa.fi\/kauppa\/wp-content\/uploads\/2024\/09\/vaaka-venus-valko-800x419.jpg 800w, https:\/\/kauppa.ursa.fi\/kauppa\/wp-content\/uploads\/2024\/09\/vaaka-venus-valko-300x157.jpg 300w, https:\/\/kauppa.ursa.fi\/kauppa\/wp-content\/uploads\/2024\/09\/vaaka-venus-valko-1024x536.jpg 1024w, https:\/\/kauppa.ursa.fi\/kauppa\/wp-content\/uploads\/2024\/09\/vaaka-venus-valko-150x79.jpg 150w, https:\/\/kauppa.ursa.fi\/kauppa\/wp-content\/uploads\/2024\/09\/vaaka-venus-valko-768x402.jpg 768w\" sizes=\"auto, (max-width: 1200px) 100vw, 1200px\" \/><\/a>T\u00e4htitaivasta voi ihastella aluksi paljain silmin tai pienen kiikarin avulla.<\/em><\/p>\n<p>Yksi yleisimpi\u00e4 Ursaan tulevia kysymyksi\u00e4 on se, miten t\u00e4htiharrastus aloitetaan. Mit\u00e4\u00e4n alkuvaatimuksia ei ole, sill\u00e4 t\u00e4htitiede sopii harrastukseksi niin nojatuolissa viihtyv\u00e4lle kuin t\u00e4htitaivasta tarkkailevallekin. Et tarvitse alan tutkintoa, t\u00e4htikaukoputkea tai omaa avaruusrakettia.<\/p>\n<p>T\u00e4htitaivaasta kiinnostuneen ei tarvitse v\u00e4ltt\u00e4m\u00e4tt\u00e4 v\u00e4rj\u00f6tell\u00e4 ulkona koko y\u00f6t\u00e4, sill\u00e4 taivaankanteen voi tutustua paljain silmin ihan vaikka iltak\u00e4velyll\u00e4. Moni harrastaa t\u00e4htitiedett\u00e4 lukemalla alasta kertovia kirjoja ja <em>T\u00e4hdet ja avaruus<\/em> -lehte\u00e4.<\/p>\n<h3>Taivas on t\u00e4ynn\u00e4 ihmeellisi\u00e4 asioita<\/h3>\n<p>Moni mielt\u00e4\u00e4 t\u00e4htiharrastuksen pit\u00e4v\u00e4n sis\u00e4ll\u00e4\u00e4n vain y\u00f6taivaan ja nimen omaan Kuun, t\u00e4htien ja planeettojen tarkkailun, mutta yht\u00e4 hyvin harrastuksen pariin voivat kuulua my\u00f6s p\u00e4iv\u00e4taivaan ilmi\u00f6t kuten sateenkaaret, haloilmi\u00f6t ja erilaiset myrskyilmi\u00f6t. Y\u00f6taivaalla voi my\u00f6s n\u00e4ky\u00e4 haloilmi\u00f6it\u00e4, mink\u00e4 lis\u00e4ksi siell\u00e4 voi olla vaikkapa t\u00e4hdenlentoja, revontulia tai valaisevia y\u00f6pilvi\u00e4. Kaikkia eiv\u00e4t ole kiinnostuneita juuri t\u00e4hdist\u00e4 tai planeetoista, vaan intohimo saattaa kohdistua johonkin aivan muuhun taivaalla n\u00e4kyv\u00e4\u00e4n ilmi\u00f6\u00f6n.<\/p>\n<p>Kaikki eiv\u00e4t ole kiinnistuneita havaitsemisesta, vaan he haluavat mieluummin lukea avaruudesta kirjoista ja lehdist\u00e4 tai kuunnella <strong><a href=\"https:\/\/www.youtube.com\/playlist?list=PLZ9sWJjR_MfHhd91n028rbVlGVNkmTU3r\">esitelmi\u00e4<\/a><\/strong> ja <strong><a href=\"https:\/\/www.youtube.com\/playlist?list=PLZ9sWJjR_MfFeRATLFfqYRPUoP0opoC4r\">podcasteja<\/a><\/strong>. Keskity siihen, mik\u00e4 juuri sinua kiinnostaa! Ei ole yht\u00e4 ainoaa oikeaa tapaa olla t\u00e4htiharrastaja.<\/p>\n<h3>T\u00e4htiharrastus on helppoa<\/h3>\n<p>Sek\u00e4 nojatuoliharrastaja ett\u00e4 taivaan tarkkailija voi liitty\u00e4<strong> <a href=\"https:\/\/kauppa.ursa.fi\/kauppa\/tuote-osasto\/jasenyys\/\" target=\"_blank\" rel=\"noopener noreferrer\">Ursan j\u00e4seneksi<\/a><\/strong>. Ursan j\u00e4senille l\u00e4hetett\u00e4v\u00e4 <em>T\u00e4hdet ja avaruus<\/em> -lehti on arvostettu ja v\u00e4rik\u00e4s lukupaketti sek\u00e4 teoreettisemmin suuntautuneille ett\u00e4 taivaan katselusta kiinnostuneille. Voit tutustua kahdeksan kertaa vuodessa ilmestyv\u00e4\u00e4n lehteen <a href=\"https:\/\/www.ursa.fi\/naytelehti\"><strong>sen n\u00e4ytenumerossa<\/strong><\/a>. Kannattaa ottaa seurantaan my\u00f6s lehden nettiuutiset sivulla <strong><a href=\"https:\/\/www.avaruus.fi\" target=\"_blank\" rel=\"noopener noreferrer\">www.avaruus.fi<\/a><\/strong>!<\/p>\n<p>Jos haluat lukea lis\u00e4\u00e4 avaruudesta, kannattaa tutustua <strong><a href=\"https:\/\/kauppa.ursa.fi\/kauppa\/kirjakauppa\/\">Ursan kirjatarjontaan<\/a><\/strong>. Ensimm\u00e4iseksi kirjaksi sopii erinomaisesti vaikkapa Heikki Ojan <strong><a href=\"https:\/\/kauppa.ursa.fi\/kauppa\/tuote\/universumi\/\" target=\"_blank\" rel=\"noopener noreferrer\">Universumi.<\/a><\/strong>\u00a0Kirjassa esitell\u00e4\u00e4n reilu sata maailmankaikkeuden ilmi\u00f6t\u00e4, ja se sopii niin vasta-alkajille kuin jo enemm\u00e4n lukeneille. Ursan julkaisemien kirjojen joukosta l\u00f6ytyy kaikille sopivaa luettavaa.<\/p>\n<h3>T\u00e4htitaivasta voi tarkkailla my\u00f6s paljain silmin<\/h3>\n<p>T\u00e4htitaivaan tarkkailija p\u00e4\u00e4see alkuun Ursan verkkosivuilta l\u00f6ytyv\u00e4n <strong><a href=\"https:\/\/www.ursa.fi\/extra\/tahtikartta\/\" target=\"_blank\" rel=\"noopener noreferrer\">t\u00e4htikartan<\/a><\/strong> avulla. T\u00e4htikartta n\u00e4ytt\u00e4\u00e4 oman paikkakuntasi t\u00e4htitaivaan haluamallasi hetkell\u00e4. Ursa on julkaissut mobiililaitteille my\u00f6s oman, suomenkielisen ja maksuttoman <a href=\"https:\/\/www.ursa.fi\/tahtikarttasovellus.html\"><strong>t\u00e4htikarttasovelluksen<\/strong><\/a>. Iltak\u00e4velylle voi ottaa mukaan my\u00f6s <strong><a href=\"https:\/\/kauppa.ursa.fi\/kauppa\/tuote\/planisfaari\/\" target=\"_blank\" rel=\"noopener noreferrer\">Ursan planisf\u00e4\u00e4rin<\/a><\/strong>, ja vinkkej\u00e4 t\u00e4htitaivaan katseluun l\u00f6ytyy Ursan <strong><a href=\"https:\/\/kauppa.ursa.fi\/kauppa\/tuote\/tahdet\" target=\"_blank\" rel=\"noopener noreferrer\">T\u00e4hdet-vuosikirjasta<\/a><\/strong>, josta l\u00f6ytyy my\u00f6s ajankohtainen t\u00e4htikartta jokaiselle kuukaudelle. Taivasta voi tarkkailla mainiosti paljain silmin ilman apuv\u00e4lineit\u00e4.<\/p>\n<p>Jos Kuun tai himme\u00e4mpien kohteiden tarkkailu kuitenkin kiinnostaa, pieni kiikari on hyv\u00e4 alku. Monelta l\u00f6ytyy jo jonkinlainen kiikari kotoa. Ursan verkkokaupasta l\u00f6ytyy my\u00f6s n\u00e4pp\u00e4r\u00e4 <strong><a href=\"https:\/\/kauppa.ursa.fi\/kauppa\/tuote\/aloituspaketti-tahtiharrastukseen-2\/\" target=\"_blank\" rel=\"noopener noreferrer\">t\u00e4htiharrastajan aloituspaketti<\/a>,<\/strong> joka sis\u00e4lt\u00e4\u00e4 korkealaatuisen kiikarin, Ursan planisf\u00e4\u00e4rin ja T\u00e4hdet-vuosikirjan. Jos mieless\u00e4 on kaukoputken hankinta, kannattaa alkajaiksiksi tutustua <strong><a href=\"https:\/\/kauppa.ursa.fi\/kauppa\/kaukoputken-ostajan-opas\/\" target=\"_blank\" rel=\"noopener noreferrer\">Kaukoputken ostajan oppaaseen. <\/a><\/strong>Kaukoputkella p\u00e4\u00e4set katsomaan taivasta j\u00e4senen\u00e4 ihan ilmaiseksikin <strong><a href=\"https:\/\/www.ursa.fi\/torni\">Ursan t\u00e4htitornilla<\/a> <\/strong>Kaivopuistossa Helsingiss\u00e4.<\/p>\n<h3>Ursa kokoaa t\u00e4htitieteen harrastajat yhteen<\/h3>\n<p>Kun n\u00e4et taivaalla jotain j\u00e4nn\u00e4\u00e4, voit jakaa kokemuksesi muiden kanssa Ursan havaintopalvelu <a href=\"https:\/\/www.taivaanvahti.fi\"><strong>Taivaanvahdissa<\/strong><\/a>, jossa voit selailla my\u00f6s muiden havaintoja ja tarkistaa, n\u00e4kik\u00f6 joku muukin samat revontulet tai tulipallon. Ursa l\u00f6ytyy my\u00f6s <a href=\"https:\/\/www.facebook.com\/ursary\/\"><strong>Facebookista<\/strong><\/a>, <strong><a href=\"https:\/\/bsky.app\/profile\/ursary.bsky.social\">Blueskysta<\/a><\/strong> ja <strong><a href=\"https:\/\/www.instagram.com\/ursa_ry\/\">Instagramista<\/a>, <\/strong>ja Ursan esitelmi\u00e4 ja podcasteja voi katsoa ja kuunnella <strong><a href=\"https:\/\/www.youtube.com\/channel\/UCv6ZJqMfSf5ghIch7OEjH_g\">Youtubesta<\/a>.<\/strong><\/p>\n<\/div><\/div><\/div><\/div><div id=\"pg-gb28509-69f5b032bd6ba-1\"  class=\"panel-grid panel-no-style\" ><div id=\"pgc-gb28509-69f5b032bd6ba-1-0\"  class=\"panel-grid-cell panel-grid-cell-empty\" ><\/div><div id=\"pgc-gb28509-69f5b032bd6ba-1-1\"  class=\"panel-grid-cell panel-grid-cell-mobile-last\" ><div id=\"panel-gb28509-69f5b032bd6ba-1-1-0\" class=\"so-panel widget widget_black-studio-tinymce widget_black_studio_tinymce panel-first-child panel-last-child\" data-index=\"1\" ><div class=\"panel-widget-style panel-widget-style-for-gb28509-69f5b032bd6ba-1-1-0\" ><div class=\"textwidget\"><h2 style=\"text-align: center;\"><span style=\"color: #ffffff;\"><strong><a style=\"color: #ffffff;\" href=\"https:\/\/kauppa.ursa.fi\/kauppa\/tuote\/liity-ursan-jaseneksi-2\/\">Liity Ursaan<\/a><\/strong><\/span><\/h2>\n<\/div><\/div><\/div><\/div><div id=\"pgc-gb28509-69f5b032bd6ba-1-2\"  class=\"panel-grid-cell panel-grid-cell-empty\" ><\/div><\/div><div id=\"pg-gb28509-69f5b032bd6ba-2\"  class=\"panel-grid panel-no-style\" ><div id=\"pgc-gb28509-69f5b032bd6ba-2-0\"  class=\"panel-grid-cell\" ><div id=\"panel-gb28509-69f5b032bd6ba-2-0-0\" class=\"so-panel widget widget_black-studio-tinymce widget_black_studio_tinymce panel-first-child panel-last-child\" data-index=\"2\" ><div class=\"textwidget\"><p><a href=\"https:\/\/kauppa.ursa.fi\/kauppa\/wp-content\/uploads\/2019\/11\/ursa3_vaalea.jpg\"><img loading=\"lazy\" decoding=\"async\" class=\"alignnone wp-image-97001 size-full\" src=\"https:\/\/kauppa.ursa.fi\/kauppa\/wp-content\/uploads\/2024\/09\/auringonpimennys2015AhtiKannosto-scaled.jpg\" alt=\"\" width=\"2560\" height=\"1708\" srcset=\"https:\/\/kauppa.ursa.fi\/kauppa\/wp-content\/uploads\/2024\/09\/auringonpimennys2015AhtiKannosto-scaled.jpg 2560w, https:\/\/kauppa.ursa.fi\/kauppa\/wp-content\/uploads\/2024\/09\/auringonpimennys2015AhtiKannosto-scaled-420x280.jpg 420w, https:\/\/kauppa.ursa.fi\/kauppa\/wp-content\/uploads\/2024\/09\/auringonpimennys2015AhtiKannosto-scaled-800x534.jpg 800w, https:\/\/kauppa.ursa.fi\/kauppa\/wp-content\/uploads\/2024\/09\/auringonpimennys2015AhtiKannosto-300x200.jpg 300w, https:\/\/kauppa.ursa.fi\/kauppa\/wp-content\/uploads\/2024\/09\/auringonpimennys2015AhtiKannosto-1024x683.jpg 1024w, https:\/\/kauppa.ursa.fi\/kauppa\/wp-content\/uploads\/2024\/09\/auringonpimennys2015AhtiKannosto-150x100.jpg 150w, https:\/\/kauppa.ursa.fi\/kauppa\/wp-content\/uploads\/2024\/09\/auringonpimennys2015AhtiKannosto-768x512.jpg 768w, https:\/\/kauppa.ursa.fi\/kauppa\/wp-content\/uploads\/2024\/09\/auringonpimennys2015AhtiKannosto-1536x1025.jpg 1536w, https:\/\/kauppa.ursa.fi\/kauppa\/wp-content\/uploads\/2024\/09\/auringonpimennys2015AhtiKannosto-2048x1367.jpg 2048w, https:\/\/kauppa.ursa.fi\/kauppa\/wp-content\/uploads\/2024\/09\/auringonpimennys2015AhtiKannosto-272x182.jpg 272w\" sizes=\"auto, (max-width: 2560px) 100vw, 2560px\" \/><\/a><a href=\"https:\/\/kauppa.ursa.fi\/kauppa\/wp-content\/uploads\/2019\/11\/ursa3_vaalea.jpg\"><em>Auringonpimennys Ursan t\u00e4htitornilla Helsingin Kaivopuistossa maaliskuussa 2015. Kuva: Ahti Kannosto<\/em><\/a><\/p>\n<\/div><\/div><\/div><\/div><\/div>\n\n\n<p><\/p>\n","protected":false},"excerpt":{"rendered":"<p>T\u00e4htitaivasta voi ihastella aluksi paljain silmin tai pienen kiikarin avulla. Yksi yleisimpi\u00e4 Ursaan tulevia kysymyksi\u00e4 on se, miten t\u00e4htiharrastus aloitetaan. Mit\u00e4\u00e4n alkuvaatimuksia ei ole, sill\u00e4 t\u00e4htitiede sopii harrastukseksi niin nojatuolissa [&hellip;]<\/p>\n","protected":false},"author":9,"featured_media":0,"parent":0,"menu_order":0,"comment_status":"closed","ping_status":"closed","template":"","meta":{"footnotes":""},"class_list":["post-28509","page","type-page","status-publish","hentry"],"_links":{"self":[{"href":"https:\/\/kauppa.ursa.fi\/kauppa\/wp-json\/wp\/v2\/pages\/28509","targetHints":{"allow":["GET"]}}],"collection":[{"href":"https:\/\/kauppa.ursa.fi\/kauppa\/wp-json\/wp\/v2\/pages"}],"about":[{"href":"https:\/\/kauppa.ursa.fi\/kauppa\/wp-json\/wp\/v2\/types\/page"}],"author":[{"embeddable":true,"href":"https:\/\/kauppa.ursa.fi\/kauppa\/wp-json\/wp\/v2\/users\/9"}],"replies":[{"embeddable":true,"href":"https:\/\/kauppa.ursa.fi\/kauppa\/wp-json\/wp\/v2\/comments?post=28509"}],"version-history":[{"count":34,"href":"https:\/\/kauppa.ursa.fi\/kauppa\/wp-json\/wp\/v2\/pages\/28509\/revisions"}],"predecessor-version":[{"id":120655,"href":"https:\/\/kauppa.ursa.fi\/kauppa\/wp-json\/wp\/v2\/pages\/28509\/revisions\/120655"}],"wp:attachment":[{"href":"https:\/\/kauppa.ursa.fi\/kauppa\/wp-json\/wp\/v2\/media?parent=28509"}],"curies":[{"name":"wp","href":"https:\/\/api.w.org\/{rel}","templated":true}]}}