 

{"id":3226,"date":"2015-03-04T17:14:44","date_gmt":"2015-03-04T15:14:44","guid":{"rendered":"https:\/\/kauppa.ursa.fi\/kauppa\/?page_id=3226"},"modified":"2026-04-09T14:40:10","modified_gmt":"2026-04-09T11:40:10","slug":"tilaus-ja-toimitusehdot","status":"publish","type":"page","link":"https:\/\/kauppa.ursa.fi\/kauppa\/checkout\/tilaus-ja-toimitusehdot\/","title":{"rendered":"Kauppa- ja toimitusehdot"},"content":{"rendered":"\n<h3 class=\"wp-block-heading\">Tilaaminen<\/h3>\n\n\n\n<ul class=\"wp-block-list\">\n<li>Tilataksesi tuotteen lis\u00e4\u00e4 se ensin ostoskoriisi painamalla tuotteen kohdalla olevaa &#8221;Lis\u00e4\u00e4 ostoskoriin&#8221; -painiketta. Jos olet Ursan j\u00e4sen valitse j\u00e4senhinta, muussa tapauksessa valitse normaalihinta. Linkki ostoskoriin l\u00f6ytyy\u00a0jokaisen sivun yl\u00e4laidasta. Voit aina muokata ostoskorin sis\u00e4lt\u00f6\u00e4, lis\u00e4t\u00e4 tai v\u00e4hent\u00e4\u00e4 tuotteen m\u00e4\u00e4r\u00e4\u00e4 ostoskorissa tai poistaa tuotteita.<\/li>\n\n\n\n<li>Kun kaikki haluamasi tuotteet ovat ostoskorissa, siirry ostoskoriin. Jos muutat tuotteiden kappalem\u00e4\u00e4ri\u00e4, paina muutosten j\u00e4lkeen &#8221;P\u00e4ivit\u00e4 ostoskori&#8221;-painiketta, jolloin kauppa laskee ostoskorillesi uuden yhteishinnan. Tuotteen voi poistaa ostoskorista painamalla tuotteen vasemmalla puolella olevaa punaista rastia.<\/li>\n\n\n\n<li>Tarkistettuasi ostoskorin sis\u00e4ll\u00f6n siirry kassalle ja t\u00e4yt\u00e4 yhteystietosi niille varattuihin kenttiin, valitse toimitus- ja maksutavat ja paina &#8221;L\u00e4het\u00e4 tilaus&#8221;-painiketta. T\u00e4ll\u00f6in syntyy sinua sitova tilaus, joka tallennetaan Ursan tietokantaan. Jos olet alle 18-vuotias, pyyd\u00e4 tilaukselle huoltajasi lupa ennen tilauksen hyv\u00e4ksymist\u00e4. Sinulle l\u00e4hetet\u00e4\u00e4n hetken kuluttua s\u00e4hk\u00f6postitse ilmoitus tilauksesi vastaanottamisesta.<\/li>\n\n\n\n<li>Jos sinulla on lahjakortti, sy\u00f6t\u00e4 lahjakortin koodi ostoskori-sivulla olevaan kentt\u00e4\u00e4n. Verkkokauppa tunnistaa koodin automaattisesti.<\/li>\n<\/ul>\n\n\n\n<div data-wp-context=\"{ &quot;autoclose&quot;: false, &quot;accordionItems&quot;: [] }\" data-wp-interactive=\"core\/accordion\" role=\"group\" class=\"wp-block-accordion is-layout-flow wp-block-accordion-is-layout-flow\">\n<div data-wp-class--is-open=\"state.isOpen\" data-wp-context=\"{ &quot;id&quot;: &quot;accordion-item-1&quot;, &quot;openByDefault&quot;: false }\" data-wp-init=\"callbacks.initAccordionItems\" data-wp-on-window--hashchange=\"callbacks.hashChange\" class=\"wp-block-accordion-item is-layout-flow wp-block-accordion-item-is-layout-flow\">\n<h3 class=\"wp-block-accordion-heading\"><button aria-expanded=\"false\" aria-controls=\"accordion-item-1-panel\" data-wp-bind--aria-expanded=\"state.isOpen\" data-wp-on--click=\"actions.toggle\" data-wp-on--keydown=\"actions.handleKeyDown\" id=\"accordion-item-1\" type=\"button\" class=\"wp-block-accordion-heading__toggle\"><span class=\"wp-block-accordion-heading__toggle-title\">Tuotteiden hinnat ja j\u00e4senalennukset<\/span><span class=\"wp-block-accordion-heading__toggle-icon\" aria-hidden=\"true\">+<\/span><\/button><\/h3>\n\n\n\n<div inert aria-labelledby=\"accordion-item-1\" data-wp-bind--inert=\"!state.isOpen\" id=\"accordion-item-1-panel\" role=\"region\" class=\"wp-block-accordion-panel is-layout-flow wp-block-accordion-panel-is-layout-flow\">\n<p>Ursan tuotteiden hinnat ovat verkkokaupassa samat kuin Ursan myym\u00e4l\u00e4ss\u00e4.&nbsp;J\u00e4senhinta on voimassa Ursan j\u00e4senille, ja tilaajan j\u00e4senyys tarkastetaan ennen tuotteiden toimittamista.<\/p>\n\n\n\n<p>Peruskoulut, lukiot, ammattioppilaitokset ja kansalaisopistot voivat ostaa Ursan julkaisuja j\u00e4senhinnalla, tilaukset s\u00e4hk\u00f6postilla tilaukset (a) ursa.fi.<\/p>\n<\/div>\n<\/div>\n<\/div>\n\n\n\n<div data-wp-context=\"{ &quot;autoclose&quot;: false, &quot;accordionItems&quot;: [] }\" data-wp-interactive=\"core\/accordion\" role=\"group\" class=\"wp-block-accordion is-layout-flow wp-block-accordion-is-layout-flow\">\n<div data-wp-class--is-open=\"state.isOpen\" data-wp-context=\"{ &quot;id&quot;: &quot;accordion-item-2&quot;, &quot;openByDefault&quot;: false }\" data-wp-init=\"callbacks.initAccordionItems\" data-wp-on-window--hashchange=\"callbacks.hashChange\" class=\"wp-block-accordion-item is-layout-flow wp-block-accordion-item-is-layout-flow\">\n<h3 class=\"wp-block-accordion-heading\"><button aria-expanded=\"false\" aria-controls=\"accordion-item-2-panel\" data-wp-bind--aria-expanded=\"state.isOpen\" data-wp-on--click=\"actions.toggle\" data-wp-on--keydown=\"actions.handleKeyDown\" id=\"accordion-item-2\" type=\"button\" class=\"wp-block-accordion-heading__toggle\"><span class=\"wp-block-accordion-heading__toggle-title\">Toimituskulut ja toimitustavat<\/span><span class=\"wp-block-accordion-heading__toggle-icon\" aria-hidden=\"true\">+<\/span><\/button><\/h3>\n\n\n\n<div inert aria-labelledby=\"accordion-item-2\" data-wp-bind--inert=\"!state.isOpen\" id=\"accordion-item-2-panel\" role=\"region\" class=\"wp-block-accordion-panel is-layout-flow wp-block-accordion-panel-is-layout-flow\">\n<p>Kirjatilausten toimituskulut ovat 5 euroa ja julisteiden 8 euroa tilauksen koosta riippumatta. Suomen ulkopuolelle l\u00e4hetett\u00e4viin tilauksiin ja kaikkiin havaintov\u00e4linetilauksiin lis\u00e4t\u00e4\u00e4n todelliset l\u00e4hetyskulut, jos ne ovat t\u00e4t\u00e4 suuremmat.<\/p>\n\n\n\n<p>Tilaukset toimitetaan koosta riippuen joko kirjeen\u00e4 suoraan kotiisi tai postipakettina, jonka voit noutaa Postin palvelupisteest\u00e4. Voit valita toimitustavaksi my\u00f6s kotiinkuljetuksen. Kotiinkuljetus tapahtuu Postin Express-pakettina, jonka toimitetaan ilman erillist\u00e4 ilmoitusta p\u00e4\u00e4s\u00e4\u00e4nt\u00f6isesti seuraavana arkip\u00e4iv\u00e4n\u00e4. Voit tarkistaa oman toimitusaikasi OmaPosti-sovelluksesta. Valitsemalla toimitustavaksi &#8221;Kotiinkuljetus (joustava toimitus)&#8221; saat kuljetusliikkeelt\u00e4 etuk\u00e4teen yhteydenoton, johon vastaamalla voit sopia erikseen toimitusajan.<\/p>\n\n\n\n<p>Huomaa, ett\u00e4 jos tilauksesi sis\u00e4lt\u00e4\u00e4 julisteita, toimitetaan ne erillisess\u00e4 postitusputkessa, joka voi saapua perille eri aikaan kuin muu tilaus. Kaikista samaan tilaukseen kuuluvista paketeista veloitetaan kuitenkin vain yhdet toimituskulut.<\/p>\n\n\n\n<p>Verkkokaupasta tehdyt tilaukset voidaan toimittaa ainoastaan Manner-Suomeen. Muualle toimitettavista tilauksista perimme todelliset postikulut. Jos haluat toimituksen Ahvenanmaalle tai ulkomaille, pyyd\u00e4mme tekem\u00e4\u00e4n tilauksen s\u00e4hk\u00f6postitse tai puhelimitse (yhteystiedot alla), jotta voimme laskea tilauksesi toimituskulut.<\/p>\n\n\n\n<p>Toimitustavaksi voi valita my\u00f6s noudon, jolloin ilmoitamme sinulle milloin tuotteet ovat noudettavissa <a href=\"http:\/\/www.ursa.fi\/?id=3203\" target=\"_blank\" rel=\"noopener noreferrer\">Ursan myym\u00e4l\u00e4st\u00e4<\/a>.<\/p>\n<\/div>\n<\/div>\n<\/div>\n\n\n\n<div data-wp-context=\"{ &quot;autoclose&quot;: false, &quot;accordionItems&quot;: [] }\" data-wp-interactive=\"core\/accordion\" role=\"group\" class=\"wp-block-accordion is-layout-flow wp-block-accordion-is-layout-flow\">\n<div data-wp-class--is-open=\"state.isOpen\" data-wp-context=\"{ &quot;id&quot;: &quot;accordion-item-3&quot;, &quot;openByDefault&quot;: false }\" data-wp-init=\"callbacks.initAccordionItems\" data-wp-on-window--hashchange=\"callbacks.hashChange\" class=\"wp-block-accordion-item is-layout-flow wp-block-accordion-item-is-layout-flow\">\n<h3 class=\"wp-block-accordion-heading\"><button aria-expanded=\"false\" aria-controls=\"accordion-item-3-panel\" data-wp-bind--aria-expanded=\"state.isOpen\" data-wp-on--click=\"actions.toggle\" data-wp-on--keydown=\"actions.handleKeyDown\" id=\"accordion-item-3\" type=\"button\" class=\"wp-block-accordion-heading__toggle\"><span class=\"wp-block-accordion-heading__toggle-title\">Tuotteiden saatavuus ja toimitusaika<\/span><span class=\"wp-block-accordion-heading__toggle-icon\" aria-hidden=\"true\">+<\/span><\/button><\/h3>\n\n\n\n<div inert aria-labelledby=\"accordion-item-3\" data-wp-bind--inert=\"!state.isOpen\" id=\"accordion-item-3-panel\" role=\"region\" class=\"wp-block-accordion-panel is-layout-flow wp-block-accordion-panel-is-layout-flow\">\n<p>Varastotuotteet toimitetaan yleens\u00e4 viimeist\u00e4\u00e4n 1-2 viikon kuluttua tilauksesta. Pyrimme pit\u00e4m\u00e4\u00e4n tiedot saatavuudesta ajan tasalla, mutta jokin tuote voi loppua varastosta \u00e4killisesti suuren kysynn\u00e4n vuoksi. Jos tilaamasi tuote on loppunut ja toimitusaika pitenee, t\u00e4st\u00e4 ilmoitetaan sinulle s\u00e4hk\u00f6postitse tai puhelimitse. Tilaustuotteiden arvioitu toimitusaika on ilmoitettu tuotteen tiedoissa. Mik\u00e4li haluat varmistaa tuotteiden saatavuuden etuk\u00e4teen, ota yhteytt\u00e4 Ursan toimistoon puh. 09 6840 400 tai s\u00e4hk\u00f6postilla ursa@ursa.fi.<\/p>\n\n\n\n<p><em>Ursan j\u00e4seneksi liittyv\u00e4t:<\/em>&nbsp; Alkuvuonna ilmestyneet lehdet ilmestyneet lehdet l\u00e4hetet\u00e4\u00e4n yhten\u00e4 er\u00e4n\u00e4 normaalisti 1-2 viikon sis\u00e4ll\u00e4 liittymisest\u00e4. Lehden painoaikatauluun liittyvist\u00e4 syist\u00e4 toimitusaika voi joissain tapauksissa olla hiukan pidempi. T\u00e4hdet ja avaruus -lehden digiarkiston k\u00e4ytt\u00f6oikeus aktivoituu noin puolen tunnin kuluttua siit\u00e4, kun j\u00e4senmaksu on maksettu Ursan verkkokaupassa.<\/p>\n<\/div>\n<\/div>\n<\/div>\n\n\n\n<div data-wp-context=\"{ &quot;autoclose&quot;: false, &quot;accordionItems&quot;: [] }\" data-wp-interactive=\"core\/accordion\" role=\"group\" class=\"wp-block-accordion is-layout-flow wp-block-accordion-is-layout-flow\">\n<div data-wp-class--is-open=\"state.isOpen\" data-wp-context=\"{ &quot;id&quot;: &quot;accordion-item-4&quot;, &quot;openByDefault&quot;: false }\" data-wp-init=\"callbacks.initAccordionItems\" data-wp-on-window--hashchange=\"callbacks.hashChange\" class=\"wp-block-accordion-item is-layout-flow wp-block-accordion-item-is-layout-flow\">\n<h3 class=\"wp-block-accordion-heading\"><button aria-expanded=\"false\" aria-controls=\"accordion-item-4-panel\" data-wp-bind--aria-expanded=\"state.isOpen\" data-wp-on--click=\"actions.toggle\" data-wp-on--keydown=\"actions.handleKeyDown\" id=\"accordion-item-4\" type=\"button\" class=\"wp-block-accordion-heading__toggle\"><span class=\"wp-block-accordion-heading__toggle-title\">Maksutavat<\/span><span class=\"wp-block-accordion-heading__toggle-icon\" aria-hidden=\"true\">+<\/span><\/button><\/h3>\n\n\n\n<div inert aria-labelledby=\"accordion-item-4\" data-wp-bind--inert=\"!state.isOpen\" id=\"accordion-item-4-panel\" role=\"region\" class=\"wp-block-accordion-panel is-layout-flow wp-block-accordion-panel-is-layout-flow\">\n<p>Tuotteet ja niiden postikulut voi maksaa verkkokaupassa verkkopankkimaksuna tai maksukortilla. Maksaminen tapahtuu Paytrail Oyj:n sivuston kautta.<\/p>\n\n\n\n<h4 class=\"wp-block-heading\">Maksupalvelutarjoaja<\/h4>\n\n\n\n<p>Maksunv\u00e4lityspalvelun toteuttajana ja maksupalveluntarjoajana toimii Paytrail Oyj (2122839-7) yhteisty\u00f6ss\u00e4 suomalaisten pankkien ja luottolaitosten kanssa. Paytrail Oyj n\u00e4kyy maksun saajana tiliotteella tai korttilaskulla ja v\u00e4litt\u00e4\u00e4 maksun kauppiaalle. Paytrail Oyj:ll\u00e4 on maksulaitoksen toimilupa. Reklamaatiotapauksissa pyyd\u00e4mme ottamaan ensisijaisesti yhteytt\u00e4 tuotteen toimittajaan.<\/p>\n\n\n\n<p>Paytrail Oyj, y-tunnus: 2122839-7<br>Innova 2<br>Lutakonaukio 7<br>40100 Jyv\u00e4skyl\u00e4<br>Puhelin: 0207 181830<br><a href=\"http:\/\/www.paytrail.com\/\">www.paytrail.com<\/a><\/p>\n\n\n\n<h4 class=\"wp-block-heading\">Verkkopankit<\/h4>\n\n\n\n<p>Verkkopankkimaksamiseen liittyv\u00e4n maksunv\u00e4lityspalvelun toteuttaa Paytrail Oyj (2122839-7) yhteisty\u00f6ss\u00e4 suomalaisten pankkien ja luottolaitosten kanssa. K\u00e4ytt\u00e4j\u00e4n kannalta palvelu toimii aivan kuten perinteinen verkkomaksaminenkin.<\/p>\n<\/div>\n<\/div>\n<\/div>\n\n\n\n<div data-wp-context=\"{ &quot;autoclose&quot;: false, &quot;accordionItems&quot;: [] }\" data-wp-interactive=\"core\/accordion\" role=\"group\" class=\"wp-block-accordion is-layout-flow wp-block-accordion-is-layout-flow\">\n<div data-wp-class--is-open=\"state.isOpen\" data-wp-context=\"{ &quot;id&quot;: &quot;accordion-item-5&quot;, &quot;openByDefault&quot;: false }\" data-wp-init=\"callbacks.initAccordionItems\" data-wp-on-window--hashchange=\"callbacks.hashChange\" class=\"wp-block-accordion-item is-layout-flow wp-block-accordion-item-is-layout-flow\">\n<h3 class=\"wp-block-accordion-heading\"><button aria-expanded=\"false\" aria-controls=\"accordion-item-5-panel\" data-wp-bind--aria-expanded=\"state.isOpen\" data-wp-on--click=\"actions.toggle\" data-wp-on--keydown=\"actions.handleKeyDown\" id=\"accordion-item-5\" type=\"button\" class=\"wp-block-accordion-heading__toggle\"><span class=\"wp-block-accordion-heading__toggle-title\">Peruuttamisoikeus<\/span><span class=\"wp-block-accordion-heading__toggle-icon\" aria-hidden=\"true\">+<\/span><\/button><\/h3>\n\n\n\n<div inert aria-labelledby=\"accordion-item-5\" data-wp-bind--inert=\"!state.isOpen\" id=\"accordion-item-5-panel\" role=\"region\" class=\"wp-block-accordion-panel is-layout-flow wp-block-accordion-panel-is-layout-flow\">\n<p>Tilaajalla on oikeus peruuttaa tilaus 14 p\u00e4iv\u00e4n kuluessa syyt\u00e4 ilmoittamatta.&nbsp;Peruuttamisen m\u00e4\u00e4r\u00e4aika p\u00e4\u00e4ttyy 14 p\u00e4iv\u00e4n kuluttua siit\u00e4, kun tavara on vastaanotettu.&nbsp;Peruuttamisoikeuden k\u00e4ytt\u00e4miseksi tilaajan on ilmoitettava meille (T\u00e4htitieteellinen yhdistys Ursa&nbsp;ry, Kopernikuksentie 1, 00130 Helsinki, s\u00e4hk\u00f6posti ursa (a) ursa.fi) p\u00e4\u00e4t\u00f6ksest\u00e4 peruuttaa sopimus yksiselitteisell\u00e4 tavalla (esimerkiksi s\u00e4hk\u00f6postilla tai kirjeell\u00e4 postitse). Ilmoituksen voi tehd\u00e4 oheisella <a title=\"Initiates file download\" href=\"http:\/\/www.ursa.fi\/fileadmin\/ursa2010\/kuvat\/kirjakauppa\/peruuttamislomake.pdf\">peruuttamislomakkeella<\/a>, mutta sen k\u00e4ytt\u00f6 ei ole pakollista. Peruuttamisen m\u00e4\u00e4r\u00e4ajan noudattamiseksi riitt\u00e4\u00e4, ett\u00e4 ilmoitus peruuttamisoikeuden k\u00e4yt\u00f6st\u00e4 on l\u00e4hetetty ennen peruuttamisajan p\u00e4\u00e4ttymist\u00e4.<\/p>\n\n\n\n<p>Tuotteen noutamatta j\u00e4tt\u00e4minen Postista ja peruutuksesta ilmoittamattomuus ei ole kuluttajasuojalain mukainen peruutus. Mik\u00e4li tilaus peruuntuu noutamattoman paketin takia, perimme palautuksesta aiheutuneet postikulut tilaajalta.<\/p>\n\n\n\n<p>Jos tilaaja peruuttaa sopimuksen, palautamme tilaajalle kaikki saamamme suoritukset, my\u00f6s toimituskustannukset (paitsi lis\u00e4kustannuksia siit\u00e4, ett\u00e4 tilaaja on valinnut tarjoamastamme edullisimmasta vakiotoimitustavasta poikkeavan toimitustavan), viivytyksett\u00e4 ja joka tapauksessa viimeist\u00e4\u00e4n 14 p\u00e4iv\u00e4n kuluttua peruuttamisilmoituksen saatuamme. Jos tilaaja palauttaa vain osan tilauksella olleista tuotteista, emme palauta toimituskustannuksia. Jos tuotteet on tilattu laskulla, palautettujen tuotteiden osuuden voi v\u00e4hent\u00e4\u00e4 laskun loppusummasta.<\/p>\n\n\n\n<p>Tilaajan on l\u00e4hetett\u00e4v\u00e4 tavarat takaisin tai luovutettava ne meille viivytyksett\u00e4 ja viimeist\u00e4\u00e4n 14 p\u00e4iv\u00e4n kuluttua peruuttamisilmoituksen tekemisest\u00e4. M\u00e4\u00e4r\u00e4aikaa on noudatettu, jos tavarat on l\u00e4hetetty takaisin ennen kyseisen 14 p\u00e4iv\u00e4n m\u00e4\u00e4r\u00e4ajan p\u00e4\u00e4ttymist\u00e4. Tilaaja vastaa tavaroiden palauttamisesta johtuvista v\u00e4litt\u00f6mist\u00e4 kustannuksista. Tilaaja on vastuussa vain sellaisesta tavaroiden arvon alentumisesta, joka on seurausta muusta kuin tavaroiden luonteen, ominaisuuksien ja toimivuuden toteamiseksi tarvittavasta k\u00e4sittelyst\u00e4.&nbsp;Palautuksen edellytyksen\u00e4 on, ett\u00e4 tuote on alkuper\u00e4ispakkauksessaan moitteettomassa kunnossa eik\u00e4 sit\u00e4 ole otettu k\u00e4ytt\u00f6\u00f6n.&nbsp;Emme ota vastaan postiennakolla l\u00e4hetettyj\u00e4 palautuksia.<\/p>\n<\/div>\n<\/div>\n<\/div>\n\n\n\n<div data-wp-context=\"{ &quot;autoclose&quot;: false, &quot;accordionItems&quot;: [] }\" data-wp-interactive=\"core\/accordion\" role=\"group\" class=\"wp-block-accordion is-layout-flow wp-block-accordion-is-layout-flow\">\n<div data-wp-class--is-open=\"state.isOpen\" data-wp-context=\"{ &quot;id&quot;: &quot;accordion-item-6&quot;, &quot;openByDefault&quot;: false }\" data-wp-init=\"callbacks.initAccordionItems\" data-wp-on-window--hashchange=\"callbacks.hashChange\" class=\"wp-block-accordion-item is-layout-flow wp-block-accordion-item-is-layout-flow\">\n<h3 class=\"wp-block-accordion-heading\"><button aria-expanded=\"false\" aria-controls=\"accordion-item-6-panel\" data-wp-bind--aria-expanded=\"state.isOpen\" data-wp-on--click=\"actions.toggle\" data-wp-on--keydown=\"actions.handleKeyDown\" id=\"accordion-item-6\" type=\"button\" class=\"wp-block-accordion-heading__toggle\"><span class=\"wp-block-accordion-heading__toggle-title\">Kurssit<\/span><span class=\"wp-block-accordion-heading__toggle-icon\" aria-hidden=\"true\">+<\/span><\/button><\/h3>\n\n\n\n<div inert aria-labelledby=\"accordion-item-6\" data-wp-bind--inert=\"!state.isOpen\" id=\"accordion-item-6-panel\" role=\"region\" class=\"wp-block-accordion-panel is-layout-flow wp-block-accordion-panel-is-layout-flow\">\n<p>Ursan j\u00e4rjest\u00e4mille kursseille ilmoittaudutaan maksamalla kurssimaksu Ursan verkkokaupassa. Kursseille ilmoittautuminen on sitova. Jos et voi osallistua kurssille, voit l\u00e4hett\u00e4\u00e4 yst\u00e4v\u00e4si sijastasi. Kurssien j\u00e4senhinnat ovat voimassa vain silloin, kun osallistuja on Ursan j\u00e4sen. Lis\u00e4tietoja <a href=\"http:\/\/www.ursa.fi\/kurssit\" target=\"_blank\" rel=\"noopener noreferrer\">www.ursa.fi\/kurssit<\/a>.<\/p>\n<\/div>\n<\/div>\n<\/div>\n\n\n\n<div data-wp-context=\"{ &quot;autoclose&quot;: false, &quot;accordionItems&quot;: [] }\" data-wp-interactive=\"core\/accordion\" role=\"group\" class=\"wp-block-accordion is-layout-flow wp-block-accordion-is-layout-flow\">\n<div data-wp-class--is-open=\"state.isOpen\" data-wp-context=\"{ &quot;id&quot;: &quot;accordion-item-7&quot;, &quot;openByDefault&quot;: false }\" data-wp-init=\"callbacks.initAccordionItems\" data-wp-on-window--hashchange=\"callbacks.hashChange\" class=\"wp-block-accordion-item is-layout-flow wp-block-accordion-item-is-layout-flow\">\n<h3 class=\"wp-block-accordion-heading\"><button aria-expanded=\"false\" aria-controls=\"accordion-item-7-panel\" data-wp-bind--aria-expanded=\"state.isOpen\" data-wp-on--click=\"actions.toggle\" data-wp-on--keydown=\"actions.handleKeyDown\" id=\"accordion-item-7\" type=\"button\" class=\"wp-block-accordion-heading__toggle\"><span class=\"wp-block-accordion-heading__toggle-title\">Havaintov\u00e4lineiden huolto<\/span><span class=\"wp-block-accordion-heading__toggle-icon\" aria-hidden=\"true\">+<\/span><\/button><\/h3>\n\n\n\n<div inert aria-labelledby=\"accordion-item-7\" data-wp-bind--inert=\"!state.isOpen\" id=\"accordion-item-7-panel\" role=\"region\" class=\"wp-block-accordion-panel is-layout-flow wp-block-accordion-panel-is-layout-flow\">\n<p>Jos kaukoputki tai kiikari ei toimi toivotulla tavalla tai se s\u00e4rkyy, tutustu ensin tuotteen k\u00e4ytt\u00f6ohjeeseen. Ellet l\u00f6yd\u00e4 apua ohjeista, ota yhteys Ursan toimistoon.<\/p>\n<\/div>\n<\/div>\n<\/div>\n\n\n\n<div data-wp-context=\"{ &quot;autoclose&quot;: false, &quot;accordionItems&quot;: [] }\" data-wp-interactive=\"core\/accordion\" role=\"group\" class=\"wp-block-accordion is-layout-flow wp-block-accordion-is-layout-flow\">\n<div data-wp-class--is-open=\"state.isOpen\" data-wp-context=\"{ &quot;id&quot;: &quot;accordion-item-8&quot;, &quot;openByDefault&quot;: false }\" data-wp-init=\"callbacks.initAccordionItems\" data-wp-on-window--hashchange=\"callbacks.hashChange\" class=\"wp-block-accordion-item is-layout-flow wp-block-accordion-item-is-layout-flow\">\n<h3 class=\"wp-block-accordion-heading\"><button aria-expanded=\"false\" aria-controls=\"accordion-item-8-panel\" data-wp-bind--aria-expanded=\"state.isOpen\" data-wp-on--click=\"actions.toggle\" data-wp-on--keydown=\"actions.handleKeyDown\" id=\"accordion-item-8\" type=\"button\" class=\"wp-block-accordion-heading__toggle\"><span class=\"wp-block-accordion-heading__toggle-title\">Ongelmatilanteet kuljetuksessa sek\u00e4 viallisten tuotteiden osalta<\/span><span class=\"wp-block-accordion-heading__toggle-icon\" aria-hidden=\"true\">+<\/span><\/button><\/h3>\n\n\n\n<div inert aria-labelledby=\"accordion-item-8\" data-wp-bind--inert=\"!state.isOpen\" id=\"accordion-item-8-panel\" role=\"region\" class=\"wp-block-accordion-panel is-layout-flow wp-block-accordion-panel-is-layout-flow\">\n<p>Mik\u00e4li tuote on kadonnut kuljetuksen aikana, vioittunut tai sinulle on toimitettu v\u00e4\u00e4r\u00e4 tuote, ilmoita t\u00e4st\u00e4 v\u00e4litt\u00f6m\u00e4sti Ursaan (yhteystiedot alla). Jos paketti on vioittunut kuljetuksessa, on t\u00e4st\u00e4 teht\u00e4v\u00e4 v\u00e4litt\u00f6m\u00e4sti reklamaatio kuljetusyhti\u00f6\u00f6n.<\/p>\n<\/div>\n<\/div>\n<\/div>\n\n\n\n<div data-wp-context=\"{ &quot;autoclose&quot;: false, &quot;accordionItems&quot;: [] }\" data-wp-interactive=\"core\/accordion\" role=\"group\" class=\"wp-block-accordion is-layout-flow wp-block-accordion-is-layout-flow\">\n<div data-wp-class--is-open=\"state.isOpen\" data-wp-context=\"{ &quot;id&quot;: &quot;accordion-item-9&quot;, &quot;openByDefault&quot;: false }\" data-wp-init=\"callbacks.initAccordionItems\" data-wp-on-window--hashchange=\"callbacks.hashChange\" class=\"wp-block-accordion-item is-layout-flow wp-block-accordion-item-is-layout-flow\">\n<h3 class=\"wp-block-accordion-heading\"><button aria-expanded=\"false\" aria-controls=\"accordion-item-9-panel\" data-wp-bind--aria-expanded=\"state.isOpen\" data-wp-on--click=\"actions.toggle\" data-wp-on--keydown=\"actions.handleKeyDown\" id=\"accordion-item-9\" type=\"button\" class=\"wp-block-accordion-heading__toggle\"><span class=\"wp-block-accordion-heading__toggle-title\">Tietosuoja<\/span><span class=\"wp-block-accordion-heading__toggle-icon\" aria-hidden=\"true\">+<\/span><\/button><\/h3>\n\n\n\n<div inert aria-labelledby=\"accordion-item-9\" data-wp-bind--inert=\"!state.isOpen\" id=\"accordion-item-9-panel\" role=\"region\" class=\"wp-block-accordion-panel is-layout-flow wp-block-accordion-panel-is-layout-flow\">\n<p>K\u00e4sittelemme henkil\u00f6tietojasi turvallisesti ja noudatamme tietosuojaa koskevaa lains\u00e4\u00e4d\u00e4nt\u00f6\u00e4. Ker\u00e4\u00e4mme vain tilauksen kannalta tarpeellisia henkil\u00f6tietoja. Koko tietosuojaselosteemme l\u00f6ytyy osoitteesta <a href=\"https:\/\/www.ursa.fi\/tietosuoja\" target=\"_blank\" rel=\"noopener noreferrer\"><strong>https:\/\/www.ursa.fi\/tietosuoja<\/strong><\/a><\/p>\n<\/div>\n<\/div>\n<\/div>\n\n\n\n<div data-wp-context=\"{ &quot;autoclose&quot;: false, &quot;accordionItems&quot;: [] }\" data-wp-interactive=\"core\/accordion\" role=\"group\" class=\"wp-block-accordion is-layout-flow wp-block-accordion-is-layout-flow\">\n<div data-wp-class--is-open=\"state.isOpen\" data-wp-context=\"{ &quot;id&quot;: &quot;accordion-item-10&quot;, &quot;openByDefault&quot;: false }\" data-wp-init=\"callbacks.initAccordionItems\" data-wp-on-window--hashchange=\"callbacks.hashChange\" class=\"wp-block-accordion-item is-layout-flow wp-block-accordion-item-is-layout-flow\">\n<h3 class=\"wp-block-accordion-heading\"><button aria-expanded=\"false\" aria-controls=\"accordion-item-10-panel\" data-wp-bind--aria-expanded=\"state.isOpen\" data-wp-on--click=\"actions.toggle\" data-wp-on--keydown=\"actions.handleKeyDown\" id=\"accordion-item-10\" type=\"button\" class=\"wp-block-accordion-heading__toggle\"><span class=\"wp-block-accordion-heading__toggle-title\">Yhteystiedot<\/span><span class=\"wp-block-accordion-heading__toggle-icon\" aria-hidden=\"true\">+<\/span><\/button><\/h3>\n\n\n\n<div inert aria-labelledby=\"accordion-item-10\" data-wp-bind--inert=\"!state.isOpen\" id=\"accordion-item-10-panel\" role=\"region\" class=\"wp-block-accordion-panel is-layout-flow wp-block-accordion-panel-is-layout-flow\">\n<p>Jos haluat tiet\u00e4\u00e4 lis\u00e4\u00e4 jonkin tuotteen ominaisuuksista, saatavuudesta, maksuk\u00e4yt\u00e4nn\u00f6ist\u00e4 tai verkkokaupan k\u00e4yt\u00f6st\u00e4, ota yhteys Ursan toimistoon.<\/p>\n\n\n\n<p>T\u00e4htitieteellinen yhdistys Ursa ry<br>Kopernikuksentie 1<br>00130 Helsinki<\/p>\n\n\n\n<p>puhelin 09 6840 400<br>S\u00e4hk\u00f6posti ursa (a) ursa.fi, tilauksiin liittyv\u00e4t asiat tilaukset (a) ursa.fi.<\/p>\n<\/div>\n<\/div>\n<\/div>\n\n\n\n<p><em>Ehdot p\u00e4ivitetty 1.11.2021<\/em><\/p>\n","protected":false},"excerpt":{"rendered":"<p>Tilaaminen Ehdot p\u00e4ivitetty 1.11.2021<\/p>\n","protected":false},"author":1,"featured_media":0,"parent":6,"menu_order":0,"comment_status":"closed","ping_status":"closed","template":"","meta":{"footnotes":""},"class_list":["post-3226","page","type-page","status-publish","hentry"],"_links":{"self":[{"href":"https:\/\/kauppa.ursa.fi\/kauppa\/wp-json\/wp\/v2\/pages\/3226","targetHints":{"allow":["GET"]}}],"collection":[{"href":"https:\/\/kauppa.ursa.fi\/kauppa\/wp-json\/wp\/v2\/pages"}],"about":[{"href":"https:\/\/kauppa.ursa.fi\/kauppa\/wp-json\/wp\/v2\/types\/page"}],"author":[{"embeddable":true,"href":"https:\/\/kauppa.ursa.fi\/kauppa\/wp-json\/wp\/v2\/users\/1"}],"replies":[{"embeddable":true,"href":"https:\/\/kauppa.ursa.fi\/kauppa\/wp-json\/wp\/v2\/comments?post=3226"}],"version-history":[{"count":35,"href":"https:\/\/kauppa.ursa.fi\/kauppa\/wp-json\/wp\/v2\/pages\/3226\/revisions"}],"predecessor-version":[{"id":141398,"href":"https:\/\/kauppa.ursa.fi\/kauppa\/wp-json\/wp\/v2\/pages\/3226\/revisions\/141398"}],"up":[{"embeddable":true,"href":"https:\/\/kauppa.ursa.fi\/kauppa\/wp-json\/wp\/v2\/pages\/6"}],"wp:attachment":[{"href":"https:\/\/kauppa.ursa.fi\/kauppa\/wp-json\/wp\/v2\/media?parent=3226"}],"curies":[{"name":"wp","href":"https:\/\/api.w.org\/{rel}","templated":true}]}}