 

{"id":50848,"date":"2021-11-18T14:27:26","date_gmt":"2021-11-18T12:27:26","guid":{"rendered":"https:\/\/kauppa.ursa.fi\/kauppa\/?page_id=50848"},"modified":"2022-04-21T10:40:48","modified_gmt":"2022-04-21T07:40:48","slug":"ohjeita-kirjautumiseen","status":"publish","type":"page","link":"https:\/\/kauppa.ursa.fi\/kauppa\/ohjeita-kirjautumiseen\/","title":{"rendered":"Ohjeita kirjautumiseen"},"content":{"rendered":"<p>Ursan j\u00e4senen\u00e4 sinulla on mahdollisuus kirjautua sis\u00e4\u00e4n Ursan verkkopalveluihin, jos olet rekister\u00f6itynyt k\u00e4ytt\u00e4j\u00e4ksi. <b>Rekister\u00f6ityminen onnistuu vain asioimalla Ursan verkkokaupassa. <\/b><em>Huom!<a href=\"https:\/\/www.avaruus.fi\/digilehti\/index.html\" target=\"_blank\" rel=\"noopener\" data-cke-saved-href=\"https:\/\/www.avaruus.fi\/digilehti\/index.html\"> T\u00e4hdet ja avaruus -lehden digiarkiston<\/a> tunnukset ovat erilliset, ja rekister\u00f6ityminen ei toistaiseksi vaikuta niihin.<\/em><\/p>\n<p><strong>Miten rekister\u00f6ityminen tapahtuu?<\/strong> Rekister\u00f6ityminen onnistuu asioimalla Ursan verkkokaupassa, josta tieto v\u00e4littyy j\u00e4senrekisteriin. T\u00e4m\u00e4 koskee sek\u00e4 uusia ett\u00e4 nykyisi\u00e4 j\u00e4seni\u00e4.<\/p>\n<p><strong>Rekister\u00f6itymisen voi tehd\u00e4 kahdella tavalla:<\/strong><u> <\/u><br \/>1) Jos olet\u00a0liittym\u00e4ss\u00e4 j\u00e4seneksi tai maksamassa\u00a0j\u00e4senmaksusi Ursan verkkokaupassa<\/p>\n<ul>\n<li>Maksa j\u00e4senmaksusi verkkokaupassa<\/li>\n<li>Saat s\u00e4hk\u00f6postiisi rekister\u00f6itymislinkin<\/li>\n<li>Klikkaa linkki\u00e4 ja k\u00e4y\u00a0asettamassa itsellesi salasana<\/li>\n<li>Nyt voit kirjautua sis\u00e4\u00e4n!<\/li>\n<\/ul>\n<p>2) Jos olet jo j\u00e4sen, mutta et\u00a0ole maksanut j\u00e4senmaksuasi verkkokaupassa (vaan paperilaskulla)<\/p>\n<ul>\n<li>Tee mik\u00e4 tahansa v\u00e4hint\u00e4\u00e4n 10 \u20ac ostos verkkokaupassa tai maksa seuraava j\u00e4senmaksusi Ursan verkkokaupassa<\/li>\n<li>Saat s\u00e4hk\u00f6postiisi rekister\u00f6itymislinkin<\/li>\n<li>Klikkaa linkki\u00e4 ja k\u00e4y\u00a0asettamassa itsellesi salasana<\/li>\n<li>Nyt voit kirjautua sis\u00e4\u00e4n!<\/li>\n<\/ul>\n<p><strong>Miksi rekister\u00f6ityisin?<\/strong> Rekister\u00f6ityneet j\u00e4senet voivat\u00a0kirjautua j\u00e4sentunnuksillaan\u00a0sis\u00e4\u00e4n paitsi Ursan verkkokauppaan, my\u00f6s Ursan\u00a0mobiililaitteille tarkoitettuun t\u00e4htikarttasovellukseen sek\u00e4 tuleviin muihin s\u00e4hk\u00f6isiin palveluihin. Rekister\u00f6ityneen\u00e4 p\u00e4\u00e4set my\u00f6s lataamaan itsellesi j\u00e4senkorttisi, p\u00e4ivitt\u00e4m\u00e4\u00e4n yhteystietosi sek\u00e4 tarkastelemaan tilauksiasi.<\/p>\n<p><strong>Olen jo j\u00e4sen! Miksi minun pit\u00e4\u00e4 tehd\u00e4 ostos verkkokaupassa, jotta saan verkkopalvelut k\u00e4ytt\u00f6\u00f6ni?<\/strong> Ursan verkkopalveluiden k\u00e4ytt\u00e4j\u00e4ksi voi rekister\u00f6ity\u00e4 tietoturvasyist\u00e4 vain asioimalla Ursan verkkokaupassa. Mik\u00e4li et halua tehd\u00e4 ostosta verkkokaupassa saadaksesi rekister\u00f6itymislinkin, voi maksaa seuraavan j\u00e4senmaksusi verkossa vuodenvaihteessa, kun seuraavan vuoden j\u00e4senmaksu on p\u00e4\u00e4tetty.<\/p>\n<p><strong>Olen jo rekister\u00f6itynyt, miten kirjaudun sis\u00e4\u00e4n?<\/strong> Sis\u00e4\u00e4nkirjautumisessa tarvitset j\u00e4sennumeron tai s\u00e4hk\u00f6postiosoitteen. J\u00e4sennumero l\u00f6ytyy T\u00e4hdet ja avaruus-lehden takakannesta. Jos olet unohtanut salasanasi, vaihda se t\u00e4\u00e4ll\u00e4: <u style=\"font-size: revert;\"><a id=\"wp-passwd-reset\" class=\"\" href=\"https:\/\/kauppa.ursa.fi\/kauppa\/wp-login.php?action=lostpassword&amp;redirect_to=https%3A%2F%2Fwww.ursa.fi%2Fkauppa%2Fwp-login.php%3Faction%3Dlogout%26amp%3Bredirect_to%3Dhttps%253A%252F%252Fwww.ursa.fi%252Fkauppa%26amp%3B_wpnonce%3D36936a9213\">Vaihda salasana<\/a><\/u><\/p>\n<p><strong>Olen Ursan j\u00e4sen, voinko tilata tuotteita j\u00e4senhintaan ilman kirjautumista? <\/strong>Voit tehd\u00e4 tilauksia verkkokaupassa j\u00e4senhinnoilla ilman kirjautumista.<\/p>\n<p><strong>Miten luen T\u00e4hdet ja avaruus -lehte\u00e4 verkossa? <\/strong>Digilehteen kirjaudutaan erillisill\u00e4 tunnuksilla. \u00a0<a href=\"https:\/\/www.avaruus.fi\/digilehti\/index.html\"><u>Lue digilehte\u00e4 t\u00e4\u00e4ll\u00e4.<\/u><\/a><\/p>\n<p><strong style=\"font-size: revert;\">Miten kirjaudun sis\u00e4\u00e4n T\u00e4htikartta-sovellukseen? <\/strong><span style=\"font-size: revert;\">T\u00e4htikartta-sovellukseen kirjaudutaan samalla salasanalla kuin verkkokauppaan. Salasanassa voi olla erikoismerkeist\u00e4 toistaiseksi VAIN <strong># &#8211; ? @ = ! % *<\/strong>. Vaihdathan tarvittaessa salasanan: <\/span><u style=\"font-size: revert;\"><a id=\"wp-passwd-reset\" class=\"\" href=\"https:\/\/kauppa.ursa.fi\/kauppa\/wp-login.php?action=lostpassword&amp;redirect_to=https%3A%2F%2Fwww.ursa.fi%2Fkauppa%2Fwp-login.php%3Faction%3Dlogout%26amp%3Bredirect_to%3Dhttps%253A%252F%252Fwww.ursa.fi%252Fkauppa%26amp%3B_wpnonce%3D36936a9213\">Vaihda salasana.<\/a><\/u><em>\u00a0Huom!<a href=\"https:\/\/www.avaruus.fi\/digilehti\/index.html\" target=\"_blank\" rel=\"noopener\" data-cke-saved-href=\"https:\/\/www.avaruus.fi\/digilehti\/index.html\"> T\u00e4hdet ja avaruus -lehden digiarkiston<\/a> tunnukset ovat erilliset, niill\u00e4 ei voi kirjautua sis\u00e4\u00e4n T\u00e4htikartta-sovellukseen.\u00a0<\/em><\/p>\n\n\n<p><a href=\"https:\/\/www.ursa.fi\/verkkopalveluista.html\" data-type=\"URL\" data-id=\"https:\/\/www.ursa.fi\/verkkopalveluista.html\"><strong>&gt;&gt; Lis\u00e4tietoa Ursan verkkopalveluista<\/strong><\/a><\/p>\n\n\n\n<p><strong>&gt;&gt;<a href=\"https:\/\/kauppa.ursa.fi\/kauppa\/login\/\" data-type=\"URL\" data-id=\"https:\/\/kauppa.ursa.fi\/kauppa\/login\/\"> Kirjaudu Ursan verkkokauppaan<\/a><\/strong><\/p>\n\n\n\n<p>&gt;&gt; <strong>U<a href=\"https:\/\/www.ursa.fi\/tahtikarttasovellus.html\" data-type=\"URL\" data-id=\"https:\/\/www.ursa.fi\/tahtikarttasovellus.html\">rsan T\u00e4htikartta-sovellus<\/a><\/strong><\/p>\n","protected":false},"excerpt":{"rendered":"<p>Ursan j\u00e4senen\u00e4 sinulla on mahdollisuus kirjautua sis\u00e4\u00e4n Ursan verkkopalveluihin, jos olet rekister\u00f6itynyt k\u00e4ytt\u00e4j\u00e4ksi. Rekister\u00f6ityminen onnistuu vain asioimalla Ursan verkkokaupassa. Huom! T\u00e4hdet ja avaruus -lehden digiarkiston tunnukset ovat erilliset, ja rekister\u00f6ityminen [&hellip;]<\/p>\n","protected":false},"author":9,"featured_media":0,"parent":0,"menu_order":0,"comment_status":"closed","ping_status":"closed","template":"","meta":{"footnotes":""},"class_list":["post-50848","page","type-page","status-publish","hentry"],"_links":{"self":[{"href":"https:\/\/kauppa.ursa.fi\/kauppa\/wp-json\/wp\/v2\/pages\/50848","targetHints":{"allow":["GET"]}}],"collection":[{"href":"https:\/\/kauppa.ursa.fi\/kauppa\/wp-json\/wp\/v2\/pages"}],"about":[{"href":"https:\/\/kauppa.ursa.fi\/kauppa\/wp-json\/wp\/v2\/types\/page"}],"author":[{"embeddable":true,"href":"https:\/\/kauppa.ursa.fi\/kauppa\/wp-json\/wp\/v2\/users\/9"}],"replies":[{"embeddable":true,"href":"https:\/\/kauppa.ursa.fi\/kauppa\/wp-json\/wp\/v2\/comments?post=50848"}],"version-history":[{"count":9,"href":"https:\/\/kauppa.ursa.fi\/kauppa\/wp-json\/wp\/v2\/pages\/50848\/revisions"}],"predecessor-version":[{"id":62474,"href":"https:\/\/kauppa.ursa.fi\/kauppa\/wp-json\/wp\/v2\/pages\/50848\/revisions\/62474"}],"wp:attachment":[{"href":"https:\/\/kauppa.ursa.fi\/kauppa\/wp-json\/wp\/v2\/media?parent=50848"}],"curies":[{"name":"wp","href":"https:\/\/api.w.org\/{rel}","templated":true}]}}