 

{"id":6346,"date":"2015-06-18T10:08:33","date_gmt":"2015-06-18T07:08:33","guid":{"rendered":"https:\/\/kauppa.ursa.fi\/kauppa\/?page_id=6346"},"modified":"2020-11-19T13:13:32","modified_gmt":"2020-11-19T11:13:32","slug":"muut-kirjakaupat","status":"publish","type":"page","link":"https:\/\/kauppa.ursa.fi\/kauppa\/muut-kirjakaupat\/","title":{"rendered":"Muut kirjakaupat"},"content":{"rendered":"<h3>Rosebud Citycenter<\/h3>\n<p>Ursan kirjat voi ostaa j\u00e4senhintaan my\u00f6s Rosebud Citycenterist\u00e4<br \/>\n(Kaivokatu 8, kerros K1)<br \/>\n<strong><a href=\"https:\/\/rosebud.fi\/2020\/?sivu=kauppa&amp;id=1\">Aukioloajat ja muut yhteystiedot<\/a><\/strong><\/p>\n<h3>Ursan kirjoja voi ostaa my\u00f6s<\/h3>\n<ul>\n<li>Ursan <a href=\"\/palvelut\/toimisto.html\">myym\u00e4l\u00e4st\u00e4<\/a><\/li>\n<li>Ursan <a href=\"\/kirjat\/kirjakauppa.html\">verkkokaupasta<\/a><\/li>\n<li>Hyvin varustetuista kirjakaupoista<\/li>\n<\/ul>\n","protected":false},"excerpt":{"rendered":"<p>Rosebud Citycenter Ursan kirjat voi ostaa j\u00e4senhintaan my\u00f6s Rosebud Citycenterist\u00e4 (Kaivokatu 8, kerros K1) Aukioloajat ja muut yhteystiedot Ursan kirjoja voi ostaa my\u00f6s Ursan myym\u00e4l\u00e4st\u00e4 Ursan verkkokaupasta Hyvin varustetuista kirjakaupoista<\/p>\n","protected":false},"author":9,"featured_media":0,"parent":0,"menu_order":0,"comment_status":"closed","ping_status":"open","template":"","meta":{"footnotes":""},"class_list":["post-6346","page","type-page","status-publish","hentry"],"_links":{"self":[{"href":"https:\/\/kauppa.ursa.fi\/kauppa\/wp-json\/wp\/v2\/pages\/6346","targetHints":{"allow":["GET"]}}],"collection":[{"href":"https:\/\/kauppa.ursa.fi\/kauppa\/wp-json\/wp\/v2\/pages"}],"about":[{"href":"https:\/\/kauppa.ursa.fi\/kauppa\/wp-json\/wp\/v2\/types\/page"}],"author":[{"embeddable":true,"href":"https:\/\/kauppa.ursa.fi\/kauppa\/wp-json\/wp\/v2\/users\/9"}],"replies":[{"embeddable":true,"href":"https:\/\/kauppa.ursa.fi\/kauppa\/wp-json\/wp\/v2\/comments?post=6346"}],"version-history":[{"count":11,"href":"https:\/\/kauppa.ursa.fi\/kauppa\/wp-json\/wp\/v2\/pages\/6346\/revisions"}],"predecessor-version":[{"id":38124,"href":"https:\/\/kauppa.ursa.fi\/kauppa\/wp-json\/wp\/v2\/pages\/6346\/revisions\/38124"}],"wp:attachment":[{"href":"https:\/\/kauppa.ursa.fi\/kauppa\/wp-json\/wp\/v2\/media?parent=6346"}],"curies":[{"name":"wp","href":"https:\/\/api.w.org\/{rel}","templated":true}]}}