 

{"id":6348,"date":"2015-06-18T10:10:45","date_gmt":"2015-06-18T07:10:45","guid":{"rendered":"https:\/\/kauppa.ursa.fi\/kauppa\/?page_id=6348"},"modified":"2026-04-09T12:48:55","modified_gmt":"2026-04-09T09:48:55","slug":"tiedotusvalineille","status":"publish","type":"page","link":"https:\/\/kauppa.ursa.fi\/kauppa\/tiedotusvalineille\/","title":{"rendered":"Tiedotus ja yhteisty\u00f6"},"content":{"rendered":"<p style=\"text-align: left;\">Teemme mielell\u00e4mme yhteisty\u00f6t\u00e4 bloggaajien ja muiden somevaikuttajien kanssa niin Ursan julkaisemien kirjojen kuin t\u00e4htiharrastuksenkin parissa. Kerro yhteisty\u00f6ajatuksistasi s\u00e4hk\u00f6postilla ursa (a) ursa.fi.<\/p>\n<h3 style=\"text-align: left;\">Arvostelukappaleet<\/h3>\n<p style=\"text-align: left;\">Ursan kirjojen arvostelukappaleita, korkearesoluutioisia kansikuvia ja kuvia kirjailijoista voi pyyt\u00e4\u00e4 osoitteesta kirjat (a) ursa.fi tai puhelimitse 09\u00a06840\u00a04061. Mainitsethan pyynn\u00f6ss\u00e4, mihin julkaisuun arvostelu tai kirjoitus on tulossa.\u00a0<a href=\"https:\/\/kauppa.ursa.fi\/kauppa\/uutuuskirjojen-kansikuvat\/\" target=\"_blank\" rel=\"noopener noreferrer\"><strong>Kansikuvapankistamme<\/strong><\/a>\u00a0voit ladata uusimpien kirjojen painokelpoisia kansikuvia arvostelun yhteydess\u00e4 julkaistavaksi.<\/p>\n<p style=\"text-align: left;\">Ursa tarjoaa erilaisia palveluita tiedotusv\u00e4lineille. Ursan kautta saa asiantuntija-apua t\u00e4htiharrastukseen, taivaan ilmi\u00f6ihin ja t\u00e4htitieteeseen liittyviss\u00e4 kysymyksiss\u00e4. Ursa julkaisee tiedotteita merkitt\u00e4vist\u00e4 t\u00e4htitaivaan tapahtumista sek\u00e4 erityisesti Ursaan liittyvist\u00e4 tapahtumista. Jos haluat saada Ursan tiedotteet suoraan s\u00e4hk\u00f6postiisi, ota yhteytt\u00e4 <a href=\"http:\/\/www.ursa.fi\/?id=3203\" target=\"_blank\" rel=\"noopener noreferrer\"><strong>tiedottajaan<\/strong><\/a>.<\/p>\n<h3 style=\"text-align: left;\">K\u00e4ytt\u00f6luvat teksteihin ja kuviin<\/h3>\n<p style=\"text-align: left;\">Jos haluat julkaista Ursan kirjassa, verkkosivuilla tai T\u00e4hdet ja avaruus -lehdess\u00e4 olevan kuvan, kaavion tai tekstin, ota yhteytt\u00e4 kirjoissa julkaistujen tekstien ja kuvien osalta s\u00e4hk\u00f6postitse kirjat [a] ursa.fi tai puhelimitse 09 6840 4061. T\u00e4hdet ja avaruus -lehdess\u00e4 julkaistun aineiston osalta ota yhteytt\u00e4 lehden toimitukseen, tahdet.avaruus [a] ursa.fi.<\/p>\n<h3 style=\"text-align: left;\">Painokelpoiset t\u00e4htikartat<\/h3>\n<p style=\"text-align: left;\">Ursasta saa painotuotteissa julkaistavaksi tarkoitettuja t\u00e4htikarttatiedostoja. Kartat ovat skaalattavia pdf-tiedostoja. Kartan mukana tulee kuvateksti. Kartan k\u00e4ytt\u00f6 on maksutonta, mik\u00e4li sit\u00e4 k\u00e4ytet\u00e4\u00e4n yhteydess\u00e4, joka k\u00e4sittelee Ursaa tai t\u00e4htiharrastusta, muutoin k\u00e4yt\u00f6st\u00e4 perit\u00e4\u00e4n kuva-arkiston hinnaston mukainen maksu. Tiedustelut: kirjat (a) ursa.fi<\/p>\n","protected":false},"excerpt":{"rendered":"<p>Teemme mielell\u00e4mme yhteisty\u00f6t\u00e4 bloggaajien ja muiden somevaikuttajien kanssa niin Ursan julkaisemien kirjojen kuin t\u00e4htiharrastuksenkin parissa. Kerro yhteisty\u00f6ajatuksistasi s\u00e4hk\u00f6postilla ursa (a) ursa.fi. Arvostelukappaleet Ursan kirjojen arvostelukappaleita, korkearesoluutioisia kansikuvia ja kuvia kirjailijoista [&hellip;]<\/p>\n","protected":false},"author":9,"featured_media":0,"parent":0,"menu_order":0,"comment_status":"closed","ping_status":"open","template":"","meta":{"footnotes":""},"class_list":["post-6348","page","type-page","status-publish","hentry"],"_links":{"self":[{"href":"https:\/\/kauppa.ursa.fi\/kauppa\/wp-json\/wp\/v2\/pages\/6348","targetHints":{"allow":["GET"]}}],"collection":[{"href":"https:\/\/kauppa.ursa.fi\/kauppa\/wp-json\/wp\/v2\/pages"}],"about":[{"href":"https:\/\/kauppa.ursa.fi\/kauppa\/wp-json\/wp\/v2\/types\/page"}],"author":[{"embeddable":true,"href":"https:\/\/kauppa.ursa.fi\/kauppa\/wp-json\/wp\/v2\/users\/9"}],"replies":[{"embeddable":true,"href":"https:\/\/kauppa.ursa.fi\/kauppa\/wp-json\/wp\/v2\/comments?post=6348"}],"version-history":[{"count":19,"href":"https:\/\/kauppa.ursa.fi\/kauppa\/wp-json\/wp\/v2\/pages\/6348\/revisions"}],"predecessor-version":[{"id":141374,"href":"https:\/\/kauppa.ursa.fi\/kauppa\/wp-json\/wp\/v2\/pages\/6348\/revisions\/141374"}],"wp:attachment":[{"href":"https:\/\/kauppa.ursa.fi\/kauppa\/wp-json\/wp\/v2\/media?parent=6348"}],"curies":[{"name":"wp","href":"https:\/\/api.w.org\/{rel}","templated":true}]}}