 

{"id":6350,"date":"2015-06-18T10:11:54","date_gmt":"2015-06-18T07:11:54","guid":{"rendered":"https:\/\/kauppa.ursa.fi\/kauppa\/?page_id=6350"},"modified":"2026-04-09T12:52:02","modified_gmt":"2026-04-09T09:52:02","slug":"uutuuskirjojen-kansikuvat","status":"publish","type":"page","link":"https:\/\/kauppa.ursa.fi\/kauppa\/uutuuskirjojen-kansikuvat\/","title":{"rendered":"Uutuuskirjojen kansikuvat"},"content":{"rendered":"\n<p><a href=\"https:\/\/kauppa.ursa.fi\/kauppa\/wp-content\/uploads\/2019\/11\/9789525985771_1000.jpg\"><br><\/a>Ursan kuvapankista voi ladata tuoreimpien kirjojen kansikuvia esimerkiksi kirja-arvostelujen yhteydess\u00e4 k\u00e4ytett\u00e4v\u00e4ksi. Toimitamme mielell\u00e4mme kuvia my\u00f6s suuremmalla resoluutiolla. Kirjoihin liittyviss\u00e4 kysymyksiss\u00e4 ota meihin yhteytt\u00e4 s\u00e4hk\u00f6postilla (kirjat (a) ursa.fi) tai puhelimella (09 684 0400).<\/p>\n\n\n\n<p><a data-wplink-edit=\"true\" href=\"https:\/\/kauppa.ursa.fi\/kauppa\/tuote\/matka-mustaan-aukkoon\/\"><img loading=\"lazy\" decoding=\"async\" width=\"110\" height=\"156\" class=\"alignnone  wp-image-49572\" src=\"https:\/\/kauppa.ursa.fi\/kauppa\/wp-content\/uploads\/2021\/09\/mustan_aukon_arvoitus_kansi-100x150.jpg\" alt=\"\"><\/a><\/p>\n\n\n\n<p><a data-wplink-edit=\"true\" href=\"https:\/\/kauppa.ursa.fi\/kauppa\/tuote\/matka-mustaan-aukkoon\/\"><strong>Matka mustaan aukkoon<\/strong><\/a><br>Tommi Tenkanen<br>2021<\/p>\n\n\n\n<p><a href=\"https:\/\/kauppa.ursa.fi\/kauppa\/wp-content\/uploads\/2021\/09\/Tiedonjano.jpg\"><img loading=\"lazy\" decoding=\"async\" width=\"111\" height=\"168\" class=\"alignnone  wp-image-49279\" src=\"https:\/\/kauppa.ursa.fi\/kauppa\/wp-content\/uploads\/2021\/09\/Tiedonjano-99x150.jpg\" alt=\"\" srcset=\"https:\/\/kauppa.ursa.fi\/kauppa\/wp-content\/uploads\/2021\/09\/Tiedonjano-99x150.jpg 99w, https:\/\/kauppa.ursa.fi\/kauppa\/wp-content\/uploads\/2021\/09\/Tiedonjano-420x639.jpg 420w, https:\/\/kauppa.ursa.fi\/kauppa\/wp-content\/uploads\/2021\/09\/Tiedonjano-800x1217.jpg 800w, https:\/\/kauppa.ursa.fi\/kauppa\/wp-content\/uploads\/2021\/09\/Tiedonjano-197x300.jpg 197w, https:\/\/kauppa.ursa.fi\/kauppa\/wp-content\/uploads\/2021\/09\/Tiedonjano-673x1024.jpg 673w, https:\/\/kauppa.ursa.fi\/kauppa\/wp-content\/uploads\/2021\/09\/Tiedonjano-768x1169.jpg 768w, https:\/\/kauppa.ursa.fi\/kauppa\/wp-content\/uploads\/2021\/09\/Tiedonjano-1009x1536.jpg 1009w, https:\/\/kauppa.ursa.fi\/kauppa\/wp-content\/uploads\/2021\/09\/Tiedonjano-1346x2048.jpg 1346w, https:\/\/kauppa.ursa.fi\/kauppa\/wp-content\/uploads\/2021\/09\/Tiedonjano-324x493.jpg 324w, https:\/\/kauppa.ursa.fi\/kauppa\/wp-content\/uploads\/2021\/09\/Tiedonjano-416x633.jpg 416w, https:\/\/kauppa.ursa.fi\/kauppa\/wp-content\/uploads\/2021\/09\/Tiedonjano.jpg 1591w\" sizes=\"auto, (max-width: 111px) 100vw, 111px\" \/><\/a><\/p>\n\n\n\n<p><a href=\"https:\/\/kauppa.ursa.fi\/kauppa\/wp-content\/uploads\/2021\/09\/Tiedonjano.jpg\"><strong>Tiedonjano<\/strong><\/a><br>Esko Valtaoja<br>2021<\/p>\n\n\n\n<p><a href=\"https:\/\/kauppa.ursa.fi\/kauppa\/wp-content\/uploads\/2021\/07\/9789525985993.jpg\"><img loading=\"lazy\" decoding=\"async\" width=\"112\" height=\"162\" class=\"alignnone  wp-image-47676\" src=\"https:\/\/kauppa.ursa.fi\/kauppa\/wp-content\/uploads\/2021\/07\/9789525985993-104x150.jpg\" alt=\"\" srcset=\"https:\/\/kauppa.ursa.fi\/kauppa\/wp-content\/uploads\/2021\/07\/9789525985993-104x150.jpg 104w, https:\/\/kauppa.ursa.fi\/kauppa\/wp-content\/uploads\/2021\/07\/9789525985993-420x604.jpg 420w, https:\/\/kauppa.ursa.fi\/kauppa\/wp-content\/uploads\/2021\/07\/9789525985993-800x1150.jpg 800w, https:\/\/kauppa.ursa.fi\/kauppa\/wp-content\/uploads\/2021\/07\/9789525985993-209x300.jpg 209w, https:\/\/kauppa.ursa.fi\/kauppa\/wp-content\/uploads\/2021\/07\/9789525985993-713x1024.jpg 713w, https:\/\/kauppa.ursa.fi\/kauppa\/wp-content\/uploads\/2021\/07\/9789525985993-768x1104.jpg 768w, https:\/\/kauppa.ursa.fi\/kauppa\/wp-content\/uploads\/2021\/07\/9789525985993-1069x1536.jpg 1069w, https:\/\/kauppa.ursa.fi\/kauppa\/wp-content\/uploads\/2021\/07\/9789525985993-324x466.jpg 324w, https:\/\/kauppa.ursa.fi\/kauppa\/wp-content\/uploads\/2021\/07\/9789525985993-416x598.jpg 416w, https:\/\/kauppa.ursa.fi\/kauppa\/wp-content\/uploads\/2021\/07\/9789525985993.jpg 1181w\" sizes=\"auto, (max-width: 112px) 100vw, 112px\" \/><\/a><\/p>\n\n\n\n<p><a href=\"https:\/\/kauppa.ursa.fi\/kauppa\/wp-content\/uploads\/2021\/07\/9789525985993.jpg\"><strong>Einsteinin perint\u00f6<\/strong><\/a><br>Heikki Oja<br>2021<\/p>\n\n\n\n<p><a href=\"https:\/\/kauppa.ursa.fi\/kauppa\/wp-content\/uploads\/2021\/02\/ela\u0308ma\u0308_maapallolla_kansi.jpg\"><img loading=\"lazy\" decoding=\"async\" class=\"alignnone  wp-image-45393\" src=\"https:\/\/kauppa.ursa.fi\/kauppa\/wp-content\/uploads\/2021\/02\/ela\u0308ma\u0308_maapallolla_kansi-98x150.jpg\" alt=\"\" width=\"114\" height=\"174\" srcset=\"https:\/\/kauppa.ursa.fi\/kauppa\/wp-content\/uploads\/2021\/02\/ela\u0308ma\u0308_maapallolla_kansi-98x150.jpg 98w, https:\/\/kauppa.ursa.fi\/kauppa\/wp-content\/uploads\/2021\/02\/ela\u0308ma\u0308_maapallolla_kansi-420x646.jpg 420w, https:\/\/kauppa.ursa.fi\/kauppa\/wp-content\/uploads\/2021\/02\/ela\u0308ma\u0308_maapallolla_kansi-800x1230.jpg 800w, https:\/\/kauppa.ursa.fi\/kauppa\/wp-content\/uploads\/2021\/02\/ela\u0308ma\u0308_maapallolla_kansi-195x300.jpg 195w, https:\/\/kauppa.ursa.fi\/kauppa\/wp-content\/uploads\/2021\/02\/ela\u0308ma\u0308_maapallolla_kansi-666x1024.jpg 666w, https:\/\/kauppa.ursa.fi\/kauppa\/wp-content\/uploads\/2021\/02\/ela\u0308ma\u0308_maapallolla_kansi-768x1180.jpg 768w, https:\/\/kauppa.ursa.fi\/kauppa\/wp-content\/uploads\/2021\/02\/ela\u0308ma\u0308_maapallolla_kansi-324x498.jpg 324w, https:\/\/kauppa.ursa.fi\/kauppa\/wp-content\/uploads\/2021\/02\/ela\u0308ma\u0308_maapallolla_kansi-416x639.jpg 416w, https:\/\/kauppa.ursa.fi\/kauppa\/wp-content\/uploads\/2021\/02\/ela\u0308ma\u0308_maapallolla_kansi.jpg 1000w\" sizes=\"auto, (max-width: 114px) 100vw, 114px\" \/><strong><br>El\u00e4m\u00e4 maapallolla<\/strong><\/a><br>Kirsi Lehto, Harry Lehto ja Pekka Janhunen<br>2021<\/p>\n\n\n\n<p><a href=\"https:\/\/kauppa.ursa.fi\/kauppa\/wp-content\/uploads\/2002\/09\/9789525985924.jpg\"><img loading=\"lazy\" decoding=\"async\" class=\"alignnone  wp-image-38538\" src=\"https:\/\/kauppa.ursa.fi\/kauppa\/wp-content\/uploads\/2002\/09\/9789525985924-117x150.jpg\" alt=\"\" width=\"114\" height=\"146\" srcset=\"https:\/\/kauppa.ursa.fi\/kauppa\/wp-content\/uploads\/2002\/09\/9789525985924-117x150.jpg 117w, https:\/\/kauppa.ursa.fi\/kauppa\/wp-content\/uploads\/2002\/09\/9789525985924-420x538.jpg 420w, https:\/\/kauppa.ursa.fi\/kauppa\/wp-content\/uploads\/2002\/09\/9789525985924-800x1025.jpg 800w, https:\/\/kauppa.ursa.fi\/kauppa\/wp-content\/uploads\/2002\/09\/9789525985924-234x300.jpg 234w, https:\/\/kauppa.ursa.fi\/kauppa\/wp-content\/uploads\/2002\/09\/9789525985924-799x1024.jpg 799w, https:\/\/kauppa.ursa.fi\/kauppa\/wp-content\/uploads\/2002\/09\/9789525985924-768x984.jpg 768w, https:\/\/kauppa.ursa.fi\/kauppa\/wp-content\/uploads\/2002\/09\/9789525985924-324x415.jpg 324w, https:\/\/kauppa.ursa.fi\/kauppa\/wp-content\/uploads\/2002\/09\/9789525985924-416x533.jpg 416w, https:\/\/kauppa.ursa.fi\/kauppa\/wp-content\/uploads\/2002\/09\/9789525985924.jpg 1000w\" sizes=\"auto, (max-width: 114px) 100vw, 114px\" \/><strong><br>Tiedett\u00e4 kaikille: T\u00e4htitiede<\/strong><\/a><br>Hannu Karttunen ja Markku Sarimaa<br>2020<\/p>\n\n\n\n<p><strong><a href=\"https:\/\/kauppa.ursa.fi\/kauppa\/wp-content\/uploads\/2020\/12\/9789525985696.jpg\"><img loading=\"lazy\" decoding=\"async\" class=\"alignnone  wp-image-38543\" src=\"https:\/\/kauppa.ursa.fi\/kauppa\/wp-content\/uploads\/2020\/12\/9789525985696-118x150.jpg\" alt=\"\" width=\"112\" height=\"142\" srcset=\"https:\/\/kauppa.ursa.fi\/kauppa\/wp-content\/uploads\/2020\/12\/9789525985696-118x150.jpg 118w, https:\/\/kauppa.ursa.fi\/kauppa\/wp-content\/uploads\/2020\/12\/9789525985696-420x536.jpg 420w, https:\/\/kauppa.ursa.fi\/kauppa\/wp-content\/uploads\/2020\/12\/9789525985696-800x1021.jpg 800w, https:\/\/kauppa.ursa.fi\/kauppa\/wp-content\/uploads\/2020\/12\/9789525985696-235x300.jpg 235w, https:\/\/kauppa.ursa.fi\/kauppa\/wp-content\/uploads\/2020\/12\/9789525985696-803x1024.jpg 803w, https:\/\/kauppa.ursa.fi\/kauppa\/wp-content\/uploads\/2020\/12\/9789525985696-768x980.jpg 768w, https:\/\/kauppa.ursa.fi\/kauppa\/wp-content\/uploads\/2020\/12\/9789525985696-324x413.jpg 324w, https:\/\/kauppa.ursa.fi\/kauppa\/wp-content\/uploads\/2020\/12\/9789525985696-416x531.jpg 416w, https:\/\/kauppa.ursa.fi\/kauppa\/wp-content\/uploads\/2020\/12\/9789525985696.jpg 1000w\" sizes=\"auto, (max-width: 112px) 100vw, 112px\" \/><br>Tiedett\u00e4 kaikille: Kemia<\/a><\/strong><br>Hannu Karttunen<br>2020<br><a href=\"https:\/\/kauppa.ursa.fi\/kauppa\/wp-content\/uploads\/2020\/10\/9789525985832.jpg\"><br><img loading=\"lazy\" decoding=\"async\" class=\"alignnone size-thumbnail wp-image-37233\" src=\"https:\/\/kauppa.ursa.fi\/kauppa\/wp-content\/uploads\/2020\/10\/9789525985832-106x150.jpg\" alt=\"\" width=\"106\" height=\"150\" srcset=\"https:\/\/kauppa.ursa.fi\/kauppa\/wp-content\/uploads\/2020\/10\/9789525985832-106x150.jpg 106w, https:\/\/kauppa.ursa.fi\/kauppa\/wp-content\/uploads\/2020\/10\/9789525985832-420x597.jpg 420w, https:\/\/kauppa.ursa.fi\/kauppa\/wp-content\/uploads\/2020\/10\/9789525985832-800x1137.jpg 800w, https:\/\/kauppa.ursa.fi\/kauppa\/wp-content\/uploads\/2020\/10\/9789525985832-211x300.jpg 211w, https:\/\/kauppa.ursa.fi\/kauppa\/wp-content\/uploads\/2020\/10\/9789525985832-721x1024.jpg 721w, https:\/\/kauppa.ursa.fi\/kauppa\/wp-content\/uploads\/2020\/10\/9789525985832-768x1091.jpg 768w, https:\/\/kauppa.ursa.fi\/kauppa\/wp-content\/uploads\/2020\/10\/9789525985832-1081x1536.jpg 1081w, https:\/\/kauppa.ursa.fi\/kauppa\/wp-content\/uploads\/2020\/10\/9789525985832-1441x2048.jpg 1441w, https:\/\/kauppa.ursa.fi\/kauppa\/wp-content\/uploads\/2020\/10\/9789525985832-324x460.jpg 324w, https:\/\/kauppa.ursa.fi\/kauppa\/wp-content\/uploads\/2020\/10\/9789525985832-416x591.jpg 416w, https:\/\/kauppa.ursa.fi\/kauppa\/wp-content\/uploads\/2020\/10\/9789525985832.jpg 1795w\" sizes=\"auto, (max-width: 106px) 100vw, 106px\" \/><\/a><a href=\"https:\/\/kauppa.ursa.fi\/kauppa\/wp-content\/uploads\/2020\/10\/9789525985832.jpg\"><br><strong>Kaiken alku<\/strong><\/a><a href=\"https:\/\/kauppa.ursa.fi\/kauppa\/wp-content\/uploads\/2020\/07\/9789525985825.jpg\"><br>Dan Hooper<br>2020<\/a><\/p>\n\n\n\n<p><a href=\"https:\/\/kauppa.ursa.fi\/kauppa\/wp-content\/uploads\/2020\/07\/9789525985825.jpg\"><img loading=\"lazy\" decoding=\"async\" width=\"150\" height=\"138\" class=\"alignnone size-thumbnail wp-image-35110\" src=\"https:\/\/kauppa.ursa.fi\/kauppa\/wp-content\/uploads\/2020\/07\/9789525985825-150x138.jpg\" alt=\"\" srcset=\"https:\/\/kauppa.ursa.fi\/kauppa\/wp-content\/uploads\/2020\/07\/9789525985825-150x138.jpg 150w, https:\/\/kauppa.ursa.fi\/kauppa\/wp-content\/uploads\/2020\/07\/9789525985825-420x387.jpg 420w, https:\/\/kauppa.ursa.fi\/kauppa\/wp-content\/uploads\/2020\/07\/9789525985825-800x737.jpg 800w, https:\/\/kauppa.ursa.fi\/kauppa\/wp-content\/uploads\/2020\/07\/9789525985825-300x276.jpg 300w, https:\/\/kauppa.ursa.fi\/kauppa\/wp-content\/uploads\/2020\/07\/9789525985825-1024x943.jpg 1024w, https:\/\/kauppa.ursa.fi\/kauppa\/wp-content\/uploads\/2020\/07\/9789525985825-768x708.jpg 768w, https:\/\/kauppa.ursa.fi\/kauppa\/wp-content\/uploads\/2020\/07\/9789525985825-324x298.jpg 324w, https:\/\/kauppa.ursa.fi\/kauppa\/wp-content\/uploads\/2020\/07\/9789525985825-416x383.jpg 416w, https:\/\/kauppa.ursa.fi\/kauppa\/wp-content\/uploads\/2020\/07\/9789525985825.jpg 1181w\" sizes=\"auto, (max-width: 150px) 100vw, 150px\" \/><\/a><\/p>\n\n\n\n<p><a href=\"https:\/\/kauppa.ursa.fi\/kauppa\/wp-content\/uploads\/2020\/07\/9789525985825.jpg\"><strong>Eksoplaneetat<\/strong><\/a><br>Heikki Oja<br>2020<\/p>\n\n\n\n<p><a href=\"https:\/\/kauppa.ursa.fi\/kauppa\/wp-content\/uploads\/2019\/11\/9789525985771_1000.jpg\"><img loading=\"lazy\" decoding=\"async\" width=\"103\" height=\"150\" class=\"alignnone size-thumbnail wp-image-28877\" src=\"https:\/\/kauppa.ursa.fi\/kauppa\/wp-content\/uploads\/2019\/11\/9789525985771_1000-103x150.jpg\" alt=\"\" srcset=\"https:\/\/kauppa.ursa.fi\/kauppa\/wp-content\/uploads\/2019\/11\/9789525985771_1000-103x150.jpg 103w, https:\/\/kauppa.ursa.fi\/kauppa\/wp-content\/uploads\/2019\/11\/9789525985771_1000-420x610.jpg 420w, https:\/\/kauppa.ursa.fi\/kauppa\/wp-content\/uploads\/2019\/11\/9789525985771_1000-800x1162.jpg 800w, https:\/\/kauppa.ursa.fi\/kauppa\/wp-content\/uploads\/2019\/11\/9789525985771_1000-206x300.jpg 206w, https:\/\/kauppa.ursa.fi\/kauppa\/wp-content\/uploads\/2019\/11\/9789525985771_1000-768x1116.jpg 768w, https:\/\/kauppa.ursa.fi\/kauppa\/wp-content\/uploads\/2019\/11\/9789525985771_1000-705x1024.jpg 705w, https:\/\/kauppa.ursa.fi\/kauppa\/wp-content\/uploads\/2019\/11\/9789525985771_1000-324x471.jpg 324w, https:\/\/kauppa.ursa.fi\/kauppa\/wp-content\/uploads\/2019\/11\/9789525985771_1000-416x604.jpg 416w, https:\/\/kauppa.ursa.fi\/kauppa\/wp-content\/uploads\/2019\/11\/9789525985771_1000.jpg 1000w\" sizes=\"auto, (max-width: 103px) 100vw, 103px\" \/><\/a><\/p>\n\n\n\n<p><a href=\"https:\/\/kauppa.ursa.fi\/kauppa\/wp-content\/uploads\/2019\/11\/9789525985771_1000.jpg\"><strong>\u00c4\u00e4rett\u00f6myys k\u00e4mmenell\u00e4<\/strong><\/a><br>Marcus Chown<br>2019<\/p>\n\n\n\n<p><a href=\"https:\/\/kauppa.ursa.fi\/kauppa\/wp-content\/uploads\/2019\/09\/9780525985757.jpg\"><img loading=\"lazy\" decoding=\"async\" width=\"99\" height=\"139\" class=\"alignnone  wp-image-27703\" src=\"https:\/\/kauppa.ursa.fi\/kauppa\/wp-content\/uploads\/2019\/09\/9780525985757-107x150.jpg\" alt=\"\" srcset=\"https:\/\/kauppa.ursa.fi\/kauppa\/wp-content\/uploads\/2019\/09\/9780525985757-107x150.jpg 107w, https:\/\/kauppa.ursa.fi\/kauppa\/wp-content\/uploads\/2019\/09\/9780525985757-420x588.jpg 420w, https:\/\/kauppa.ursa.fi\/kauppa\/wp-content\/uploads\/2019\/09\/9780525985757-800x1120.jpg 800w, https:\/\/kauppa.ursa.fi\/kauppa\/wp-content\/uploads\/2019\/09\/9780525985757-214x300.jpg 214w, https:\/\/kauppa.ursa.fi\/kauppa\/wp-content\/uploads\/2019\/09\/9780525985757-768x1075.jpg 768w, https:\/\/kauppa.ursa.fi\/kauppa\/wp-content\/uploads\/2019\/09\/9780525985757-732x1024.jpg 732w, https:\/\/kauppa.ursa.fi\/kauppa\/wp-content\/uploads\/2019\/09\/9780525985757-324x453.jpg 324w, https:\/\/kauppa.ursa.fi\/kauppa\/wp-content\/uploads\/2019\/09\/9780525985757-416x582.jpg 416w, https:\/\/kauppa.ursa.fi\/kauppa\/wp-content\/uploads\/2019\/09\/9780525985757.jpg 1181w\" sizes=\"auto, (max-width: 99px) 100vw, 99px\" \/><\/a><\/p>\n\n\n\n<p><a href=\"https:\/\/kauppa.ursa.fi\/kauppa\/wp-content\/uploads\/2019\/09\/9780525985757.jpg\"><strong>Pime\u00e4n aineen arvoitus<\/strong><\/a><br>Tommi Tenkanen<br>2019<\/p>\n\n\n\n<p><a href=\"https:\/\/kauppa.ursa.fi\/kauppa\/wp-content\/uploads\/2019\/09\/9789525985719_iso.jpg\"><img loading=\"lazy\" decoding=\"async\" width=\"99\" height=\"160\" class=\"wp-image-27690 alignnone\" src=\"https:\/\/kauppa.ursa.fi\/kauppa\/wp-content\/uploads\/2019\/09\/9789525985719_iso-93x150.jpg\" alt=\"\" srcset=\"https:\/\/kauppa.ursa.fi\/kauppa\/wp-content\/uploads\/2019\/09\/9789525985719_iso-93x150.jpg 93w, https:\/\/kauppa.ursa.fi\/kauppa\/wp-content\/uploads\/2019\/09\/9789525985719_iso-420x678.jpg 420w, https:\/\/kauppa.ursa.fi\/kauppa\/wp-content\/uploads\/2019\/09\/9789525985719_iso-800x1292.jpg 800w, https:\/\/kauppa.ursa.fi\/kauppa\/wp-content\/uploads\/2019\/09\/9789525985719_iso-186x300.jpg 186w, https:\/\/kauppa.ursa.fi\/kauppa\/wp-content\/uploads\/2019\/09\/9789525985719_iso-768x1240.jpg 768w, https:\/\/kauppa.ursa.fi\/kauppa\/wp-content\/uploads\/2019\/09\/9789525985719_iso-634x1024.jpg 634w, https:\/\/kauppa.ursa.fi\/kauppa\/wp-content\/uploads\/2019\/09\/9789525985719_iso-324x523.jpg 324w, https:\/\/kauppa.ursa.fi\/kauppa\/wp-content\/uploads\/2019\/09\/9789525985719_iso-416x672.jpg 416w, https:\/\/kauppa.ursa.fi\/kauppa\/wp-content\/uploads\/2019\/09\/9789525985719_iso.jpg 1338w\" sizes=\"auto, (max-width: 99px) 100vw, 99px\" \/><\/a><\/p>\n\n\n\n<p><a href=\"https:\/\/kauppa.ursa.fi\/kauppa\/wp-content\/uploads\/2019\/09\/9789525985719_iso.jpg\"><strong>Avaruudesta<\/strong><\/a><br>Esko Valtaoja<br>2019<\/p>\n\n\n\n<p><a href=\"https:\/\/kauppa.ursa.fi\/kauppa\/wp-content\/uploads\/2019\/03\/Astrobiologia_kansi.jpg\"><br><img loading=\"lazy\" decoding=\"async\" width=\"103\" height=\"146\" class=\"wp-image-25745 alignnone\" src=\"https:\/\/kauppa.ursa.fi\/kauppa\/wp-content\/uploads\/2019\/03\/Astrobiologia_kansi-212x300.jpg\" alt=\"\" srcset=\"https:\/\/kauppa.ursa.fi\/kauppa\/wp-content\/uploads\/2019\/03\/Astrobiologia_kansi-212x300.jpg 212w, https:\/\/kauppa.ursa.fi\/kauppa\/wp-content\/uploads\/2019\/03\/Astrobiologia_kansi-420x593.jpg 420w, https:\/\/kauppa.ursa.fi\/kauppa\/wp-content\/uploads\/2019\/03\/Astrobiologia_kansi-800x1130.jpg 800w, https:\/\/kauppa.ursa.fi\/kauppa\/wp-content\/uploads\/2019\/03\/Astrobiologia_kansi-106x150.jpg 106w, https:\/\/kauppa.ursa.fi\/kauppa\/wp-content\/uploads\/2019\/03\/Astrobiologia_kansi-768x1085.jpg 768w, https:\/\/kauppa.ursa.fi\/kauppa\/wp-content\/uploads\/2019\/03\/Astrobiologia_kansi-725x1024.jpg 725w, https:\/\/kauppa.ursa.fi\/kauppa\/wp-content\/uploads\/2019\/03\/Astrobiologia_kansi-324x458.jpg 324w, https:\/\/kauppa.ursa.fi\/kauppa\/wp-content\/uploads\/2019\/03\/Astrobiologia_kansi-416x588.jpg 416w, https:\/\/kauppa.ursa.fi\/kauppa\/wp-content\/uploads\/2019\/03\/Astrobiologia_kansi.jpg 1806w\" sizes=\"auto, (max-width: 103px) 100vw, 103px\" \/><\/a><\/p>\n\n\n\n<p><a href=\"https:\/\/kauppa.ursa.fi\/kauppa\/wp-content\/uploads\/2019\/03\/Astrobiologia_kansi.jpg\"><strong>Astrobiologia<\/strong><\/a><br>Kirsi Lehto<br>2019<\/p>\n\n\n\n<p><a href=\"https:\/\/kauppa.ursa.fi\/kauppa\/wp-content\/uploads\/2019\/02\/Kosmologian_alkulahteilla_kansi.jpg\"><img loading=\"lazy\" decoding=\"async\" width=\"102\" height=\"143\" class=\"wp-image-25444 alignnone\" src=\"https:\/\/kauppa.ursa.fi\/kauppa\/wp-content\/uploads\/2019\/02\/Kosmologian_alkulahteilla_kansi-214x300.jpg\" alt=\"\" srcset=\"https:\/\/kauppa.ursa.fi\/kauppa\/wp-content\/uploads\/2019\/02\/Kosmologian_alkulahteilla_kansi-214x300.jpg 214w, https:\/\/kauppa.ursa.fi\/kauppa\/wp-content\/uploads\/2019\/02\/Kosmologian_alkulahteilla_kansi-420x589.jpg 420w, https:\/\/kauppa.ursa.fi\/kauppa\/wp-content\/uploads\/2019\/02\/Kosmologian_alkulahteilla_kansi-800x1122.jpg 800w, https:\/\/kauppa.ursa.fi\/kauppa\/wp-content\/uploads\/2019\/02\/Kosmologian_alkulahteilla_kansi-107x150.jpg 107w, https:\/\/kauppa.ursa.fi\/kauppa\/wp-content\/uploads\/2019\/02\/Kosmologian_alkulahteilla_kansi-768x1078.jpg 768w, https:\/\/kauppa.ursa.fi\/kauppa\/wp-content\/uploads\/2019\/02\/Kosmologian_alkulahteilla_kansi-730x1024.jpg 730w, https:\/\/kauppa.ursa.fi\/kauppa\/wp-content\/uploads\/2019\/02\/Kosmologian_alkulahteilla_kansi-324x455.jpg 324w, https:\/\/kauppa.ursa.fi\/kauppa\/wp-content\/uploads\/2019\/02\/Kosmologian_alkulahteilla_kansi-416x584.jpg 416w, https:\/\/kauppa.ursa.fi\/kauppa\/wp-content\/uploads\/2019\/02\/Kosmologian_alkulahteilla_kansi.jpg 1816w\" sizes=\"auto, (max-width: 102px) 100vw, 102px\" \/><\/a><\/p>\n\n\n\n<p><a href=\"https:\/\/kauppa.ursa.fi\/kauppa\/wp-content\/uploads\/2019\/02\/Kosmologian_alkulahteilla_kansi.jpg\"><strong>Kosmologian alkul\u00e4hteill\u00e4<\/strong><\/a><br>Pekka Teerikorpi<br>2019<\/p>\n","protected":false},"excerpt":{"rendered":"<p>Ursan kuvapankista voi ladata tuoreimpien kirjojen kansikuvia esimerkiksi kirja-arvostelujen yhteydess\u00e4 k\u00e4ytett\u00e4v\u00e4ksi. Toimitamme mielell\u00e4mme kuvia my\u00f6s suuremmalla resoluutiolla. Kirjoihin liittyviss\u00e4 kysymyksiss\u00e4 ota meihin yhteytt\u00e4 s\u00e4hk\u00f6postilla (kirjat (a) ursa.fi) tai puhelimella (09 [&hellip;]<\/p>\n","protected":false},"author":9,"featured_media":0,"parent":0,"menu_order":0,"comment_status":"closed","ping_status":"open","template":"","meta":{"footnotes":""},"class_list":["post-6350","page","type-page","status-publish","hentry"],"_links":{"self":[{"href":"https:\/\/kauppa.ursa.fi\/kauppa\/wp-json\/wp\/v2\/pages\/6350","targetHints":{"allow":["GET"]}}],"collection":[{"href":"https:\/\/kauppa.ursa.fi\/kauppa\/wp-json\/wp\/v2\/pages"}],"about":[{"href":"https:\/\/kauppa.ursa.fi\/kauppa\/wp-json\/wp\/v2\/types\/page"}],"author":[{"embeddable":true,"href":"https:\/\/kauppa.ursa.fi\/kauppa\/wp-json\/wp\/v2\/users\/9"}],"replies":[{"embeddable":true,"href":"https:\/\/kauppa.ursa.fi\/kauppa\/wp-json\/wp\/v2\/comments?post=6350"}],"version-history":[{"count":64,"href":"https:\/\/kauppa.ursa.fi\/kauppa\/wp-json\/wp\/v2\/pages\/6350\/revisions"}],"predecessor-version":[{"id":141712,"href":"https:\/\/kauppa.ursa.fi\/kauppa\/wp-json\/wp\/v2\/pages\/6350\/revisions\/141712"}],"wp:attachment":[{"href":"https:\/\/kauppa.ursa.fi\/kauppa\/wp-json\/wp\/v2\/media?parent=6350"}],"curies":[{"name":"wp","href":"https:\/\/api.w.org\/{rel}","templated":true}]}}