 

{"id":6360,"date":"2015-06-18T10:22:44","date_gmt":"2015-06-18T07:22:44","guid":{"rendered":"https:\/\/kauppa.ursa.fi\/kauppa\/?page_id=6360"},"modified":"2026-04-09T12:59:14","modified_gmt":"2026-04-09T09:59:14","slug":"sahkokirjat","status":"publish","type":"page","link":"https:\/\/kauppa.ursa.fi\/kauppa\/sahkokirjat\/","title":{"rendered":"S\u00e4hk\u00f6- ja \u00e4\u00e4nikirjat"},"content":{"rendered":"<p>Ursan kirjoja on saatavilla s\u00e4hk\u00f6kirjoina ja \u00e4\u00e4nikirjoina s\u00e4hk\u00f6isist\u00e4 kirjakaupoista ja lukuaikapalveluista:<\/p>\n<ul>\n<li>Kaiken k\u00e4sikirja, Esko Valtaoja<\/li>\n<li>Ajan luonne, Carlo Rovelli<\/li>\n<li>El\u00e4m\u00e4 maapallolla, Kirsi Lehto ym.<\/li>\n<li>Einsteinin perint\u00f6,\u00a0 Heikki Oja<\/li>\n<li>Maailmanloppu peruttu, Esko Valtaoja<\/li>\n<li>Kohti ikuisuutta,\u00a0 Esko Valtaoja<\/li>\n<li>Avaruudesta, Esko Valtaoja<\/li>\n<li>Tiedonjano,\u00a0 Esko Valtaoja<\/li>\n<li>Seitsem\u00e4n lyhytt\u00e4 luentoa fysiikasta, Carlo Rovelli<\/li>\n<li>Kuuk\u00e4vely ja kuusi voileip\u00e4\u00e4, Esko Valtaoja<\/li>\n<li>Valkoiset aukot,\u00a0 Carlo Rovelli<\/li>\n<\/ul>\n<p>Ursan ennen 28.6.2025 julkaisemat s\u00e4hk\u00f6kirjat (epub-tiedostot) eiv\u00e4t t\u00e4yt\u00e4 Suomen lains\u00e4\u00e4d\u00e4nn\u00f6n saavutettavuusvaatimuksia. Digipalvelulain saavutettavuusvaatimuksia ja lis\u00e4vaatimuksia ei sovelleta sis\u00e4lt\u00f6ihin, jotka on arkistoitu ennen 28.6.2025. \u00c4\u00e4nikirjat eiv\u00e4t sis\u00e4lly s\u00e4hk\u00f6kirjan m\u00e4\u00e4ritelm\u00e4\u00e4n.<\/p>\n<h2>Loppuunmyytyj\u00e4 kirjoja<\/h2>\n<p>Alla muutamia loppuunmyytyj\u00e4 kirjoja pdf-tiedostoina yksityisk\u00e4ytt\u00f6\u00f6n.<\/p>\n<p><a href=\"https:\/\/kauppa.ursa.fi\/kauppa\/wp-content\/uploads\/2015\/06\/tahtitieteen_harj_teht_netti.pdf\" rel=\"attachment wp-att-4593\"><img loading=\"lazy\" decoding=\"async\" class=\"wp-image-4593 size-thumbnail alignleft\" src=\"https:\/\/kauppa.ursa.fi\/kauppa\/wp-content\/uploads\/2015\/04\/9789525329117-105x150.jpg\" alt=\"\" width=\"105\" height=\"150\" srcset=\"https:\/\/kauppa.ursa.fi\/kauppa\/wp-content\/uploads\/2015\/04\/9789525329117-105x150.jpg 105w, https:\/\/kauppa.ursa.fi\/kauppa\/wp-content\/uploads\/2015\/04\/9789525329117.jpg 130w\" sizes=\"auto, (max-width: 105px) 100vw, 105px\" \/><\/a><\/p>\n<p>\u00a0<\/p>\n<p>\u00a0<\/p>\n<p><br \/><br \/><a href=\"https:\/\/kauppa.ursa.fi\/kauppa\/wp-content\/uploads\/2015\/06\/tahtitieteen_harj_teht_netti.pdf\">Karttunen ym: T\u00e4htitieteen harjoitusteht\u00e4vi\u00e4 (Ursa 2008)<\/a>. PDF, 4,3 megatavua.<\/p>\n<p><a href=\"https:\/\/kauppa.ursa.fi\/kauppa\/wp-content\/uploads\/2020\/03\/Aurinkokuntamme.pdf\" target=\"_blank\" rel=\"noopener\"><img loading=\"lazy\" decoding=\"async\" class=\"alignleft wp-image-76783\" src=\"https:\/\/kauppa.ursa.fi\/kauppa\/wp-content\/uploads\/2023\/05\/aurinkokuntamme-212x300.jpg\" alt=\"\" width=\"105\" height=\"149\" srcset=\"https:\/\/kauppa.ursa.fi\/kauppa\/wp-content\/uploads\/2023\/05\/aurinkokuntamme-212x300.jpg 212w, https:\/\/kauppa.ursa.fi\/kauppa\/wp-content\/uploads\/2023\/05\/aurinkokuntamme-420x595.jpg 420w, https:\/\/kauppa.ursa.fi\/kauppa\/wp-content\/uploads\/2023\/05\/aurinkokuntamme-106x150.jpg 106w, https:\/\/kauppa.ursa.fi\/kauppa\/wp-content\/uploads\/2023\/05\/aurinkokuntamme-416x590.jpg 416w, https:\/\/kauppa.ursa.fi\/kauppa\/wp-content\/uploads\/2023\/05\/aurinkokuntamme.jpg 556w\" sizes=\"auto, (max-width: 105px) 100vw, 105px\" \/><\/a><\/p>\n<p>\u00a0<\/p>\n<p>\u00a0<\/p>\n<p>\u00a0<\/p>\n<p><br \/><a href=\"https:\/\/kauppa.ursa.fi\/kauppa\/wp-content\/uploads\/2020\/03\/Aurinkokuntamme.pdf\">Heikki Oja ja Markku Poutanen: Aurinkokuntamme (Ursa 1990).<\/a> PDF, 24,9 megatavua.<\/p>\n<p><a href=\"https:\/\/www.ursa.fi\/fileadmin\/ursa2010\/kuvat\/kirjakauppa\/Ukkonenjasalamat.pdf\"><img loading=\"lazy\" decoding=\"async\" class=\"alignleft wp-image-76787\" src=\"https:\/\/kauppa.ursa.fi\/kauppa\/wp-content\/uploads\/2023\/05\/ukkonenjasalamat-104x150.jpg\" alt=\"\" width=\"105\" height=\"152\" srcset=\"https:\/\/kauppa.ursa.fi\/kauppa\/wp-content\/uploads\/2023\/05\/ukkonenjasalamat-104x150.jpg 104w, https:\/\/kauppa.ursa.fi\/kauppa\/wp-content\/uploads\/2023\/05\/ukkonenjasalamat-420x606.jpg 420w, https:\/\/kauppa.ursa.fi\/kauppa\/wp-content\/uploads\/2023\/05\/ukkonenjasalamat-208x300.jpg 208w, https:\/\/kauppa.ursa.fi\/kauppa\/wp-content\/uploads\/2023\/05\/ukkonenjasalamat-416x601.jpg 416w, https:\/\/kauppa.ursa.fi\/kauppa\/wp-content\/uploads\/2023\/05\/ukkonenjasalamat.jpg 489w\" sizes=\"auto, (max-width: 105px) 100vw, 105px\" \/><\/a><\/p>\n<p>\u00a0<\/p>\n<p>\u00a0<\/p>\n<p>\u00a0<\/p>\n<p><br \/><a href=\"http:\/\/www.ursa.fi\/fileadmin\/ursa2010\/kuvat\/kirjakauppa\/Ukkonenjasalamat.pdf\">Tapio J. Tuomi: Ukkonen ja salamat (Ursa 1993)<\/a><a href=\"\/\/www.ursa.fi\/fileadmin\/ursa2010\/kuvat\/kirjakauppa\/Ukkonenjasalamat.pdf\" target=\"_blank\" rel=\"noopener noreferrer\">.<\/a><a href=\"#mce_temp_url\"> PDF, 11,2 megatavua<\/a><\/p>\n\n\n<p><\/p>\n\n\n\n<p><\/p>\n\n\n\n<p>Kaikki oikeudet pid\u00e4tet\u00e4\u00e4n. Tiedostojen luvaton jakaminen ja kopiointi kielletty.<\/p>\n","protected":false},"excerpt":{"rendered":"<p>Ursan kirjoja on saatavilla s\u00e4hk\u00f6kirjoina ja \u00e4\u00e4nikirjoina s\u00e4hk\u00f6isist\u00e4 kirjakaupoista ja lukuaikapalveluista: Kaiken k\u00e4sikirja, Esko Valtaoja Ajan luonne, Carlo Rovelli El\u00e4m\u00e4 maapallolla, Kirsi Lehto ym. Einsteinin perint\u00f6,\u00a0 Heikki Oja Maailmanloppu peruttu, [&hellip;]<\/p>\n","protected":false},"author":9,"featured_media":0,"parent":0,"menu_order":0,"comment_status":"closed","ping_status":"open","template":"","meta":{"footnotes":""},"class_list":["post-6360","page","type-page","status-publish","hentry"],"_links":{"self":[{"href":"https:\/\/kauppa.ursa.fi\/kauppa\/wp-json\/wp\/v2\/pages\/6360","targetHints":{"allow":["GET"]}}],"collection":[{"href":"https:\/\/kauppa.ursa.fi\/kauppa\/wp-json\/wp\/v2\/pages"}],"about":[{"href":"https:\/\/kauppa.ursa.fi\/kauppa\/wp-json\/wp\/v2\/types\/page"}],"author":[{"embeddable":true,"href":"https:\/\/kauppa.ursa.fi\/kauppa\/wp-json\/wp\/v2\/users\/9"}],"replies":[{"embeddable":true,"href":"https:\/\/kauppa.ursa.fi\/kauppa\/wp-json\/wp\/v2\/comments?post=6360"}],"version-history":[{"count":41,"href":"https:\/\/kauppa.ursa.fi\/kauppa\/wp-json\/wp\/v2\/pages\/6360\/revisions"}],"predecessor-version":[{"id":141378,"href":"https:\/\/kauppa.ursa.fi\/kauppa\/wp-json\/wp\/v2\/pages\/6360\/revisions\/141378"}],"wp:attachment":[{"href":"https:\/\/kauppa.ursa.fi\/kauppa\/wp-json\/wp\/v2\/media?parent=6360"}],"curies":[{"name":"wp","href":"https:\/\/api.w.org\/{rel}","templated":true}]}}