 

{"id":6397,"date":"2015-06-18T12:14:04","date_gmt":"2015-06-18T09:14:04","guid":{"rendered":"https:\/\/kauppa.ursa.fi\/kauppa\/?page_id=6397"},"modified":"2026-04-22T11:27:16","modified_gmt":"2026-04-22T08:27:16","slug":"tulevat-kirjat","status":"publish","type":"page","link":"https:\/\/kauppa.ursa.fi\/kauppa\/tulevat-kirjat\/","title":{"rendered":"Tulevat kirjat syksyll\u00e4 2026"},"content":{"rendered":"\n<div class=\"wp-block-group\"><div class=\"wp-block-group__inner-container is-layout-constrained wp-block-group-is-layout-constrained\">\n\n\n\n\n<pre class=\"wp-block-preformatted has-white-background-color has-background\">Mikko Tuomi<br>L\u00f6yt\u00f6retki eksoplaneetoille \u2013 uudet maailmat<br>9789527443408<br>kovakantinen, n. 360 sivua<br>sh. 36 \u20ac, sis alv 13,5 %<br>Ilmestyy lokakuun alussa<\/pre>\n<\/div><\/div>\n\n\n\n<pre class=\"wp-block-preformatted has-white-background-color has-background\">M\u00e4kel\u00e4, Veikko ym, toim.<br>T\u00e4hdet 2027 \u2013 Ursan vuosikirja<br>9789527443392<br>nidottu, 160 sivua<br>sh. 19 \u20ac, sis alv 13,5 %<br>Ilmestyy lokakuun alussa<\/pre>\n","protected":false},"excerpt":{"rendered":"<p>Mikko TuomiL\u00f6yt\u00f6retki eksoplaneetoille \u2013 uudet maailmat9789527443408kovakantinen, n. 360 sivuash. 36 \u20ac, sis alv 13,5 %Ilmestyy lokakuun alussa M\u00e4kel\u00e4, Veikko ym, toim.T\u00e4hdet 2027 \u2013 Ursan vuosikirja9789527443392nidottu, 160 sivuash. 19 \u20ac, sis [&hellip;]<\/p>\n","protected":false},"author":9,"featured_media":0,"parent":0,"menu_order":0,"comment_status":"closed","ping_status":"closed","template":"","meta":{"footnotes":""},"class_list":["post-6397","page","type-page","status-publish","hentry"],"_links":{"self":[{"href":"https:\/\/kauppa.ursa.fi\/kauppa\/wp-json\/wp\/v2\/pages\/6397","targetHints":{"allow":["GET"]}}],"collection":[{"href":"https:\/\/kauppa.ursa.fi\/kauppa\/wp-json\/wp\/v2\/pages"}],"about":[{"href":"https:\/\/kauppa.ursa.fi\/kauppa\/wp-json\/wp\/v2\/types\/page"}],"author":[{"embeddable":true,"href":"https:\/\/kauppa.ursa.fi\/kauppa\/wp-json\/wp\/v2\/users\/9"}],"replies":[{"embeddable":true,"href":"https:\/\/kauppa.ursa.fi\/kauppa\/wp-json\/wp\/v2\/comments?post=6397"}],"version-history":[{"count":89,"href":"https:\/\/kauppa.ursa.fi\/kauppa\/wp-json\/wp\/v2\/pages\/6397\/revisions"}],"predecessor-version":[{"id":141630,"href":"https:\/\/kauppa.ursa.fi\/kauppa\/wp-json\/wp\/v2\/pages\/6397\/revisions\/141630"}],"wp:attachment":[{"href":"https:\/\/kauppa.ursa.fi\/kauppa\/wp-json\/wp\/v2\/media?parent=6397"}],"curies":[{"name":"wp","href":"https:\/\/api.w.org\/{rel}","templated":true}]}}