 

{"id":10595,"date":"2016-09-09T10:16:18","date_gmt":"2016-09-09T07:16:18","guid":{"rendered":"https:\/\/kauppa.ursa.fi\/kauppa\/?post_type=product&#038;p=10595"},"modified":"2026-04-08T11:53:01","modified_gmt":"2026-04-08T08:53:01","slug":"sky-watcher-explorer-130pds-ja-eq3-jalusta","status":"publish","type":"product","link":"https:\/\/kauppa.ursa.fi\/kauppa\/tuote\/sky-watcher-explorer-130pds-ja-eq3-jalusta\/","title":{"rendered":"Sky-Watcher Explorer 130PDS ja EQ3-jalusta"},"content":{"rendered":"<p>Newton-mallinen peilikaukoputki sek\u00e4 visuaalihavaintoihin ja t\u00e4htivalokuvaukseen. Kaukoputkessa on kaksinopeustarkennin (Dual-speed focuser), mink\u00e4 ansiosta se sopii erityisen hyvin my\u00f6s valokuvaukseen. Kaukoputken apertuuri (objektiivin halkaisija) on suuri suhteessa polttov\u00e4liin, joten sumumaiset kohteet n\u00e4kyv\u00e4t niin silmille kuin kameralle.<\/p>\n<p>Kaukoputkeen on saatavilla runsaasti lis\u00e4varusteita. Tarvittaessa napasuuntausta voi helpottaa hankkimalla erillisen napat\u00e4ht\u00e4imen ja t\u00e4h\u00e4n valaisimen. Akselistoon on mahdollista liitt\u00e4\u00e4 seurantamoottori, ja jalusta on mahdollista p\u00e4ivitt\u00e4\u00e4 aina automaattiseksi go-to-j\u00e4rjestelm\u00e4ksi asti. P\u00e4ivitett\u00e4vyyden kannalta t\u00e4m\u00e4 kaukoputki on oiva vaihtoehto ensimm\u00e4iseksi kaukoputkeksi, jos t\u00e4htivalokuvaus jo kiinnostaa.<\/p>\n<p>Ursasta ostettavan kaukoputken hintaan sis\u00e4ltyy lis\u00e4ksi T\u00e4hdet-vuosikirja (sh. 16 \u20ac) sek\u00e4 Kaukoputket &#8211; k\u00e4ytt\u00e4j\u00e4n opas (sh. 15,15 \u20ac).<\/p>\n<h3>Katso testi<\/h3>\n<p><a href=\"https:\/\/kauppa.ursa.fi\/kauppa\/wp-content\/uploads\/2016\/11\/Explorer_TA0716.pdf\" target=\"_blank\" rel=\"noopener noreferrer\"><img loading=\"lazy\" decoding=\"async\" class=\"size-full wp-image-11736 alignleft\" src=\"https:\/\/kauppa.ursa.fi\/kauppa\/wp-content\/uploads\/2016\/11\/arvionappi_p.png\" alt=\"arvionappi_p\" width=\"85\" height=\"60\" \/><\/a><span style=\"color: #3366ff;\"><a style=\"color: #3366ff;\" href=\"https:\/\/kauppa.ursa.fi\/kauppa\/wp-content\/uploads\/2016\/11\/Explorer_TA0716.pdf\" target=\"_blank\" rel=\"noopener noreferrer\">Markus Hotakaisen arvio<br \/>\nT\u00e4hdet ja avaruus -lehti 7\/2016<\/a><\/span><\/p>\n<p>&nbsp;<\/p>\n<p>Kaukoputken tietoja:<br \/>\n&#8211; p\u00e4\u00e4peilin halkaisija 130mm<br \/>\n&#8211; polttov\u00e4li 650mm<br \/>\n&#8211; valovoimainen, f\/5<br \/>\n&#8211; Dual-Speed-tarkennin 10:1<br \/>\n&#8211; okulaarisovitin 2&#8243; ja 1,25&#8243;<br \/>\n&#8211; sis. 2&#8243; okulaari 28mm (suurennos x23)<br \/>\n&#8211; etsin 6&#215;30<br \/>\n&#8211; paino n. 4,6kg<\/p>\n<p>Jalustan tietoja:<br \/>\n&#8211; EQ3-jalusta<br \/>\n&#8211; Kaukoputken ja jalustan yhteispaino havaintokunnossa n. 16 kg<\/p>\n<p>Lis\u00e4varusteita:<br \/>\n&#8211; <a href=\"https:\/\/kauppa.ursa.fi\/kauppa\/tuote\/napaetsin-eq3-jalustaan-sky-watcher\/\">Napaetsin<\/a><br \/>\n&#8211; <a href=\"https:\/\/kauppa.ursa.fi\/kauppa\/tuote\/seurantamoottori-eq3-jalustaan-skymax-127\/\">Seurantamoottori<\/a><br \/>\n&#8211; <a href=\"https:\/\/kauppa.ursa.fi\/kauppa\/tuote\/komakorjain-sky-watcher\/\">komakorjain<\/a><br \/>\n&#8211; <a href=\"https:\/\/kauppa.ursa.fi\/kauppa\/tuote\/6-mm-laajakulmaokulaari-skywatcher\/\">6mm laajakulmaokulaari<\/a> (x108; 0.6 asteen tod. n\u00e4k\u00f6kentt\u00e4)<br \/>\n&#8211; <a href=\"https:\/\/kauppa.ursa.fi\/kauppa\/tuote\/38-mm-panaview-laajakulmaokulaari-2-kiinnitys\/\">38mm PanaView-okulaari<\/a> (x17; 4.0 asteen tod. n\u00e4k\u00f6kentt\u00e4)<br \/>\n<a href=\"https:\/\/kauppa.ursa.fi\/kauppa\/kaukoputken-ostajan-opas\/\">Kaukoputken ostajan opas<\/a><\/p>\n<hr \/>\n<p>&nbsp;<\/p>\n<p><b> Ursan j\u00e4senen\u00e4 saat havaintov\u00e4lineet j\u00e4senhintaan, n. 10% edullisemmin.<\/b><\/p>\n<h3 class=\"keski\"><a href=\"https:\/\/kauppa.ursa.fi\/kauppa\/tuote-osasto\/jasenyys\/\" target=\"_blank\" rel=\"noopener noreferrer\">\u00bb Liity j\u00e4seneksi<\/a><\/h3>\n<hr \/>\n","protected":false},"excerpt":{"rendered":"<p>Explorer-130PDS-peilikaukoputki ja EQ3-jalusta.<\/p>\n<p>P\u00e4ivitett\u00e4viss\u00e4 automaattiseksi <a href=\"https:\/\/kauppa.ursa.fi\/kauppa\/tuote\/sky-watcher-synscan-goto-paivityspaketti-jalustalle\/\" target=\"_blank\" rel=\"noopener noreferrer\">go-to-jalustaksi<\/a><\/p>\n","protected":false},"featured_media":65755,"comment_status":"open","ping_status":"closed","template":"","meta":[],"product_brand":[],"product_cat":[14,2364,1873],"product_tag":[],"class_list":{"0":"post-10595","1":"product","2":"type-product","3":"status-publish","4":"has-post-thumbnail","6":"product_cat-kaukoputket","7":"product_cat-kaukoputket-ja-kiikarit","8":"product_cat-sumujenkatseluun","9":"product_shipping_class-havainto2","10":"pa_hintavaihtoehdot-jasenhinta","11":"pa_hintavaihtoehdot-suositushinta","12":"pa_jalustan-tyyppi-ekvatoriaalinen","13":"pa_optiikka-newton","14":"pa_valmistaja-skywatcher","16":"first","17":"instock","18":"taxable","19":"shipping-taxable","20":"purchasable","21":"product-type-variable"},"exclude_global_add_ons":[],"addons":[],"_links":{"self":[{"href":"https:\/\/kauppa.ursa.fi\/kauppa\/wp-json\/wp\/v2\/product\/10595","targetHints":{"allow":["GET"]}}],"collection":[{"href":"https:\/\/kauppa.ursa.fi\/kauppa\/wp-json\/wp\/v2\/product"}],"about":[{"href":"https:\/\/kauppa.ursa.fi\/kauppa\/wp-json\/wp\/v2\/types\/product"}],"replies":[{"embeddable":true,"href":"https:\/\/kauppa.ursa.fi\/kauppa\/wp-json\/wp\/v2\/comments?post=10595"}],"wp:featuredmedia":[{"embeddable":true,"href":"https:\/\/kauppa.ursa.fi\/kauppa\/wp-json\/wp\/v2\/media\/65755"}],"wp:attachment":[{"href":"https:\/\/kauppa.ursa.fi\/kauppa\/wp-json\/wp\/v2\/media?parent=10595"}],"wp:term":[{"taxonomy":"product_brand","embeddable":true,"href":"https:\/\/kauppa.ursa.fi\/kauppa\/wp-json\/wp\/v2\/product_brand?post=10595"},{"taxonomy":"product_cat","embeddable":true,"href":"https:\/\/kauppa.ursa.fi\/kauppa\/wp-json\/wp\/v2\/product_cat?post=10595"},{"taxonomy":"product_tag","embeddable":true,"href":"https:\/\/kauppa.ursa.fi\/kauppa\/wp-json\/wp\/v2\/product_tag?post=10595"}],"curies":[{"name":"wp","href":"https:\/\/api.w.org\/{rel}","templated":true}]}}