 

{"id":10673,"date":"2016-09-08T15:02:36","date_gmt":"2016-09-08T12:02:36","guid":{"rendered":"https:\/\/kauppa.ursa.fi\/kauppa\/?post_type=product&#038;p=10673"},"modified":"2019-05-24T11:19:50","modified_gmt":"2019-05-24T08:19:50","slug":"seitseman_lyhytta_luentoa","status":"publish","type":"product","link":"https:\/\/kauppa.ursa.fi\/kauppa\/tuote\/seitseman_lyhytta_luentoa\/","title":{"rendered":"Seitsem\u00e4n lyhytt\u00e4 luentoa fysiikasta"},"content":{"rendered":"<p>Italialainen teoreettinen fyysikko Carlo Rovelli maalaa levein siveltimenvedoin modernin fysiikan maailmankuvan erityisesti niille, jotka \u201dtiet\u00e4v\u00e4t v\u00e4h\u00e4n tai eiv\u00e4t mit\u00e4\u00e4n modernista tieteest\u00e4\u201d.<\/p>\n<p>Seitsem\u00e4n kaunista ja selke\u00e4\u00e4 luentoa johdattaa fysiikan ratkaisemattomiin arvoituksiin ja yrityksiin selvitt\u00e4\u00e4 niit\u00e4. Millainen on avaruuden pienimm\u00e4n mittakaavan rakenne ja maailmankaikkeuden alku, miksi ajalla on suunta ja mik\u00e4 on mustien aukkojen kohtalo? Mik\u00e4 on n\u00e4iden asioiden merkitys ihmiskunnalle?<\/p>\n<p>Alkuteosta on myyty Italiassa yli 300 000 kappaletta ja teoksen oikeudet on myyty 28 kielelle.<\/p>\n<p>Carlo Rovelli ty\u00f6skentelee Universit\u00e9 de la M\u00e9diterran\u00e9essa, Ranskassa.<\/p>\n<h3>Kirjasta sanottua<\/h3>\n<p><em>Teos on mallisuoritus kaikille, jotka ovat ottaneet teht\u00e4v\u00e4kseen kertoa luonnontieteen saavutuksista ymm\u00e4rrett\u00e4v\u00e4ll\u00e4 tavalla.<\/em><em><br \/>\n<\/em><span style=\"color: #3366ff\">\u2013 <a style=\"color: #3366ff\" href=\"http:\/\/www.hs.fi\/paivanlehti\/16122016\/art-2000005008346.html\" target=\"_blank\" rel=\"noopener noreferrer\">Annikka Mutasen arvio Helsingin Sanomissa 16.12.2016<\/a><\/span><\/p>\n<p><a href=\"https:\/\/kauppa.ursa.fi\/kauppa\/wp-content\/uploads\/2016\/11\/7_luentoa_TA0716.pdf\" target=\"_blank\" rel=\"noopener noreferrer\"><img loading=\"lazy\" decoding=\"async\" class=\"size-full wp-image-11736 alignleft\" src=\"https:\/\/kauppa.ursa.fi\/kauppa\/wp-content\/uploads\/2016\/11\/arvionappi_p.png\" alt=\"arvionappi_p\" width=\"85\" height=\"60\" \/><\/a> <span style=\"color: #3366ff\"><a style=\"color: #3366ff\" href=\"https:\/\/kauppa.ursa.fi\/kauppa\/wp-content\/uploads\/2016\/11\/7_luentoa_TA0716.pdf\" target=\"_blank\" rel=\"noopener noreferrer\">Tutkija Tiera Laitisen arvio<br \/>\nT\u00e4hdet ja avaruus 7\/2016<\/a><\/span><\/p>\n<p>&nbsp;<\/p>\n<p><span style=\"color: #3366ff\"><a style=\"color: #3366ff\" href=\"http:\/\/www.tiede.fi\/artikkeli\/kirjat\/fysiikka-niin-kaunista\" target=\"_blank\" rel=\"noopener noreferrer\">Tuula Koukun arvio Tiede-lehdess\u00e4 <\/a><\/span><\/p>\n<p><span style=\"color: #3366ff\"><a style=\"color: #3366ff\" href=\"http:\/\/agricola.utu.fi\/julkaisut\/kirja-arvostelut\/index.php?id=4031\" target=\"_blank\" rel=\"noopener noreferrer\">Jouni Huhtasen arvio Agricolassa<\/a><\/span><\/p>\n<p><em>Yll\u00e4tysbestselleri &#8211; &#8211; vuoden kiinnostavin tiedekirja.<\/em><br \/>\n\u2013 Best science books, The Telegraph<\/p>\n<p><em>Kirjan fysiikka on tajuttavaa ja kristallinkirkasta.<\/em><br \/>\n\u2013 Best science books, The Independent<\/p>\n<p><em>Briljantti &#8211; &#8211; Rovelli kirjoittaa selke\u00e4sti ja lennokkaasti tuoden eloa k\u00e4sitteisiin, jotka yleens\u00e4 vaikuttavat k\u00e4sitt\u00e4m\u00e4tt\u00f6milt\u00e4, ja h\u00e4n kutsuu lukijaa katsomaan maailmaa uusin silmin. &#8211; &#8211; Vaikea kuvitella johdonmukaisempaa ja innostavampaa johdatusta moderniin fysiikkaan.<\/em><br \/>\n\u2013 Daniel Cossins, New Scientist<\/p>\n<p><em>Lopussa tunnet itsesi fiksummaksi.<\/em><br \/>\n\u2013 Tom Whipple, The Times<\/p>\n<p>Kirja myynniss\u00e4 my\u00f6s s\u00e4hk\u00f6isen\u00e4 <span style=\"color: #3366ff\"><a style=\"color: #3366ff\" href=\"https:\/\/kirja.elisa.fi\/ekirja\/seitseman-lyhytta-luentoa-fysiikasta\" target=\"_blank\" rel=\"noopener noreferrer\">Elisa Kirjassa<\/a><\/span>.<\/p>\n","protected":false},"excerpt":{"rendered":"<p>Kaunis ja ylist\u00e4v\u00e4 johdatus moderniin fysiikkaan.<\/p>\n","protected":false},"featured_media":14214,"comment_status":"open","ping_status":"closed","template":"","meta":[],"product_brand":[],"product_cat":[6,10],"product_tag":[],"class_list":{"0":"post-10673","1":"product","2":"type-product","3":"status-publish","4":"has-post-thumbnail","6":"product_cat-kirjakauppa","7":"product_cat-muut-tietokirjat","8":"product_shipping_class-kirjakauppa","9":"pa_hintavaihtoehdot-jasenhinta","10":"pa_hintavaihtoehdot-suositushinta","11":"pa_isbn-1963","12":"pa_issn-ursan-julkaisuja-150","13":"pa_sivumaara-1965","14":"pa_tekija-carlo-rovelli","16":"first","17":"instock","18":"featured","19":"taxable","20":"shipping-taxable","21":"purchasable","22":"product-type-variable","23":"has-default-attributes"},"exclude_global_add_ons":[],"addons":[],"_links":{"self":[{"href":"https:\/\/kauppa.ursa.fi\/kauppa\/wp-json\/wp\/v2\/product\/10673","targetHints":{"allow":["GET"]}}],"collection":[{"href":"https:\/\/kauppa.ursa.fi\/kauppa\/wp-json\/wp\/v2\/product"}],"about":[{"href":"https:\/\/kauppa.ursa.fi\/kauppa\/wp-json\/wp\/v2\/types\/product"}],"replies":[{"embeddable":true,"href":"https:\/\/kauppa.ursa.fi\/kauppa\/wp-json\/wp\/v2\/comments?post=10673"}],"wp:featuredmedia":[{"embeddable":true,"href":"https:\/\/kauppa.ursa.fi\/kauppa\/wp-json\/wp\/v2\/media\/14214"}],"wp:attachment":[{"href":"https:\/\/kauppa.ursa.fi\/kauppa\/wp-json\/wp\/v2\/media?parent=10673"}],"wp:term":[{"taxonomy":"product_brand","embeddable":true,"href":"https:\/\/kauppa.ursa.fi\/kauppa\/wp-json\/wp\/v2\/product_brand?post=10673"},{"taxonomy":"product_cat","embeddable":true,"href":"https:\/\/kauppa.ursa.fi\/kauppa\/wp-json\/wp\/v2\/product_cat?post=10673"},{"taxonomy":"product_tag","embeddable":true,"href":"https:\/\/kauppa.ursa.fi\/kauppa\/wp-json\/wp\/v2\/product_tag?post=10673"}],"curies":[{"name":"wp","href":"https:\/\/api.w.org\/{rel}","templated":true}]}}