 

{"id":114178,"date":"2025-02-20T14:26:18","date_gmt":"2025-02-20T12:26:18","guid":{"rendered":"https:\/\/kauppa.ursa.fi\/kauppa\/?post_type=product&#038;p=114178"},"modified":"2026-04-09T15:57:40","modified_gmt":"2026-04-09T12:57:40","slug":"seestar-s50-smart-scope","status":"publish","type":"product","link":"https:\/\/kauppa.ursa.fi\/kauppa\/tuote\/seestar-s50-smart-scope\/","title":{"rendered":"Seestar S50 Smart Scope"},"content":{"rendered":"<p>Seestar S50 on automaattinen kuvauskaukoputki. Laitetta ohjataan \u00e4lypuhelimella tai vastaavalla. Ohjaussovellus (&#8221;Seestar&#8221;) on ladattavissa Android- ja iOS-k\u00e4ytt\u00f6j\u00e4rjestelmille omasta sovelluskaupasta. Kamerayksik\u00f6n pohjassa on 3\/8-kamerakierre joten voit k\u00e4ytt\u00e4\u00e4 laitetta my\u00f6s oman jalustasi kanssa. Paketin mukana toimitetaan kolmijalka jonka suurin korkeus on 35cm. Kaukoputki yhdess\u00e4 kuljetuslaukun ja kolmijalan kanssa painavat noin 2,5 kg, joten t\u00e4m\u00e4 kulkee mukavasti mukana my\u00f6s retkell\u00e4. Huom, laitteella voi ainoastaan tarkastella taivaankohteita mobiilaitteen ruudulta ja tallentaa kuvatiedostoina, putken l\u00e4pi ei voi visuaalisesti katsella taivaalle.<\/p>\n<p>Paketin mukana toimitetaan:<br \/>\n&#8211; Seestar S50 -kamerayksikk\u00f6<br \/>\n&#8211; kolmijalka<br \/>\n&#8211; aurinkosuodatin<br \/>\n&#8211; kuljetuslaukku<br \/>\n&#8211; USB-c latauskaapeli<br \/>\n&#8211; suomenkieliset k\u00e4ytt\u00f6ohjeet<\/p>\n","protected":false},"excerpt":{"rendered":"<p>Automaattinen All-in-One kaukoputki. Laitetta ohjataan sovelluksella. Kaukoputken tuottamaa kuvaa katsotaan \u00e4lypuhelimen n\u00e4yt\u00f6lt\u00e4.<\/p>\n","protected":false},"featured_media":114176,"comment_status":"open","ping_status":"closed","template":"","meta":[],"product_brand":[],"product_cat":[2339,2340,1870,1869,14,2364,7,1871],"product_tag":[],"class_list":{"0":"post-114178","1":"product","2":"type-product","3":"status-publish","4":"has-post-thumbnail","6":"product_cat-aloittelijalle","7":"product_cat-alykaukoputket","8":"product_cat-automaattiset","9":"product_cat-helpostialkuun","10":"product_cat-kaukoputket","11":"product_cat-kaukoputket-ja-kiikarit","12":"product_cat-kaukoputkikauppa","13":"product_cat-valokuvaukseen","14":"product_shipping_class-havainto","15":"pa_hintavaihtoehdot-jasenhinta","16":"pa_hintavaihtoehdot-suositushinta","17":"pa_jalustan-tyyppi-automaattinen","18":"pa_optiikka-apokromaatti","19":"pa_valmistaja-zwo","21":"first","22":"instock","23":"taxable","24":"shipping-taxable","25":"purchasable","26":"product-type-variable"},"exclude_global_add_ons":[],"addons":[],"_links":{"self":[{"href":"https:\/\/kauppa.ursa.fi\/kauppa\/wp-json\/wp\/v2\/product\/114178","targetHints":{"allow":["GET"]}}],"collection":[{"href":"https:\/\/kauppa.ursa.fi\/kauppa\/wp-json\/wp\/v2\/product"}],"about":[{"href":"https:\/\/kauppa.ursa.fi\/kauppa\/wp-json\/wp\/v2\/types\/product"}],"replies":[{"embeddable":true,"href":"https:\/\/kauppa.ursa.fi\/kauppa\/wp-json\/wp\/v2\/comments?post=114178"}],"wp:featuredmedia":[{"embeddable":true,"href":"https:\/\/kauppa.ursa.fi\/kauppa\/wp-json\/wp\/v2\/media\/114176"}],"wp:attachment":[{"href":"https:\/\/kauppa.ursa.fi\/kauppa\/wp-json\/wp\/v2\/media?parent=114178"}],"wp:term":[{"taxonomy":"product_brand","embeddable":true,"href":"https:\/\/kauppa.ursa.fi\/kauppa\/wp-json\/wp\/v2\/product_brand?post=114178"},{"taxonomy":"product_cat","embeddable":true,"href":"https:\/\/kauppa.ursa.fi\/kauppa\/wp-json\/wp\/v2\/product_cat?post=114178"},{"taxonomy":"product_tag","embeddable":true,"href":"https:\/\/kauppa.ursa.fi\/kauppa\/wp-json\/wp\/v2\/product_tag?post=114178"}],"curies":[{"name":"wp","href":"https:\/\/api.w.org\/{rel}","templated":true}]}}