 

{"id":118981,"date":"2025-06-25T11:51:16","date_gmt":"2025-06-25T08:51:16","guid":{"rendered":"https:\/\/kauppa.ursa.fi\/kauppa\/?post_type=product&#038;p=118981"},"modified":"2025-07-04T12:07:39","modified_gmt":"2025-07-04T09:07:39","slug":"fysiikan-sankareita-viidelta-vuosisadalta","status":"publish","type":"product","link":"https:\/\/kauppa.ursa.fi\/kauppa\/tuote\/fysiikan-sankareita-viidelta-vuosisadalta\/","title":{"rendered":"Fysiikan sankareita viidelt\u00e4 vuosisadalta"},"content":{"rendered":"<p>Alkaako sankareiden aika fysiikassa olla ohi?<\/p>\n<p>Uusi maailmanj\u00e4rjestys pystyt\u00e4\u00e4n keksim\u00e4\u00e4n vain kertaalleen. Samalla tavalla kaikki t\u00e4rke\u00e4t ja selke\u00e4t asiat fysiikassa keksittiin kertaalleen ja ne ovat kantaneet sen j\u00e4lkeen keksij\u00e4ns\u00e4 nime\u00e4, kuten Newtonin lait, dopplerilmi\u00f6, r\u00f6ntgens\u00e4teet.<\/p>\n<p>T\u00e4ll\u00e4 hetkell\u00e4 tutkimus etenee jo kaukana arkisista, helposti ymm\u00e4rrett\u00e4vist\u00e4 ilmi\u00f6ist\u00e4. Uudet l\u00f6yd\u00f6t ovat niin vaikeatajuisia ja hankalasti havainnollistettavia, ett\u00e4 tarvitaan saman spesiaalialan tutkija ennen kuin l\u00f6yd\u00f6n merkitys kunnolla aukeaa.<\/p>\n<p>Sankariajan loppuminen johtuu ennen kaikkea siit\u00e4, ett\u00e4 fysiikan tutkimuskentt\u00e4 on laajentunut suunnattomasti parinsadan viime vuoden aikana. Tutkimuksen m\u00e4\u00e4r\u00e4 on r\u00e4j\u00e4ht\u00e4nyt, samoin tutkijoiden m\u00e4\u00e4r\u00e4. Newtonin aikaan maailmassa oli kourallinen fyysikkoja, jotka hallitsivat suunnilleen fysiikan koko alueen. T\u00e4ll\u00e4 hetkell\u00e4 tutkijoita on kymmeni\u00e4tuhansia, joista kukaan ei kykene hallitsemaan kuin pienen, kapean kaistaleen fysiikan kent\u00e4st\u00e4.<\/p>\n<p>Professori <strong>Heikki Oja<\/strong> esittelee viimeiset fysiikan sankarit tarinoineen. H\u00e4n on t\u00e4htitieteilij\u00e4 ja palkittu tietokirjailija.<\/p>\n<p>Lue <span style=\"color: #3366ff;\"><a style=\"color: #3366ff;\" href=\"https:\/\/kauppa.ursa.fi\/kauppa\/wp-content\/uploads\/2025\/06\/Fysiikan_sankareita_49-55.pdf\">n\u00e4yte<\/a><\/span> kirjasta.<\/p>\n","protected":false},"excerpt":{"rendered":"<p class=\"p1\">42 helposti sulavaa tarinaa kuuluisista fyysikoista: Curie, R\u00f6ntgen, Pascal, Tesla, Einstein, Feynman, Higgs jne<\/p>\n","protected":false},"featured_media":118995,"comment_status":"open","ping_status":"closed","template":"","meta":[],"product_brand":[],"product_cat":[6,10,2108,1692],"product_tag":[],"class_list":{"0":"post-118981","1":"product","2":"type-product","3":"status-publish","4":"has-post-thumbnail","6":"product_cat-kirjakauppa","7":"product_cat-muut-tietokirjat","8":"product_cat-uncategorized","9":"product_cat-uutuudet","10":"product_shipping_class-kirjakauppa","11":"pa_hintavaihtoehdot-jasenhinta","12":"pa_hintavaihtoehdot-suositushinta","13":"pa_isbn-2303","14":"pa_sivumaara-2304","16":"first","17":"instock","18":"taxable","19":"shipping-taxable","20":"purchasable","21":"product-type-variable"},"exclude_global_add_ons":[],"addons":[],"_links":{"self":[{"href":"https:\/\/kauppa.ursa.fi\/kauppa\/wp-json\/wp\/v2\/product\/118981","targetHints":{"allow":["GET"]}}],"collection":[{"href":"https:\/\/kauppa.ursa.fi\/kauppa\/wp-json\/wp\/v2\/product"}],"about":[{"href":"https:\/\/kauppa.ursa.fi\/kauppa\/wp-json\/wp\/v2\/types\/product"}],"replies":[{"embeddable":true,"href":"https:\/\/kauppa.ursa.fi\/kauppa\/wp-json\/wp\/v2\/comments?post=118981"}],"wp:featuredmedia":[{"embeddable":true,"href":"https:\/\/kauppa.ursa.fi\/kauppa\/wp-json\/wp\/v2\/media\/118995"}],"wp:attachment":[{"href":"https:\/\/kauppa.ursa.fi\/kauppa\/wp-json\/wp\/v2\/media?parent=118981"}],"wp:term":[{"taxonomy":"product_brand","embeddable":true,"href":"https:\/\/kauppa.ursa.fi\/kauppa\/wp-json\/wp\/v2\/product_brand?post=118981"},{"taxonomy":"product_cat","embeddable":true,"href":"https:\/\/kauppa.ursa.fi\/kauppa\/wp-json\/wp\/v2\/product_cat?post=118981"},{"taxonomy":"product_tag","embeddable":true,"href":"https:\/\/kauppa.ursa.fi\/kauppa\/wp-json\/wp\/v2\/product_tag?post=118981"}],"curies":[{"name":"wp","href":"https:\/\/api.w.org\/{rel}","templated":true}]}}