 

{"id":119910,"date":"2025-08-11T10:43:26","date_gmt":"2025-08-11T07:43:26","guid":{"rendered":"https:\/\/kauppa.ursa.fi\/kauppa\/?post_type=product&#038;p=119910"},"modified":"2026-04-23T16:02:07","modified_gmt":"2026-04-23T13:02:07","slug":"sky-watcher-starquest-dx-102mc","status":"publish","type":"product","link":"https:\/\/kauppa.ursa.fi\/kauppa\/tuote\/sky-watcher-starquest-dx-102mc\/","title":{"rendered":"Sky-Watcher StarQuest-DX 102MC"},"content":{"rendered":"<p>Putki on optiikaltaan sama kuin Starquest-102MC ja Skymax-102 -malleissa. Jalusta on puolestaan uudistunut paljon. Se on nyt entist\u00e4 tukevampi ja mahdollistaa my\u00f6s raskaampien lis\u00e4varusteiden kuten kameran kiinnitt\u00e4misen.<\/p>\n<p>Suljettu Maksutov-Cassegrain-rakenne mahdollistaa pienest\u00e4 koosta huolimatta pitk\u00e4n polttov\u00e4lin, helppohoitoisen suljetun rakenteen ja korkean kuvanlaadun. Kolmijalkainen ekvatoriaalinen Starquest-102MC on kevytrakenteinen, ja helppo kuljettaa havaintopaikalle tai ottaa vaikka matkalle mukaan. Starquest-102MC soveltuu my\u00f6s lahjaksi tai t\u00e4htiharrastuksen aloittamiseen. StarQuest-102 kaukoputken peilin halkaisija on 102 mm. T\u00e4m\u00e4n kokoinen kaukoputki on omiaan yleiseen harrastelijak\u00e4ytt\u00f6\u00f6n, sill\u00e4 valovoima riitt\u00e4v\u00e4 monenlaisiin kohteisiin, mutta putken paino pysyy kuitenkin kohtuullisena. Mukana tulevat kaksi okulaaria antavat suurennukset, jotka sopivat hyvin esimerkiksi Kuun, Jupiterin ja muiden planeettojen, t\u00e4htien, avonaisten t\u00e4htijoukkojen ja kirkkaimpien galaksien katseluun. <a href=\"https:\/\/kauppa.ursa.fi\/kauppa\/tuote-osasto\/kaukoputkikauppa\/lisavarusteet\/\" target=\"_blank\" rel=\"noopener noreferrer\">Lis\u00e4varusteena<\/a> on saatavilla mm. <a href=\"https:\/\/kauppa.ursa.fi\/kauppa\/tuote-osasto\/kaukoputkikauppa\/okulaarit\/\" target=\"_blank\" rel=\"noopener noreferrer\">erilaisia okulaareja<\/a>.<\/p>\n<p>Ursasta ostettavan kaukoputken hintaan sis\u00e4ltyy lis\u00e4ksi uusin T\u00e4hdet-vuosikirja ja Kaukoputket &#8211; k\u00e4ytt\u00e4j\u00e4n opas. Noudon yhteydess\u00e4 saat alkuopastuksen kaukoputken k\u00e4ytt\u00f6\u00f6n.<\/p>\n<p>Ensimm\u00e4ist\u00e4 kaukoputkea ostamassa? Tutustu <a style=\"color: blue;\" href=\"https:\/\/kauppa.ursa.fi\/kauppa\/kaukoputken-ostajan-opas\/\">kaukoputken ostajan oppaaseen<\/a>.<\/p>\n<p>Samanlaisella optiikalla varustettu kaukoputki on saatavilla my\u00f6s <a style=\"color: blue;\" href=\"https:\/\/kauppa.ursa.fi\/kauppa\/tuote\/skymax-102-ja-az-gti\/\">mobiilisovelluksen kautta ohjattavalla go-to-jalustalla<\/a>.<\/p>\n<p>&nbsp;<\/p>\n<p>&nbsp;<\/p>\n","protected":false},"excerpt":{"rendered":"<p>StarQuestin uusittu malli! Optiikka on sama mutta jalusta tukevampi kuin edelt\u00e4j\u00e4ss\u00e4.<\/p>\n<p>&nbsp;<\/p>\n","protected":false},"featured_media":120160,"comment_status":"open","ping_status":"closed","template":"","meta":[],"product_brand":[],"product_cat":[2344,2339,1869,14,2364,1868],"product_tag":[1801,1797,1798,1831,1802,1817,1832,1788,1825,1847,1853,1826,1855,1857,1858,1865,1866,1835,1834,1854,1851,1789,1838,1928,1926,1848,51,1859,1852,1787,1916,1917,1849,1864,1862,1863,1867,1791,1790,1833,1861,1850,1837,1836,1856,1841,1840,1839,1927,1860,1824,1843,1845,1846,1827,1929,1786],"class_list":{"0":"post-119910","1":"product","2":"type-product","3":"status-publish","4":"has-post-thumbnail","6":"product_cat-aloittelevalle-tahtiharrastajalle","7":"product_cat-aloittelijalle","8":"product_cat-helpostialkuun","9":"product_cat-kaukoputket","10":"product_cat-kaukoputket-ja-kiikarit","11":"product_cat-lahjaideoita","12":"product_tag-alkuun","13":"product_tag-aloittelija","14":"product_tag-aloittelijalle","15":"product_tag-aloittelijan","16":"product_tag-aluksi","17":"product_tag-astro","18":"product_tag-astronominen","19":"product_tag-avaruus","20":"product_tag-edullinen","21":"product_tag-ekvatoriaalinen","22":"product_tag-erinomainen","23":"product_tag-halpa","24":"product_tag-harrastelija","25":"product_tag-harrastelijaputki","26":"product_tag-harrastus","27":"product_tag-helppokayttoinen","28":"product_tag-helppokayttoisyys","29":"product_tag-hinta-laatu","30":"product_tag-hintalaatu","31":"product_tag-hyva","32":"product_tag-iso","33":"product_tag-jalusta","34":"product_tag-jupiter","35":"product_tag-katadioptrinen","36":"product_tag-katseluun","37":"product_tag-kauas","38":"product_tag-kaukoputki","39":"product_tag-kayttokelpoinen","40":"product_tag-kerroin","41":"product_tag-kuu","42":"product_tag-lahja","43":"product_tag-lahjaksi","44":"product_tag-linssi","45":"product_tag-maalikolle","46":"product_tag-maallikko","47":"product_tag-maallikolle","48":"product_tag-nakyma","49":"product_tag-objektiivi","50":"product_tag-okulaari","51":"product_tag-paras","52":"product_tag-pateva","53":"product_tag-peili","54":"product_tag-planeetat","55":"product_tag-planeetta","56":"product_tag-putki","57":"product_tag-renkaat","58":"product_tag-saturnuksen-renkaat","59":"product_tag-saturnus","60":"product_tag-schmidt","61":"product_tag-skywatcher","62":"product_tag-suurennos","63":"product_tag-suuri","64":"product_tag-tahdisto","65":"product_tag-tahdistoja","66":"product_tag-tahti","67":"product_tag-tahtiharrastus","68":"product_tag-tahtitaivas","69":"product_shipping_class-havainto","70":"pa_hintavaihtoehdot-jasenhinta","71":"pa_hintavaihtoehdot-suositushinta","72":"pa_jalustan-tyyppi-ekvatoriaalinen","73":"pa_optiikka-maksutov-cassegrain","74":"pa_valmistaja-skywatcher","76":"first","77":"instock","78":"taxable","79":"shipping-taxable","80":"purchasable","81":"product-type-variable"},"exclude_global_add_ons":[],"addons":[],"_links":{"self":[{"href":"https:\/\/kauppa.ursa.fi\/kauppa\/wp-json\/wp\/v2\/product\/119910","targetHints":{"allow":["GET"]}}],"collection":[{"href":"https:\/\/kauppa.ursa.fi\/kauppa\/wp-json\/wp\/v2\/product"}],"about":[{"href":"https:\/\/kauppa.ursa.fi\/kauppa\/wp-json\/wp\/v2\/types\/product"}],"replies":[{"embeddable":true,"href":"https:\/\/kauppa.ursa.fi\/kauppa\/wp-json\/wp\/v2\/comments?post=119910"}],"wp:featuredmedia":[{"embeddable":true,"href":"https:\/\/kauppa.ursa.fi\/kauppa\/wp-json\/wp\/v2\/media\/120160"}],"wp:attachment":[{"href":"https:\/\/kauppa.ursa.fi\/kauppa\/wp-json\/wp\/v2\/media?parent=119910"}],"wp:term":[{"taxonomy":"product_brand","embeddable":true,"href":"https:\/\/kauppa.ursa.fi\/kauppa\/wp-json\/wp\/v2\/product_brand?post=119910"},{"taxonomy":"product_cat","embeddable":true,"href":"https:\/\/kauppa.ursa.fi\/kauppa\/wp-json\/wp\/v2\/product_cat?post=119910"},{"taxonomy":"product_tag","embeddable":true,"href":"https:\/\/kauppa.ursa.fi\/kauppa\/wp-json\/wp\/v2\/product_tag?post=119910"}],"curies":[{"name":"wp","href":"https:\/\/api.w.org\/{rel}","templated":true}]}}