 

{"id":120271,"date":"2025-09-09T13:19:03","date_gmt":"2025-09-09T10:19:03","guid":{"rendered":"https:\/\/kauppa.ursa.fi\/kauppa\/?post_type=product&#038;p=120271"},"modified":"2026-04-20T08:35:37","modified_gmt":"2026-04-20T05:35:37","slug":"maailmankaikkeudesta","status":"publish","type":"product","link":"https:\/\/kauppa.ursa.fi\/kauppa\/tuote\/maailmankaikkeudesta\/","title":{"rendered":"Maailmankaikkeudesta"},"content":{"rendered":"<p>Esko Valtaoja kertoo vuosittain saavansa yli tuhat yhteydenottoa ja kysely\u00e4, joissa hyvin monessa toistuvat samat perusihmettelyt: minne se maailmankaikkeus oikeastaan laajenee, mit\u00e4 se aika oikein on, onko muita maailmankaikkeuksia, mit\u00e4 tarkoittaa ett\u00e4 kosmos on pallonmuotoinen, miss\u00e4 kohden se alkur\u00e4j\u00e4hdys tapahtui, ja niin edelleen. T\u00e4ss\u00e4 kirjassa h\u00e4n avaa koko maailmamme olemusta. H\u00e4nen mukaansa: &#8221;<i>k\u00e4sityksemme maailmasta on kasvanut vuosituhannesta toiseen ja muovautunut meid\u00e4n elinaikanamme kudelmaksi, joka tosin on t\u00e4ynn\u00e4 reiki\u00e4 kuin vanha sukka, mutta jota tuskin tarvitsee en\u00e4\u00e4 purkaa kokonaan.&#8221;<\/i><\/p>\n<p>Lue <a href=\"https:\/\/kauppa.ursa.fi\/kauppa\/wp-content\/uploads\/2025\/12\/Maailmankaikkeudesta_nayteluku.pdf\">n\u00e4yte<\/a> kirjasta.<\/p>\n<p><i>&#8221;S\u00e4hk\u00f6magnetismi on parisuhderiippuvainen, ja viel\u00e4 heteronormatiivinen: negatiiviselle varaukselle, kuten elektronille, kelpaa vain saman suuruinen positiivinen varaus, vaikkapa protoni. <\/i><i>Voimanelikon r\u00e4\u00e4p\u00e4le, painovoima se sijaan on biljoona biljoonaa biljoonaa kertaa heikompi kuin s\u00e4hk\u00f6magnetismi; yksi j\u00e4\u00e4kaappimagneetti pystyy vastustamaan koko maapallon vetovoimaa. Mutta painovoiman vahvuus on siin\u00e4, ett\u00e4 se on polyamorinen. Se hamuaa syliins\u00e4 kaiken, jolla vain on massaa tai energiaa. Gravitaatio on kuin Tolkienin valtasormus, ainoa jonka voima ulottuu kaikkialle.&#8221;<\/i><\/p>\n","protected":false},"excerpt":{"rendered":"<p class=\"p1\">Esko Valtaoja avaa omalla j\u00e4ljittelem\u00e4tt\u00f6m\u00e4ll\u00e4 tyylill\u00e4\u00e4n millaisessa maailmassa oikein el\u00e4mme.<\/p>\n","protected":false},"featured_media":120460,"comment_status":"open","ping_status":"closed","template":"","meta":[],"product_brand":[],"product_cat":[2346,6,8,1692],"product_tag":[],"class_list":{"0":"post-120271","1":"product","2":"type-product","3":"status-publish","4":"has-post-thumbnail","6":"product_cat-avaruusfanille","7":"product_cat-kirjakauppa","8":"product_cat-tahtitiede","9":"product_cat-uutuudet","10":"product_shipping_class-kirjakauppa","11":"pa_hintavaihtoehdot-jasenhinta","12":"pa_hintavaihtoehdot-suositushinta","13":"pa_isbn-2310","14":"pa_sivumaara-2311","15":"pa_tekija-esko-valtaoja","17":"first","18":"instock","19":"taxable","20":"shipping-taxable","21":"purchasable","22":"product-type-variable"},"exclude_global_add_ons":[],"addons":[],"_links":{"self":[{"href":"https:\/\/kauppa.ursa.fi\/kauppa\/wp-json\/wp\/v2\/product\/120271","targetHints":{"allow":["GET"]}}],"collection":[{"href":"https:\/\/kauppa.ursa.fi\/kauppa\/wp-json\/wp\/v2\/product"}],"about":[{"href":"https:\/\/kauppa.ursa.fi\/kauppa\/wp-json\/wp\/v2\/types\/product"}],"replies":[{"embeddable":true,"href":"https:\/\/kauppa.ursa.fi\/kauppa\/wp-json\/wp\/v2\/comments?post=120271"}],"wp:featuredmedia":[{"embeddable":true,"href":"https:\/\/kauppa.ursa.fi\/kauppa\/wp-json\/wp\/v2\/media\/120460"}],"wp:attachment":[{"href":"https:\/\/kauppa.ursa.fi\/kauppa\/wp-json\/wp\/v2\/media?parent=120271"}],"wp:term":[{"taxonomy":"product_brand","embeddable":true,"href":"https:\/\/kauppa.ursa.fi\/kauppa\/wp-json\/wp\/v2\/product_brand?post=120271"},{"taxonomy":"product_cat","embeddable":true,"href":"https:\/\/kauppa.ursa.fi\/kauppa\/wp-json\/wp\/v2\/product_cat?post=120271"},{"taxonomy":"product_tag","embeddable":true,"href":"https:\/\/kauppa.ursa.fi\/kauppa\/wp-json\/wp\/v2\/product_tag?post=120271"}],"curies":[{"name":"wp","href":"https:\/\/api.w.org\/{rel}","templated":true}]}}