 

{"id":120274,"date":"2025-09-09T14:05:44","date_gmt":"2025-09-09T11:05:44","guid":{"rendered":"https:\/\/kauppa.ursa.fi\/kauppa\/?post_type=product&#038;p=120274"},"modified":"2026-04-18T20:55:03","modified_gmt":"2026-04-18T17:55:03","slug":"kaupunki-marsissa","status":"publish","type":"product","link":"https:\/\/kauppa.ursa.fi\/kauppa\/tuote\/kaupunki-marsissa\/","title":{"rendered":"Kaupunki Marsissa"},"content":{"rendered":"<p><em>\u201dPakeneminen ilmastonmuutoksen takia maapallolta Marsiin olisi kuin j\u00e4tt\u00e4isi sotkuisen huoneen muuttaakseen myrkkyj\u00e4tteen kaatopaikalle.\u201d<\/em><\/p>\n<p>Lue <a href=\"https:\/\/kauppa.ursa.fi\/kauppa\/wp-content\/uploads\/2025\/12\/Kaupunki_Marsissa_nayte.pdf\">n\u00e4yte<\/a> kirjasta.<\/p>\n<p><strong>Kelly ja Zach Weinersmith<\/strong> l\u00e4htiv\u00e4t kirjoittamaan opasta avaruuden asuttamisen loistavaan tulevaisuuteen. Vuosien tutkimusty\u00f6n j\u00e4lkeen he eiv\u00e4t olekaan en\u00e4\u00e4 varmoja, onko se j\u00e4rkev\u00e4 ajatus. Teknologiat ja avaruusliiketoiminta kehittyv\u00e4t nopeasti, mutta meilt\u00e4 puuttuu tietoa, jota esimerkiksi tarvitaan avaruuslasten saamiseen, avaruusfarmien rakentamiseen ja avaruuskansojen luomiseen tavalla, joka ei sytyt\u00e4 konflikteja t\u00e4\u00e4ll\u00e4 Maassa.<br \/>\nTeos tarjoaa yleistajuisen kokonaiskuvan ihmiskunnan mahdollisuuksista levitt\u00e4yty\u00e4 avaruuteen, yritt\u00e4m\u00e4tt\u00e4 myyd\u00e4 ajatusta, ett\u00e4 se on mahdollista l\u00e4hivuosikymmenin\u00e4. Kirjassa oikaistaan monia v\u00e4\u00e4rink\u00e4sityksi\u00e4 ja korvataan ne paljon realistisemmalla n\u00e4kemyksell\u00e4.<br \/>\nAlkuteos voitti vuoden 2024 Hugo Award -palkinnon parhaasta aiheesta. Se voitti my\u00f6s vuoden 2024 Royal Society Trivedi Science Book Prize -palkinnon.<\/p>\n<p>&#8221;<em>Pienimpi\u00e4 huoliamme on se, kuinka kakataan avaruudessa. T\u00e4ss\u00e4 kirjassa k\u00e4sitell\u00e4\u00e4n haasteita, joita useimmat avaruusharrastajat eiv\u00e4t ole koskaan edes tulleet ajatelleeksi: ei vain teknologisia, vaan my\u00f6s juridisia, eettisi\u00e4 ja geopoliittisia. Laajasta ja syv\u00e4llisest\u00e4 tutkimuksesta sek\u00e4 vaikuttavasta, l\u00e4hes n\u00f6rttitasoisesta yksityiskohtaisuudesta huolimatta t\u00e4m\u00e4 on selke\u00e4, eloisa ja hilpe\u00e4 lukukokemus. T\u00e4ysosuma Weinersmithit!<\/em>&#8221;<br \/>\n&#8211; Mary Roach, New York Timesin bestsellerin Fuzz and Packing for Mars kirjoittaja.<\/p>\n","protected":false},"excerpt":{"rendered":"<p>Voidaanko avaruus asuttaa?<\/p>\n","protected":false},"featured_media":121131,"comment_status":"open","ping_status":"closed","template":"","meta":[],"product_brand":[],"product_cat":[2346,6,1692,8],"product_tag":[],"class_list":{"0":"post-120274","1":"product","2":"type-product","3":"status-publish","4":"has-post-thumbnail","6":"product_cat-avaruusfanille","7":"product_cat-kirjakauppa","8":"product_cat-uutuudet","9":"product_cat-tahtitiede","10":"product_shipping_class-kirjakauppa","11":"pa_hintavaihtoehdot-jasenhinta","12":"pa_hintavaihtoehdot-suositushinta","13":"pa_isbn-2312","14":"pa_sivumaara-2324","15":"pa_tekija-kelly-ja-zach-weinersmith","17":"first","18":"instock","19":"taxable","20":"shipping-taxable","21":"purchasable","22":"product-type-variable"},"exclude_global_add_ons":[],"addons":[],"_links":{"self":[{"href":"https:\/\/kauppa.ursa.fi\/kauppa\/wp-json\/wp\/v2\/product\/120274","targetHints":{"allow":["GET"]}}],"collection":[{"href":"https:\/\/kauppa.ursa.fi\/kauppa\/wp-json\/wp\/v2\/product"}],"about":[{"href":"https:\/\/kauppa.ursa.fi\/kauppa\/wp-json\/wp\/v2\/types\/product"}],"replies":[{"embeddable":true,"href":"https:\/\/kauppa.ursa.fi\/kauppa\/wp-json\/wp\/v2\/comments?post=120274"}],"wp:featuredmedia":[{"embeddable":true,"href":"https:\/\/kauppa.ursa.fi\/kauppa\/wp-json\/wp\/v2\/media\/121131"}],"wp:attachment":[{"href":"https:\/\/kauppa.ursa.fi\/kauppa\/wp-json\/wp\/v2\/media?parent=120274"}],"wp:term":[{"taxonomy":"product_brand","embeddable":true,"href":"https:\/\/kauppa.ursa.fi\/kauppa\/wp-json\/wp\/v2\/product_brand?post=120274"},{"taxonomy":"product_cat","embeddable":true,"href":"https:\/\/kauppa.ursa.fi\/kauppa\/wp-json\/wp\/v2\/product_cat?post=120274"},{"taxonomy":"product_tag","embeddable":true,"href":"https:\/\/kauppa.ursa.fi\/kauppa\/wp-json\/wp\/v2\/product_tag?post=120274"}],"curies":[{"name":"wp","href":"https:\/\/api.w.org\/{rel}","templated":true}]}}