 

{"id":120277,"date":"2025-08-27T12:34:46","date_gmt":"2025-08-27T09:34:46","guid":{"rendered":"https:\/\/kauppa.ursa.fi\/kauppa\/?post_type=product&#038;p=120277"},"modified":"2026-04-20T08:35:37","modified_gmt":"2026-04-20T05:35:37","slug":"tahdet-2026","status":"publish","type":"product","link":"https:\/\/kauppa.ursa.fi\/kauppa\/tuote\/tahdet-2026\/","title":{"rendered":"T\u00e4hdet 2026"},"content":{"rendered":"<p>Milloin olet viimeksi katsellut tummuvalle iltataivaalle kirkastuvia t\u00e4hti\u00e4?<\/p>\n<p>Ursan vuosikirja <strong>T\u00e4hdet 2026<\/strong> kertoo milloin ja miss\u00e4 p\u00e4in taivasta on kiinnostavaa n\u00e4ht\u00e4v\u00e4\u00e4. Kirjan avulla voit tunnistaa huomiota her\u00e4tt\u00e4vi\u00e4 taivaankohteita. Opas sis\u00e4lt\u00e4\u00e4 monipuolisesti tietoa t\u00e4htitaivaan tapahtumista ja ilmakeh\u00e4n ilmi\u00f6ist\u00e4.<\/p>\n<p>Kirja jakautuu kuukausikatsauksiin, joissa on t\u00e4htikarttojen lis\u00e4ksi tietoa t\u00e4htitaivaan asennosta, planeettojen ja Kuun n\u00e4kymisest\u00e4 sek\u00e4 muista vaihtelevista taivaan tapahtumista. Kirjan kalenteriosassa on Auringon, Kuun ja planeettojen nousu- ja laskuajat sek\u00e4 muuta taulukkotietoa.<\/p>\n<p>Vuonna 2026 j\u00e4ttil\u00e4isplaneetat Jupiter ja Saturnus ovat hyvin n\u00e4kyviss\u00e4. Kirkas Venus loistaa kev\u00e4\u00e4n ja kes\u00e4n iltataivaalla ja loppuvuoden aamutaivaalla. Elokuussa n\u00e4kyy osittainen auringonpimennys, ja Kuu pimenee osittain laskiessaan. Kuu peitt\u00e4\u00e4 vuoden aikana useita kertoja Plejadien t\u00e4htijoukon t\u00e4hti\u00e4 taakseen. Kirja antaa vinkkej\u00e4 my\u00f6s muiden taivaanilmi\u00f6iden tarkkailuun.<\/p>\n<p>T\u00e4hdet 2026 sopii oppaaksi iltak\u00e4velij\u00e4lle ja kertoo my\u00f6s kaukoputken k\u00e4ytt\u00e4j\u00e4lle, esimerkiksi milloin planeetat ovat parhaiten havaittavissa korkealla etel\u00e4taivaalla.<\/p>\n<p>Taivaalle katselijan luonto-opas ilmestyy jo 50. kertaa.<\/p>\n<p><strong><a href=\"https:\/\/www.ursa.fi\/vuosikirja\" target=\"_blank\" rel=\"noopener noreferrer\">T\u00e4hdet-vuosikirjan tukisivut<\/a><\/strong><br \/>\n<strong><a href=\"https:\/\/www.ursa.fi\/vuosikirja\/lisamateriaali2026\/korjauksia-tahdet-2026-vuosikirjaan.html\" target=\"_blank\" rel=\"noopener noreferrer\">Korjauksia kirjaan<\/a><\/strong><\/p>\n","protected":false},"excerpt":{"rendered":"<p>Kattava opas t\u00e4htitaivaan tapahtumiin. Julkaistaan vuosittain.<\/p>\n","protected":false},"featured_media":120464,"comment_status":"open","ping_status":"closed","template":"","meta":[],"product_brand":[],"product_cat":[6,9,2108,1692],"product_tag":[],"class_list":{"0":"post-120277","1":"product","2":"type-product","3":"status-publish","4":"has-post-thumbnail","6":"product_cat-kirjakauppa","7":"product_cat-harrastuskirjat","8":"product_cat-uncategorized","9":"product_cat-uutuudet","10":"product_shipping_class-kirjakauppa","11":"pa_hintavaihtoehdot-jasenhinta","12":"pa_hintavaihtoehdot-suositushinta","13":"pa_isbn-2314","14":"pa_sivumaara-78","15":"pa_tekija-veikko-makela-markus-hotakainen-hannu-karttunen-ja-paula-wirtanen-toim","17":"first","18":"instock","19":"taxable","20":"shipping-taxable","21":"purchasable","22":"product-type-variable"},"exclude_global_add_ons":[],"addons":[],"_links":{"self":[{"href":"https:\/\/kauppa.ursa.fi\/kauppa\/wp-json\/wp\/v2\/product\/120277","targetHints":{"allow":["GET"]}}],"collection":[{"href":"https:\/\/kauppa.ursa.fi\/kauppa\/wp-json\/wp\/v2\/product"}],"about":[{"href":"https:\/\/kauppa.ursa.fi\/kauppa\/wp-json\/wp\/v2\/types\/product"}],"replies":[{"embeddable":true,"href":"https:\/\/kauppa.ursa.fi\/kauppa\/wp-json\/wp\/v2\/comments?post=120277"}],"wp:featuredmedia":[{"embeddable":true,"href":"https:\/\/kauppa.ursa.fi\/kauppa\/wp-json\/wp\/v2\/media\/120464"}],"wp:attachment":[{"href":"https:\/\/kauppa.ursa.fi\/kauppa\/wp-json\/wp\/v2\/media?parent=120277"}],"wp:term":[{"taxonomy":"product_brand","embeddable":true,"href":"https:\/\/kauppa.ursa.fi\/kauppa\/wp-json\/wp\/v2\/product_brand?post=120277"},{"taxonomy":"product_cat","embeddable":true,"href":"https:\/\/kauppa.ursa.fi\/kauppa\/wp-json\/wp\/v2\/product_cat?post=120277"},{"taxonomy":"product_tag","embeddable":true,"href":"https:\/\/kauppa.ursa.fi\/kauppa\/wp-json\/wp\/v2\/product_tag?post=120277"}],"curies":[{"name":"wp","href":"https:\/\/api.w.org\/{rel}","templated":true}]}}