 

{"id":121175,"date":"2025-10-16T09:55:14","date_gmt":"2025-10-16T06:55:14","guid":{"rendered":"https:\/\/kauppa.ursa.fi\/kauppa\/?post_type=product&#038;p=121175"},"modified":"2025-10-16T09:57:50","modified_gmt":"2025-10-16T06:57:50","slug":"maailmankaikkeudesta-ja-avaruudesta-kirjapaketti","status":"publish","type":"product","link":"https:\/\/kauppa.ursa.fi\/kauppa\/tuote\/maailmankaikkeudesta-ja-avaruudesta-kirjapaketti\/","title":{"rendered":"Maailmankaikkeudesta ja Avaruudesta-kirjapaketti"},"content":{"rendered":"<p>Esko Valtaojan pienemm\u00e4t kirjat samassa paketissa. Sis\u00e4lt\u00e4\u00e4:<br \/>\n&#8211; Avaruudesta (<a href=\"https:\/\/kauppa.ursa.fi\/kauppa\/tuote\/maailmankaikkeudesta\/\">https:\/\/kauppa.ursa.fi\/kauppa\/tuote\/maailmankaikkeudesta\/<\/a>)<br \/>\n&#8211; Maailmankaikkeudesta (<a href=\"https:\/\/kauppa.ursa.fi\/kauppa\/tuote\/maailmankaikkeudesta\/\">https:\/\/kauppa.ursa.fi\/kauppa\/tuote\/maailmankaikkeudesta\/<\/a>)<\/p>\n","protected":false},"excerpt":{"rendered":"<p>Eskon pikkukirjat samassa paketissa.<\/p>\n","protected":false},"featured_media":120462,"comment_status":"open","ping_status":"closed","template":"","meta":[],"product_brand":[],"product_cat":[6,10,2108,1692],"product_tag":[],"class_list":{"0":"post-121175","1":"product","2":"type-product","3":"status-publish","4":"has-post-thumbnail","6":"product_cat-kirjakauppa","7":"product_cat-muut-tietokirjat","8":"product_cat-uncategorized","9":"product_cat-uutuudet","10":"product_shipping_class-kirjakauppa","11":"pa_hintavaihtoehdot-jasenhinta","12":"pa_hintavaihtoehdot-suositushinta","13":"pa_tekija-esko-valtaoja","15":"first","16":"instock","17":"taxable","18":"shipping-taxable","19":"purchasable","20":"product-type-variable"},"exclude_global_add_ons":[],"addons":[],"_links":{"self":[{"href":"https:\/\/kauppa.ursa.fi\/kauppa\/wp-json\/wp\/v2\/product\/121175","targetHints":{"allow":["GET"]}}],"collection":[{"href":"https:\/\/kauppa.ursa.fi\/kauppa\/wp-json\/wp\/v2\/product"}],"about":[{"href":"https:\/\/kauppa.ursa.fi\/kauppa\/wp-json\/wp\/v2\/types\/product"}],"replies":[{"embeddable":true,"href":"https:\/\/kauppa.ursa.fi\/kauppa\/wp-json\/wp\/v2\/comments?post=121175"}],"wp:featuredmedia":[{"embeddable":true,"href":"https:\/\/kauppa.ursa.fi\/kauppa\/wp-json\/wp\/v2\/media\/120462"}],"wp:attachment":[{"href":"https:\/\/kauppa.ursa.fi\/kauppa\/wp-json\/wp\/v2\/media?parent=121175"}],"wp:term":[{"taxonomy":"product_brand","embeddable":true,"href":"https:\/\/kauppa.ursa.fi\/kauppa\/wp-json\/wp\/v2\/product_brand?post=121175"},{"taxonomy":"product_cat","embeddable":true,"href":"https:\/\/kauppa.ursa.fi\/kauppa\/wp-json\/wp\/v2\/product_cat?post=121175"},{"taxonomy":"product_tag","embeddable":true,"href":"https:\/\/kauppa.ursa.fi\/kauppa\/wp-json\/wp\/v2\/product_tag?post=121175"}],"curies":[{"name":"wp","href":"https:\/\/api.w.org\/{rel}","templated":true}]}}