 

{"id":122171,"date":"2025-12-19T16:00:45","date_gmt":"2025-12-19T14:00:45","guid":{"rendered":"https:\/\/kauppa.ursa.fi\/kauppa\/?post_type=product&#038;p=122171"},"modified":"2025-12-18T15:12:06","modified_gmt":"2025-12-18T13:12:06","slug":"manfrotto-128-rc-videopaa","status":"publish","type":"product","link":"https:\/\/kauppa.ursa.fi\/kauppa\/tuote\/manfrotto-128-rc-videopaa\/","title":{"rendered":"Manfrotto 128 RC videop\u00e4\u00e4"},"content":{"rendered":"<p>Manfrotto 128RC -videop\u00e4\u00e4<\/p>\n<ul>\n<li>kallistus -60\u00b0 \/ +90\u00b0\n<li>erillinen lukitus panoroinnille\n<li>pikakiinnitys varmuuslukituksella\n<li>pikakiinnityslevy 1\/4&#8243; kierteell\u00e4\n<li>irrotettava suuntauskahva\n<li>kantavuus 4 kg\n<li>paino 1 kg\n<li>korkeus 11,5 cm\n<\/ul>\n","protected":false},"excerpt":{"rendered":"<p>Kevyt videop\u00e4\u00e4 t\u00e4htikiikarin tai kameran liitt\u00e4miseksi jalustaan. (Norm. 130 eur \/ 145 eur)<\/p>\n","protected":false},"featured_media":4749,"comment_status":"open","ping_status":"closed","template":"","meta":[],"product_brand":[],"product_cat":[2328],"product_tag":[],"class_list":{"0":"post-122171","1":"product","2":"type-product","3":"status-publish","4":"has-post-thumbnail","6":"product_cat-varaston-viimeisia","7":"product_shipping_class-lisavaruste","8":"pa_hintavaihtoehdot-jasenhinta","9":"pa_hintavaihtoehdot-suositushinta","11":"first","12":"instock","13":"taxable","14":"shipping-taxable","15":"purchasable","16":"product-type-variable"},"exclude_global_add_ons":[],"addons":[],"_links":{"self":[{"href":"https:\/\/kauppa.ursa.fi\/kauppa\/wp-json\/wp\/v2\/product\/122171","targetHints":{"allow":["GET"]}}],"collection":[{"href":"https:\/\/kauppa.ursa.fi\/kauppa\/wp-json\/wp\/v2\/product"}],"about":[{"href":"https:\/\/kauppa.ursa.fi\/kauppa\/wp-json\/wp\/v2\/types\/product"}],"replies":[{"embeddable":true,"href":"https:\/\/kauppa.ursa.fi\/kauppa\/wp-json\/wp\/v2\/comments?post=122171"}],"wp:featuredmedia":[{"embeddable":true,"href":"https:\/\/kauppa.ursa.fi\/kauppa\/wp-json\/wp\/v2\/media\/4749"}],"wp:attachment":[{"href":"https:\/\/kauppa.ursa.fi\/kauppa\/wp-json\/wp\/v2\/media?parent=122171"}],"wp:term":[{"taxonomy":"product_brand","embeddable":true,"href":"https:\/\/kauppa.ursa.fi\/kauppa\/wp-json\/wp\/v2\/product_brand?post=122171"},{"taxonomy":"product_cat","embeddable":true,"href":"https:\/\/kauppa.ursa.fi\/kauppa\/wp-json\/wp\/v2\/product_cat?post=122171"},{"taxonomy":"product_tag","embeddable":true,"href":"https:\/\/kauppa.ursa.fi\/kauppa\/wp-json\/wp\/v2\/product_tag?post=122171"}],"curies":[{"name":"wp","href":"https:\/\/api.w.org\/{rel}","templated":true}]}}