 

{"id":122174,"date":"2025-12-19T16:00:45","date_gmt":"2025-12-19T14:00:45","guid":{"rendered":"https:\/\/kauppa.ursa.fi\/kauppa\/?post_type=product&#038;p=122174"},"modified":"2025-12-22T13:16:03","modified_gmt":"2025-12-22T11:16:03","slug":"panaview-26mm-2-tuuman-laajakulmaokulaari","status":"publish","type":"product","link":"https:\/\/kauppa.ursa.fi\/kauppa\/tuote\/panaview-26mm-2-tuuman-laajakulmaokulaari\/","title":{"rendered":"PanaView, 26mm, 2-tuuman laajakulmaokulaari"},"content":{"rendered":"<p>Laajakulmaokulaari, jolla saadaan aikaan laaja n\u00e4k\u00f6kentt\u00e4. T\u00e4m\u00e4 sopii erinomaisesti laajojen kohteiden katseluun (mm. Andromedan galaksi, Orionin sumu, t\u00e4htijoukot). Huom! Sopii 2&#8243;-tarkennuslaitteeseen.<\/p>\n<p>N\u00e4enn\u00e4inen n\u00e4k\u00f6kentt\u00e4 on n. 70\u00b0. Optimi silm\u00e4n et\u00e4isyys on 20mm. Monikalvop\u00e4\u00e4llystys.<\/p>\n","protected":false},"excerpt":{"rendered":"<p>Pitk\u00e4polttov\u00e4linen 26mm 2&#8243;-laajakulmaokulaari. (Norm. 146 eur \/ 163 eur).<\/p>\n","protected":false},"featured_media":122177,"comment_status":"open","ping_status":"closed","template":"","meta":[],"product_brand":[],"product_cat":[2328],"product_tag":[],"class_list":{"0":"post-122174","1":"product","2":"type-product","3":"status-publish","4":"has-post-thumbnail","6":"product_cat-varaston-viimeisia","7":"product_shipping_class-lisavaruste","8":"pa_hintavaihtoehdot-jasenhinta","9":"pa_hintavaihtoehdot-suositushinta","10":"pa_tekija-sky-watcher","12":"first","13":"instock","14":"taxable","15":"shipping-taxable","16":"purchasable","17":"product-type-variable","18":"has-default-attributes"},"exclude_global_add_ons":[],"addons":[],"_links":{"self":[{"href":"https:\/\/kauppa.ursa.fi\/kauppa\/wp-json\/wp\/v2\/product\/122174","targetHints":{"allow":["GET"]}}],"collection":[{"href":"https:\/\/kauppa.ursa.fi\/kauppa\/wp-json\/wp\/v2\/product"}],"about":[{"href":"https:\/\/kauppa.ursa.fi\/kauppa\/wp-json\/wp\/v2\/types\/product"}],"replies":[{"embeddable":true,"href":"https:\/\/kauppa.ursa.fi\/kauppa\/wp-json\/wp\/v2\/comments?post=122174"}],"wp:featuredmedia":[{"embeddable":true,"href":"https:\/\/kauppa.ursa.fi\/kauppa\/wp-json\/wp\/v2\/media\/122177"}],"wp:attachment":[{"href":"https:\/\/kauppa.ursa.fi\/kauppa\/wp-json\/wp\/v2\/media?parent=122174"}],"wp:term":[{"taxonomy":"product_brand","embeddable":true,"href":"https:\/\/kauppa.ursa.fi\/kauppa\/wp-json\/wp\/v2\/product_brand?post=122174"},{"taxonomy":"product_cat","embeddable":true,"href":"https:\/\/kauppa.ursa.fi\/kauppa\/wp-json\/wp\/v2\/product_cat?post=122174"},{"taxonomy":"product_tag","embeddable":true,"href":"https:\/\/kauppa.ursa.fi\/kauppa\/wp-json\/wp\/v2\/product_tag?post=122174"}],"curies":[{"name":"wp","href":"https:\/\/api.w.org\/{rel}","templated":true}]}}