 

{"id":122428,"date":"2025-12-06T10:00:00","date_gmt":"2025-12-06T08:00:00","guid":{"rendered":"https:\/\/kauppa.ursa.fi\/kauppa\/?post_type=product&#038;p=122428"},"modified":"2026-04-10T15:43:29","modified_gmt":"2026-04-10T12:43:29","slug":"kosmologiakurssi-12-26-3-2026-lahikurssi","status":"publish","type":"product","link":"https:\/\/kauppa.ursa.fi\/kauppa\/tuote\/kosmologiakurssi-12-26-3-2026-lahikurssi\/","title":{"rendered":"Kosmologiakurssi 12.\u201326.3.2026 L\u00c4HIKURSSI"},"content":{"rendered":"<p><em>Verkkokurssi tarjoaa napakan katsauksen moderniin kosmologiaan, sen oleellisimpiin teorioihin sek\u00e4 hieman my\u00f6s kosmologian historiaan. Kurssilla k\u00e4sitell\u00e4\u00e4n mm. maailmankaikkeuden historia, ison mittakaavan rakenteet, kosmisen mikroaaltotausta, pime\u00e4 aine, pime\u00e4 energia ja kosminen inflaatio. Kurssilla ei suoranaisesti vaadita ennakkotietoja kosmologiasta, mutta aiheen luontaisen vaativuuden vuoksi niist\u00e4 on selv\u00e4\u00e4 hy\u00f6ty\u00e4.\u00a0<\/em><em>Kurssi suoritetaan osallistumalla luentoihin, jotka pidet\u00e4\u00e4n Tieteiden talolla Kruununhaassa (Kirkkokatu 6, 00170 Helsinki) torstaisin 12., 19. ja 26.3.2026\u00a0 klo 18\u201320. Kurssin pit\u00e4\u00e4 yliopistotutkija, dosentti <strong>Syksy R\u00e4s\u00e4nen<\/strong>.<\/em><\/p>\n<p><strong>Luethan alla olevat ohjeet ja ehdot huolellisesti.<\/strong><\/p>\n<p>Kursseille ilmoittaudutaan maksamalla kurssimaksu Ursan verkkokaupassa joko verkkopankkitunnuksilla tai maksukorteilla. Ilmoittautuminen on sitova. Kurssin j\u00e4senhinnat ovat voimassa vain, kun osallistuja on Ursan j\u00e4sen.<\/p>\n<p>Kurssilaisiin ollaan yhteydess\u00e4 s\u00e4hk\u00f6postitse noin viikkoa ennen kurssin alkua, joten ilmoitathan toimivan s\u00e4hk\u00f6postiosoitteen.<\/p>\n<p>Kursseista voi tiedustella lis\u00e4\u00e4 s\u00e4hk\u00f6postitse osoitteesta\u00a0<em>kurssit [\u00e4t] ursa.fi.<\/em><\/p>\n<p><a href=\"https:\/\/kauppa.ursa.fi\/kauppa\/wp-content\/uploads\/2016\/12\/sivis.jpeg\"><img loading=\"lazy\" decoding=\"async\" class=\"alignnone size-full wp-image-13634\" src=\"https:\/\/kauppa.ursa.fi\/kauppa\/wp-content\/uploads\/2016\/12\/sivis.jpeg\" alt=\"sivis\" width=\"250\" height=\"120\" srcset=\"https:\/\/kauppa.ursa.fi\/kauppa\/wp-content\/uploads\/2016\/12\/sivis.jpeg 250w, https:\/\/kauppa.ursa.fi\/kauppa\/wp-content\/uploads\/2016\/12\/sivis-150x72.jpeg 150w\" sizes=\"auto, (max-width: 250px) 100vw, 250px\" \/><\/a><\/p>\n<p>Opintokeskus Sivis tukee Ursan kurssitoimintaa.<\/p>\n","protected":false},"excerpt":{"rendered":"<p><strong>L\u00e4hiopetuksena toteutettava kurssi<\/strong> tarjoaa napakan katsauksen moderniin kosmologiaan, sen oleellisimpiin teorioihin sek\u00e4 hieman my\u00f6s kosmologian historiaan. Kurssin pit\u00e4\u00e4 yliopistotutkija, dosentti <strong>Syksy R\u00e4s\u00e4nen<\/strong>.<\/p>\n<p><span class=\"st\">Luennot to <strong>12., 19. ja 26.3.2026<\/strong>\u00a0klo 18<span class=\"aCOpRe\">\u2013<\/span>20 <strong>Tieteiden talolla<\/strong> (Kirkkokatu 6, Helsinki)<br \/>\n<\/span><\/p>\n<p><strong>Ilmoittautuminen on sitova, joten tarkista kurssin tiedot huolellisesti.<\/strong><\/p>\n","protected":false},"featured_media":96205,"comment_status":"open","ping_status":"closed","template":"","meta":[],"product_brand":[],"product_cat":[2341,1751],"product_tag":[],"class_list":{"0":"post-122428","1":"product","2":"type-product","3":"status-publish","4":"has-post-thumbnail","6":"product_cat-kurssit-kurssit","7":"product_cat-kurssit","8":"pa_hintavaihtoehdot-jasenhinta","9":"pa_hintavaihtoehdot-suositushinta","11":"first","12":"outofstock","13":"sold-individually","14":"taxable","15":"shipping-taxable","16":"purchasable","17":"product-type-variable"},"exclude_global_add_ons":false,"addons":[{"name":"Kurssilaisen tiedot","type":"heading","position":0,"required":false,"title_format":"label","default":"","description_enable":true,"description":"Kurssiemme j\u00e4rjest\u00e4mist\u00e4 tukee Opintokeskus Sivis. Heid\u00e4n koulutuksiinsa osallistuvilta edellytet\u00e4\u00e4n ker\u00e4tt\u00e4v\u00e4n tiettyj\u00e4 tietoja, joten joudumme kysym\u00e4\u00e4n niit\u00e4 omille kursseillemme osallistuvilta. Kaikkia tietoja k\u00e4sitell\u00e4\u00e4n luottamuksellisesti.","placeholder_enable":false,"placeholder":"","display":"select","restrictions_type":"any_text","adjust_price":false,"price":"","price_type":"flat_fee","restrictions":false,"min":"0","max":"0","options":[],"id":1764948769},{"name":"Osallistujan nimi","type":"custom_text","position":1,"required":true,"title_format":"label","default":"","description_enable":false,"description":"","placeholder_enable":false,"placeholder":"","display":"select","restrictions_type":"any_text","adjust_price":false,"price":"","price_type":"flat_fee","restrictions":false,"min":"0","max":"0","options":[],"id":1764948770},{"name":"Osallistujan s\u00e4hk\u00f6postiosoite","type":"custom_text","position":2,"required":true,"title_format":"label","default":"","description_enable":false,"description":"","placeholder_enable":false,"placeholder":"","display":"select","restrictions_type":"email","adjust_price":false,"price":"","price_type":"flat_fee","restrictions":false,"min":"0","max":"0","options":[],"id":1764948771},{"name":"Sukupuoli","type":"multiple_choice","position":3,"required":true,"title_format":"label","default":"0","description_enable":false,"description":"","placeholder_enable":false,"placeholder":"","display":"select","restrictions_type":"any_text","adjust_price":false,"price":"","price_type":"flat_fee","restrictions":false,"min":"0","max":"0","options":[{"label":"Nainen","price":"","price_type":"flat_fee","image":0,"visibility":true},{"label":"Mies","price":"","price_type":"flat_fee","image":0,"visibility":true},{"label":"Muu","price":"","price_type":"flat_fee","image":0,"visibility":true},{"label":"En halua vastata","price":"","price_type":"flat_fee","image":0,"visibility":true}],"id":1764948772},{"name":"Syntym\u00e4vuosi (vuosiluvun kaikki nelj\u00e4 numeroa, esim. 1921)","type":"custom_text","position":4,"required":true,"title_format":"label","default":"","description_enable":false,"description":"","placeholder_enable":false,"placeholder":"","display":"select","restrictions_type":"only_numbers","adjust_price":false,"price":"","price_type":"flat_fee","restrictions":true,"min":"4","max":"4","options":[],"id":1764948773},{"name":"Koulutustausta","type":"multiple_choice","position":5,"required":true,"title_format":"label","default":"0","description_enable":false,"description":"","placeholder_enable":false,"placeholder":"","display":"select","restrictions_type":"any_text","adjust_price":false,"price":"","price_type":"flat_fee","restrictions":false,"min":"0","max":"0","options":[{"label":"Perusaste tai v\u00e4hemm\u00e4n","price":"","price_type":"flat_fee","image":0,"visibility":true},{"label":"Toinen aste","price":"","price_type":"flat_fee","image":0,"visibility":true},{"label":"Korkea-aste","price":"","price_type":"flat_fee","image":0,"visibility":true}],"id":1764948774},{"name":"P\u00e4\u00e4asiallinen toiminta","type":"multiple_choice","position":6,"required":true,"title_format":"label","default":"0","description_enable":false,"description":"","placeholder_enable":false,"placeholder":"","display":"select","restrictions_type":"any_text","adjust_price":false,"price":"","price_type":"flat_fee","restrictions":false,"min":"0","max":"0","options":[{"label":"Opiskelija","price":"","price_type":"flat_fee","image":0,"visibility":true},{"label":"Ty\u00f6llinen","price":"","price_type":"flat_fee","image":0,"visibility":true},{"label":"Ty\u00f6t\u00f6n","price":"","price_type":"flat_fee","image":0,"visibility":true},{"label":"El\u00e4kel\u00e4inen","price":"","price_type":"flat_fee","image":0,"visibility":true},{"label":"Muu","price":"","price_type":"flat_fee","image":0,"visibility":true}],"id":1764948775},{"name":"\u00c4idinkieli","type":"multiple_choice","position":7,"required":true,"title_format":"label","default":"0","description_enable":false,"description":"","placeholder_enable":false,"placeholder":"","display":"select","restrictions_type":"any_text","adjust_price":false,"price":"","price_type":"flat_fee","restrictions":false,"min":"0","max":"0","options":[{"label":"suomi","price":"","price_type":"flat_fee","image":0,"visibility":true},{"label":"ruotsi","price":"","price_type":"flat_fee","image":0,"visibility":true},{"label":"saame","price":"","price_type":"flat_fee","image":0,"visibility":true},{"label":"englanti","price":"","price_type":"flat_fee","image":0,"visibility":true},{"label":"ven\u00e4j\u00e4","price":"","price_type":"flat_fee","image":0,"visibility":true},{"label":"viro","price":"","price_type":"flat_fee","image":0,"visibility":true},{"label":"arabia","price":"","price_type":"flat_fee","image":0,"visibility":true},{"label":"somali","price":"","price_type":"flat_fee","image":0,"visibility":true},{"label":"ukraina","price":"","price_type":"flat_fee","image":0,"visibility":true},{"label":"muu","price":"","price_type":"flat_fee","image":0,"visibility":true}],"id":1764948776},{"name":"Osallistujan puhelinnumero","type":"custom_text","position":8,"required":true,"title_format":"label","default":"","description_enable":false,"description":"","placeholder_enable":false,"placeholder":"","display":"select","restrictions_type":"any_text","adjust_price":false,"price":"","price_type":"flat_fee","restrictions":false,"min":"0","max":"0","options":[],"id":1764948777}],"_links":{"self":[{"href":"https:\/\/kauppa.ursa.fi\/kauppa\/wp-json\/wp\/v2\/product\/122428","targetHints":{"allow":["GET"]}}],"collection":[{"href":"https:\/\/kauppa.ursa.fi\/kauppa\/wp-json\/wp\/v2\/product"}],"about":[{"href":"https:\/\/kauppa.ursa.fi\/kauppa\/wp-json\/wp\/v2\/types\/product"}],"replies":[{"embeddable":true,"href":"https:\/\/kauppa.ursa.fi\/kauppa\/wp-json\/wp\/v2\/comments?post=122428"}],"wp:featuredmedia":[{"embeddable":true,"href":"https:\/\/kauppa.ursa.fi\/kauppa\/wp-json\/wp\/v2\/media\/96205"}],"wp:attachment":[{"href":"https:\/\/kauppa.ursa.fi\/kauppa\/wp-json\/wp\/v2\/media?parent=122428"}],"wp:term":[{"taxonomy":"product_brand","embeddable":true,"href":"https:\/\/kauppa.ursa.fi\/kauppa\/wp-json\/wp\/v2\/product_brand?post=122428"},{"taxonomy":"product_cat","embeddable":true,"href":"https:\/\/kauppa.ursa.fi\/kauppa\/wp-json\/wp\/v2\/product_cat?post=122428"},{"taxonomy":"product_tag","embeddable":true,"href":"https:\/\/kauppa.ursa.fi\/kauppa\/wp-json\/wp\/v2\/product_tag?post=122428"}],"curies":[{"name":"wp","href":"https:\/\/api.w.org\/{rel}","templated":true}]}}