 

{"id":122435,"date":"2025-12-06T10:00:46","date_gmt":"2025-12-06T08:00:46","guid":{"rendered":"https:\/\/kauppa.ursa.fi\/kauppa\/?post_type=product&#038;p=122435"},"modified":"2026-04-10T15:40:34","modified_gmt":"2026-04-10T12:40:34","slug":"maailmankaikkeuskurssi-la-11-ja-18-4-2026-lahikurssi","status":"publish","type":"product","link":"https:\/\/kauppa.ursa.fi\/kauppa\/tuote\/maailmankaikkeuskurssi-la-11-ja-18-4-2026-lahikurssi\/","title":{"rendered":"Maailmankaikkeuskurssi la 11. ja 18.4.2026 L\u00c4HIKURSSI"},"content":{"rendered":"<p><em>Helppotajuisella verkkokurssilla k\u00e4yd\u00e4\u00e4n l\u00e4pi t\u00e4htitieteen perusteet (t\u00e4htitieteen historia, t\u00e4htitieteellisten havaintojen teko, oleellisen fysiikan kertaus, aurinkokunnan kohteet, oma Aurinkomme ja muut t\u00e4hdet, Linnunrata ja muut galaksit sek\u00e4 suppea kosmologiaosuus) tuoreimman tiedon valossa.\u00a0Kurssi suoritetaan osallistumalla kurssiluennoille<strong> Helsingin observatoriolla<\/strong> lauantaisin 11. ja 18.4. klo 12\u201319. Kurssilla on kahvitarjoilu. Kurssin pit\u00e4v\u00e4t\u00a0<strong>Anne Liljestr\u00f6m<\/strong> ja\u00a0<strong>Teemu Willamo<\/strong>.<\/em><\/p>\n<p><strong>Luethan alla olevat ohjeet ja ehdot huolellisesti.<\/strong><\/p>\n<p>Kursseille ilmoittaudutaan maksamalla kurssimaksu Ursan verkkokaupassa joko verkkopankkitunnuksilla tai maksukorteilla. Ilmoittautuminen on sitova. Kurssin j\u00e4senhinnat ovat voimassa vain, kun osallistuja on Ursan j\u00e4sen.<\/p>\n<p>Kurssilaisiin ollaan yhteydess\u00e4 s\u00e4hk\u00f6postitse noin viikkoa ennen kurssin alkua, joten ilmoitathan toimivan s\u00e4hk\u00f6postiosoitteen.<\/p>\n<p>Kursseista voi tiedustella lis\u00e4\u00e4 s\u00e4hk\u00f6postitse osoitteesta\u00a0<em>kurssit [\u00e4t] ursa.fi.\u00a0<\/em><\/p>\n<p><a href=\"https:\/\/kauppa.ursa.fi\/kauppa\/wp-content\/uploads\/2016\/12\/sivis.jpeg\"><img loading=\"lazy\" decoding=\"async\" class=\"alignnone size-full wp-image-13634\" src=\"https:\/\/kauppa.ursa.fi\/kauppa\/wp-content\/uploads\/2016\/12\/sivis.jpeg\" alt=\"sivis\" width=\"250\" height=\"120\" srcset=\"https:\/\/kauppa.ursa.fi\/kauppa\/wp-content\/uploads\/2016\/12\/sivis.jpeg 250w, https:\/\/kauppa.ursa.fi\/kauppa\/wp-content\/uploads\/2016\/12\/sivis-150x72.jpeg 150w\" sizes=\"auto, (max-width: 250px) 100vw, 250px\" \/><\/a><\/p>\n<p>Opintokeskus Sivis tukee Ursan kurssitoimintaa.<\/p>\n","protected":false},"excerpt":{"rendered":"<p>Helppotajuisella verkkokurssilla k\u00e4yd\u00e4\u00e4n l\u00e4pi t\u00e4htitieteen perusteet (mm. aurinkokunnan kohteet, oma Aurinkomme ja muut t\u00e4hdet, galaksit) tuoreimman tiedon valossa.<\/p>\n<p><span class=\"aCOpRe\">Kurssi la <strong>11. ja 18.4.2026<\/strong> klo 12\u201319, Helsingin observatorio<\/span><\/p>\n<p><strong>Ilmoittautuminen on sitova, joten tarkista kurssin tiedot huolellisesti.<\/strong><\/p>\n","protected":false},"featured_media":10255,"comment_status":"open","ping_status":"closed","template":"","meta":[],"product_brand":[],"product_cat":[2341,1751],"product_tag":[],"class_list":{"0":"post-122435","1":"product","2":"type-product","3":"status-publish","4":"has-post-thumbnail","6":"product_cat-kurssit-kurssit","7":"product_cat-kurssit","8":"pa_hintavaihtoehdot-jasenhinta","9":"pa_hintavaihtoehdot-suositushinta","11":"first","12":"outofstock","13":"sold-individually","14":"taxable","15":"shipping-taxable","16":"purchasable","17":"product-type-variable"},"exclude_global_add_ons":false,"addons":[{"name":"Kurssilaisen tiedot","type":"heading","position":0,"required":false,"title_format":"label","default":"","description_enable":true,"description":"Kurssiemme j\u00e4rjest\u00e4mist\u00e4 tukee Opintokeskus Sivis. Heid\u00e4n koulutuksiinsa osallistuvilta edellytet\u00e4\u00e4n ker\u00e4tt\u00e4v\u00e4n tiettyj\u00e4 tietoja, joten joudumme kysym\u00e4\u00e4n niit\u00e4 omille kursseillemme osallistuvilta. Kaikkia tietoja k\u00e4sitell\u00e4\u00e4n luottamuksellisesti.","placeholder_enable":false,"placeholder":"","display":"select","restrictions_type":"any_text","adjust_price":false,"price":"","price_type":"flat_fee","restrictions":false,"min":"0","max":"0","options":[],"id":1764949588},{"name":"Osallistujan nimi","type":"custom_text","position":1,"required":true,"title_format":"label","default":"","description_enable":false,"description":"","placeholder_enable":false,"placeholder":"","display":"select","restrictions_type":"any_text","adjust_price":false,"price":"","price_type":"flat_fee","restrictions":false,"min":"0","max":"0","options":[],"id":1764949589},{"name":"Osallistujan s\u00e4hk\u00f6postiosoite","type":"custom_text","position":2,"required":true,"title_format":"label","default":"","description_enable":false,"description":"","placeholder_enable":false,"placeholder":"","display":"select","restrictions_type":"email","adjust_price":false,"price":"","price_type":"flat_fee","restrictions":false,"min":"0","max":"0","options":[],"id":1764949590},{"name":"Sukupuoli","type":"multiple_choice","position":3,"required":true,"title_format":"label","default":"0","description_enable":false,"description":"","placeholder_enable":false,"placeholder":"","display":"select","restrictions_type":"any_text","adjust_price":false,"price":"","price_type":"flat_fee","restrictions":false,"min":"0","max":"0","options":[{"label":"Nainen","price":"","price_type":"flat_fee","image":0,"visibility":true},{"label":"Mies","price":"","price_type":"flat_fee","image":0,"visibility":true},{"label":"Muu","price":"","price_type":"flat_fee","image":0,"visibility":true},{"label":"En halua vastata","price":"","price_type":"flat_fee","image":0,"visibility":true}],"id":1764949591},{"name":"Syntym\u00e4vuosi (vuosiluvun kaikki nelj\u00e4 numeroa, esim. 1921)","type":"custom_text","position":4,"required":true,"title_format":"label","default":"","description_enable":false,"description":"","placeholder_enable":false,"placeholder":"","display":"select","restrictions_type":"only_numbers","adjust_price":false,"price":"","price_type":"flat_fee","restrictions":true,"min":"4","max":"4","options":[],"id":1764949592},{"name":"Koulutustausta","type":"multiple_choice","position":5,"required":true,"title_format":"label","default":"0","description_enable":false,"description":"","placeholder_enable":false,"placeholder":"","display":"select","restrictions_type":"any_text","adjust_price":false,"price":"","price_type":"flat_fee","restrictions":false,"min":"0","max":"0","options":[{"label":"Perusaste tai v\u00e4hemm\u00e4n","price":"","price_type":"flat_fee","image":0,"visibility":true},{"label":"Toinen aste","price":"","price_type":"flat_fee","image":0,"visibility":true},{"label":"Korkea-aste","price":"","price_type":"flat_fee","image":0,"visibility":true}],"id":1764949593},{"name":"P\u00e4\u00e4asiallinen toiminta","type":"multiple_choice","position":6,"required":true,"title_format":"label","default":"0","description_enable":false,"description":"","placeholder_enable":false,"placeholder":"","display":"select","restrictions_type":"any_text","adjust_price":false,"price":"","price_type":"flat_fee","restrictions":false,"min":"0","max":"0","options":[{"label":"Opiskelija","price":"","price_type":"flat_fee","image":0,"visibility":true},{"label":"Ty\u00f6llinen","price":"","price_type":"flat_fee","image":0,"visibility":true},{"label":"Ty\u00f6t\u00f6n","price":"","price_type":"flat_fee","image":0,"visibility":true},{"label":"El\u00e4kel\u00e4inen","price":"","price_type":"flat_fee","image":0,"visibility":true},{"label":"Muu","price":"","price_type":"flat_fee","image":0,"visibility":true}],"id":1764949594},{"name":"\u00c4idinkieli","type":"multiple_choice","position":7,"required":true,"title_format":"label","default":"0","description_enable":false,"description":"","placeholder_enable":false,"placeholder":"","display":"select","restrictions_type":"any_text","adjust_price":false,"price":"","price_type":"flat_fee","restrictions":false,"min":"0","max":"0","options":[{"label":"suomi","price":"","price_type":"flat_fee","image":0,"visibility":true},{"label":"ruotsi","price":"","price_type":"flat_fee","image":0,"visibility":true},{"label":"saame","price":"","price_type":"flat_fee","image":0,"visibility":true},{"label":"englanti","price":"","price_type":"flat_fee","image":0,"visibility":true},{"label":"ven\u00e4j\u00e4","price":"","price_type":"flat_fee","image":0,"visibility":true},{"label":"viro","price":"","price_type":"flat_fee","image":0,"visibility":true},{"label":"arabia","price":"","price_type":"flat_fee","image":0,"visibility":true},{"label":"somali","price":"","price_type":"flat_fee","image":0,"visibility":true},{"label":"ukraina","price":"","price_type":"flat_fee","image":0,"visibility":true},{"label":"muu","price":"","price_type":"flat_fee","image":0,"visibility":true}],"id":1764949595},{"name":"Osallistujan puhelinnumero","type":"custom_text","position":8,"required":true,"title_format":"label","default":"","description_enable":false,"description":"","placeholder_enable":false,"placeholder":"","display":"select","restrictions_type":"any_text","adjust_price":false,"price":"","price_type":"flat_fee","restrictions":false,"min":"0","max":"0","options":[],"id":1764949596},{"name":"Ruokavaliorajoitukset","type":"custom_textarea","position":9,"required":false,"title_format":"label","default":"","description_enable":true,"description":"Kurssilla tarjoillaan kahvia, teet\u00e4, vegaaninen t\u00e4ytetty leip\u00e4 sek\u00e4 hedelmi\u00e4. Kerro t\u00e4ss\u00e4 mahdolliset ruokavaliorajoituksesi.","placeholder_enable":false,"placeholder":"","display":"select","restrictions_type":"any_text","adjust_price":false,"price":"","price_type":"flat_fee","restrictions":false,"min":"0","max":"0","options":[],"id":1764949597}],"_links":{"self":[{"href":"https:\/\/kauppa.ursa.fi\/kauppa\/wp-json\/wp\/v2\/product\/122435","targetHints":{"allow":["GET"]}}],"collection":[{"href":"https:\/\/kauppa.ursa.fi\/kauppa\/wp-json\/wp\/v2\/product"}],"about":[{"href":"https:\/\/kauppa.ursa.fi\/kauppa\/wp-json\/wp\/v2\/types\/product"}],"replies":[{"embeddable":true,"href":"https:\/\/kauppa.ursa.fi\/kauppa\/wp-json\/wp\/v2\/comments?post=122435"}],"wp:featuredmedia":[{"embeddable":true,"href":"https:\/\/kauppa.ursa.fi\/kauppa\/wp-json\/wp\/v2\/media\/10255"}],"wp:attachment":[{"href":"https:\/\/kauppa.ursa.fi\/kauppa\/wp-json\/wp\/v2\/media?parent=122435"}],"wp:term":[{"taxonomy":"product_brand","embeddable":true,"href":"https:\/\/kauppa.ursa.fi\/kauppa\/wp-json\/wp\/v2\/product_brand?post=122435"},{"taxonomy":"product_cat","embeddable":true,"href":"https:\/\/kauppa.ursa.fi\/kauppa\/wp-json\/wp\/v2\/product_cat?post=122435"},{"taxonomy":"product_tag","embeddable":true,"href":"https:\/\/kauppa.ursa.fi\/kauppa\/wp-json\/wp\/v2\/product_tag?post=122435"}],"curies":[{"name":"wp","href":"https:\/\/api.w.org\/{rel}","templated":true}]}}