 

{"id":122441,"date":"2025-12-06T10:00:47","date_gmt":"2025-12-06T08:00:47","guid":{"rendered":"https:\/\/kauppa.ursa.fi\/kauppa\/?post_type=product&#038;p=122441"},"modified":"2026-04-10T15:40:15","modified_gmt":"2026-04-10T12:40:15","slug":"paivataivaan-peruskurssi-ke-15-29-4-2026","status":"publish","type":"product","link":"https:\/\/kauppa.ursa.fi\/kauppa\/tuote\/paivataivaan-peruskurssi-ke-15-29-4-2026\/","title":{"rendered":"P\u00e4iv\u00e4taivaan peruskurssi ke 15.\u201329.4.2026"},"content":{"rendered":"<p><em>My\u00f6s p\u00e4iv\u00e4taivaalla tapahtuu kaikenlaista mielenkiintoista. Auringonvalon ja ilmakeh\u00e4n yhteispeli synnytt\u00e4\u00e4 esimerkiksi sateenkaaria ja haloja. Mutta milloin niit\u00e4 voi n\u00e4hd\u00e4 ja mit\u00e4 muita ilmi\u00f6it\u00e4 siniselt\u00e4 p\u00e4iv\u00e4taivaalta voi erottaa? Ent\u00e4 mit\u00e4 n\u00e4kem\u00e4st\u00e4\u00e4n voi p\u00e4\u00e4tell\u00e4?<\/em><\/p>\n<p><em>Kurssilla tutustutaan p\u00e4iv\u00e4taivaan valoilmi\u00f6ihin, erilaisiin pilviin, niiden esiintymiseen vuoden kierrossa sek\u00e4 niit\u00e4 synnytt\u00e4viin ilmakeh\u00e4n ominaisuuksiin. Kurssin j\u00e4lkeen kes\u00e4inen sinitaivas n\u00e4ytt\u00e4ytyy entist\u00e4 mielenkiintoisempana!<\/em><\/p>\n<p><em>Kurssi suoritetaan osallistumalla Zoom-verkkoluentoihin, jotka pidet\u00e4\u00e4n keskiviikkoisin 15., 22. ja 29.4. klo 18\u201320. <\/em><em>Kurssin pit\u00e4\u00e4 <strong>Tuukka Perhoniemi<\/strong>.\u00a0<\/em><\/p>\n<p><strong>Luethan alla olevat ohjeet ja ehdot huolellisesti.<\/strong><\/p>\n<p>Kursseille ilmoittaudutaan maksamalla kurssimaksu Ursan verkkokaupassa joko verkkopankkitunnuksilla tai maksukorteilla. Ilmoittautuminen on sitova. Kurssin j\u00e4senhinnat ovat voimassa vain, kun osallistuja on Ursan j\u00e4sen.<\/p>\n<p>Kurssilaisiin ollaan yhteydess\u00e4 s\u00e4hk\u00f6postitse noin viikkoa ennen kurssin alkua, joten ilmoitathan toimivan s\u00e4hk\u00f6postiosoitteen.<\/p>\n<p>Kursseista voi tiedustella lis\u00e4\u00e4 s\u00e4hk\u00f6postitse osoitteesta\u00a0<em>kurssit [\u00e4t] ursa.fi.\u00a0<\/em><\/p>\n<p><a href=\"https:\/\/kauppa.ursa.fi\/kauppa\/wp-content\/uploads\/2016\/12\/sivis.jpeg\"><img loading=\"lazy\" decoding=\"async\" class=\"alignnone size-full wp-image-13634\" src=\"https:\/\/kauppa.ursa.fi\/kauppa\/wp-content\/uploads\/2016\/12\/sivis.jpeg\" alt=\"sivis\" width=\"250\" height=\"120\" srcset=\"https:\/\/kauppa.ursa.fi\/kauppa\/wp-content\/uploads\/2016\/12\/sivis.jpeg 250w, https:\/\/kauppa.ursa.fi\/kauppa\/wp-content\/uploads\/2016\/12\/sivis-150x72.jpeg 150w\" sizes=\"auto, (max-width: 250px) 100vw, 250px\" \/><\/a><\/p>\n<p>Opintokeskus Sivis tukee Ursan kurssitoimintaa.<\/p>\n","protected":false},"excerpt":{"rendered":"<p>Verkokurssi, jolla opiskellaan p\u00e4iv\u00e4taivaan valoilmi\u00f6iden tuntemusta. Kurssin pit\u00e4\u00e4 <strong>Tuukka Perhoniemi<\/strong>.<\/p>\n<p><span class=\"aCOpRe\">Verkkokurssi keskiviikkoisin <strong>15., 22. ja 29.4.<\/strong> klo 18\u201320.<br \/>\n<\/span><\/p>\n<p><strong>Ilmoittautuminen on sitova, joten tarkista kurssin tiedot huolellisesti.<\/strong><\/p>\n","protected":false},"featured_media":122444,"comment_status":"open","ping_status":"closed","template":"","meta":[],"product_brand":[],"product_cat":[2341,1751],"product_tag":[],"class_list":{"0":"post-122441","1":"product","2":"type-product","3":"status-publish","4":"has-post-thumbnail","6":"product_cat-kurssit-kurssit","7":"product_cat-kurssit","8":"pa_hintavaihtoehdot-jasenhinta","9":"pa_hintavaihtoehdot-suositushinta","11":"first","12":"outofstock","13":"sold-individually","14":"taxable","15":"shipping-taxable","16":"purchasable","17":"product-type-variable"},"exclude_global_add_ons":false,"addons":[{"name":"Kurssilaisen tiedot","type":"heading","position":0,"required":false,"title_format":"label","default":"","description_enable":true,"description":"Kurssiemme j\u00e4rjest\u00e4mist\u00e4 tukee Opintokeskus Sivis. Heid\u00e4n koulutuksiinsa osallistuvilta edellytet\u00e4\u00e4n ker\u00e4tt\u00e4v\u00e4n tiettyj\u00e4 tietoja, joten joudumme kysym\u00e4\u00e4n niit\u00e4 omille kursseillemme osallistuvilta. Kaikkia tietoja k\u00e4sitell\u00e4\u00e4n luottamuksellisesti.","placeholder_enable":false,"placeholder":"","display":"select","restrictions_type":"any_text","adjust_price":false,"price":"","price_type":"flat_fee","restrictions":false,"min":"0","max":"0","options":[],"id":1764951731},{"name":"Osallistujan nimi","type":"custom_text","position":1,"required":true,"title_format":"label","default":"","description_enable":false,"description":"","placeholder_enable":false,"placeholder":"","display":"select","restrictions_type":"any_text","adjust_price":false,"price":"","price_type":"flat_fee","restrictions":false,"min":"0","max":"0","options":[],"id":1764951732},{"name":"Osallistujan s\u00e4hk\u00f6postiosoite","type":"custom_text","position":2,"required":true,"title_format":"label","default":"","description_enable":false,"description":"","placeholder_enable":false,"placeholder":"","display":"select","restrictions_type":"email","adjust_price":false,"price":"","price_type":"flat_fee","restrictions":false,"min":"0","max":"0","options":[],"id":1764951733},{"name":"Sukupuoli","type":"multiple_choice","position":3,"required":true,"title_format":"label","default":"0","description_enable":false,"description":"","placeholder_enable":false,"placeholder":"","display":"select","restrictions_type":"any_text","adjust_price":false,"price":"","price_type":"flat_fee","restrictions":false,"min":"0","max":"0","options":[{"label":"Nainen","price":"","price_type":"flat_fee","image":0,"visibility":true},{"label":"Mies","price":"","price_type":"flat_fee","image":0,"visibility":true},{"label":"Muu","price":"","price_type":"flat_fee","image":0,"visibility":true},{"label":"En halua vastata","price":"","price_type":"flat_fee","image":0,"visibility":true}],"id":1764951734},{"name":"Syntym\u00e4vuosi (vuosiluvun kaikki nelj\u00e4 numeroa, esim. 1921)","type":"custom_text","position":4,"required":true,"title_format":"label","default":"","description_enable":false,"description":"","placeholder_enable":false,"placeholder":"","display":"select","restrictions_type":"only_numbers","adjust_price":false,"price":"","price_type":"flat_fee","restrictions":true,"min":"4","max":"4","options":[],"id":1764951735},{"name":"Koulutustausta","type":"multiple_choice","position":5,"required":true,"title_format":"label","default":"0","description_enable":false,"description":"","placeholder_enable":false,"placeholder":"","display":"select","restrictions_type":"any_text","adjust_price":false,"price":"","price_type":"flat_fee","restrictions":false,"min":"0","max":"0","options":[{"label":"Perusaste tai v\u00e4hemm\u00e4n","price":"","price_type":"flat_fee","image":0,"visibility":true},{"label":"Toinen aste","price":"","price_type":"flat_fee","image":0,"visibility":true},{"label":"Korkea-aste","price":"","price_type":"flat_fee","image":0,"visibility":true}],"id":1764951736},{"name":"P\u00e4\u00e4asiallinen toiminta","type":"multiple_choice","position":6,"required":true,"title_format":"label","default":"0","description_enable":false,"description":"","placeholder_enable":false,"placeholder":"","display":"select","restrictions_type":"any_text","adjust_price":false,"price":"","price_type":"flat_fee","restrictions":false,"min":"0","max":"0","options":[{"label":"Opiskelija","price":"","price_type":"flat_fee","image":0,"visibility":true},{"label":"Ty\u00f6llinen","price":"","price_type":"flat_fee","image":0,"visibility":true},{"label":"Ty\u00f6t\u00f6n","price":"","price_type":"flat_fee","image":0,"visibility":true},{"label":"El\u00e4kel\u00e4inen","price":"","price_type":"flat_fee","image":0,"visibility":true},{"label":"Muu","price":"","price_type":"flat_fee","image":0,"visibility":true}],"id":1764951737},{"name":"\u00c4idinkieli","type":"multiple_choice","position":7,"required":true,"title_format":"label","default":"0","description_enable":false,"description":"","placeholder_enable":false,"placeholder":"","display":"select","restrictions_type":"any_text","adjust_price":false,"price":"","price_type":"flat_fee","restrictions":false,"min":"0","max":"0","options":[{"label":"suomi","price":"","price_type":"flat_fee","image":0,"visibility":true},{"label":"ruotsi","price":"","price_type":"flat_fee","image":0,"visibility":true},{"label":"saame","price":"","price_type":"flat_fee","image":0,"visibility":true},{"label":"englanti","price":"","price_type":"flat_fee","image":0,"visibility":true},{"label":"ven\u00e4j\u00e4","price":"","price_type":"flat_fee","image":0,"visibility":true},{"label":"viro","price":"","price_type":"flat_fee","image":0,"visibility":true},{"label":"arabia","price":"","price_type":"flat_fee","image":0,"visibility":true},{"label":"somali","price":"","price_type":"flat_fee","image":0,"visibility":true},{"label":"ukraina","price":"","price_type":"flat_fee","image":0,"visibility":true},{"label":"muu","price":"","price_type":"flat_fee","image":0,"visibility":true}],"id":1764951738},{"name":"Osallistujan puhelinnumero","type":"custom_text","position":8,"required":true,"title_format":"label","default":"","description_enable":false,"description":"","placeholder_enable":false,"placeholder":"","display":"select","restrictions_type":"any_text","adjust_price":false,"price":"","price_type":"flat_fee","restrictions":false,"min":"0","max":"0","options":[],"id":1764951739}],"_links":{"self":[{"href":"https:\/\/kauppa.ursa.fi\/kauppa\/wp-json\/wp\/v2\/product\/122441","targetHints":{"allow":["GET"]}}],"collection":[{"href":"https:\/\/kauppa.ursa.fi\/kauppa\/wp-json\/wp\/v2\/product"}],"about":[{"href":"https:\/\/kauppa.ursa.fi\/kauppa\/wp-json\/wp\/v2\/types\/product"}],"replies":[{"embeddable":true,"href":"https:\/\/kauppa.ursa.fi\/kauppa\/wp-json\/wp\/v2\/comments?post=122441"}],"wp:featuredmedia":[{"embeddable":true,"href":"https:\/\/kauppa.ursa.fi\/kauppa\/wp-json\/wp\/v2\/media\/122444"}],"wp:attachment":[{"href":"https:\/\/kauppa.ursa.fi\/kauppa\/wp-json\/wp\/v2\/media?parent=122441"}],"wp:term":[{"taxonomy":"product_brand","embeddable":true,"href":"https:\/\/kauppa.ursa.fi\/kauppa\/wp-json\/wp\/v2\/product_brand?post=122441"},{"taxonomy":"product_cat","embeddable":true,"href":"https:\/\/kauppa.ursa.fi\/kauppa\/wp-json\/wp\/v2\/product_cat?post=122441"},{"taxonomy":"product_tag","embeddable":true,"href":"https:\/\/kauppa.ursa.fi\/kauppa\/wp-json\/wp\/v2\/product_tag?post=122441"}],"curies":[{"name":"wp","href":"https:\/\/api.w.org\/{rel}","templated":true}]}}