 

{"id":13698,"date":"2017-02-10T13:28:36","date_gmt":"2017-02-10T11:28:36","guid":{"rendered":"https:\/\/kauppa.ursa.fi\/kauppa\/tuote\/star-adventurer-kuvausjalusta\/"},"modified":"2026-04-01T11:37:04","modified_gmt":"2026-04-01T08:37:04","slug":"star-adventurer-kuvausjalusta","status":"publish","type":"product","link":"https:\/\/kauppa.ursa.fi\/kauppa\/tuote\/star-adventurer-kuvausjalusta\/","title":{"rendered":"Star Adventurer 2i WiFi (Pro Pack) -kuvausjalusta"},"content":{"rendered":"<p>N\u00e4pp\u00e4r\u00e4 kuvausjalusta matkalle ja kameralle. Kiinnit\u00e4 kuvausjalusta kolmijalkaan ja suorita nopea napasuuntaus Pohjant\u00e4hden avulla. Kiinnit\u00e4 t\u00e4m\u00e4n j\u00e4lkeen oma kamerasi kulmasovitteella ja olet valmis valokuvaukseen. Nyt uusi Wi-Fi:ll\u00e4 varustettu versio, jota ohjataan Android- tai iOS-laitteella.<\/p>\n<p>Sis\u00e4lt\u00e4\u00e4:<br \/>\n&#8211; moottoroidun Star Adventure-&#8221;videop\u00e4\u00e4n&#8221;<br \/>\n&#8211; kulmaosa ekvatoriaaliseen pystytykseen<br \/>\n&#8211; sis\u00e4\u00e4nrakennettu napat\u00e4ht\u00e4in ja napat\u00e4ht\u00e4imen valaisin<br \/>\n&#8211; L-rauta kameran istutukseen<br \/>\n&#8211; vastapaino ja tanko<br \/>\n&#8211; DSLR-yhteensopiva kaukolaukaisumahdollisuus<br \/>\n&#8211; WiFi-yhteys<br \/>\nHUOM! Kolmijalka ei tule mukana.<\/p>\n<p>Teknisi\u00e4 tietoja:<br \/>\n&#8211; max. hy\u00f6tykuorma 5kg<br \/>\n&#8211; Nopeusasetukset: sideerinen, Kuu, Aurinko<br \/>\n&#8211; Yhteensopiva 3\/8&#8243;- ja 1\/4&#8243;-kamerajalustan kierteille<br \/>\n&#8211; Ohjelmistop\u00e4ivitykset Sky-Watcherin sivuilta<br \/>\n&#8211; Virtal\u00e4hde: 4xAA-paristoja (mahd. kytke\u00e4 DC 5V -ulkoiseen virtal\u00e4hteeseen)<br \/>\n&#8211; Mahdollisuus ulkoiseen USB-virtal\u00e4hteeseen<\/p>\n<p>Jalustasta on olemassa useita versioita, joissa lis\u00e4varusteiden m\u00e4\u00e4r\u00e4 vaihtelee.<\/p>\n<p><a href=\"https:\/\/www.ursa.fi\/blogi\/taivas-takapihalla\/luontoseikkailijan-jalusta-moneen-menoon\/\" target=\"_blank\" rel=\"noopener noreferrer\">Lue Emma Bruusin arvio jalustasta Taivas takapihalla -blogista. <\/a><\/p>\n","protected":false},"excerpt":{"rendered":"<p>N\u00e4pp\u00e4r\u00e4 kuvausjalusta kameralle mm. matkak\u00e4ytt\u00f6\u00f6n. Nyt uusi WiFi-varusteltu malli!<br \/>\n<strong><br \/>\nTILAUSTUOTE!<\/strong><br \/>\n<strong><br \/>\nHUOM!<\/strong> Kolmijalka ei tule mukana.<\/p>\n","protected":false},"featured_media":21222,"comment_status":"open","ping_status":"closed","template":"","meta":[],"product_brand":[],"product_cat":[1870,2064,1871],"product_tag":[],"class_list":{"0":"post-13698","1":"product","2":"type-product","3":"status-publish","4":"has-post-thumbnail","6":"product_cat-automaattiset","7":"product_cat-jalustat","8":"product_cat-valokuvaukseen","9":"product_shipping_class-kirjakauppa","10":"pa_hintavaihtoehdot-jasenhinta","11":"pa_hintavaihtoehdot-suositushinta","12":"pa_jalustan-tyyppi-ekvatoriaalinen","13":"pa_valmistaja-skywatcher","15":"first","16":"outofstock","17":"taxable","18":"shipping-taxable","19":"purchasable","20":"product-type-variable"},"exclude_global_add_ons":[],"addons":[],"_links":{"self":[{"href":"https:\/\/kauppa.ursa.fi\/kauppa\/wp-json\/wp\/v2\/product\/13698","targetHints":{"allow":["GET"]}}],"collection":[{"href":"https:\/\/kauppa.ursa.fi\/kauppa\/wp-json\/wp\/v2\/product"}],"about":[{"href":"https:\/\/kauppa.ursa.fi\/kauppa\/wp-json\/wp\/v2\/types\/product"}],"replies":[{"embeddable":true,"href":"https:\/\/kauppa.ursa.fi\/kauppa\/wp-json\/wp\/v2\/comments?post=13698"}],"wp:featuredmedia":[{"embeddable":true,"href":"https:\/\/kauppa.ursa.fi\/kauppa\/wp-json\/wp\/v2\/media\/21222"}],"wp:attachment":[{"href":"https:\/\/kauppa.ursa.fi\/kauppa\/wp-json\/wp\/v2\/media?parent=13698"}],"wp:term":[{"taxonomy":"product_brand","embeddable":true,"href":"https:\/\/kauppa.ursa.fi\/kauppa\/wp-json\/wp\/v2\/product_brand?post=13698"},{"taxonomy":"product_cat","embeddable":true,"href":"https:\/\/kauppa.ursa.fi\/kauppa\/wp-json\/wp\/v2\/product_cat?post=13698"},{"taxonomy":"product_tag","embeddable":true,"href":"https:\/\/kauppa.ursa.fi\/kauppa\/wp-json\/wp\/v2\/product_tag?post=13698"}],"curies":[{"name":"wp","href":"https:\/\/api.w.org\/{rel}","templated":true}]}}