 

{"id":137616,"date":"2026-02-24T15:32:44","date_gmt":"2026-02-24T13:32:44","guid":{"rendered":"https:\/\/kauppa.ursa.fi\/kauppa\/?post_type=product&#038;p=137616"},"modified":"2026-04-20T08:35:37","modified_gmt":"2026-04-20T05:35:37","slug":"maailmankaikkeus-nyt","status":"publish","type":"product","link":"https:\/\/kauppa.ursa.fi\/kauppa\/tuote\/maailmankaikkeus-nyt\/","title":{"rendered":"Maailmankaikkeus nyt"},"content":{"rendered":"<p><strong>Maailmankaikkeus nyt<\/strong> esitt\u00e4\u00e4 t\u00e4htitieteen perusasiat helposti ja selke\u00e4sti. Teos sopii erinomaisesti johdatukseksi t\u00e4htitieteeseen. Sen avulla voi my\u00f6s p\u00e4ivitt\u00e4\u00e4 omatoimisesti aiempia tietojaan tai k\u00e4ytt\u00e4\u00e4 sit\u00e4 kurssikirjana. Kirja k\u00e4sittelee kaikki aiheet, joita t\u00e4htitieteen kursseilla yleens\u00e4 k\u00e4yd\u00e4\u00e4n l\u00e4pi: t\u00e4htitieteelliset havaintolaitteet, planeetat, t\u00e4hdet, galaksit ja kosmologian. <\/p>\n<p>Maailmankaikkeus nyt on kokonaan uusi teos, joka korvaa Ursan aiemmin julkaiseman Maailmankaikkeus \u2013 T\u00e4htitieteen vuosikirjan. Tule mukaan matkalle universumiin tuoreimman tiedon valossa!<\/p>\n<p>Professori <strong>Heikki Oja<\/strong> on palkittu tietokirjailija ja opettanut t\u00e4htitiedett\u00e4 pitk\u00e4\u00e4n Helsingin yliopistossa.<\/p>\n","protected":false},"excerpt":{"rendered":"<p>Maailmankaikkeus nyt esitt\u00e4\u00e4 t\u00e4htitieteen perusasiat helposti pureksittavassa muodossa.<\/p>\n","protected":false},"featured_media":137620,"comment_status":"open","ping_status":"closed","template":"","meta":[],"product_brand":[],"product_cat":[2346,6,8,1692],"product_tag":[],"class_list":{"0":"post-137616","1":"product","2":"type-product","3":"status-publish","4":"has-post-thumbnail","6":"product_cat-avaruusfanille","7":"product_cat-kirjakauppa","8":"product_cat-tahtitiede","9":"product_cat-uutuudet","10":"product_shipping_class-kirjakauppa","11":"pa_hintavaihtoehdot-jasenhinta","12":"pa_hintavaihtoehdot-suositushinta","13":"pa_isbn-2337","14":"pa_koko-a-5","15":"pa_sidontamalli-nid","16":"pa_sivumaara-367","17":"pa_tekija-heikki-oja","19":"first","20":"instock","21":"taxable","22":"shipping-taxable","23":"purchasable","24":"product-type-variable","25":"has-default-attributes"},"exclude_global_add_ons":[],"addons":[],"_links":{"self":[{"href":"https:\/\/kauppa.ursa.fi\/kauppa\/wp-json\/wp\/v2\/product\/137616","targetHints":{"allow":["GET"]}}],"collection":[{"href":"https:\/\/kauppa.ursa.fi\/kauppa\/wp-json\/wp\/v2\/product"}],"about":[{"href":"https:\/\/kauppa.ursa.fi\/kauppa\/wp-json\/wp\/v2\/types\/product"}],"replies":[{"embeddable":true,"href":"https:\/\/kauppa.ursa.fi\/kauppa\/wp-json\/wp\/v2\/comments?post=137616"}],"wp:featuredmedia":[{"embeddable":true,"href":"https:\/\/kauppa.ursa.fi\/kauppa\/wp-json\/wp\/v2\/media\/137620"}],"wp:attachment":[{"href":"https:\/\/kauppa.ursa.fi\/kauppa\/wp-json\/wp\/v2\/media?parent=137616"}],"wp:term":[{"taxonomy":"product_brand","embeddable":true,"href":"https:\/\/kauppa.ursa.fi\/kauppa\/wp-json\/wp\/v2\/product_brand?post=137616"},{"taxonomy":"product_cat","embeddable":true,"href":"https:\/\/kauppa.ursa.fi\/kauppa\/wp-json\/wp\/v2\/product_cat?post=137616"},{"taxonomy":"product_tag","embeddable":true,"href":"https:\/\/kauppa.ursa.fi\/kauppa\/wp-json\/wp\/v2\/product_tag?post=137616"}],"curies":[{"name":"wp","href":"https:\/\/api.w.org\/{rel}","templated":true}]}}