 

{"id":137941,"date":"2026-03-12T14:57:14","date_gmt":"2026-03-12T12:57:14","guid":{"rendered":"https:\/\/kauppa.ursa.fi\/kauppa\/?post_type=product&#038;p=137941"},"modified":"2026-04-22T21:20:47","modified_gmt":"2026-04-22T18:20:47","slug":"tahtileiri-i-9-13-vuotiaat-1-4-8-2026","status":"publish","type":"product","link":"https:\/\/kauppa.ursa.fi\/kauppa\/tuote\/tahtileiri-i-9-13-vuotiaat-1-4-8-2026\/","title":{"rendered":"T\u00e4htileiri I (9\u201313-vuotiaat) 1.\u20134.8.2026"},"content":{"rendered":"<p>T\u00e4htileirill\u00e4 opitaan hauskojen ja mielenkiintoisten esitysten kautta t\u00e4htitiedett\u00e4, sek\u00e4 jossain m\u00e4\u00e4rin my\u00f6s t\u00e4rkeit\u00e4 rinnakkaistieteit\u00e4, kuten fysiikkaa ja kemiaa. S\u00e4\u00e4n salliessa y\u00f6taivasta p\u00e4\u00e4st\u00e4\u00e4n my\u00f6s itse havaitsemaan kaukoputkilla. Oman kaukoputken saa ottaa mukaan, mutta sit\u00e4 ei erikseen tarvita. T\u00e4htileiri I:ll\u00e4 askarrellaan ja k\u00e4sitell\u00e4\u00e4n aiheita kevyemmin, kun taas T\u00e4htileiri II on asiapainotteisempi, ja asioita pyrit\u00e4\u00e4n k\u00e4sittelem\u00e4\u00e4n hieman syvemmin.<\/p>\n<p>Aiheita k\u00e4sitell\u00e4\u00e4n aina planeetoista galakseihin, alkur\u00e4j\u00e4hdyksest\u00e4 universumin tulevaisuuteen, kaukoputkihavainnoista satelliitteihin sek\u00e4 muita t\u00e4htitieteen mielenkiintoisia aiheita. Mist\u00e4 kaikki sai alkunsa? Miten maapallo syntyi? Voiko avaruudessa olla el\u00e4m\u00e4\u00e4? Mik\u00e4 on eksoplaneetta? Miten t\u00e4hdet syntyv\u00e4t ja kuolevat? N\u00e4ihin kaikkiin ja moniin muihin kysymyksiin l\u00f6ytyy vastaus T\u00e4htileirilt\u00e4.<\/p>\n<p>Leirit j\u00e4rjestet\u00e4\u00e4n Orimattilassa Ursan havaintokeskus T\u00e4htikalliolla, joka on Pohjoismaiden suurin harrastajak\u00e4yt\u00f6ss\u00e4 oleva observatorio. Leirien hintaan kuuluu majoitus uudessa ja viihtyis\u00e4ss\u00e4 p\u00e4\u00e4rakennuksessa sek\u00e4 ateriat, joista vastaa ammattimainen catering-palvelu. <strong>Kuljetus leireille tapahtuu omilla kyydeill\u00e4.<\/strong> Leirikirjeen yhteydess\u00e4 l\u00e4hetet\u00e4\u00e4n kimppakyytilista, jolla voidaan omatoimisesti etsi\u00e4 tai tarjota kyytej\u00e4 muiden leiril\u00e4isten autoissa.<\/p>\n<p>T\u00e4htileireille ei ole mit\u00e4\u00e4n l\u00e4ht\u00f6tasovaatimuksia vaan ohjelmaa l\u00f6ytyy niin uusille harrastajille kuin kokeneillekin konkareille.<\/p>\n<p>Lis\u00e4tietoja leireist\u00e4 voi tiedustella leirin p\u00e4\u00e4ohjaajalta Meri Teeriaholta s\u00e4hk\u00f6postitse (meri.teeriaho .\u00e4t. ursa.fi).<\/p>\n<p><strong>Leireille ei valitettavasti voida ottaa merkitt\u00e4v\u00e4n erityistarpeisia lapsia tai nuoria ilman avustajaa. <\/strong>Avustajallisille leiril\u00e4isille on rajattu m\u00e4\u00e4r\u00e4 leiripaikkoja. Ep\u00e4selviss\u00e4 tapauksissa kannattaa ottaa yhteytt\u00e4 leirin p\u00e4\u00e4ohjaajaan Meri Teeriahoon (meri . teeriaho \u00e4t ursa . fi).<\/p>\n<p>Ilmoittautuminen leirille on sitova! Peruuttaminen onnistuu sairastapauksissa l\u00e4\u00e4k\u00e4rintodistusta vastaan. Ep\u00e4selviss\u00e4 tapauksissa ota yhteytt\u00e4 Ursaan (ursa .\u00e4t. ursa.fi, puh. 09 6840 400).<\/p>\n","protected":false},"excerpt":{"rendered":"<p>T\u00e4htileirill\u00e4 opitaan hauskojen ja mielenkiintoisten esitysten kautta t\u00e4htitiedett\u00e4, sek\u00e4 jossain m\u00e4\u00e4rin my\u00f6s t\u00e4rkeit\u00e4 rinnakkaistieteit\u00e4, kuten fysiikkaa ja kemiaa. S\u00e4\u00e4n salliessa y\u00f6taivasta p\u00e4\u00e4st\u00e4\u00e4n my\u00f6s itse havaitsemaan kaukoputkilla. T\u00e4htileiri I:ll\u00e4 askarrellaan ja k\u00e4sitell\u00e4\u00e4n aiheita kevyemmin, kun taas T\u00e4htileiri II on asiapainotteisempi, ja asioita pyrit\u00e4\u00e4n k\u00e4sittelem\u00e4\u00e4n hieman syvemmin.<\/p>\n<p><strong>Leireille ei valitettavasti voida ottaa merkitt\u00e4v\u00e4n erityistarpeisia lapsia tai nuoria ilman avustajaa. <\/strong>Avustajallisille leiril\u00e4isille on rajattu m\u00e4\u00e4r\u00e4 leiripaikkoja.<\/p>\n<p>Ilmoittautuminen leirille on sitova! Peruuttaminen onnistuu sairastapauksissa l\u00e4\u00e4k\u00e4rintodistusta vastaan. Ep\u00e4selviss\u00e4 tapauksissa ota yhteytt\u00e4 Ursaan (ursa .\u00e4t. ursa.fi, puh. 09 6840 400).<\/p>\n","protected":false},"featured_media":76454,"comment_status":"open","ping_status":"closed","template":"","meta":[],"product_brand":[],"product_cat":[2342,1785],"product_tag":[],"class_list":{"0":"post-137941","1":"product","2":"type-product","3":"status-publish","4":"has-post-thumbnail","6":"product_cat-lasten-ja-nuorten-leirit","7":"product_cat-nuoriso","8":"pa_hintavaihtoehdot-jasenhinta","9":"pa_hintavaihtoehdot-suositushinta","11":"first","12":"instock","13":"sold-individually","14":"taxable","15":"shipping-taxable","16":"purchasable","17":"product-type-variable"},"exclude_global_add_ons":false,"addons":[{"name":"Leiril\u00e4isen tiedot","type":"heading","position":0,"required":false,"title_format":"label","default":"","description_enable":true,"description":"Ilmoittamalla huollettavani leirille annan suostumukseni siihen, ett\u00e4 lapseen liittyvi\u00e4 tietoja mm. ruokavaliosta, terveystiedoista ja sukupuolesta k\u00e4sitell\u00e4\u00e4n. K\u00e4sittelemme henkil\u00f6tietoja turvallisesti ja noudatamme tietosuojaa koskevaa lains\u00e4\u00e4d\u00e4nt\u00f6\u00e4. Tietosuojaselosteemme l\u00f6ytyy osoitteesta https:\/\/www.ursa.fi\/tietosuoja\r\nLeirikirje l\u00e4hetet\u00e4\u00e4n t\u00e4ss\u00e4 ilmoittamaanne osoitteeseen.","placeholder_enable":false,"placeholder":"","display":"select","restrictions_type":"any_text","adjust_price":false,"price":"","price_type":"flat_fee","restrictions":false,"min":"0","max":"0","options":[],"id":1773326722},{"name":"Nimi","type":"custom_text","position":1,"required":true,"title_format":"label","default":"","description_enable":false,"description":"","placeholder_enable":false,"placeholder":"","display":"select","restrictions_type":"any_text","adjust_price":false,"price":"","price_type":"quantity_based","restrictions":false,"min":"0","max":"0","options":[],"id":1773326723},{"name":"Ik\u00e4","type":"custom_text","position":2,"required":true,"title_format":"label","default":"","description_enable":false,"description":"","placeholder_enable":false,"placeholder":"","display":"select","restrictions_type":"any_text","adjust_price":false,"price":"","price_type":"quantity_based","restrictions":false,"min":"0","max":"0","options":[],"id":1773326724},{"name":"Katuosoite","type":"custom_text","position":3,"required":true,"title_format":"label","default":"","description_enable":false,"description":"","placeholder_enable":false,"placeholder":"","display":"select","restrictions_type":"any_text","adjust_price":false,"price":"","price_type":"quantity_based","restrictions":false,"min":"0","max":"0","options":[],"id":1773326725},{"name":"Postinumero ja -toimipaikka","type":"custom_text","position":4,"required":true,"title_format":"label","default":"","description_enable":false,"description":"","placeholder_enable":false,"placeholder":"","display":"select","restrictions_type":"any_text","adjust_price":false,"price":"","price_type":"quantity_based","restrictions":false,"min":"0","max":"0","options":[],"id":1773326726},{"name":"Puhelin","type":"custom_text","position":5,"required":true,"title_format":"label","default":"","description_enable":false,"description":"","placeholder_enable":false,"placeholder":"","display":"select","restrictions_type":"any_text","adjust_price":false,"price":"","price_type":"quantity_based","restrictions":false,"min":"0","max":"0","options":[],"id":1773326727},{"name":"Leiril\u00e4isen s\u00e4hk\u00f6postiosoite","type":"custom_text","position":6,"required":false,"title_format":"label","default":"","description_enable":false,"description":"","placeholder_enable":false,"placeholder":"","display":"select","restrictions_type":"any_text","adjust_price":false,"price":"","price_type":"quantity_based","restrictions":false,"min":"0","max":"0","options":[],"id":1773326728},{"name":"Huoltajan tiedot","type":"heading","position":7,"required":false,"title_format":"label","default":"","description_enable":false,"description":"","placeholder_enable":false,"placeholder":"","display":"select","restrictions_type":"any_text","adjust_price":false,"price":"","price_type":"flat_fee","restrictions":false,"min":"0","max":"0","options":[],"id":1773326729},{"name":"Nimi","type":"custom_text","position":8,"required":true,"title_format":"label","default":"","description_enable":false,"description":"","placeholder_enable":false,"placeholder":"","display":"select","restrictions_type":"any_text","adjust_price":false,"price":"","price_type":"quantity_based","restrictions":false,"min":"0","max":"0","options":[],"id":1773326730},{"name":"Puhelin","type":"custom_text","position":9,"required":true,"title_format":"label","default":"","description_enable":false,"description":"","placeholder_enable":false,"placeholder":"","display":"select","restrictions_type":"any_text","adjust_price":false,"price":"","price_type":"quantity_based","restrictions":false,"min":"0","max":"0","options":[],"id":1773326731},{"name":"S\u00e4hk\u00f6posti","type":"custom_text","position":10,"required":true,"title_format":"label","default":"","description_enable":false,"description":"","placeholder_enable":false,"placeholder":"","display":"select","restrictions_type":"any_text","adjust_price":false,"price":"","price_type":"quantity_based","restrictions":false,"min":"0","max":"0","options":[],"id":1773326732},{"name":"Kotipaikkakunta (tai leirillel\u00e4ht\u00f6paikkakunta)","type":"custom_text","position":11,"required":true,"title_format":"label","default":"","description_enable":false,"description":"","placeholder_enable":false,"placeholder":"","display":"select","restrictions_type":"any_text","adjust_price":false,"price":"","price_type":"flat_fee","restrictions":false,"min":"0","max":"0","options":[],"id":1773326733},{"name":"Tiedot ruokavaliosta","type":"heading","position":12,"required":false,"title_format":"label","default":"","description_enable":true,"description":"Kirjoita t\u00e4h\u00e4n mahdolliset ruokavalioon liittyv\u00e4t seikat, joista leirin j\u00e4rjest\u00e4jien tulisi olla tietoisia.","placeholder_enable":false,"placeholder":"","display":"select","restrictions_type":"any_text","adjust_price":false,"price":"","price_type":"flat_fee","restrictions":false,"min":"0","max":"0","options":[],"id":1773326734},{"name":"Allergiat","type":"custom_textarea","position":13,"required":false,"title_format":"label","default":"","description_enable":false,"description":"","placeholder_enable":false,"placeholder":"","display":"select","restrictions_type":"any_text","adjust_price":false,"price":"","price_type":"quantity_based","restrictions":false,"min":"0","max":"0","options":[],"id":1773326735},{"name":"Muuta tietoa ruokavaliosta (esim. laktoosi-intoleranssi, keliakia, kasvissy\u00f6j\u00e4, vegaani)","type":"custom_textarea","position":14,"required":false,"title_format":"label","default":"","description_enable":false,"description":"","placeholder_enable":false,"placeholder":"","display":"select","restrictions_type":"any_text","adjust_price":false,"price":"","price_type":"quantity_based","restrictions":false,"min":"0","max":"0","options":[],"id":1773326736},{"name":"Majoitus","type":"checkbox","position":15,"required":false,"title_format":"heading","default":"","description_enable":true,"description":"P\u00e4\u00e4rakennuksessa on 5 makuuhuonetta, joissa on yhteens\u00e4 20 vuodepaikkaa. Leirien k\u00e4yt\u00f6ss\u00e4 on lis\u00e4ksi ohjausrakennus, jossa on 2 makuuhuonetta ja 8 vuodepaikkaa.","placeholder_enable":false,"placeholder":"","display":"select","restrictions_type":"any_text","adjust_price":false,"price":"","price_type":"flat_fee","restrictions":false,"min":"0","max":"0","options":[{"label":"En halua, ett\u00e4 minua majoitetaan sekahuoneeseen (eri sukupuolten edustajia samassa huoneessa)","price":"","price_type":"quantity_based","image":0,"visibility":true}],"id":1773326737},{"name":"Sukupuoleni on (kysymme t\u00e4t\u00e4 luottamuksellisesti vain huonejakojen vuoksi)","type":"multiple_choice","position":16,"required":true,"title_format":"heading","default":"0","description_enable":false,"description":"","placeholder_enable":false,"placeholder":"","display":"radiobutton","restrictions_type":"any_text","adjust_price":false,"price":"","price_type":"flat_fee","restrictions":false,"min":"0","max":"0","options":[{"label":"Tytt\u00f6","price":"","price_type":"quantity_based","image":0,"visibility":true},{"label":"Poika","price":"","price_type":"quantity_based","image":0,"visibility":true},{"label":"Muu","price":"","price_type":"quantity_based","image":0,"visibility":true},{"label":"En halua kertoa","price":"","price_type":"quantity_based","image":0,"visibility":true}],"id":1773326738},{"name":"Kaverimajoitus","type":"heading","position":17,"required":false,"title_format":"label","default":"","description_enable":true,"description":"Korkeintaan kolme leirikaveria voidaan majoittaa samaan huoneeseen. Huonejaossa k\u00e4ytet\u00e4\u00e4n kaverikoodia -- sanaa, jonka leirikaverit ovat sopineet yhdess\u00e4 ja jota k\u00e4ytet\u00e4\u00e4n t\u00e4ss\u00e4 tunnuksena. Kaverijakoa pyrit\u00e4\u00e4n noudattamaan mahdollisuuksien mukaan. Yksin leirille tulevat voivat j\u00e4tt\u00e4\u00e4 t\u00e4m\u00e4n kohdan huomiotta.\r\n\r\nHUOM! Jos valitset sek\u00e4 kaverimajoituksen ett\u00e4 \"en halua sekahuoneeseen\" -vaihtoehdon, se on ensisijainen peruste huonejaossa. Jos haluat parantaa todenn\u00e4k\u00f6isyyksi\u00e4si p\u00e4\u00e4st\u00e4 kaverin kanssa samaan huoneeseen, kannattaa j\u00e4tt\u00e4\u00e4 valitsematta \"en halua sekahuoneeseen\".","placeholder_enable":false,"placeholder":"","display":"select","restrictions_type":"any_text","adjust_price":false,"price":"","price_type":"flat_fee","restrictions":false,"min":"0","max":"0","options":[],"id":1773326739},{"name":"Kaverikoodi","type":"custom_text","position":18,"required":false,"title_format":"label","default":"","description_enable":false,"description":"","placeholder_enable":false,"placeholder":"","display":"select","restrictions_type":"any_text","adjust_price":false,"price":"","price_type":"quantity_based","restrictions":false,"min":"0","max":"0","options":[],"id":1773326740},{"name":"Lis\u00e4tiedot","type":"heading","position":19,"required":false,"title_format":"label","default":"","description_enable":false,"description":"","placeholder_enable":false,"placeholder":"","display":"select","restrictions_type":"any_text","adjust_price":false,"price":"","price_type":"flat_fee","restrictions":false,"min":"0","max":"0","options":[],"id":1773326741},{"name":"Huoltajan yhteystiedot (nimi, puhelin, s\u00e4hk\u00f6posti ja kotipaikkakunta) saa jakaa muiden huoltajien kesken kimppakyytilistalla","type":"checkbox","position":20,"required":true,"title_format":"label","default":"","description_enable":false,"description":"","placeholder_enable":false,"placeholder":"","display":"select","restrictions_type":"any_text","adjust_price":false,"price":"","price_type":"flat_fee","restrictions":false,"min":"0","max":"0","options":[{"label":"Kyll\u00e4","price":"","price_type":"flat_fee","image":0,"visibility":true},{"label":"Ei","price":"","price_type":"flat_fee","image":0,"visibility":true}],"id":1773326742},{"name":"Muut mahdolliset tarpeelliset tiedot, esim. neuropsykologiset erityistarpeet","type":"custom_textarea","position":21,"required":false,"title_format":"label","default":"","description_enable":false,"description":"","placeholder_enable":false,"placeholder":"","display":"select","restrictions_type":"any_text","adjust_price":false,"price":"","price_type":"flat_fee","restrictions":false,"min":"0","max":"0","options":[],"id":1773326743}],"_links":{"self":[{"href":"https:\/\/kauppa.ursa.fi\/kauppa\/wp-json\/wp\/v2\/product\/137941","targetHints":{"allow":["GET"]}}],"collection":[{"href":"https:\/\/kauppa.ursa.fi\/kauppa\/wp-json\/wp\/v2\/product"}],"about":[{"href":"https:\/\/kauppa.ursa.fi\/kauppa\/wp-json\/wp\/v2\/types\/product"}],"replies":[{"embeddable":true,"href":"https:\/\/kauppa.ursa.fi\/kauppa\/wp-json\/wp\/v2\/comments?post=137941"}],"wp:featuredmedia":[{"embeddable":true,"href":"https:\/\/kauppa.ursa.fi\/kauppa\/wp-json\/wp\/v2\/media\/76454"}],"wp:attachment":[{"href":"https:\/\/kauppa.ursa.fi\/kauppa\/wp-json\/wp\/v2\/media?parent=137941"}],"wp:term":[{"taxonomy":"product_brand","embeddable":true,"href":"https:\/\/kauppa.ursa.fi\/kauppa\/wp-json\/wp\/v2\/product_brand?post=137941"},{"taxonomy":"product_cat","embeddable":true,"href":"https:\/\/kauppa.ursa.fi\/kauppa\/wp-json\/wp\/v2\/product_cat?post=137941"},{"taxonomy":"product_tag","embeddable":true,"href":"https:\/\/kauppa.ursa.fi\/kauppa\/wp-json\/wp\/v2\/product_tag?post=137941"}],"curies":[{"name":"wp","href":"https:\/\/api.w.org\/{rel}","templated":true}]}}