 

{"id":138126,"date":"2026-03-26T10:19:11","date_gmt":"2026-03-26T08:19:11","guid":{"rendered":"https:\/\/kauppa.ursa.fi\/kauppa\/?post_type=product&#038;p=138126"},"modified":"2026-04-01T12:02:11","modified_gmt":"2026-04-01T09:02:11","slug":"seestar-s30-pro","status":"publish","type":"product","link":"https:\/\/kauppa.ursa.fi\/kauppa\/tuote\/seestar-s30-pro\/","title":{"rendered":"Seestar S30 Pro"},"content":{"rendered":"<p>Seestar S30 Pro on automaattinen kuvauskaukoputki. Se on jatkoa ja entist\u00e4kin kehittyneempi Seestar-tuoteperheen \u00e4lykaukoputki. Laitetta ohjataan \u00e4lypuhelimella tai vastaavalla. Ohjaussovellus (&#8221;Seestar&#8221;) on ladattavissa Android- ja iOS-k\u00e4ytt\u00f6j\u00e4rjestelmille omasta sovelluskaupasta. Kamerayksik\u00f6n pohjassa on 3\/8-kamerakierre joten voit k\u00e4ytt\u00e4\u00e4 laitetta my\u00f6s oman jalustasi kanssa. Paketin mukana toimitetaan kolmijalka jonka suurin korkeus on 35cm. Kaukoputki yhdess\u00e4 kuljetuslaukun ja kolmijalan kanssa painavat noin 1,7 kg, joten t\u00e4m\u00e4 kulkee mukavasti mukana my\u00f6s retkell\u00e4. Huom, laitteella voi ainoastaan tarkastella taivaan- ja maastonkohteita mobiilaitteen ruudulta ja tallentaa kuvatiedostoina. Putken l\u00e4pi ei voi visuaalisesti katsella taivaalle.<\/p>\n<p>Paketin mukana toimitetaan:<br \/>\n&#8211; Seestar S30 Pro &#8211; kuvausyksikk\u00f6<br \/>\n&#8211; kolmijalka<br \/>\n&#8211; kuljetuslaukku<br \/>\n&#8211; USB-c latauskaapeli<br \/>\n&#8211; suomenkieliset k\u00e4ytt\u00f6ohjeet<\/p>\n","protected":false},"excerpt":{"rendered":"<p>Seestar-tuoteperheen uusin ja \u00e4lykk\u00e4in automaattinen All-in-One kaukoputki. Laitetta ohjataan sovelluksella. Kaukoputken tuottamaa kuvaa katsotaan \u00e4lypuhelimen n\u00e4yt\u00f6lt\u00e4.<\/p>\n","protected":false},"featured_media":138129,"comment_status":"closed","ping_status":"closed","template":"","meta":[],"product_brand":[],"product_cat":[1870,1869,14,7,1871],"product_tag":[],"class_list":{"0":"post-138126","1":"product","2":"type-product","3":"status-publish","4":"has-post-thumbnail","6":"product_cat-automaattiset","7":"product_cat-helpostialkuun","8":"product_cat-kaukoputket","9":"product_cat-kaukoputkikauppa","10":"product_cat-valokuvaukseen","11":"product_shipping_class-havainto","12":"pa_hintavaihtoehdot-jasenhinta","13":"pa_hintavaihtoehdot-suositushinta","14":"pa_jalustan-tyyppi-automaattinen","15":"pa_optiikka-apokromaatti","16":"pa_valmistaja-zwo","18":"first","19":"instock","20":"taxable","21":"shipping-taxable","22":"purchasable","23":"product-type-variable"},"exclude_global_add_ons":[],"addons":[],"_links":{"self":[{"href":"https:\/\/kauppa.ursa.fi\/kauppa\/wp-json\/wp\/v2\/product\/138126","targetHints":{"allow":["GET"]}}],"collection":[{"href":"https:\/\/kauppa.ursa.fi\/kauppa\/wp-json\/wp\/v2\/product"}],"about":[{"href":"https:\/\/kauppa.ursa.fi\/kauppa\/wp-json\/wp\/v2\/types\/product"}],"replies":[{"embeddable":true,"href":"https:\/\/kauppa.ursa.fi\/kauppa\/wp-json\/wp\/v2\/comments?post=138126"}],"wp:featuredmedia":[{"embeddable":true,"href":"https:\/\/kauppa.ursa.fi\/kauppa\/wp-json\/wp\/v2\/media\/138129"}],"wp:attachment":[{"href":"https:\/\/kauppa.ursa.fi\/kauppa\/wp-json\/wp\/v2\/media?parent=138126"}],"wp:term":[{"taxonomy":"product_brand","embeddable":true,"href":"https:\/\/kauppa.ursa.fi\/kauppa\/wp-json\/wp\/v2\/product_brand?post=138126"},{"taxonomy":"product_cat","embeddable":true,"href":"https:\/\/kauppa.ursa.fi\/kauppa\/wp-json\/wp\/v2\/product_cat?post=138126"},{"taxonomy":"product_tag","embeddable":true,"href":"https:\/\/kauppa.ursa.fi\/kauppa\/wp-json\/wp\/v2\/product_tag?post=138126"}],"curies":[{"name":"wp","href":"https:\/\/api.w.org\/{rel}","templated":true}]}}