 

{"id":14285,"date":"2017-04-03T15:40:46","date_gmt":"2017-04-03T12:40:46","guid":{"rendered":"https:\/\/kauppa.ursa.fi\/kauppa\/?post_type=product&#038;p=14285"},"modified":"2019-05-24T10:59:54","modified_gmt":"2019-05-24T07:59:54","slug":"voiko-se-olla-totta","status":"publish","type":"product","link":"https:\/\/kauppa.ursa.fi\/kauppa\/tuote\/voiko-se-olla-totta\/","title":{"rendered":"Voiko se olla totta?"},"content":{"rendered":"<p>Tiedon valtav\u00e4yl\u00e4ll\u00e4 on synkki\u00e4 sivupolkuja. Internetin piti tuoda maailman kaikki tieto kaikkien ulottuville, mutta verkossa jyll\u00e4\u00e4v\u00e4t pseudotiede, salaliittoteoriat ja suoranainen humpuuki. Ihmisten erist\u00e4ytyminen samanmielisten some-kupliin takaa, ettei korjaava tieto koskaan eksyk\u00e4\u00e4n silmien eteen. Miten luotettavan tiedon voi l\u00f6yt\u00e4\u00e4 kokemusasiantuntijoiden ja tunteisiin vetoavan populismin joukosta?<\/p>\n<p>T\u00e4ss\u00e4 kirjassa eturivin skeptikot tarjoavat tieteen n\u00e4k\u00f6kulmia meille tarjottavaan informaatiovirtaan sek\u00e4 neuvoja, kuinka siihen kannattaa suhtautua. Verkkomaailman ottaessa yh\u00e4 suurempaa otetta el\u00e4m\u00e4st\u00e4mme tietoa ja tiedoksi naamioitua huuhaata on tarjolla aina vain enemm\u00e4n. Skeptisyys ja kriittinen suhde annettuun tietoon on t\u00e4rke\u00e4mp\u00e4\u00e4 kuin koskaan.<\/p>\n<p>Kirjan toimittaja Tiina Raevaara, FT, ty\u00f6skentelee kirjailijana ja vapaana tiedetoimittajana. Vuonna 2015 h\u00e4nelle my\u00f6nnettiin tiedonjulkistamisen valtionpalkinto \u201dajankohtaisesta ja asiantuntevasta tiedonjulkistamisesta eri medioissa\u201d. H\u00e4n on my\u00f6s Skepsiksen varapuheenjohtaja.<\/p>\n<p>Kirjoittajat:<br \/>\nTiina Raevaara<br \/>\nKari Enqvist<br \/>\nArno Kotro<br \/>\nRaimo Puustinen<br \/>\nMarkku Myllykangas<br \/>\nAnja Nyst\u00e9n<br \/>\nVesa Linja-aho<br \/>\nHannu Lauerma<br \/>\nHeikki Nevala<br \/>\nJukka H\u00e4kkinen<br \/>\nMarjaana Lindeman<br \/>\nRisto K. J\u00e4rvinen<\/p>\n<hr \/>\n<p><em>Skepsis ry:n j\u00e4senmaksun maksaneet voivat tilata kirjan Ursan j\u00e4senhinnalla.<\/em><\/p>\n<hr \/>\n<p><strong>Arvioita<\/strong><br \/>\n&#8221;<em>Kirja sopii mainiosti jokaiselle, joka etsii ja p\u00e4ivitt\u00e4\u00e4 tietoon ja j\u00e4rkeen perustuvaa maailman\u00adkuvaa. Samalla saa arkisia ohjeita siihen, miten humpuukin tunnistaa k\u00e4ytt\u00f6ohjeista, hoidoista tai vaikka kosmetiikasta<\/em>&#8221;, kirjoittaa Timo Paukku <span style=\"color: #3366ff\"><a style=\"color: #3366ff\" href=\"http:\/\/www.hs.fi\/tiede\/art-2000005271110.html\" target=\"_blank\" rel=\"noopener noreferrer\">Helsingin Sanomissa.<\/a><\/span><\/p>\n<hr \/>\n<p>Kirja on saatavissa my\u00f6s s\u00e4hk\u00f6kirjana <span style=\"color: #3366ff\"><a style=\"color: #3366ff\" href=\"https:\/\/kirja.elisa.fi\/ekirja\/voiko-se-olla-totta\" target=\"_blank\" rel=\"noopener noreferrer\">Elisa Kirjasta<\/a><\/span> ja <a style=\"color: #3366ff\" href=\"https:\/\/www.ellibs.com\/fi\/book\/9789525985481\/voiko-se-olla-totta\" target=\"_blank\" rel=\"noopener noreferrer\">Ellibs-kirjakaupasta<\/a>.<\/p>\n","protected":false},"excerpt":{"rendered":"<p>Skeptisi\u00e4 n\u00e4k\u00f6kulmia nykymenoon<\/p>\n","protected":false},"featured_media":14288,"comment_status":"open","ping_status":"closed","template":"","meta":[],"product_brand":[],"product_cat":[6,10],"product_tag":[],"class_list":{"0":"post-14285","1":"product","2":"type-product","3":"status-publish","4":"has-post-thumbnail","6":"product_cat-kirjakauppa","7":"product_cat-muut-tietokirjat","8":"product_shipping_class-kirjakauppa","9":"pa_hintavaihtoehdot-jasenhinta","10":"pa_hintavaihtoehdot-suositushinta","11":"pa_isbn-1993","12":"pa_sidontamalli-nid","13":"pa_sivumaara-656","14":"pa_tekija-tiina-raevaara-toim","16":"first","17":"instock","18":"featured","19":"taxable","20":"shipping-taxable","21":"purchasable","22":"product-type-variable","23":"has-default-attributes"},"exclude_global_add_ons":[],"addons":[],"_links":{"self":[{"href":"https:\/\/kauppa.ursa.fi\/kauppa\/wp-json\/wp\/v2\/product\/14285","targetHints":{"allow":["GET"]}}],"collection":[{"href":"https:\/\/kauppa.ursa.fi\/kauppa\/wp-json\/wp\/v2\/product"}],"about":[{"href":"https:\/\/kauppa.ursa.fi\/kauppa\/wp-json\/wp\/v2\/types\/product"}],"replies":[{"embeddable":true,"href":"https:\/\/kauppa.ursa.fi\/kauppa\/wp-json\/wp\/v2\/comments?post=14285"}],"wp:featuredmedia":[{"embeddable":true,"href":"https:\/\/kauppa.ursa.fi\/kauppa\/wp-json\/wp\/v2\/media\/14288"}],"wp:attachment":[{"href":"https:\/\/kauppa.ursa.fi\/kauppa\/wp-json\/wp\/v2\/media?parent=14285"}],"wp:term":[{"taxonomy":"product_brand","embeddable":true,"href":"https:\/\/kauppa.ursa.fi\/kauppa\/wp-json\/wp\/v2\/product_brand?post=14285"},{"taxonomy":"product_cat","embeddable":true,"href":"https:\/\/kauppa.ursa.fi\/kauppa\/wp-json\/wp\/v2\/product_cat?post=14285"},{"taxonomy":"product_tag","embeddable":true,"href":"https:\/\/kauppa.ursa.fi\/kauppa\/wp-json\/wp\/v2\/product_tag?post=14285"}],"curies":[{"name":"wp","href":"https:\/\/api.w.org\/{rel}","templated":true}]}}