 

{"id":15075,"date":"2017-06-26T15:10:04","date_gmt":"2017-06-26T12:10:04","guid":{"rendered":"https:\/\/kauppa.ursa.fi\/kauppa\/?post_type=product&#038;p=15075"},"modified":"2026-04-08T12:06:25","modified_gmt":"2026-04-08T09:06:25","slug":"universumi","status":"publish","type":"product","link":"https:\/\/kauppa.ursa.fi\/kauppa\/tuote\/universumi\/","title":{"rendered":"Universumi"},"content":{"rendered":"<p>Maailmankaikkeus on valtavan suuri ja t\u00e4ynn\u00e4 \u00e4\u00e4rimm\u00e4isi\u00e4 ilmi\u00f6it\u00e4, toisaalta raivokkaan nopeita ja voimakkaita, toisaalta majesteetillisen verkkaisia ja mahtavia. Universumi esittelee 106 keskeisint\u00e4 t\u00e4htitieteen ilmi\u00f6t\u00e4, esimerkiksi t\u00e4hdet, mustat aukot, painovoimalinssit ja rengasgalaksit.<\/p>\n<p>T\u00e4htitiede el\u00e4\u00e4 voimakasta kehitysvaihetta, ja siksi uudet havainnot tuovat koko ajan odottamattomia l\u00f6yt\u00f6j\u00e4 universumistamme. Uusia merkitt\u00e4vi\u00e4 ilmi\u00f6it\u00e4 ovat esimerkiksi pime\u00e4 aine galakseissa, mustien aukkojen t\u00f6rm\u00e4ykset ja pime\u00e4 energia. Universumi on l\u00f6yt\u00f6retki omaan maailmankaikkeuteemme.<\/p>\n<p>Ilmi\u00f6iden lis\u00e4ksi kirjassa kuvaillaan tunnetut viisi luonnonvoimaa ja ne viestintuojat, kuten s\u00e4hk\u00f6magneettisen s\u00e4teilyn aallonpituudet, joiden avulla avaruutta voidaan kartoittaa.<\/p>\n<p>Heikki Oja esittelee ilmi\u00f6t n\u00e4ytt\u00e4vien kuvien ja ytimekk\u00e4\u00e4n tekstin avulla. Koko kirjan l\u00e4pi kulkee universumin aikajana.<\/p>\n<p><em>Tiedojulkistamisen valtionpalkinto 2018<\/em>: \u201dHeikki Ojan Universumi on loistava esitys omasta maailmankaikkeudestamme \u2013\u2013 kattava, upeasti kuvitettu ja selke\u00e4sti kirjoitettu.\u201d<\/p>\n","protected":false},"excerpt":{"rendered":"<p>Heikki Oja on koonnut koko universumin ilmi\u00f6t yksiin kansiin.<\/p>\n","protected":false},"featured_media":15079,"comment_status":"open","ping_status":"closed","template":"","meta":[],"product_brand":[],"product_cat":[2345,1574,8],"product_tag":[],"class_list":{"0":"post-15075","1":"product","2":"type-product","3":"status-publish","4":"has-post-thumbnail","6":"product_cat-lahjaideat-lapsille-ja-nuorille","7":"product_cat-lapsille","8":"product_cat-tahtitiede","9":"product_shipping_class-kirjakauppa","10":"pa_hintavaihtoehdot-jasenhinta","11":"pa_hintavaihtoehdot-suositushinta","12":"pa_isbn-2048","13":"pa_sidontamalli-nid","14":"pa_sivumaara-2047","15":"pa_tekija-heikki-oja","17":"first","18":"instock","19":"featured","20":"taxable","21":"shipping-taxable","22":"purchasable","23":"product-type-variable","24":"has-default-attributes"},"exclude_global_add_ons":[],"addons":[],"_links":{"self":[{"href":"https:\/\/kauppa.ursa.fi\/kauppa\/wp-json\/wp\/v2\/product\/15075","targetHints":{"allow":["GET"]}}],"collection":[{"href":"https:\/\/kauppa.ursa.fi\/kauppa\/wp-json\/wp\/v2\/product"}],"about":[{"href":"https:\/\/kauppa.ursa.fi\/kauppa\/wp-json\/wp\/v2\/types\/product"}],"replies":[{"embeddable":true,"href":"https:\/\/kauppa.ursa.fi\/kauppa\/wp-json\/wp\/v2\/comments?post=15075"}],"wp:featuredmedia":[{"embeddable":true,"href":"https:\/\/kauppa.ursa.fi\/kauppa\/wp-json\/wp\/v2\/media\/15079"}],"wp:attachment":[{"href":"https:\/\/kauppa.ursa.fi\/kauppa\/wp-json\/wp\/v2\/media?parent=15075"}],"wp:term":[{"taxonomy":"product_brand","embeddable":true,"href":"https:\/\/kauppa.ursa.fi\/kauppa\/wp-json\/wp\/v2\/product_brand?post=15075"},{"taxonomy":"product_cat","embeddable":true,"href":"https:\/\/kauppa.ursa.fi\/kauppa\/wp-json\/wp\/v2\/product_cat?post=15075"},{"taxonomy":"product_tag","embeddable":true,"href":"https:\/\/kauppa.ursa.fi\/kauppa\/wp-json\/wp\/v2\/product_tag?post=15075"}],"curies":[{"name":"wp","href":"https:\/\/api.w.org\/{rel}","templated":true}]}}