 

{"id":15866,"date":"2017-08-28T15:01:52","date_gmt":"2017-08-28T12:01:52","guid":{"rendered":"https:\/\/kauppa.ursa.fi\/kauppa\/?post_type=product&#038;p=15866"},"modified":"2026-04-08T11:52:39","modified_gmt":"2026-04-08T08:52:39","slug":"skymax-102-ja-az-gti","status":"publish","type":"product","link":"https:\/\/kauppa.ursa.fi\/kauppa\/tuote\/skymax-102-ja-az-gti\/","title":{"rendered":"Skymax-102 ja Az-GTi"},"content":{"rendered":"<p>Helppok\u00e4ytt\u00f6inen ja n\u00e4pp\u00e4r\u00e4 Skymax-kaukoputki helposti kuljetettavalla AZ-GTi-jalustalla. Jalusta luo oman WiFi-verkon, johon Android- tai iOS-k\u00e4ytt\u00f6j\u00e4rjestelm\u00e4n (puhelin, tabletti tms.) saa suoraan yhdistetty\u00e4. K\u00e4ytt\u00f6laitteessa tulee olla asennettuna SynScan-ohjelma. Jalustassa on sis\u00e4\u00e4nrakennettu paristokotelo (8xAA), joten jalustaa voi k\u00e4ytt\u00e4\u00e4 miss\u00e4 vain. K\u00e4ytt\u00f6laitteen GPS-, p\u00e4iv\u00e4m\u00e4\u00e4r\u00e4- ja aikatiedot tulevat suoraan SynScan-ohjelman k\u00e4ytt\u00f6\u00f6n, joten n\u00e4it\u00e4 ei tarvitse erikseen n\u00e4pytell\u00e4.<\/p>\n<p>Jalustassa on Sky-Watcherin oma &#8221;Freedom-Find&#8221;-teknologia k\u00e4yt\u00f6ss\u00e4. Voit suunnata kaukoputka my\u00f6s k\u00e4sin ilman ett\u00e4 j\u00e4rjestelm\u00e4 kadottaa tiedon asennostaan. N\u00e4in kohteiden katsominen on entist\u00e4kin helpompaa. Jalustassa on mahdollisuus my\u00f6s ulkoiselle virtal\u00e4hteelle (7-14V, 0.75A), mik\u00e4li ei halua k\u00e4ytt\u00e4\u00e4 ladattavia akkuja tai sormiparistoja. Jalustaan saa liitetty\u00e4 SynScan-k\u00e4siohjaimen, mutta se ei kuulu paketin sis\u00e4lt\u00f6\u00f6n. &#8221;Snap&#8221;-johdolla kameran saa liitetty\u00e4 suoraan jalustaan. K\u00e4ytt\u00f6laitteelle ladattavassa SynScan-ohjelmassa on &#8221;Point and Go&#8221; -toiminto sek\u00e4 &#8221;Tonight&#8217;s Best Objects&#8221; -kierros, mik\u00e4li haluat p\u00e4\u00e4st\u00e4 entist\u00e4kin helpommalla. My\u00f6s\u00a0 kolmannen osapuolen t\u00e4htikarttasovelluksen k\u00e4ytt\u00f6 on mahdollista.<\/p>\n<p>Kaukoputki on Skymax-102, joka on Ursan suosituin kaukoputki. Optiikka on aloittelijan kannalta k\u00e4tev\u00e4 ratkaisu, sill\u00e4 Maksutov-Cassegrain on helppohoitoinen ja eritt\u00e4in laadukas peilikaukoputki.<\/p>\n<p>Sis\u00e4lt\u00e4\u00e4 okulaarit 10mm ja 20mm sek\u00e4 Smartphoto-puhelintelineen.<\/p>\n<p><strong>HUOM<\/strong><br \/>\nOhjainsovellus on englanninkielinen. Ursa toimittaa suomenkieliset k\u00e4ytt\u00f6ohjeet.<\/p>\n","protected":false},"excerpt":{"rendered":"<p>Helppok\u00e4ytt\u00f6inen Wifi-yhteytt\u00e4 hy\u00f6dynt\u00e4v\u00e4 jalusta ja Skymax-kaukoputki. Ohjaaminen vaatii Android- tai iOS-k\u00e4ytt\u00f6j\u00e4rjestelm\u00e4n, jossa ladattuna SynScan-ohjelma (ilmainen).<\/p>\n","protected":false},"featured_media":15867,"comment_status":"open","ping_status":"closed","template":"","meta":[],"product_brand":[],"product_cat":[1870,14,2364,7],"product_tag":[],"class_list":{"0":"post-15866","1":"product","2":"type-product","3":"status-publish","4":"has-post-thumbnail","6":"product_cat-automaattiset","7":"product_cat-kaukoputket","8":"product_cat-kaukoputket-ja-kiikarit","9":"product_cat-kaukoputkikauppa","10":"product_shipping_class-havainto","11":"pa_hintavaihtoehdot-jasenhinta","12":"pa_hintavaihtoehdot-suositushinta","13":"pa_jalustan-tyyppi-atsimutaalinen","14":"pa_optiikka-maksutov-cassegrain","15":"pa_valmistaja-skywatcher","17":"first","18":"instock","19":"taxable","20":"shipping-taxable","21":"purchasable","22":"product-type-variable"},"exclude_global_add_ons":[],"addons":[],"_links":{"self":[{"href":"https:\/\/kauppa.ursa.fi\/kauppa\/wp-json\/wp\/v2\/product\/15866","targetHints":{"allow":["GET"]}}],"collection":[{"href":"https:\/\/kauppa.ursa.fi\/kauppa\/wp-json\/wp\/v2\/product"}],"about":[{"href":"https:\/\/kauppa.ursa.fi\/kauppa\/wp-json\/wp\/v2\/types\/product"}],"replies":[{"embeddable":true,"href":"https:\/\/kauppa.ursa.fi\/kauppa\/wp-json\/wp\/v2\/comments?post=15866"}],"wp:featuredmedia":[{"embeddable":true,"href":"https:\/\/kauppa.ursa.fi\/kauppa\/wp-json\/wp\/v2\/media\/15867"}],"wp:attachment":[{"href":"https:\/\/kauppa.ursa.fi\/kauppa\/wp-json\/wp\/v2\/media?parent=15866"}],"wp:term":[{"taxonomy":"product_brand","embeddable":true,"href":"https:\/\/kauppa.ursa.fi\/kauppa\/wp-json\/wp\/v2\/product_brand?post=15866"},{"taxonomy":"product_cat","embeddable":true,"href":"https:\/\/kauppa.ursa.fi\/kauppa\/wp-json\/wp\/v2\/product_cat?post=15866"},{"taxonomy":"product_tag","embeddable":true,"href":"https:\/\/kauppa.ursa.fi\/kauppa\/wp-json\/wp\/v2\/product_tag?post=15866"}],"curies":[{"name":"wp","href":"https:\/\/api.w.org\/{rel}","templated":true}]}}