 

{"id":19565,"date":"2018-04-17T10:31:00","date_gmt":"2018-04-17T07:31:00","guid":{"rendered":"https:\/\/kauppa.ursa.fi\/kauppa\/?post_type=product&#038;p=19565"},"modified":"2022-11-11T11:08:26","modified_gmt":"2022-11-11T09:08:26","slug":"synscan-wifi-adapteri","status":"publish","type":"product","link":"https:\/\/kauppa.ursa.fi\/kauppa\/tuote\/synscan-wifi-adapteri\/","title":{"rendered":"Synscan Wifi-adapteri"},"content":{"rendered":"<p>Sky-Watcherin SynScan Goto-kaukoputkiin tarkoitettu adapteri, jolla kaukoputkea voidaan ohjata langattomasti. Adapteri luo wifi-verkon johon \u00e4lylaite tulee yhdist\u00e4\u00e4. Kaukoputkea ohjataan t\u00e4m\u00e4n j\u00e4lkeen Synscan-ohjelmalla, joka on ladattavissa ilmaiseksi Android- ja iOS-laitteisiin. Yhdist\u00e4minen kolmannen osapuolen t\u00e4htikarttaohjelmaan on mahdollista mik\u00e4li t\u00e4htikarttaohjelmaa tukee langatonta SynScan j\u00e4rjestelm\u00e4\u00e4.<\/p>\n","protected":false},"excerpt":{"rendered":"<p>Sky-Watcher SynScan Goto kaukoputkiin tarkoitettu wifi-adapteri langattomaan ohjaukseen. (Android, iOS).<\/p>\n<p><b>HUOM!<\/b><br \/>\nT\u00e4t\u00e4 ei tarvita jalustoihin joissa on sis\u00e4\u00e4nrakennettu wi-fi, esim. Az-GTi -jalustat<\/p>\n","protected":false},"featured_media":19566,"comment_status":"open","ping_status":"closed","template":"","meta":[],"product_brand":[],"product_cat":[16],"product_tag":[],"class_list":{"0":"post-19565","1":"product","2":"type-product","3":"status-publish","4":"has-post-thumbnail","6":"product_cat-lisavarusteet","7":"product_shipping_class-lisavaruste","8":"pa_hintavaihtoehdot-jasenhinta","9":"pa_hintavaihtoehdot-suositushinta","11":"first","12":"outofstock","13":"taxable","14":"shipping-taxable","15":"purchasable","16":"product-type-variable"},"exclude_global_add_ons":[],"addons":[],"_links":{"self":[{"href":"https:\/\/kauppa.ursa.fi\/kauppa\/wp-json\/wp\/v2\/product\/19565","targetHints":{"allow":["GET"]}}],"collection":[{"href":"https:\/\/kauppa.ursa.fi\/kauppa\/wp-json\/wp\/v2\/product"}],"about":[{"href":"https:\/\/kauppa.ursa.fi\/kauppa\/wp-json\/wp\/v2\/types\/product"}],"replies":[{"embeddable":true,"href":"https:\/\/kauppa.ursa.fi\/kauppa\/wp-json\/wp\/v2\/comments?post=19565"}],"wp:featuredmedia":[{"embeddable":true,"href":"https:\/\/kauppa.ursa.fi\/kauppa\/wp-json\/wp\/v2\/media\/19566"}],"wp:attachment":[{"href":"https:\/\/kauppa.ursa.fi\/kauppa\/wp-json\/wp\/v2\/media?parent=19565"}],"wp:term":[{"taxonomy":"product_brand","embeddable":true,"href":"https:\/\/kauppa.ursa.fi\/kauppa\/wp-json\/wp\/v2\/product_brand?post=19565"},{"taxonomy":"product_cat","embeddable":true,"href":"https:\/\/kauppa.ursa.fi\/kauppa\/wp-json\/wp\/v2\/product_cat?post=19565"},{"taxonomy":"product_tag","embeddable":true,"href":"https:\/\/kauppa.ursa.fi\/kauppa\/wp-json\/wp\/v2\/product_tag?post=19565"}],"curies":[{"name":"wp","href":"https:\/\/api.w.org\/{rel}","templated":true}]}}