 

{"id":21159,"date":"2018-11-06T18:47:16","date_gmt":"2018-11-06T16:47:16","guid":{"rendered":"https:\/\/kauppa.ursa.fi\/kauppa\/?post_type=product&#038;p=21159"},"modified":"2026-04-21T09:12:48","modified_gmt":"2026-04-21T06:12:48","slug":"liity-ursan-jaseneksi-2","status":"publish","type":"product","link":"https:\/\/kauppa.ursa.fi\/kauppa\/tuote\/liity-ursan-jaseneksi-2\/","title":{"rendered":"Liity Ursan j\u00e4seneksi"},"content":{"rendered":"<p>Ursan t\u00e4rkeimm\u00e4t j\u00e4senedut ovat kahdeksan kertaa vuodessa postiluukusta kolahtava T\u00e4hdet ja avaruus -lehti ja j\u00e4senhintaiset kirjat ja kaukoputket.<\/p>\n<p>Ursa v\u00e4litt\u00e4\u00e4 laadukasta ja ajantasaista tietoa t\u00e4htitieteest\u00e4 ja l\u00e4hialoilta. Ursa tarjoaa my\u00f6s opastusta ja v\u00e4lineit\u00e4 t\u00e4htiharrastuksen aloittamiseen. Kaikki t\u00e4htitieteest\u00e4, taivaan tapahtumien tarkkailusta tai yleisemmin luonnontieteist\u00e4 kiinnostuneet uteliaat ovat tervetulleita Ursan j\u00e4seniksi harrastuneisuuden tasosta riippumatta. Valtaosa Ursan j\u00e4senist\u00e4 nauttii t\u00e4htitieteest\u00e4 nojatuolissaan lukemalla lehti\u00e4 ja kirjoja. Ursan j\u00e4senen\u00e4 olet mukana tukemassa hyv\u00e4\u00e4 asiaa.<\/p>\n<p><b>HUOM!<\/b><\/p>\n<div id=\"endobs\">Ursan j\u00e4senyys maksetaan kalenterivuosittain. Jos liityt j\u00e4seneksi kesken vuotta, voit tiedot l\u00e4hetetty\u00e4si odottaa parin viikon sis\u00e4ll\u00e4 postia Ursasta. J\u00e4senmaksu on sama kuin vuoden alussa liittyess\u00e4, mutta l\u00e4het\u00e4mme sinulle kaikki kuluneena vuonna jo ilmestyneet T\u00e4hdet ja avaruus -lehdet, kun olet maksanut j\u00e4senmaksusi.<\/div>\n<p>&nbsp;<\/p>\n<p><b><a href=\"https:\/\/www.ursa.fi\/jasen-ukk.html\">Usein kysytyt kysymykset Ursan j\u00e4senyydest\u00e4<\/a><\/b><\/p>\n","protected":false},"excerpt":{"rendered":"<div align=\"center\"><a href=\"https:\/\/kauppa.ursa.fi\/kauppa\/tuote-osasto\/jasenyys\/\"><img loading=\"lazy\" decoding=\"async\" class=\"alignnone size-medium wp-image-8378\" src=\"https:\/\/kauppa.ursa.fi\/kauppa\/wp-content\/uploads\/2015\/03\/lehtikannet_kaari_8-300x125.png\" alt=\"lehtikannet_kaari_8\" width=\"300\" height=\"125\" srcset=\"https:\/\/kauppa.ursa.fi\/kauppa\/wp-content\/uploads\/2015\/03\/lehtikannet_kaari_8-300x125.png 300w, https:\/\/kauppa.ursa.fi\/kauppa\/wp-content\/uploads\/2015\/03\/lehtikannet_kaari_8-420x175.png 420w, https:\/\/kauppa.ursa.fi\/kauppa\/wp-content\/uploads\/2015\/03\/lehtikannet_kaari_8-416x174.png 416w, https:\/\/kauppa.ursa.fi\/kauppa\/wp-content\/uploads\/2015\/03\/lehtikannet_kaari_8-150x63.png 150w, https:\/\/kauppa.ursa.fi\/kauppa\/wp-content\/uploads\/2015\/03\/lehtikannet_kaari_8-324x135.png 324w, https:\/\/kauppa.ursa.fi\/kauppa\/wp-content\/uploads\/2015\/03\/lehtikannet_kaari_8.png 709w\" sizes=\"auto, (max-width: 300px) 100vw, 300px\" \/><\/a><\/div>\n<div id=\"description\">\n<br \/>T\u00e4ll\u00e4 tuotteella <b>uudet<\/b> j\u00e4senet voivat liitty\u00e4 Ursaan.<br \/>\nUrsan j\u00e4senet saavat T\u00e4hdet ja avaruus -lehden kahdeksan kertaa vuodessa suoraan kotiin. Kesken vuotta liittyneet saavat kaikki vuoden aikana jo ilmestyneet lehdet.<\/div>\n<p>&nbsp;<\/p>\n<div>\nLiittym\u00e4ll\u00e4 nyt vuodeksi 2026 olet oikeutettu my\u00f6s heti j\u00e4senalennuksiin Ursan verkkokaupassa. <\/p>\n<p>Oletko jo nyky\u00e4\u00e4n j\u00e4sen ja haluat maksaa j\u00e4senmaksun? K\u00e4yt\u00e4 <a href=\"https:\/\/kauppa.ursa.fi\/kauppa\/tuote\/ursan-jasenmaksu\/\">j\u00e4senille tarkoitettua j\u00e4senmaksutuotetta<\/a>.<\/p>\n<p><b><a href=\"https:\/\/www.ursa.fi\/jasen-ukk.html\">Usein kysytyt kysymykset Ursan j\u00e4senyydest\u00e4<\/a><\/b><\/p>\n<\/div>\n","protected":false},"featured_media":8184,"comment_status":"open","ping_status":"closed","template":"","meta":[],"product_brand":[],"product_cat":[2344,1309,2346,1869,7,6,1868,2345,2046],"product_tag":[],"class_list":{"0":"post-21159","1":"product","2":"type-product","3":"status-publish","4":"has-post-thumbnail","6":"product_cat-aloittelevalle-tahtiharrastajalle","7":"product_cat-jasenyys","8":"product_cat-avaruusfanille","9":"product_cat-helpostialkuun","10":"product_cat-kaukoputkikauppa","11":"product_cat-kirjakauppa","12":"product_cat-lahjaideoita","13":"product_cat-lahjaideat-lapsille-ja-nuorille","14":"product_cat-vain-sahkoinen-maksutapa","16":"first","17":"instock","18":"virtual","19":"sold-individually","20":"taxable","21":"purchasable","22":"product-type-simple"},"exclude_global_add_ons":false,"addons":[{"name":"J\u00e4senlaji","type":"multiple_choice","position":0,"required":true,"title_format":"heading","default":"","description_enable":true,"description":"<b id=\"setting\">Kalenterivuoden 2026 alusta<\/b>","placeholder_enable":false,"placeholder":"","display":"radiobutton","restrictions_type":"any_text","adjust_price":false,"price":"","price_type":"flat_fee","restrictions":false,"min":"0","max":"0","options":[{"label":"J\u00e4sen (yli 18 v.)","price":"59","price_type":"quantity_based","image":0,"visibility":true},{"label":"Nuorisoj\u00e4sen (alle 18 v.)","price":"48","price_type":"quantity_based","image":0,"visibility":true},{"label":"Perhej\u00e4sen (taloudessa on jo j\u00e4sen)","price":"22","price_type":"quantity_based","image":0,"visibility":true},{"label":"Yhteis\u00f6j\u00e4sen (esim. koulu, kirjasto, yritys)","price":"59","price_type":"quantity_based","image":0,"visibility":true},{"label":"J\u00e4sen elokuusta (yli 18 v.)","price":"22","price_type":"quantity_based","image":0,"visibility":true},{"label":"Nuorisoj\u00e4sen elokuusta (alle 18 v.)","price":"18","price_type":"quantity_based","image":0,"visibility":true}],"id":1731449346},{"name":"nimi","type":"heading","position":1,"required":false,"title_format":"label","default":"","description_enable":true,"description":"esim. \"Matti Meik\u00e4l\u00e4inen\", \"Kauriin lukio\"","placeholder_enable":false,"placeholder":"","display":"select","restrictions_type":"any_text","adjust_price":false,"price":"","price_type":"flat_fee","restrictions":false,"min":"0","max":"0","options":[],"id":1731449347},{"name":"nimi","type":"custom_text","position":2,"required":true,"title_format":"hide","default":"","description_enable":false,"description":"","placeholder_enable":false,"placeholder":"","display":"select","restrictions_type":"any_text","adjust_price":false,"price":"","price_type":"quantity_based","restrictions":false,"min":"0","max":"0","options":[],"id":1731449348},{"name":"katuosoite","type":"heading","position":3,"required":false,"title_format":"label","default":"","description_enable":true,"description":"esim. \"Kopernikuksentie 1A1\"","placeholder_enable":false,"placeholder":"","display":"select","restrictions_type":"any_text","adjust_price":false,"price":"","price_type":"flat_fee","restrictions":false,"min":"0","max":"0","options":[],"id":1731449349},{"name":"katuosoite","type":"custom_text","position":4,"required":true,"title_format":"hide","default":"","description_enable":false,"description":"","placeholder_enable":false,"placeholder":"","display":"select","restrictions_type":"any_text","adjust_price":false,"price":"","price_type":"quantity_based","restrictions":false,"min":"0","max":"0","options":[],"id":1731449350},{"name":"postiosoite","type":"heading","position":5,"required":false,"title_format":"label","default":"","description_enable":true,"description":"<b>\"12345 Otava\"<\/b> HUOM! Anna sek\u00e4 postinumero ett\u00e4 -toimipaikka","placeholder_enable":false,"placeholder":"","display":"select","restrictions_type":"any_text","adjust_price":false,"price":"","price_type":"flat_fee","restrictions":false,"min":"0","max":"0","options":[],"id":1731449351},{"name":"postiosoite","type":"custom_text","position":6,"required":true,"title_format":"hide","default":"","description_enable":false,"description":"","placeholder_enable":false,"placeholder":"","display":"select","restrictions_type":"any_text","adjust_price":false,"price":"","price_type":"quantity_based","restrictions":false,"min":"0","max":"0","options":[],"id":1731449352},{"name":"Syntym\u00e4vuosi","type":"heading","position":7,"required":false,"title_format":"label","default":"","description_enable":true,"description":"esim. \"1921\"","placeholder_enable":false,"placeholder":"","display":"select","restrictions_type":"any_text","adjust_price":false,"price":"","price_type":"flat_fee","restrictions":false,"min":"0","max":"0","options":[],"id":1731449353},{"name":"Syntym\u00e4vuosi","type":"custom_text","position":8,"required":true,"title_format":"hide","default":"","description_enable":false,"description":"","placeholder_enable":false,"placeholder":"","display":"select","restrictions_type":"only_numbers","adjust_price":false,"price":"","price_type":"quantity_based","restrictions":true,"min":"4","max":"4","options":[],"id":1731449354},{"name":"Lahjaksi","type":"checkbox","position":9,"required":false,"title_format":"heading","default":"","description_enable":true,"description":"<p>Ursan j\u00e4senyys sopii kaikille!<\/p>Valitse t\u00e4m\u00e4 jos olet ostamassa j\u00e4senyyden lahjaksi. Saat s\u00e4hk\u00f6postiisi aktivointilinkin j\u00e4senen s\u00e4hk\u00f6isiin palveluihin. Voit toimittaa t\u00e4m\u00e4n linkin lahjansaajalle s\u00e4hk\u00f6postitse kun on lahjan antamisen hetki. Lahjan saajalla on oikeus kielt\u00e4yty\u00e4 j\u00e4senyydest\u00e4. Kirjoita yll\u00e4 oleviin kenttiin lahjan saadan tiedot.","placeholder_enable":false,"placeholder":"","display":"select","restrictions_type":"any_text","adjust_price":false,"price":"","price_type":"flat_fee","restrictions":false,"min":"0","max":"0","options":[{"label":"Ostan j\u00e4senyyden lahjaksi","price":"","price_type":"quantity_based","image":0,"visibility":true}],"id":1731449355},{"name":"Maksuvuosi","type":"heading","position":10,"required":false,"title_format":"label","default":"","description_enable":false,"description":"","placeholder_enable":false,"placeholder":"","display":"select","restrictions_type":"any_text","adjust_price":false,"price":"","price_type":"flat_fee","restrictions":false,"min":"0","max":"0","options":[],"id":1731449356},{"name":"Maksuvuosi","type":"custom_text","position":11,"required":true,"title_format":"hide","default":"","description_enable":false,"description":"","placeholder_enable":false,"placeholder":"","display":"select","restrictions_type":"only_numbers","adjust_price":false,"price":"","price_type":"quantity_based","restrictions":true,"min":"4","max":"5","options":[],"id":1731449357},{"name":"J\u00e4senyysmuoto","type":"heading","position":12,"required":false,"title_format":"label","default":"","description_enable":false,"description":"","placeholder_enable":false,"placeholder":"","display":"select","restrictions_type":"any_text","adjust_price":false,"price":"","price_type":"flat_fee","restrictions":false,"min":"0","max":"0","options":[],"id":1731449358},{"name":"J\u00e4senyysmuoto","type":"custom_text","position":13,"required":true,"title_format":"hide","default":"","description_enable":false,"description":"","placeholder_enable":false,"placeholder":"","display":"select","restrictions_type":"any_text","adjust_price":false,"price":"","price_type":"quantity_based","restrictions":false,"min":"0","max":"0","options":[],"id":1731449359},{"name":"Maksajan j\u00e4sennumero","type":"heading","position":14,"required":false,"title_format":"label","default":"","description_enable":true,"description":"Lahjanantajan asiakas\/-j\u00e4sennumero. J\u00e4sennumero l\u00f6ytyy mm. j\u00e4senlehden takakannesta nimen yl\u00e4puolelta. J\u00e4t\u00e4 TYHJ\u00c4KSI mik\u00e4li maksaja ei ole j\u00e4sen\/asiakas. <b>HUOM!<\/b> Mik\u00e4li liit\u00e4t samalla kertaa itsesi ja jonkun muun, niin maksa ensin oma liittymisesi. N\u00e4in saat k\u00e4ytt\u00f6\u00f6si j\u00e4sennumeron.","placeholder_enable":false,"placeholder":"","display":"select","restrictions_type":"any_text","adjust_price":false,"price":"","price_type":"flat_fee","restrictions":false,"min":"0","max":"0","options":[],"id":1731449360},{"name":"Maksajan j\u00e4sennumero","type":"custom_text","position":15,"required":false,"title_format":"hide","default":"","description_enable":false,"description":"","placeholder_enable":false,"placeholder":"","display":"select","restrictions_type":"only_numbers","adjust_price":false,"price":"","price_type":"quantity_based","restrictions":true,"min":"0","max":"6","options":[],"id":1731449361}],"_links":{"self":[{"href":"https:\/\/kauppa.ursa.fi\/kauppa\/wp-json\/wp\/v2\/product\/21159","targetHints":{"allow":["GET"]}}],"collection":[{"href":"https:\/\/kauppa.ursa.fi\/kauppa\/wp-json\/wp\/v2\/product"}],"about":[{"href":"https:\/\/kauppa.ursa.fi\/kauppa\/wp-json\/wp\/v2\/types\/product"}],"replies":[{"embeddable":true,"href":"https:\/\/kauppa.ursa.fi\/kauppa\/wp-json\/wp\/v2\/comments?post=21159"}],"wp:featuredmedia":[{"embeddable":true,"href":"https:\/\/kauppa.ursa.fi\/kauppa\/wp-json\/wp\/v2\/media\/8184"}],"wp:attachment":[{"href":"https:\/\/kauppa.ursa.fi\/kauppa\/wp-json\/wp\/v2\/media?parent=21159"}],"wp:term":[{"taxonomy":"product_brand","embeddable":true,"href":"https:\/\/kauppa.ursa.fi\/kauppa\/wp-json\/wp\/v2\/product_brand?post=21159"},{"taxonomy":"product_cat","embeddable":true,"href":"https:\/\/kauppa.ursa.fi\/kauppa\/wp-json\/wp\/v2\/product_cat?post=21159"},{"taxonomy":"product_tag","embeddable":true,"href":"https:\/\/kauppa.ursa.fi\/kauppa\/wp-json\/wp\/v2\/product_tag?post=21159"}],"curies":[{"name":"wp","href":"https:\/\/api.w.org\/{rel}","templated":true}]}}