 

{"id":21365,"date":"2018-10-17T09:25:12","date_gmt":"2018-10-17T06:25:12","guid":{"rendered":"https:\/\/kauppa.ursa.fi\/kauppa\/?post_type=product&#038;p=21365"},"modified":"2024-12-15T22:08:22","modified_gmt":"2024-12-15T20:08:22","slug":"ajan-luonne","status":"publish","type":"product","link":"https:\/\/kauppa.ursa.fi\/kauppa\/tuote\/ajan-luonne\/","title":{"rendered":"Ajan luonne"},"content":{"rendered":"<p>Aika on aivan muuta kuin mit\u00e4 vaistomme antaisi ymm\u00e4rt\u00e4\u00e4. Aika on innoittanut filosofeja ja taiteilijoita, mutta ajan synty ja suunta ovat tieteen suuria ongelmia. Aika kulkee hitaammin tai nopeammin eri paikoissa ja eri nopeuksilla, menneisyys ja tulevaisuus eroavat v\u00e4hemm\u00e4n kuin ajattelemme, eik\u00e4 maailmankaikkeus piittaa nykyhetkest\u00e4mme lainkaan.<\/p>\n<p><em>Ajan luonne<\/em> purkaa ajan mysteerist\u00e4 vyyhti\u00e4 tieteen, filosofian ja taiteen avulla. Entropiasta Einsteiniin ja kvanttiteoriaan k\u00e4sityksemme ajasta on kokenut mullistuksia. Aikaa ymm\u00e4rt\u00e4\u00e4ksemme meid\u00e4n t\u00e4ytyy ymm\u00e4rt\u00e4\u00e4,<br \/>\nmiten vajavaiset aistimme ja muistimme luovat aikaa.<\/p>\n<p>Carlo Rovelli on kansainv\u00e4lisesti arvostettu teoreettinen fyysikko. H\u00e4nen maailmanlaajuisesti yli miljoona kappaletta myynyt kirjansa <a href=\"https:\/\/kauppa.ursa.fi\/kauppa\/tuote\/seitseman_lyhytta_luentoa\/\" target=\"_blank\" rel=\"noopener noreferrer\">Seitsem\u00e4n lyhytt\u00e4 luentoa fysiikasta<\/a> toi modernin fysiikan kauneuden kaikkien ulottuville.<\/p>\n<p>Saatavilla my\u00f6s s\u00e4hk\u00f6kirjana ja \u00e4\u00e4nikirjana mm. n\u00e4ist\u00e4 kaupoista:<br \/>\n<a href=\"https:\/\/kirja.elisa.fi\/aanikirja\/ajan-luonne\" target=\"_blank\" rel=\"noopener noreferrer\">Elisa Kirja<\/a><br \/>\n<a href=\"https:\/\/www.adlibris.com\/fi\/haku?q=ajan+luonne\" target=\"_blank\" rel=\"noopener noreferrer\">Adlibris<\/a><br \/>\n<a href=\"https:\/\/www.suomalainen.com\/webapp\/wcs\/stores\/servlet\/fi\/skk\/ajan-luonne-p9789525985610--77\" target=\"_blank\" rel=\"noopener noreferrer\">Suomalainen.com<\/a><\/p>\n<p><em>&#8221;Uusi Stephen Hawking.&#8221; \u2013 The Times<br \/>\n&#8221;Lis\u00e4\u00e4 t\u00e4t\u00e4, kiitos.&#8221; \u2013 The New Scientist<br \/>\n<\/em><\/p>\n","protected":false},"excerpt":{"rendered":"<p>Carlo Rovelli purkaa ajan mutkikasta vyyhti\u00e4<\/p>\n","protected":false},"featured_media":21368,"comment_status":"open","ping_status":"closed","template":"","meta":[],"product_brand":[],"product_cat":[6,10],"product_tag":[],"class_list":{"0":"post-21365","1":"product","2":"type-product","3":"status-publish","4":"has-post-thumbnail","6":"product_cat-kirjakauppa","7":"product_cat-muut-tietokirjat","8":"product_shipping_class-kirjakauppa","9":"pa_hintavaihtoehdot-jasenhinta","10":"pa_hintavaihtoehdot-suositushinta","11":"pa_isbn-2245","12":"pa_sivumaara-611","13":"pa_tekija-carlo-rovelli","15":"first","16":"instock","17":"featured","18":"taxable","19":"shipping-taxable","20":"purchasable","21":"product-type-variable","22":"has-default-attributes"},"exclude_global_add_ons":[],"addons":[],"_links":{"self":[{"href":"https:\/\/kauppa.ursa.fi\/kauppa\/wp-json\/wp\/v2\/product\/21365","targetHints":{"allow":["GET"]}}],"collection":[{"href":"https:\/\/kauppa.ursa.fi\/kauppa\/wp-json\/wp\/v2\/product"}],"about":[{"href":"https:\/\/kauppa.ursa.fi\/kauppa\/wp-json\/wp\/v2\/types\/product"}],"replies":[{"embeddable":true,"href":"https:\/\/kauppa.ursa.fi\/kauppa\/wp-json\/wp\/v2\/comments?post=21365"}],"wp:featuredmedia":[{"embeddable":true,"href":"https:\/\/kauppa.ursa.fi\/kauppa\/wp-json\/wp\/v2\/media\/21368"}],"wp:attachment":[{"href":"https:\/\/kauppa.ursa.fi\/kauppa\/wp-json\/wp\/v2\/media?parent=21365"}],"wp:term":[{"taxonomy":"product_brand","embeddable":true,"href":"https:\/\/kauppa.ursa.fi\/kauppa\/wp-json\/wp\/v2\/product_brand?post=21365"},{"taxonomy":"product_cat","embeddable":true,"href":"https:\/\/kauppa.ursa.fi\/kauppa\/wp-json\/wp\/v2\/product_cat?post=21365"},{"taxonomy":"product_tag","embeddable":true,"href":"https:\/\/kauppa.ursa.fi\/kauppa\/wp-json\/wp\/v2\/product_tag?post=21365"}],"curies":[{"name":"wp","href":"https:\/\/api.w.org\/{rel}","templated":true}]}}