 

{"id":25748,"date":"2019-03-21T11:21:05","date_gmt":"2019-03-21T09:21:05","guid":{"rendered":"https:\/\/kauppa.ursa.fi\/kauppa\/?post_type=product&#038;p=25748"},"modified":"2021-09-16T16:41:44","modified_gmt":"2021-09-16T13:41:44","slug":"astrobiologia","status":"publish","type":"product","link":"https:\/\/kauppa.ursa.fi\/kauppa\/tuote\/astrobiologia\/","title":{"rendered":"Astrobiologia (pehme\u00e4kantinen)"},"content":{"rendered":"<p>Olemmeko yksin maailmankaikkeudessa? Maapallon el\u00e4m\u00e4 on saanut alkunsa jostakin pienest\u00e4 ja heiver\u00f6isest\u00e4, yksitt\u00e4isist\u00e4 hyvin hauraista molekyyleist\u00e4. Luonnonvalinnan kautta el\u00e4m\u00e4 on kehittynyt loputtoman kest\u00e4v\u00e4ksi ja per\u00e4\u00e4nantamattomaksi sinnittelij\u00e4ksi, joka on s\u00e4ilynyt l\u00e4pi mit\u00e4 ankarimmista olosuhteista. S\u00e4ilyneit\u00e4 el\u00e4m\u00e4n linjoja ovat ne, jotka ovat pystyneet sopeutumaan suuriin ymp\u00e4rist\u00f6n muutoksiin ja selviytyneet lajien v\u00e4lisess\u00e4 kilpailussa.<\/p>\n<p>Maapallon el\u00e4m\u00e4 on k\u00e4ynyt l\u00e4pi useita pullonkauloja, joiden kautta on syntynyt kaikki eli\u00f6kunnan monimuotoisuus, mukaan lukien yksi teknologinen ja kommunikoiva laji, ihminen. El\u00e4m\u00e4\u00e4 voi olla olemassa my\u00f6s muualla, kenties oman aurinkokuntamme muilla kappaleilla tai kaukana muissa planeettakunnissa. El\u00e4m\u00e4n synty vaatii sopivaa biokemiaa ja riitt\u00e4v\u00e4sti energiaa ja aikaa. Millaista el\u00e4m\u00e4 voisi olla maapallon ulkopuolella? Mit\u00e4 kaikkea pit\u00e4\u00e4k\u00e4\u00e4n tapahtua, ett\u00e4 el\u00e4m\u00e4\u00e4 syntyy? Mit\u00e4 vaaditaan, ett\u00e4 el\u00e4m\u00e4 saa aikaan teknologisen, avaruutta valloittavan \u00e4lykk\u00e4\u00e4n lajin?<\/p>\n<p>Kirsi Lehto on v\u00e4itellyt tohtoriksi Kalifornian yliopistossa Riversidessa vuonna 1989, mink\u00e4 j\u00e4lkeen h\u00e4n on toiminut molekyylibiologian ja astrobiologian tutkijana ja opettajana Turun yliopistossa. H\u00e4n on mukana my\u00f6s perusteilla olevassa Euroopan astrobiologian instituutin toiminnassa.<\/p>\n<p><a href=\"https:\/\/www.tsv.fi\/fi\/uutiset\/vuoden-tiedekirja-palkinto-kirsi-lehdolle\"><strong>Vuoden tiedekirja 2019 -voittaja!<\/strong><\/a><\/p>\n<p>&#8221;Tieteelliset faktat soljuvat helppolukuisesti ja loogisen tarinan muodossa lukijan eteen muodostaen lopulta ihmetyst\u00e4 ja kunnioitusta her\u00e4tt\u00e4v\u00e4n lukuel\u00e4myksen. Suomalaisia hemmotellaan, sill\u00e4 kovin montaa yht\u00e4 sujuvasti kirjoitettua ja kaunista kokonaisuutta astrobiologian alalta ei ole kansainv\u00e4lisestik\u00e4\u00e4n ilmestynyt. Kirjan luettuaan lukija j\u00e4\u00e4 ihmettelem\u00e4\u00e4n, miten uskomattoman paljon tutkijat ovat saaneet selville el\u00e4m\u00e4st\u00e4 maapallolla.&#8221;<br \/>\n\u2013Vuoden tiedekirja -palkinnon perustelut<\/p>\n<p>&#8221;Kirja sis\u00e4lt\u00e4\u00e4 paljon tietoa, mutta on silti hyvin helppolukuinen. Kirsi Lehto on tehnyt suuren palveluksen t\u00e4htitieteen popularisoinnille Astrobiologia-kirjallaan.&#8221;<br \/>\n\u2013Thomas Hackman, Arkhimedes 3-4\/2019<\/p>\n<p>Kirsi Lehdon teksteihin voi tutustua my\u00f6s Ursan <a href=\"https:\/\/www.ursa.fi\/blogi\/elaman-keitaita\/\" target=\"_blank\" rel=\"noopener noreferrer\">El\u00e4m\u00e4n keitaita -blogissa<\/a>.<\/p>\n","protected":false},"excerpt":{"rendered":"<p>Onko maailmankaikkeudessa el\u00e4m\u00e4\u00e4 kotiplaneettamme ulkopuolella?<br \/>\nVuoden tiedekirja 2019 -voittaja!<\/p>\n","protected":false},"featured_media":25751,"comment_status":"open","ping_status":"closed","template":"","meta":[],"product_brand":[],"product_cat":[6,8],"product_tag":[],"class_list":{"0":"post-25748","1":"product","2":"type-product","3":"status-publish","4":"has-post-thumbnail","6":"product_cat-kirjakauppa","7":"product_cat-tahtitiede","8":"product_shipping_class-kirjakauppa","9":"pa_hintavaihtoehdot-jasenhinta","10":"pa_hintavaihtoehdot-suositushinta","11":"pa_isbn-2186","12":"pa_sidonta-nid","13":"pa_sivumaara-254-s","14":"pa_tekija-kirsi-lehto","16":"first","17":"instock","18":"taxable","19":"shipping-taxable","20":"purchasable","21":"product-type-variable"},"exclude_global_add_ons":[],"addons":[],"_links":{"self":[{"href":"https:\/\/kauppa.ursa.fi\/kauppa\/wp-json\/wp\/v2\/product\/25748","targetHints":{"allow":["GET"]}}],"collection":[{"href":"https:\/\/kauppa.ursa.fi\/kauppa\/wp-json\/wp\/v2\/product"}],"about":[{"href":"https:\/\/kauppa.ursa.fi\/kauppa\/wp-json\/wp\/v2\/types\/product"}],"replies":[{"embeddable":true,"href":"https:\/\/kauppa.ursa.fi\/kauppa\/wp-json\/wp\/v2\/comments?post=25748"}],"wp:featuredmedia":[{"embeddable":true,"href":"https:\/\/kauppa.ursa.fi\/kauppa\/wp-json\/wp\/v2\/media\/25751"}],"wp:attachment":[{"href":"https:\/\/kauppa.ursa.fi\/kauppa\/wp-json\/wp\/v2\/media?parent=25748"}],"wp:term":[{"taxonomy":"product_brand","embeddable":true,"href":"https:\/\/kauppa.ursa.fi\/kauppa\/wp-json\/wp\/v2\/product_brand?post=25748"},{"taxonomy":"product_cat","embeddable":true,"href":"https:\/\/kauppa.ursa.fi\/kauppa\/wp-json\/wp\/v2\/product_cat?post=25748"},{"taxonomy":"product_tag","embeddable":true,"href":"https:\/\/kauppa.ursa.fi\/kauppa\/wp-json\/wp\/v2\/product_tag?post=25748"}],"curies":[{"name":"wp","href":"https:\/\/api.w.org\/{rel}","templated":true}]}}