 

{"id":27578,"date":"2019-09-16T13:31:27","date_gmt":"2019-09-16T10:31:27","guid":{"rendered":"https:\/\/kauppa.ursa.fi\/kauppa\/?post_type=product&#038;p=27578"},"modified":"2020-12-02T09:53:48","modified_gmt":"2020-12-02T07:53:48","slug":"avaruudesta","status":"publish","type":"product","link":"https:\/\/kauppa.ursa.fi\/kauppa\/tuote\/avaruudesta\/","title":{"rendered":"Avaruudesta"},"content":{"rendered":"<p><em>&#8221;Tieto avaa aistimme ja ajatuksemme todellisuudelle. Se auttaa meit\u00e4 n\u00e4kem\u00e4\u00e4n yh\u00e4 uutta, ennalta aavistamatonta kauneutta ja ihmeellisyytt\u00e4 meit\u00e4 ymp\u00e4r\u00f6iv\u00e4ss\u00e4 maailmassa.Se opettaa meid\u00e4t riemuitsemaan maailmankaikkeudesta, uneksimaan t\u00e4htien l\u00e4mpim\u00e4ss\u00e4 valossa avaruuden loppumattomien syvyyksien keskell\u00e4.&#8221;<\/em><\/p>\n<p>Esko Valtaojan leip\u00e4laji on ruokkia mielikuvitustamme maailmankaikkeuden ihmeill\u00e4 ja usuttaa meit\u00e4 ajattelemaan asioita itse. T\u00e4ss\u00e4 kirjassa h\u00e4n esittelee mit\u00e4 me olemme tieteen avulla saaneet selville maailmankaikkeudesta: Isot, pienet ja kummalliset asiat, t\u00e4hdet, galaksit, valtava tyhjyys, pime\u00e4 aine ja energia sek\u00e4 el\u00e4m\u00e4.<\/p>\n","protected":false},"excerpt":{"rendered":"<p>Esko Valtaojan uutuusteos on pieni ja kaunis kirja maailmankaikkeudestamme.<\/p>\n","protected":false},"featured_media":27584,"comment_status":"open","ping_status":"closed","template":"","meta":[],"product_brand":[],"product_cat":[6,8],"product_tag":[],"class_list":{"0":"post-27578","1":"product","2":"type-product","3":"status-publish","4":"has-post-thumbnail","6":"product_cat-kirjakauppa","7":"product_cat-tahtitiede","8":"product_shipping_class-kirjakauppa","9":"pa_hintavaihtoehdot-jasenhinta","10":"pa_hintavaihtoehdot-suositushinta","11":"pa_isbn-2116","12":"pa_sidontamalli-sid","13":"pa_sivumaara-1693","14":"pa_tekija-esko-valtaoja","16":"first","17":"instock","18":"taxable","19":"shipping-taxable","20":"purchasable","21":"product-type-variable"},"exclude_global_add_ons":[],"addons":[],"_links":{"self":[{"href":"https:\/\/kauppa.ursa.fi\/kauppa\/wp-json\/wp\/v2\/product\/27578","targetHints":{"allow":["GET"]}}],"collection":[{"href":"https:\/\/kauppa.ursa.fi\/kauppa\/wp-json\/wp\/v2\/product"}],"about":[{"href":"https:\/\/kauppa.ursa.fi\/kauppa\/wp-json\/wp\/v2\/types\/product"}],"replies":[{"embeddable":true,"href":"https:\/\/kauppa.ursa.fi\/kauppa\/wp-json\/wp\/v2\/comments?post=27578"}],"wp:featuredmedia":[{"embeddable":true,"href":"https:\/\/kauppa.ursa.fi\/kauppa\/wp-json\/wp\/v2\/media\/27584"}],"wp:attachment":[{"href":"https:\/\/kauppa.ursa.fi\/kauppa\/wp-json\/wp\/v2\/media?parent=27578"}],"wp:term":[{"taxonomy":"product_brand","embeddable":true,"href":"https:\/\/kauppa.ursa.fi\/kauppa\/wp-json\/wp\/v2\/product_brand?post=27578"},{"taxonomy":"product_cat","embeddable":true,"href":"https:\/\/kauppa.ursa.fi\/kauppa\/wp-json\/wp\/v2\/product_cat?post=27578"},{"taxonomy":"product_tag","embeddable":true,"href":"https:\/\/kauppa.ursa.fi\/kauppa\/wp-json\/wp\/v2\/product_tag?post=27578"}],"curies":[{"name":"wp","href":"https:\/\/api.w.org\/{rel}","templated":true}]}}