 

{"id":27701,"date":"2019-09-24T16:13:15","date_gmt":"2019-09-24T13:13:15","guid":{"rendered":"https:\/\/kauppa.ursa.fi\/kauppa\/?post_type=product&#038;p=27701"},"modified":"2021-12-30T11:19:41","modified_gmt":"2021-12-30T09:19:41","slug":"pimean-aineen-arvoitus","status":"publish","type":"product","link":"https:\/\/kauppa.ursa.fi\/kauppa\/tuote\/pimean-aineen-arvoitus\/","title":{"rendered":"Pime\u00e4n aineen arvoitus"},"content":{"rendered":"<p>Maailmankaikkeus n\u00e4ytt\u00e4\u00e4 pikaisella vilkaisulla selke\u00e4lt\u00e4. Kaikesta maailmankaikkeuden aineesta yli 80 % on meille kuitenkin tuntematonta ja n\u00e4kym\u00e4t\u00f6nt\u00e4. Kukaan ei viel\u00e4 tied\u00e4, mit\u00e4 pime\u00e4 aine on, sill\u00e4 havaitsemme sen vaikutuksen ainoastaan painovoiman kautta. Ilman pime\u00e4\u00e4 ainetta kotigalaksiamme ei olisi koskaan syntynyt eik\u00e4 meit\u00e4k\u00e4\u00e4n olisi olemassa.<\/p>\n<p>Tommi Tenkanen kertoo omiin kokemuksiinsa pohjautuen miten tutkijat l\u00e4hestyv\u00e4t tuntematonta etsiess\u00e4\u00e4n pime\u00e4\u00e4 ainetta. Tenkanen tutkii teoreettista kosmologiaa t\u00e4ll\u00e4 hetkell\u00e4 Johns Hopkinsin yliopistossa Yhdysvalloissa.<\/p>\n<p>Kirjasta sanottua:<\/p>\n<ul>\n<li><a href=\"https:\/\/www.ursa.fi\/blogi\/kosmokseen-kirjoitettua\/paikan-tayttaminen\/\"><strong>Kosmokseen kirjoitettua<\/strong><\/a> (Syksy R\u00e4s\u00e4sen blogi)<\/li>\n<li><strong><a href=\"https:\/\/suomenkuvalehti.fi\/jutut\/tiede\/kukaan-ei-ole-varma-mita-pimea-aine-on-tai-onko-sita-olemassa-silti-yha-useampi-tutkija-uskoo-sen-selittavan-maailmankaikkeutta\/\">Suomen kuvalehti<\/a><\/strong> (maksumuurin takana)<\/li>\n<li><strong><a href=\"https:\/\/tekniikanmaailma.fi\/lehti\/21b-2019\/pimean-aineen-tutkimus-etenee\/\">Tekniikan Maailma<\/a><\/strong> (maksumuurin takana)<\/li>\n<li><a href=\"https:\/\/www.kirjavinkit.fi\/arvostelut\/pimean-aineen-arvoitus\/\"><strong>Kirjavinkit<\/strong><\/a><\/li>\n<\/ul>\n","protected":false},"excerpt":{"rendered":"<p><em>\u201dPime\u00e4 aine on arvoitus, joka on piinannut kosmologeja, t\u00e4htitieteilij\u00f6it\u00e4 ja hiukkasfyysikoita jo vuosikymmeni\u00e4. Pime\u00e4n aineen luonne on modernin fysiikan t\u00e4rkeimpi\u00e4 ja hieman yll\u00e4tt\u00e4en vaikeimmiksi paljastuneita ongelmia.<\/em><\/p>\n","protected":false},"featured_media":27703,"comment_status":"open","ping_status":"closed","template":"","meta":[],"product_brand":[],"product_cat":[6,8],"product_tag":[],"class_list":{"0":"post-27701","1":"product","2":"type-product","3":"status-publish","4":"has-post-thumbnail","6":"product_cat-kirjakauppa","7":"product_cat-tahtitiede","8":"product_shipping_class-kirjakauppa","9":"pa_hintavaihtoehdot-jasenhinta","10":"pa_hintavaihtoehdot-suositushinta","11":"pa_isbn-2222","12":"pa_sidontamalli-pehmeakantinen","13":"pa_sivumaara-2128","14":"pa_tekija-tommi-tenkanen","16":"first","17":"instock","18":"taxable","19":"shipping-taxable","20":"purchasable","21":"product-type-variable"},"exclude_global_add_ons":[],"addons":[],"_links":{"self":[{"href":"https:\/\/kauppa.ursa.fi\/kauppa\/wp-json\/wp\/v2\/product\/27701","targetHints":{"allow":["GET"]}}],"collection":[{"href":"https:\/\/kauppa.ursa.fi\/kauppa\/wp-json\/wp\/v2\/product"}],"about":[{"href":"https:\/\/kauppa.ursa.fi\/kauppa\/wp-json\/wp\/v2\/types\/product"}],"replies":[{"embeddable":true,"href":"https:\/\/kauppa.ursa.fi\/kauppa\/wp-json\/wp\/v2\/comments?post=27701"}],"wp:featuredmedia":[{"embeddable":true,"href":"https:\/\/kauppa.ursa.fi\/kauppa\/wp-json\/wp\/v2\/media\/27703"}],"wp:attachment":[{"href":"https:\/\/kauppa.ursa.fi\/kauppa\/wp-json\/wp\/v2\/media?parent=27701"}],"wp:term":[{"taxonomy":"product_brand","embeddable":true,"href":"https:\/\/kauppa.ursa.fi\/kauppa\/wp-json\/wp\/v2\/product_brand?post=27701"},{"taxonomy":"product_cat","embeddable":true,"href":"https:\/\/kauppa.ursa.fi\/kauppa\/wp-json\/wp\/v2\/product_cat?post=27701"},{"taxonomy":"product_tag","embeddable":true,"href":"https:\/\/kauppa.ursa.fi\/kauppa\/wp-json\/wp\/v2\/product_tag?post=27701"}],"curies":[{"name":"wp","href":"https:\/\/api.w.org\/{rel}","templated":true}]}}