 

{"id":28872,"date":"2019-12-02T11:34:20","date_gmt":"2019-12-02T09:34:20","guid":{"rendered":"https:\/\/kauppa.ursa.fi\/kauppa\/?post_type=product&#038;p=28872"},"modified":"2025-12-11T15:33:44","modified_gmt":"2025-12-11T13:33:44","slug":"aarettomyys-kammenella","status":"publish","type":"product","link":"https:\/\/kauppa.ursa.fi\/kauppa\/tuote\/aarettomyys-kammenella\/","title":{"rendered":"\u00c4\u00e4rett\u00f6myys k\u00e4mmenell\u00e4"},"content":{"rendered":"<p>Maailmankaikkeus on paljon j\u00e4nnempi paikka kuin olisit koskaan osannut kuvitella. Tutkimusmatkat avaruuteen, syventynyt ymm\u00e4rrys kvanttimaailmasta sek\u00e4 teknologiset edistysaskeleet ovat auttaneet ymm\u00e4rt\u00e4m\u00e4\u00e4n kotiplaneettaamme ja paikkaamme maailmankaikkeudessa h\u00e4mm\u00e4stytt\u00e4v\u00e4n tarkasti.<\/p>\n<p>Tiedetoimittaja Marcus Chown kertoo nokkelasti taustat viidellekymmenelle faktalle, jotka selitt\u00e4v\u00e4t koko olemassaolomme monimutkaisuuden kirjoa. Uskoisitko, ett\u00e4 ihmiskunnan saisi mahdutettua sokeripalan kokoon tai ett\u00e4 puolet soluistasi ei oikeastaan kuulu sinulle? Tai ett\u00e4 hyttysen atomien sis\u00e4lt\u00e4m\u00e4 s\u00e4hk\u00f6magneettinen voima riitt\u00e4isi r\u00e4j\u00e4ytt\u00e4m\u00e4\u00e4n kaiken el\u00e4m\u00e4n maapallolta?<\/p>\n<p>Marcus Chown on koulutukseltaan astrofyysikko ja toimii New Scientist -lehden kosmologian asiantuntijana.<\/p>\n","protected":false},"excerpt":{"rendered":"<p>Mukaansatempaava tietokirja kaikenlaisille lukijoille!<\/p>\n","protected":false},"featured_media":28877,"comment_status":"open","ping_status":"closed","template":"","meta":[],"product_brand":[],"product_cat":[6,10,8],"product_tag":[],"class_list":{"0":"post-28872","1":"product","2":"type-product","3":"status-publish","4":"has-post-thumbnail","6":"product_cat-kirjakauppa","7":"product_cat-muut-tietokirjat","8":"product_cat-tahtitiede","9":"product_shipping_class-kirjakauppa","10":"pa_hintavaihtoehdot-jasenhinta","11":"pa_hintavaihtoehdot-suositushinta","12":"pa_isbn-2139","13":"pa_sidonta-sid-mustavalkokuvitus","14":"pa_sivumaara-2141","15":"pa_tekija-marcus-chown","17":"first","18":"instock","19":"taxable","20":"shipping-taxable","21":"purchasable","22":"product-type-variable"},"exclude_global_add_ons":[],"addons":[],"_links":{"self":[{"href":"https:\/\/kauppa.ursa.fi\/kauppa\/wp-json\/wp\/v2\/product\/28872","targetHints":{"allow":["GET"]}}],"collection":[{"href":"https:\/\/kauppa.ursa.fi\/kauppa\/wp-json\/wp\/v2\/product"}],"about":[{"href":"https:\/\/kauppa.ursa.fi\/kauppa\/wp-json\/wp\/v2\/types\/product"}],"replies":[{"embeddable":true,"href":"https:\/\/kauppa.ursa.fi\/kauppa\/wp-json\/wp\/v2\/comments?post=28872"}],"wp:featuredmedia":[{"embeddable":true,"href":"https:\/\/kauppa.ursa.fi\/kauppa\/wp-json\/wp\/v2\/media\/28877"}],"wp:attachment":[{"href":"https:\/\/kauppa.ursa.fi\/kauppa\/wp-json\/wp\/v2\/media?parent=28872"}],"wp:term":[{"taxonomy":"product_brand","embeddable":true,"href":"https:\/\/kauppa.ursa.fi\/kauppa\/wp-json\/wp\/v2\/product_brand?post=28872"},{"taxonomy":"product_cat","embeddable":true,"href":"https:\/\/kauppa.ursa.fi\/kauppa\/wp-json\/wp\/v2\/product_cat?post=28872"},{"taxonomy":"product_tag","embeddable":true,"href":"https:\/\/kauppa.ursa.fi\/kauppa\/wp-json\/wp\/v2\/product_tag?post=28872"}],"curies":[{"name":"wp","href":"https:\/\/api.w.org\/{rel}","templated":true}]}}