 

{"id":3273,"date":"2001-01-08T12:45:32","date_gmt":"2001-01-08T10:45:32","guid":{"rendered":"https:\/\/kauppa.ursa.fi\/kauppa\/tuote\/tahdet-ja-avaruus-irtonumero-kuluva-vuosikerta\/"},"modified":"2025-02-20T11:36:05","modified_gmt":"2025-02-20T09:36:05","slug":"tahdet-ja-avaruus-irtonumero","status":"publish","type":"product","link":"https:\/\/kauppa.ursa.fi\/kauppa\/tuote\/tahdet-ja-avaruus-irtonumero\/","title":{"rendered":"T\u00e4hdet ja avaruus -irtonumero"},"content":{"rendered":"<p>T\u00e4htitiede el\u00e4\u00e4 mullistusten aikaa muun muassa uusien havaintolaitteiden ja luotainten ansiosta. T\u00e4hdet ja avaruus -lehti esittelee tieteen uusimmat l\u00f6yd\u00f6t maailmankaikkeudesta sek\u00e4 runsaasti lis\u00e4tietoa ajankohtaisista tapahtumista. Lehdess\u00e4 julkaistaan my\u00f6s ajankohtainen t\u00e4htikartta ja kerrotaan mielenkiintoisimmista taivaalla n\u00e4kyvist\u00e4 ilmi\u00f6ist\u00e4.<\/p>\n<p>T\u00e4hdet ja avaruus on tehty kaikille, jotka ovat kiinnostuneet t\u00e4hdist\u00e4 tai t\u00e4htitieteen viimeisimmist\u00e4 uutisista. Lehti saapuu kahdeksan kertaa vuodessa Ursan j\u00e4senille (my\u00f6s yhdistyksille ja kouluille).<\/p>\n<p><b>Huom!<\/b> Halutessasi tilata yksitt\u00e4isen irtonumeron merkitse tilauksen lis\u00e4tietoihin, jos haluat jonkin muun kuin uusimman numeron. Huomaa, ett\u00e4 kaikkia vanhoja irtonumeroita ei ole en\u00e4\u00e4 saatavilla.<\/p>\n<p><a href=\"http:\/\/www.avaruus.fi\">&gt;&gt; T\u00e4hdet ja avaruus -lehden nettisivut<\/a><br \/>\n<a href=\"https:\/\/kauppa.ursa.fi\/kauppa\/tuote\/liity-ursan-jaseneksi-2\/\">&gt;&gt; Liity Ursan j\u00e4seneksi ja saa T\u00e4hdet ja avaruus j\u00e4senetuna<\/a><\/p>\n","protected":false},"excerpt":{"rendered":"<p>T\u00e4hdet ja avaruus -lehti esittelee tieteen uusimmat l\u00f6yd\u00f6t maailmankaikkeudesta sek\u00e4 runsaasti lis\u00e4tietoa ajankohtaisista tapahtumista. Lehdess\u00e4 julkaistaan my\u00f6s ajankohtainen t\u00e4htikartta ja kerrotaan mielenkiintoisimmista tulossa olevista taivaanilmi\u00f6ist\u00e4.<\/p>\n","protected":false},"featured_media":25541,"comment_status":"open","ping_status":"closed","template":"","meta":[],"product_brand":[],"product_cat":[13],"product_tag":[],"class_list":{"0":"post-3273","1":"product","2":"type-product","3":"status-publish","4":"has-post-thumbnail","6":"product_cat-lehtien-irtonumerot","7":"product_shipping_class-kirjakauppa","8":"pa_hintavaihtoehdot-jasenhinta","9":"pa_hintavaihtoehdot-suositushinta","10":"pa_tekija-ursa-ry","12":"first","13":"instock","14":"taxable","15":"shipping-taxable","16":"purchasable","17":"product-type-simple"},"exclude_global_add_ons":false,"addons":[{"name":"Lehden numero","type":"heading","position":0,"required":false,"title_format":"label","default":"","description_enable":true,"description":"Kirjoit\u00e4 t\u00e4h\u00e4n haluatko uusimman numeron vai aiemmin t\u00e4n\u00e4 vuonna ilmestyneen lehden","placeholder_enable":false,"placeholder":"","display":"select","restrictions_type":"any_text","adjust_price":false,"price":"","price_type":"flat_fee","restrictions":false,"min":"0","max":"0","options":[],"id":1740051366},{"name":"Lehden numero","type":"custom_textarea","position":1,"required":true,"title_format":"hide","default":"","description_enable":false,"description":"","placeholder_enable":false,"placeholder":"","display":"select","restrictions_type":"any_text","adjust_price":false,"price":"","price_type":"quantity_based","restrictions":false,"min":"0","max":"0","options":[],"id":1740051367}],"_links":{"self":[{"href":"https:\/\/kauppa.ursa.fi\/kauppa\/wp-json\/wp\/v2\/product\/3273","targetHints":{"allow":["GET"]}}],"collection":[{"href":"https:\/\/kauppa.ursa.fi\/kauppa\/wp-json\/wp\/v2\/product"}],"about":[{"href":"https:\/\/kauppa.ursa.fi\/kauppa\/wp-json\/wp\/v2\/types\/product"}],"replies":[{"embeddable":true,"href":"https:\/\/kauppa.ursa.fi\/kauppa\/wp-json\/wp\/v2\/comments?post=3273"}],"wp:featuredmedia":[{"embeddable":true,"href":"https:\/\/kauppa.ursa.fi\/kauppa\/wp-json\/wp\/v2\/media\/25541"}],"wp:attachment":[{"href":"https:\/\/kauppa.ursa.fi\/kauppa\/wp-json\/wp\/v2\/media?parent=3273"}],"wp:term":[{"taxonomy":"product_brand","embeddable":true,"href":"https:\/\/kauppa.ursa.fi\/kauppa\/wp-json\/wp\/v2\/product_brand?post=3273"},{"taxonomy":"product_cat","embeddable":true,"href":"https:\/\/kauppa.ursa.fi\/kauppa\/wp-json\/wp\/v2\/product_cat?post=3273"},{"taxonomy":"product_tag","embeddable":true,"href":"https:\/\/kauppa.ursa.fi\/kauppa\/wp-json\/wp\/v2\/product_tag?post=3273"}],"curies":[{"name":"wp","href":"https:\/\/api.w.org\/{rel}","templated":true}]}}