 

{"id":3281,"date":"2002-09-24T09:34:17","date_gmt":"2002-09-24T06:34:17","guid":{"rendered":"https:\/\/kauppa.ursa.fi\/kauppa\/tuote\/tiedetta-kaikille-tahtitiede\/"},"modified":"2026-04-21T15:31:32","modified_gmt":"2026-04-21T12:31:32","slug":"tiedetta-kaikille-tahtitiede","status":"publish","type":"product","link":"https:\/\/kauppa.ursa.fi\/kauppa\/tuote\/tiedetta-kaikille-tahtitiede\/","title":{"rendered":"Tiedett\u00e4 kaikille: T\u00e4htitiede"},"content":{"rendered":"<p>Avaruus koostuu p\u00e4\u00e4asiassa ei mist\u00e4\u00e4n. Siell\u00e4 t\u00e4\u00e4ll\u00e4 harvaan siroteltuina on toinen toistaan omituisempia kohteita: kvasaareja, mustia aukkoja, ruskeita k\u00e4\u00e4pi\u00f6it\u00e4, komeettoja, tavallisia ja ep\u00e4tavallisia t\u00e4hti\u00e4 sek\u00e4 planeettoja. Ne ovat suunnattoman kaukana, mutta niist\u00e4 saadaan tietoa erilaisila n\u00e4pp\u00e4rill\u00e4 t\u00e4htitieteen menetelmill\u00e4 ja laitteilla.<\/p>\n<p>Maailmankaikkeutta hallitsevat arkij\u00e4rjell\u00e4 vaikeasti hahmotettavat voimat ja valtavat et\u00e4isyydet. Valo taittaa matkaa hitaasti muuttaen lis\u00e4ksi suuntaansa vetovoiman vaikutuksesta. Sama vetovoima vangitsee t\u00e4hti\u00e4 toistensa l\u00e4heisyyteen, mutta siit\u00e4 huolimatta koko avaruus laajenee ja galaksit loittonevat toisistaan.<\/p>\n<p>Tiedett\u00e4 kaikille: T\u00e4htitiede esittelee kaiken t\u00e4m\u00e4n ytimekk\u00e4\u00e4sti havainnollisesti runsaan kuvituksen kera. Kirjan l\u00e4ht\u00f6kohta ja mittapuu on kotoinen maapallomme, josta maailmankaikkeutta katselemme.<\/p>\n","protected":false},"excerpt":{"rendered":"<p>P\u00e4ivitetty Tiedett\u00e4 kaikille: T\u00e4htitiede esittelee t\u00e4htitieteen perusasiat runsain kuvin.<\/p>\n","protected":false},"featured_media":38538,"comment_status":"open","ping_status":"closed","template":"","meta":[],"product_brand":[],"product_cat":[2345,1574,8],"product_tag":[],"class_list":{"0":"post-3281","1":"product","2":"type-product","3":"status-publish","4":"has-post-thumbnail","6":"product_cat-lahjaideat-lapsille-ja-nuorille","7":"product_cat-lapsille","8":"product_cat-tahtitiede","9":"product_shipping_class-kirjakauppa","10":"pa_hintavaihtoehdot-jasenhinta","11":"pa_hintavaihtoehdot-suositushinta","12":"pa_isbn-2183","13":"pa_koko-215-x-275-cm","14":"pa_sidontamalli-sid","15":"pa_sivumaara-149","16":"pa_tekija-karttunen-hannu-ja-sarimaa-markku","18":"first","19":"instock","20":"taxable","21":"shipping-taxable","22":"purchasable","23":"product-type-variable","24":"has-default-attributes"},"exclude_global_add_ons":[],"addons":[],"_links":{"self":[{"href":"https:\/\/kauppa.ursa.fi\/kauppa\/wp-json\/wp\/v2\/product\/3281","targetHints":{"allow":["GET"]}}],"collection":[{"href":"https:\/\/kauppa.ursa.fi\/kauppa\/wp-json\/wp\/v2\/product"}],"about":[{"href":"https:\/\/kauppa.ursa.fi\/kauppa\/wp-json\/wp\/v2\/types\/product"}],"replies":[{"embeddable":true,"href":"https:\/\/kauppa.ursa.fi\/kauppa\/wp-json\/wp\/v2\/comments?post=3281"}],"wp:featuredmedia":[{"embeddable":true,"href":"https:\/\/kauppa.ursa.fi\/kauppa\/wp-json\/wp\/v2\/media\/38538"}],"wp:attachment":[{"href":"https:\/\/kauppa.ursa.fi\/kauppa\/wp-json\/wp\/v2\/media?parent=3281"}],"wp:term":[{"taxonomy":"product_brand","embeddable":true,"href":"https:\/\/kauppa.ursa.fi\/kauppa\/wp-json\/wp\/v2\/product_brand?post=3281"},{"taxonomy":"product_cat","embeddable":true,"href":"https:\/\/kauppa.ursa.fi\/kauppa\/wp-json\/wp\/v2\/product_cat?post=3281"},{"taxonomy":"product_tag","embeddable":true,"href":"https:\/\/kauppa.ursa.fi\/kauppa\/wp-json\/wp\/v2\/product_tag?post=3281"}],"curies":[{"name":"wp","href":"https:\/\/api.w.org\/{rel}","templated":true}]}}