 

{"id":3282,"date":"2002-01-11T10:36:58","date_gmt":"2002-01-11T08:36:58","guid":{"rendered":"https:\/\/kauppa.ursa.fi\/kauppa\/tuote\/johdatus-taivaanmekaniikkaan\/"},"modified":"2022-09-07T11:28:16","modified_gmt":"2022-09-07T08:28:16","slug":"johdatus-taivaanmekaniikkaan","status":"publish","type":"product","link":"https:\/\/kauppa.ursa.fi\/kauppa\/tuote\/johdatus-taivaanmekaniikkaan\/","title":{"rendered":"Johdatus taivaanmekaniikkaan"},"content":{"rendered":"<p>Taivaanmekaniikka tutkii, miten taivaankappaleet liikkuvat keskin\u00e4isten vetovoimiensa vaikutuksesta. L\u00e4ht\u00f6kohtana ovat Newtonin liikelait ja vetovoimalaki, joista l\u00e4htien muut tulokset johdetaan erilaisilla matemaattisilla menetelmill\u00e4.<\/p>\n<p>T\u00e4m\u00e4 kirja perustuu Helsingin yliopiston t\u00e4htitieteen laitoksella pidettyihin taivaanmekaniikan peruskurssin luentoihin. Kirjassa k\u00e4sitell\u00e4\u00e4n perusteellisesti kahden kappaleen probleemaa sek\u00e4 tutustutaan kolmen kappaleen probleeman perustuloksiin ja h\u00e4iri\u00f6teorian alkeisiin. Paljon painoa annetaan Hamiltonin mekaniikalle, joka on l\u00e4ht\u00f6kohta pidemm\u00e4lle meneville taivaanmekaniikan opinnoille.<\/p>\n<p>Kirjan ymm\u00e4rt\u00e4miseksi ei tarvita fysiikan taustatietoja, mutta kyll\u00e4kin perustietoja vektotilaskennasta ja usean muuttujan differentiaali- ja integraalilaskennasta.<\/p>\n","protected":false},"excerpt":{"rendered":"<p>Matemaattisen aineen oppikirja, josta saattaa olla hupia harrastajallekin.<\/p>\n","protected":false},"featured_media":4573,"comment_status":"open","ping_status":"closed","template":"","meta":[],"product_brand":[],"product_cat":[8],"product_tag":[],"class_list":{"0":"post-3282","1":"product","2":"type-product","3":"status-publish","4":"has-post-thumbnail","6":"product_cat-tahtitiede","7":"product_shipping_class-kirjakauppa","8":"pa_hintavaihtoehdot-jasenhinta","9":"pa_hintavaihtoehdot-suositushinta","10":"pa_isbn-1952","11":"pa_sidontamalli-nidottu","12":"pa_sivumaara-155","13":"pa_tekija-hannu-karttunen","15":"first","16":"instock","17":"taxable","18":"shipping-taxable","19":"purchasable","20":"product-type-variable","21":"has-default-attributes"},"exclude_global_add_ons":[],"addons":[],"_links":{"self":[{"href":"https:\/\/kauppa.ursa.fi\/kauppa\/wp-json\/wp\/v2\/product\/3282","targetHints":{"allow":["GET"]}}],"collection":[{"href":"https:\/\/kauppa.ursa.fi\/kauppa\/wp-json\/wp\/v2\/product"}],"about":[{"href":"https:\/\/kauppa.ursa.fi\/kauppa\/wp-json\/wp\/v2\/types\/product"}],"replies":[{"embeddable":true,"href":"https:\/\/kauppa.ursa.fi\/kauppa\/wp-json\/wp\/v2\/comments?post=3282"}],"wp:featuredmedia":[{"embeddable":true,"href":"https:\/\/kauppa.ursa.fi\/kauppa\/wp-json\/wp\/v2\/media\/4573"}],"wp:attachment":[{"href":"https:\/\/kauppa.ursa.fi\/kauppa\/wp-json\/wp\/v2\/media?parent=3282"}],"wp:term":[{"taxonomy":"product_brand","embeddable":true,"href":"https:\/\/kauppa.ursa.fi\/kauppa\/wp-json\/wp\/v2\/product_brand?post=3282"},{"taxonomy":"product_cat","embeddable":true,"href":"https:\/\/kauppa.ursa.fi\/kauppa\/wp-json\/wp\/v2\/product_cat?post=3282"},{"taxonomy":"product_tag","embeddable":true,"href":"https:\/\/kauppa.ursa.fi\/kauppa\/wp-json\/wp\/v2\/product_tag?post=3282"}],"curies":[{"name":"wp","href":"https:\/\/api.w.org\/{rel}","templated":true}]}}