 

{"id":3288,"date":"2001-01-08T16:53:08","date_gmt":"2001-01-08T14:53:08","guid":{"rendered":"https:\/\/kauppa.ursa.fi\/kauppa\/tuote\/planisfaari\/"},"modified":"2026-04-20T08:36:46","modified_gmt":"2026-04-20T05:36:46","slug":"planisfaari","status":"publish","type":"product","link":"https:\/\/kauppa.ursa.fi\/kauppa\/tuote\/planisfaari\/","title":{"rendered":"Planisf\u00e4\u00e4ri"},"content":{"rendered":"<p>Ursan planisf\u00e4\u00e4ri on t\u00e4htikartta, josta n\u00e4kee t\u00e4htitaivaan asennon vuoden ja vuorokauden eri aikoina. Planisf\u00e4\u00e4rin k\u00e4ytt\u00f6 on helppoa: kiert\u00e4m\u00e4ll\u00e4 planisf\u00e4\u00e4rin kiekkoja siten, ett\u00e4 kellonaika ja p\u00e4iv\u00e4m\u00e4\u00e4r\u00e4 ovat kohdakkain saadaan juuri kyseisen ajankohdan taivaan asento.<\/p>\n<p>Planisf\u00e4\u00e4ri on suositeltava t\u00e4htikartta aloittelijoille, ja muillekin, jotka haluavat lukea t\u00e4htikarttaa avotaivaan alla.<\/p>\n<p>Planisf\u00e4\u00e4riin on merkitty t\u00e4htikuvioita, niiden nimet suomeksi, sek\u00e4 joitakin sumumaisia kohteita.<\/p>\n<p>Planisf\u00e4\u00e4ri Helsingin horisontin mukaan (60\u00b0 pohjoista leveytt\u00e4, 25\u00b0 it\u00e4ist\u00e4 pituutta). Halkaisija 20 cm, valmistettu muovista.<\/p>\n","protected":false},"excerpt":{"rendered":"<p>Ursan planisf\u00e4\u00e4ri on t\u00e4htikartta, josta n\u00e4kee t\u00e4htitaivaan asennon vuoden ja vuorokauden eri aikoina. Planisf\u00e4\u00e4rin k\u00e4ytt\u00f6 on helppoa: kiert\u00e4m\u00e4ll\u00e4 planisf\u00e4\u00e4rin kiekkoja siten, ett\u00e4 kellonaika ja p\u00e4iv\u00e4m\u00e4\u00e4r\u00e4 ovat kohdakkain saadaan juuri kyseisen ajankohdan taivaan asento.<\/p>\n","protected":false},"featured_media":28992,"comment_status":"open","ping_status":"closed","template":"","meta":[],"product_brand":[],"product_cat":[2344,1872,2346,2345,1574,12,9],"product_tag":[],"class_list":{"0":"post-3288","1":"product","2":"type-product","3":"status-publish","4":"has-post-thumbnail","6":"product_cat-aloittelevalle-tahtiharrastajalle","7":"product_cat-apuvalineitaalkuun","8":"product_cat-avaruusfanille","9":"product_cat-lahjaideat-lapsille-ja-nuorille","10":"product_cat-lapsille","11":"product_cat-muut-tuotteet","12":"product_cat-harrastuskirjat","13":"product_shipping_class-kirjakauppa","14":"pa_hintavaihtoehdot-jasenhinta","15":"pa_hintavaihtoehdot-suositushinta","16":"pa_tekija-ursa-ry","18":"first","19":"instock","20":"taxable","21":"shipping-taxable","22":"purchasable","23":"product-type-variable","24":"has-default-attributes"},"exclude_global_add_ons":[],"addons":[],"_links":{"self":[{"href":"https:\/\/kauppa.ursa.fi\/kauppa\/wp-json\/wp\/v2\/product\/3288","targetHints":{"allow":["GET"]}}],"collection":[{"href":"https:\/\/kauppa.ursa.fi\/kauppa\/wp-json\/wp\/v2\/product"}],"about":[{"href":"https:\/\/kauppa.ursa.fi\/kauppa\/wp-json\/wp\/v2\/types\/product"}],"replies":[{"embeddable":true,"href":"https:\/\/kauppa.ursa.fi\/kauppa\/wp-json\/wp\/v2\/comments?post=3288"}],"wp:featuredmedia":[{"embeddable":true,"href":"https:\/\/kauppa.ursa.fi\/kauppa\/wp-json\/wp\/v2\/media\/28992"}],"wp:attachment":[{"href":"https:\/\/kauppa.ursa.fi\/kauppa\/wp-json\/wp\/v2\/media?parent=3288"}],"wp:term":[{"taxonomy":"product_brand","embeddable":true,"href":"https:\/\/kauppa.ursa.fi\/kauppa\/wp-json\/wp\/v2\/product_brand?post=3288"},{"taxonomy":"product_cat","embeddable":true,"href":"https:\/\/kauppa.ursa.fi\/kauppa\/wp-json\/wp\/v2\/product_cat?post=3288"},{"taxonomy":"product_tag","embeddable":true,"href":"https:\/\/kauppa.ursa.fi\/kauppa\/wp-json\/wp\/v2\/product_tag?post=3288"}],"curies":[{"name":"wp","href":"https:\/\/api.w.org\/{rel}","templated":true}]}}