 

{"id":3295,"date":"2001-01-12T23:55:07","date_gmt":"2001-01-12T21:55:07","guid":{"rendered":"https:\/\/kauppa.ursa.fi\/kauppa\/tuote\/messierin-kohteet\/"},"modified":"2023-10-02T11:52:29","modified_gmt":"2023-10-02T08:52:29","slug":"messierin-kohteet","status":"publish","type":"product","link":"https:\/\/kauppa.ursa.fi\/kauppa\/tuote\/messierin-kohteet\/","title":{"rendered":"Messierin kohteet"},"content":{"rendered":"<p>Vuonna 1758 ranskalainen t\u00e4htitieteilij\u00e4 Charles Messier l\u00f6ysi taivaalta himme\u00e4n sumul\u00e4isk\u00e4n. H\u00e4n merkitsi paikan muistiin, jottei sekoittaisi sit\u00e4 etsimiins\u00e4 pyrst\u00f6t\u00e4htiin. L\u00f6yd\u00f6st\u00e4 tuli M1, Rapusumu, ensimm\u00e4inen taivaankohde h\u00e4nen luettelossaan.<\/p>\n<p>El\u00e4m\u00e4ns\u00e4 aikana Messier luetteloi yli sata t\u00e4llaista kohdetta. N\u00e4m\u00e4 sumut, t\u00e4htijoukot ja galaksit ovat t\u00e4htiharrastajan suosituimpia mets\u00e4styskohteita. Monet n\u00e4kyv\u00e4t jo kiikarilla tai pienell\u00e4 kaukoputkella, mutta vaikeimpien l\u00f6yt\u00e4minen vaatii k\u00e4rsiv\u00e4llisyytt\u00e4 ja intoa. Kirja sis\u00e4lt\u00e4\u00e4 ohjeet ja etsint\u00e4kartat, joiden avulla aloittelijakin voi l\u00e4hte\u00e4 tutkimusmatkalle Messierin jalanj\u00e4ljiss\u00e4.<\/p>\n<p>110:n Messierin kohteen kirjassa neuvotaan lis\u00e4ksi, miten saada n\u00e4kyviin muita, n\u00e4iden l\u00e4hell\u00e4 sijaitsevia, kohteita. Tekij\u00f6ist\u00e4 Riku Henriksson on havainnut kaikkia kirjassa esiteltyj\u00e4 110:t\u00e4 Messier-kohdetta.<\/p>\n<p>Kolmanteen painokseen on tehty lukuisia korjauksia ja t\u00e4ydennyksi\u00e4 tekstiin, numerotietoihin ja karttoihin. Kuvitusta on osittain uusittu ja t\u00e4ydennetty.<\/p>\n<p><a href=\"https:\/\/www.ursa.fi\/kirjat\/lisamateriaalia\/messierin-kohteet.html\">Linkkej\u00e4<\/a><\/p>\n","protected":false},"excerpt":{"rendered":"<p>Ohjeet taivaan kauneimpien t\u00e4htijoukkojen, sumujen ja galaksien l\u00f6yt\u00e4miseksi<\/p>\n","protected":false},"featured_media":4580,"comment_status":"open","ping_status":"closed","template":"","meta":[],"product_brand":[],"product_cat":[9],"product_tag":[],"class_list":{"0":"post-3295","1":"product","2":"type-product","3":"status-publish","4":"has-post-thumbnail","6":"product_cat-harrastuskirjat","7":"product_shipping_class-kirjakauppa","8":"pa_alkuperainen-julkaisuvuosi-101","9":"pa_hintavaihtoehdot-jasenhinta","10":"pa_hintavaihtoehdot-suositushinta","11":"pa_isbn-207","12":"pa_sidontamalli-nidottu","13":"pa_sivumaara-149","14":"pa_tekija-henriksson-riku-ja-makela-veikko","16":"first","17":"instock","18":"taxable","19":"shipping-taxable","20":"purchasable","21":"product-type-variable","22":"has-default-attributes"},"exclude_global_add_ons":[],"addons":[],"_links":{"self":[{"href":"https:\/\/kauppa.ursa.fi\/kauppa\/wp-json\/wp\/v2\/product\/3295","targetHints":{"allow":["GET"]}}],"collection":[{"href":"https:\/\/kauppa.ursa.fi\/kauppa\/wp-json\/wp\/v2\/product"}],"about":[{"href":"https:\/\/kauppa.ursa.fi\/kauppa\/wp-json\/wp\/v2\/types\/product"}],"replies":[{"embeddable":true,"href":"https:\/\/kauppa.ursa.fi\/kauppa\/wp-json\/wp\/v2\/comments?post=3295"}],"wp:featuredmedia":[{"embeddable":true,"href":"https:\/\/kauppa.ursa.fi\/kauppa\/wp-json\/wp\/v2\/media\/4580"}],"wp:attachment":[{"href":"https:\/\/kauppa.ursa.fi\/kauppa\/wp-json\/wp\/v2\/media?parent=3295"}],"wp:term":[{"taxonomy":"product_brand","embeddable":true,"href":"https:\/\/kauppa.ursa.fi\/kauppa\/wp-json\/wp\/v2\/product_brand?post=3295"},{"taxonomy":"product_cat","embeddable":true,"href":"https:\/\/kauppa.ursa.fi\/kauppa\/wp-json\/wp\/v2\/product_cat?post=3295"},{"taxonomy":"product_tag","embeddable":true,"href":"https:\/\/kauppa.ursa.fi\/kauppa\/wp-json\/wp\/v2\/product_tag?post=3295"}],"curies":[{"name":"wp","href":"https:\/\/api.w.org\/{rel}","templated":true}]}}