 

{"id":3325,"date":"2001-01-13T01:01:37","date_gmt":"2001-01-12T23:01:37","guid":{"rendered":"https:\/\/kauppa.ursa.fi\/kauppa\/tuote\/kaukoputket-kayttajan-opas\/"},"modified":"2023-02-01T14:53:56","modified_gmt":"2023-02-01T12:53:56","slug":"kaukoputket-kayttajan-opas","status":"publish","type":"product","link":"https:\/\/kauppa.ursa.fi\/kauppa\/tuote\/kaukoputket-kayttajan-opas\/","title":{"rendered":"Kaukoputket &#8211; k\u00e4ytt\u00e4j\u00e4n opas"},"content":{"rendered":"<p>Miten kaukoputki toimii? Miten l\u00f6yd\u00e4n Andromedan galaksin? N\u00e4kyv\u00e4tk\u00f6 Jupiterin kuut? Millainen on Newton-peilikaukoputki? Kuinka ilmakeh\u00e4 vaikuttaa kaukoputken kuvaan? Millainen kaukoputki kannattaa hankkia?<\/p>\n<p>Oppaan kuudennesta, laajennetusta painoksesta l\u00f6yd\u00e4t vastauksen n\u00e4ihin ja moniin muihin kysymyksiin. Kirjassa kerrotaan miten harrastajien kaukoputket toimivat ja kuinka niit\u00e4 k\u00e4ytet\u00e4\u00e4n t\u00e4htitaivaan kohteiden havainnointiin.<\/p>\n<p>Opas sopii niin aloittelijalle kuin hieman kokeneemmallekin kaukoputken k\u00e4ytt\u00e4j\u00e4lle.<\/p>\n","protected":false},"excerpt":{"rendered":"<p>Miten kaukoputki toimii? Miten l\u00f6yd\u00e4n Andromedan galaksin? N\u00e4kyv\u00e4tk\u00f6 Jupiterin kuut? Millainen on Newton-peilikaukoputki? Kuinka ilmakeh\u00e4 vaikuttaa kaukoputken kuvaan? Millainen kaukoputki kannattaa hankkia? Oppaan kuudennesta, laajennetusta painoksesta l\u00f6yd\u00e4t vastauksen n\u00e4ihin ja [&hellip;]<\/p>\n","protected":false},"featured_media":74774,"comment_status":"open","ping_status":"closed","template":"","meta":[],"product_brand":[],"product_cat":[9],"product_tag":[],"class_list":{"0":"post-3325","1":"product","2":"type-product","3":"status-publish","4":"has-post-thumbnail","6":"product_cat-harrastuskirjat","7":"product_shipping_class-kirjakauppa","8":"pa_alkuperainen-julkaisuvuosi-295","9":"pa_hintavaihtoehdot-jasenhinta","10":"pa_hintavaihtoehdot-suositushinta","11":"pa_isbn-2009","12":"pa_sidontamalli-nid","13":"pa_sivumaara-294","14":"pa_tekija-olli-manner","16":"first","17":"instock","18":"taxable","19":"shipping-taxable","20":"purchasable","21":"product-type-variable","22":"has-default-attributes"},"exclude_global_add_ons":[],"addons":[],"_links":{"self":[{"href":"https:\/\/kauppa.ursa.fi\/kauppa\/wp-json\/wp\/v2\/product\/3325","targetHints":{"allow":["GET"]}}],"collection":[{"href":"https:\/\/kauppa.ursa.fi\/kauppa\/wp-json\/wp\/v2\/product"}],"about":[{"href":"https:\/\/kauppa.ursa.fi\/kauppa\/wp-json\/wp\/v2\/types\/product"}],"replies":[{"embeddable":true,"href":"https:\/\/kauppa.ursa.fi\/kauppa\/wp-json\/wp\/v2\/comments?post=3325"}],"wp:featuredmedia":[{"embeddable":true,"href":"https:\/\/kauppa.ursa.fi\/kauppa\/wp-json\/wp\/v2\/media\/74774"}],"wp:attachment":[{"href":"https:\/\/kauppa.ursa.fi\/kauppa\/wp-json\/wp\/v2\/media?parent=3325"}],"wp:term":[{"taxonomy":"product_brand","embeddable":true,"href":"https:\/\/kauppa.ursa.fi\/kauppa\/wp-json\/wp\/v2\/product_brand?post=3325"},{"taxonomy":"product_cat","embeddable":true,"href":"https:\/\/kauppa.ursa.fi\/kauppa\/wp-json\/wp\/v2\/product_cat?post=3325"},{"taxonomy":"product_tag","embeddable":true,"href":"https:\/\/kauppa.ursa.fi\/kauppa\/wp-json\/wp\/v2\/product_tag?post=3325"}],"curies":[{"name":"wp","href":"https:\/\/api.w.org\/{rel}","templated":true}]}}