 

{"id":3339,"date":"2001-01-13T01:18:59","date_gmt":"2001-01-12T23:18:59","guid":{"rendered":"https:\/\/kauppa.ursa.fi\/kauppa\/tuote\/vanha-ja-uusi-kuu\/"},"modified":"2023-01-27T09:09:30","modified_gmt":"2023-01-27T07:09:30","slug":"vanha-ja-uusi-kuu","status":"publish","type":"product","link":"https:\/\/kauppa.ursa.fi\/kauppa\/tuote\/vanha-ja-uusi-kuu\/","title":{"rendered":"Vanha ja uusi kuu"},"content":{"rendered":"<p>Ihmiskunnan vanha haave toteutui hein\u00e4kuussa 1969, kun Apollo 11 laskeutui Kuun pinnalle. Yhdysvallat voitto Neuvostoliiton kilpajuoksussa, jonka yksityiskohdat ovat alkaneet paljastua vasta viime vuosina.<\/p>\n<p>Apollo-lentojen j\u00e4lkeen Kuu kuitenkin hyl\u00e4ttiin ja vasta nyt sit\u00e4 ollaan l\u00f6yt\u00e4m\u00e4ss\u00e4 uudelleen. Ihminen on palaamassa Kuuhun, mutta milloin, miten ja ennen kaikkea miksi. Mit\u00e4 hy\u00f6ty\u00e4 Kuusta on ihmiskunnalle?<\/p>\n<p>Tiedetoimittaja Juhani Westman kertoo asiantuntemuksella menneest\u00e4, nykyisest\u00e4 ja tulevasta kuututkimuksesta.<\/p>\n","protected":false},"excerpt":{"rendered":"<p>Kuututkimuksen historia, nykyp\u00e4iv\u00e4 ja tulevaisuus.<\/p>\n","protected":false},"featured_media":33372,"comment_status":"open","ping_status":"closed","template":"","meta":[],"product_brand":[],"product_cat":[8],"product_tag":[],"class_list":{"0":"post-3339","1":"product","2":"type-product","3":"status-publish","4":"has-post-thumbnail","6":"product_cat-tahtitiede","7":"product_shipping_class-kirjakauppa","8":"pa_hintavaihtoehdot-jasenhinta","9":"pa_hintavaihtoehdot-suositushinta","10":"pa_isbn-1955","11":"pa_issn-0357-7937","12":"pa_sidontamalli-sidottu","13":"pa_sivumaara-362","14":"pa_tekija-westman-juhani-toimittanut-markus-hotakainen","16":"first","17":"instock","18":"taxable","19":"shipping-taxable","20":"purchasable","21":"product-type-variable","22":"has-default-attributes"},"exclude_global_add_ons":[],"addons":[],"_links":{"self":[{"href":"https:\/\/kauppa.ursa.fi\/kauppa\/wp-json\/wp\/v2\/product\/3339","targetHints":{"allow":["GET"]}}],"collection":[{"href":"https:\/\/kauppa.ursa.fi\/kauppa\/wp-json\/wp\/v2\/product"}],"about":[{"href":"https:\/\/kauppa.ursa.fi\/kauppa\/wp-json\/wp\/v2\/types\/product"}],"replies":[{"embeddable":true,"href":"https:\/\/kauppa.ursa.fi\/kauppa\/wp-json\/wp\/v2\/comments?post=3339"}],"wp:featuredmedia":[{"embeddable":true,"href":"https:\/\/kauppa.ursa.fi\/kauppa\/wp-json\/wp\/v2\/media\/33372"}],"wp:attachment":[{"href":"https:\/\/kauppa.ursa.fi\/kauppa\/wp-json\/wp\/v2\/media?parent=3339"}],"wp:term":[{"taxonomy":"product_brand","embeddable":true,"href":"https:\/\/kauppa.ursa.fi\/kauppa\/wp-json\/wp\/v2\/product_brand?post=3339"},{"taxonomy":"product_cat","embeddable":true,"href":"https:\/\/kauppa.ursa.fi\/kauppa\/wp-json\/wp\/v2\/product_cat?post=3339"},{"taxonomy":"product_tag","embeddable":true,"href":"https:\/\/kauppa.ursa.fi\/kauppa\/wp-json\/wp\/v2\/product_tag?post=3339"}],"curies":[{"name":"wp","href":"https:\/\/api.w.org\/{rel}","templated":true}]}}