 

{"id":3341,"date":"2001-03-22T10:50:37","date_gmt":"2001-03-22T08:50:37","guid":{"rendered":"https:\/\/kauppa.ursa.fi\/kauppa\/tuote\/tahtitieteen-harjoitustehtavia\/"},"modified":"2018-02-07T11:35:53","modified_gmt":"2018-02-07T09:35:53","slug":"tahtitieteen-harjoitustehtavia","status":"publish","type":"product","link":"https:\/\/kauppa.ursa.fi\/kauppa\/tuote\/tahtitieteen-harjoitustehtavia\/","title":{"rendered":"T\u00e4htitieteen harjoitusteht\u00e4vi\u00e4"},"content":{"rendered":"<p><strong><span style=\"color: #000000;\">Paperinen kirja on loppuunmyyty. Jos kuitenkin haluat treenata tenttiin tai testata matemaattisia taitojasi ihastuttavan kamalilla teht\u00e4vill\u00e4, voit ladata kirjan <span style=\"color: #0000ff;\"><a style=\"color: #0000ff;\" href=\"https:\/\/kauppa.ursa.fi\/kauppa\/sahkokirjat\/\">pdf-tiedostona t\u00e4\u00e4lt\u00e4<\/a><\/span>.<\/span><\/strong><\/p>\n<p><em>Kumpi n\u00e4kyy l\u00e4pimitaltaan suurempana, nelj\u00e4n valovuoden p\u00e4\u00e4ss\u00e4 olevan Auringon kokoinen t\u00e4hti vai Tallinnassa oleva hehkulamppu? Mit\u00e4 suurennusta k\u00e4ytt\u00e4en k\u00e4ytt\u00e4en Jupiter suurimmillaan n\u00e4ytt\u00e4\u00e4 yht\u00e4 suurelta kuin Kuu paljain silmin. Miksi avaruusaluksessa oleskeleva astronautti tuntee itsens\u00e4 painottomaksi? Montako vieriviereen rakennetuilla Loviisan ydinvoimaloilla peitetty\u00e4 maapalloa tarvittaisiin Auringon tehon tuottamiseen?<\/em><\/p>\n<p>Eukleideen kerrotaan sanoneen, ett\u00e4 geometriaan ei ole kuninkaan tiet\u00e4. T\u00e4htitiede on tieteenala, johon ei my\u00f6sk\u00e4\u00e4n ole oikotiet\u00e4, vaan tulokset ovat harjoituksen takana.<\/p>\n<p>T\u00e4htitieteen harjoitusteht\u00e4vi\u00e4 tarjoaa noin kaksisataa teht\u00e4v\u00e4\u00e4, joita suorittamalla voi valmistautua t\u00e4htitieteen peruskurssin tenttiin tai muuten vain kiduttaa itse\u00e4\u00e4n.<\/p>\n<p>Teht\u00e4v\u00e4t vaihtelevat naurettavan helpoista erinomaisen inhottaviin. Niihin annetaan my\u00f6s sangen yksityiskohtaiset ratkaisut. Kaikki tarvittavat tiedot l\u00f6ytyv\u00e4t kirjasta T\u00e4htitieteen perusteet &#8211; kolmas laitos.<\/p>\n<p>Teht\u00e4vien laatijat ovat monivuotisen opetuskokemuksen turhauttamia t\u00e4htitieteilij\u00f6it\u00e4.<\/p>\n","protected":false},"excerpt":{"rendered":"<p>Eukleideen kerrotaan sanoneen, ett\u00e4 geometriaan ei ole kuninkaan tiet\u00e4. T\u00e4htitieteeseen ei my\u00f6sk\u00e4\u00e4n ole oikotiet\u00e4, vaan tulokset ovat harjoituksen takana.<\/p>\n","protected":false},"featured_media":4593,"comment_status":"open","ping_status":"closed","template":"","meta":[],"product_brand":[],"product_cat":[8],"product_tag":[],"class_list":{"0":"post-3341","1":"product","2":"type-product","3":"status-publish","4":"has-post-thumbnail","6":"product_cat-tahtitiede","7":"product_shipping_class-kirjakauppa","8":"pa_alkuperainen-julkaisuvuosi-368","9":"pa_hintavaihtoehdot-jasenhinta","10":"pa_hintavaihtoehdot-suositushinta","11":"pa_isbn-1772","12":"pa_sidontamalli-nidottu","13":"pa_sivumaara-367","14":"pa_tekija-karttunen-hannu-kroger-pekka-ja-poutanen-markku","16":"first","17":"outofstock","18":"virtual","19":"taxable","20":"purchasable","21":"product-type-simple"},"exclude_global_add_ons":[],"addons":[],"_links":{"self":[{"href":"https:\/\/kauppa.ursa.fi\/kauppa\/wp-json\/wp\/v2\/product\/3341","targetHints":{"allow":["GET"]}}],"collection":[{"href":"https:\/\/kauppa.ursa.fi\/kauppa\/wp-json\/wp\/v2\/product"}],"about":[{"href":"https:\/\/kauppa.ursa.fi\/kauppa\/wp-json\/wp\/v2\/types\/product"}],"replies":[{"embeddable":true,"href":"https:\/\/kauppa.ursa.fi\/kauppa\/wp-json\/wp\/v2\/comments?post=3341"}],"wp:featuredmedia":[{"embeddable":true,"href":"https:\/\/kauppa.ursa.fi\/kauppa\/wp-json\/wp\/v2\/media\/4593"}],"wp:attachment":[{"href":"https:\/\/kauppa.ursa.fi\/kauppa\/wp-json\/wp\/v2\/media?parent=3341"}],"wp:term":[{"taxonomy":"product_brand","embeddable":true,"href":"https:\/\/kauppa.ursa.fi\/kauppa\/wp-json\/wp\/v2\/product_brand?post=3341"},{"taxonomy":"product_cat","embeddable":true,"href":"https:\/\/kauppa.ursa.fi\/kauppa\/wp-json\/wp\/v2\/product_cat?post=3341"},{"taxonomy":"product_tag","embeddable":true,"href":"https:\/\/kauppa.ursa.fi\/kauppa\/wp-json\/wp\/v2\/product_tag?post=3341"}],"curies":[{"name":"wp","href":"https:\/\/api.w.org\/{rel}","templated":true}]}}