 

{"id":3347,"date":"2001-09-20T20:56:48","date_gmt":"2001-09-20T17:56:48","guid":{"rendered":"https:\/\/kauppa.ursa.fi\/kauppa\/tuote\/leijonan-hanta\/"},"modified":"2023-01-18T14:28:00","modified_gmt":"2023-01-18T12:28:00","slug":"leijonan-hanta","status":"publish","type":"product","link":"https:\/\/kauppa.ursa.fi\/kauppa\/tuote\/leijonan-hanta\/","title":{"rendered":"Leijonan h\u00e4nt\u00e4"},"content":{"rendered":"<p><em>&#8221;Luonto n\u00e4ytt\u00e4\u00e4 meille vain leijonan h\u00e4nn\u00e4n. Minulla ei kuitenkaan ole ep\u00e4ilyst\u00e4k\u00e4\u00e4n, ett\u00e4 leijona kuuluu siihen.&#8221; &#8211; Albert Einstein<\/em><\/p>\n<p>Luonnontieteen saavuttamia tuloksia ja maailmankuvaa pidet\u00e4\u00e4n yleisesti tosina. On kuitenkin syyt\u00e4 muistaa, ett\u00e4 maailma on hahmotettu kulloisenkin tiedon mukaan: muutama sata vuotta sitten ei tiedetty, ett\u00e4 Maa kiert\u00e4\u00e4 Aurinkoa. Leijonan h\u00e4nt\u00e4 kertoo, miten maailmasta on eri aikoina yritetty saada tietoa, miten tietoa on ep\u00e4ilty, ovatko eri tieteenalojen tulokset vertailukelpoisia ja millaisia ovat olleet tieteen ja kuvitelmien suhteet.<\/p>\n<p>Kirjan nimi on per\u00e4isin Albert Einsteinin ajatuksesta, ett\u00e4 on olemassa todellinen fysikaalinen maailma ja siit\u00e4 saatavaa tietoa. Meid\u00e4n tietomme on ep\u00e4t\u00e4ydellist\u00e4, kuten h\u00e4nt\u00e4, jonka arvelemme olevan osa leijonaa. Einstein uskoi, ett\u00e4 leijona on olemassa, vaikka emme sit\u00e4 viel\u00e4 pysty kokonaan n\u00e4kem\u00e4\u00e4n.<\/p>\n<p>Sama usko luonnon leijonaan on kirjan keskeinen ajatus. Jotkut tieteenfilosofit ovat kuitenkin sit\u00e4 mielt\u00e4, ett\u00e4 mit\u00e4\u00e4n objektiivista totuutta ei voi ollakaan, ett\u00e4 tutkija ja yhteiskunta h\u00e4nen kauttaan aina vaikuttavat tuloksiin. Kirjan loppuosa on omistettu t\u00e4lle perusongelmalle: miss\u00e4 m\u00e4\u00e4rin tieteen maailmankuva on maailman itsens\u00e4 antama ja miss\u00e4 m\u00e4\u00e4rin ihmisen keksim\u00e4, sosiaalinen konstruktio?<\/p>\n<p>Professori Raimo Lehti on saanut Valtion tiedonjulkistamispalkinnon 1999, Vuoden tiedekirja -palkinnon 1999 ja Lauri J\u00e4ntin palkinnon kunniamaininnan 2000.<\/p>\n","protected":false},"excerpt":{"rendered":"<p>&#8221;Luonto n\u00e4ytt\u00e4\u00e4 meille vain leijonan h\u00e4nn\u00e4n. Minulla ei kuitenkaan ole ep\u00e4ilyst\u00e4k\u00e4\u00e4n, ett\u00e4 leijona kuuluu siihen.&#8221; &#8211; Albert Einstein Luonnontieteen saavuttamia tuloksia ja maailmankuvaa pidet\u00e4\u00e4n yleisesti tosina. On kuitenkin syyt\u00e4 muistaa, [&hellip;]<\/p>\n","protected":false},"featured_media":4597,"comment_status":"open","ping_status":"closed","template":"","meta":[],"product_brand":[],"product_cat":[10],"product_tag":[],"class_list":{"0":"post-3347","1":"product","2":"type-product","3":"status-publish","4":"has-post-thumbnail","6":"product_cat-muut-tietokirjat","7":"product_shipping_class-kirjakauppa","8":"pa_alkuperainen-julkaisuvuosi-368","9":"pa_hintavaihtoehdot-jasenhinta","10":"pa_hintavaihtoehdot-suositushinta","11":"pa_isbn-1954","12":"pa_sidontamalli-nidottu","13":"pa_sivumaara-378","14":"pa_tekija-raimo-lehti","16":"first","17":"instock","18":"taxable","19":"shipping-taxable","20":"purchasable","21":"product-type-variable","22":"has-default-attributes"},"exclude_global_add_ons":[],"addons":[],"_links":{"self":[{"href":"https:\/\/kauppa.ursa.fi\/kauppa\/wp-json\/wp\/v2\/product\/3347","targetHints":{"allow":["GET"]}}],"collection":[{"href":"https:\/\/kauppa.ursa.fi\/kauppa\/wp-json\/wp\/v2\/product"}],"about":[{"href":"https:\/\/kauppa.ursa.fi\/kauppa\/wp-json\/wp\/v2\/types\/product"}],"replies":[{"embeddable":true,"href":"https:\/\/kauppa.ursa.fi\/kauppa\/wp-json\/wp\/v2\/comments?post=3347"}],"wp:featuredmedia":[{"embeddable":true,"href":"https:\/\/kauppa.ursa.fi\/kauppa\/wp-json\/wp\/v2\/media\/4597"}],"wp:attachment":[{"href":"https:\/\/kauppa.ursa.fi\/kauppa\/wp-json\/wp\/v2\/media?parent=3347"}],"wp:term":[{"taxonomy":"product_brand","embeddable":true,"href":"https:\/\/kauppa.ursa.fi\/kauppa\/wp-json\/wp\/v2\/product_brand?post=3347"},{"taxonomy":"product_cat","embeddable":true,"href":"https:\/\/kauppa.ursa.fi\/kauppa\/wp-json\/wp\/v2\/product_cat?post=3347"},{"taxonomy":"product_tag","embeddable":true,"href":"https:\/\/kauppa.ursa.fi\/kauppa\/wp-json\/wp\/v2\/product_tag?post=3347"}],"curies":[{"name":"wp","href":"https:\/\/api.w.org\/{rel}","templated":true}]}}