 

{"id":3401,"date":"2004-10-21T13:12:33","date_gmt":"2004-10-21T10:12:33","guid":{"rendered":"https:\/\/kauppa.ursa.fi\/kauppa\/tuote\/avoin-tie-kurkistuksia-tulevaisuuteen\/"},"modified":"2017-04-25T09:42:55","modified_gmt":"2017-04-25T06:42:55","slug":"avoin-tie-kurkistuksia-tulevaisuuteen","status":"publish","type":"product","link":"https:\/\/kauppa.ursa.fi\/kauppa\/tuote\/avoin-tie-kurkistuksia-tulevaisuuteen\/","title":{"rendered":"Avoin tie &#8211; kurkistuksia tulevaisuuteen"},"content":{"rendered":"<p><i>&#8221;T\u00e4m\u00e4 on minun kirjani tulevaisuudesta, ihmisen ja el\u00e4m\u00e4n arvokkuuteen ja meid\u00e4t luoneen maapallon ja maailmankaikkeuden kunnioittamiseen uskovan optimistin kirjoittama kirja. Kotona maailmankaikkeudessa pohti Gauguinin kahta ensimm\u00e4ist\u00e4 kysymyst\u00e4: Mist\u00e4 tulemme? Keit\u00e4 olemme? T\u00e4m\u00e4 on kirja kolmannesta kysymyksest\u00e4: Minne menemme? On varmaan tarpeetonta sanoa, ett\u00e4 t\u00e4m\u00e4 kirja ei kerro tulevaisuudesta yht\u00e4\u00e4n mit\u00e4\u00e4n; edes min\u00e4 en ole niin arrogantti, ett\u00e4 kuvittelen voivani n\u00e4hd\u00e4 tulevaisuuteen &#8211; oli se sitten jo olemassa tai ei. Tied\u00e4mme minne olimme menossa vasta kun olemme siell\u00e4. Mutta me voimme kurkistella, arvailla, toivoa ja varoa &#8211; koko ajan muistaen, ett\u00e4 me emme vain matkaa tulevaisuuteen, me my\u00f6s teemme tulevaisuutta.&#8221;<\/i><\/p>\n<p>Saatavilla s\u00e4hk\u00f6kirjana <a href=\"https:\/\/kirja.elisa.fi\/ekirja\/avoin-tie-kurkistuksia-tulevaisuuteen\" target=\"_&quot;blank&quot;\">Elisa Kirjasta<\/a> ja <a href=\"http:\/\/www.ellibs.com\/fi\/book\/97895253299391\/avoin-tie-kurkistuksia-tulevaisuuteen\" target=\"_&quot;blank&quot;\">Ellibsist\u00e4<\/a>.<\/p>\n<p>Sis\u00e4lt\u00f6:<\/p>\n<p>1. Esko Valtaoja kiipe\u00e4\u00e4 lentokoneeseen<br \/>\n2. Rappiota ja utopiaa Venetsiassa<br \/>\n3. Anarkiaa Ruisrockissa<br \/>\n4. TEOTWAWKI!<br \/>\n5. Uhka avaruudesta<br \/>\n6. Kreivi Saint-Germainin vierustoverina<br \/>\n7. Aivodopingia kelanauhurilla<br \/>\n8. Musta on kaunista<br \/>\n9. P\u00e4\u00e4si\u00e4issaaren arvoitus<br \/>\n10. Hein\u00e4henkil\u00f6it\u00e4 ja designvauvoja<br \/>\n11. Taskulaskin valloittaa t\u00e4hdet<br \/>\n12. Iltak\u00e4velyll\u00e4 Kuussa<br \/>\n13. Avoin tie<\/p>\n<p><a href=\"https:\/\/www.ursa.fi\/kirjat\/korjauksia\/avoin-tie.html\" target=\"_blank\">Korjauksia kirjaan<\/a><\/p>\n","protected":false},"excerpt":{"rendered":"<p>Esko Valtaoja voitti Tieto-Finlandia-palkinnon vuonna 2002 teoksellaan Kotona maailmankaikkeudessa. Uudessa kirjassaan Avoin tie &#8211; kurkistuksia tulevaisuuteen h\u00e4n suuntaa katseensa tulevaisuuteen.<\/p>\n","protected":false},"featured_media":4640,"comment_status":"open","ping_status":"closed","template":"","meta":[],"product_brand":[],"product_cat":[10],"product_tag":[],"class_list":{"0":"post-3401","1":"product","2":"type-product","3":"status-publish","4":"has-post-thumbnail","6":"product_cat-muut-tietokirjat","7":"product_shipping_class-kirjakauppa","8":"pa_hintavaihtoehdot-jasenhinta","9":"pa_hintavaihtoehdot-suositushinta","10":"pa_isbn-1980","11":"pa_koko-a5","12":"pa_sidontamalli-nidottu","13":"pa_sivumaara-521","14":"pa_tekija-esko-valtaoja","16":"first","17":"instock","18":"taxable","19":"shipping-taxable","20":"purchasable","21":"product-type-variable","22":"has-default-attributes"},"exclude_global_add_ons":[],"addons":[],"_links":{"self":[{"href":"https:\/\/kauppa.ursa.fi\/kauppa\/wp-json\/wp\/v2\/product\/3401","targetHints":{"allow":["GET"]}}],"collection":[{"href":"https:\/\/kauppa.ursa.fi\/kauppa\/wp-json\/wp\/v2\/product"}],"about":[{"href":"https:\/\/kauppa.ursa.fi\/kauppa\/wp-json\/wp\/v2\/types\/product"}],"replies":[{"embeddable":true,"href":"https:\/\/kauppa.ursa.fi\/kauppa\/wp-json\/wp\/v2\/comments?post=3401"}],"wp:featuredmedia":[{"embeddable":true,"href":"https:\/\/kauppa.ursa.fi\/kauppa\/wp-json\/wp\/v2\/media\/4640"}],"wp:attachment":[{"href":"https:\/\/kauppa.ursa.fi\/kauppa\/wp-json\/wp\/v2\/media?parent=3401"}],"wp:term":[{"taxonomy":"product_brand","embeddable":true,"href":"https:\/\/kauppa.ursa.fi\/kauppa\/wp-json\/wp\/v2\/product_brand?post=3401"},{"taxonomy":"product_cat","embeddable":true,"href":"https:\/\/kauppa.ursa.fi\/kauppa\/wp-json\/wp\/v2\/product_cat?post=3401"},{"taxonomy":"product_tag","embeddable":true,"href":"https:\/\/kauppa.ursa.fi\/kauppa\/wp-json\/wp\/v2\/product_tag?post=3401"}],"curies":[{"name":"wp","href":"https:\/\/api.w.org\/{rel}","templated":true}]}}