 

{"id":3404,"date":"2005-01-05T09:14:20","date_gmt":"2005-01-05T07:14:20","guid":{"rendered":"https:\/\/kauppa.ursa.fi\/kauppa\/tuote\/tieteen-rannalla\/"},"modified":"2023-03-14T12:43:47","modified_gmt":"2023-03-14T10:43:47","slug":"tieteen-rannalla","status":"publish","type":"product","link":"https:\/\/kauppa.ursa.fi\/kauppa\/tuote\/tieteen-rannalla\/","title":{"rendered":"Tieteen rannalla"},"content":{"rendered":"<p>Tieteell\u00e4 ja erityisesti luonnontieteill\u00e4 on meille valtava merkitys sek\u00e4 materiaalisten olosuhteiden ett\u00e4 maailmankuvan muuttajana. Jatkuvaa keskustelua k\u00e4yd\u00e4\u00e4n kuitenkin siit\u00e4, milt\u00e4 osin vaikutus on ollut kielteist\u00e4 ja milt\u00e4 osin my\u00f6nteist\u00e4. Kirjassa Raimo Lehti esitt\u00e4\u00e4 puheenvuoronsa matemaattis-fysikaalisten tieteiden, erityisesti t\u00e4htitieteen n\u00e4k\u00f6kulmasta. Onko tiede kylm\u00e4\u00e4 ja inhimillisist\u00e4 pyrkimyksist\u00e4 piittaamatonta toimeliaisuutta, joka emotionaalisesti vaikeasti l\u00e4hestytt\u00e4v\u00e4n\u00e4 j\u00e4tt\u00e4\u00e4 todellisuuden aspektit huomioimatta? Raimo Lehden mielest\u00e4 paras keino vastata pessimistisiin kysymyksiin on kertoa tieteest\u00e4, sen metodeista ja vaikeuksista sek\u00e4 my\u00f6s aikaansaannoksista.<\/p>\n<p>Sis\u00e4lt\u00f6:<\/p>\n<p>Tieteen ideaaleja ja rajoja<br \/>\n1. Mit\u00e4 on hyv\u00e4 tiede?<br \/>\n2. Tieteen rajat ja rajattomuus<br \/>\n3. Kieltensekoitus tieteiden Baabelintornissa<\/p>\n<p>Uskosta ja ep\u00e4ilyst\u00e4<br \/>\n4. Usko, ep\u00e4ily ja tieto<\/p>\n<p>Tiede ajassa ja tapahtumissa<br \/>\n5. Tiede, politiikka ja sota: historiallisia esimerkkej\u00e4<br \/>\n6. Kuka maksoi kuumatkan<\/p>\n<p>Arvioita ja mielipiteit\u00e4 tieteen olemuksesta<br \/>\n7. Sattuman osuus tieteess\u00e4<br \/>\n8. Uljas uusi Kosmopolis<br \/>\n9. Karkea ja korkea todellisuus<\/p>\n<p>Fysiikan maailmankuvan aiheita<br \/>\n10. Determinismin m\u00f6rk\u00f6<br \/>\n11. Painia olemisen porteilla<br \/>\n12. Onko Einstein vai Mandelbrot kosmoksen profeetta?<\/p>\n","protected":false},"excerpt":{"rendered":"<p>Tieteell\u00e4 ja erityisesti luonnontieteill\u00e4 on meille valtava merkitys sek\u00e4 materiaalisten olosuhteiden ett\u00e4 maailmankuvan muuttajana. Jatkuvaa keskustelua k\u00e4yd\u00e4\u00e4n kuitenkin siit\u00e4, milt\u00e4 osin vaikutus on ollut kielteist\u00e4 ja milt\u00e4 osin my\u00f6nteist\u00e4. Kirjassa [&hellip;]<\/p>\n","protected":false},"featured_media":4641,"comment_status":"open","ping_status":"closed","template":"","meta":[],"product_brand":[],"product_cat":[10],"product_tag":[],"class_list":{"0":"post-3404","1":"product","2":"type-product","3":"status-publish","4":"has-post-thumbnail","6":"product_cat-muut-tietokirjat","7":"product_shipping_class-kirjakauppa","8":"pa_hintavaihtoehdot-jasenhinta","9":"pa_hintavaihtoehdot-suositushinta","10":"pa_isbn-1999","11":"pa_issn-0357-7937","12":"pa_sidontamalli-nid","13":"pa_sivumaara-531","14":"pa_tekija-raimo-lehti","16":"first","17":"instock","18":"taxable","19":"shipping-taxable","20":"purchasable","21":"product-type-variable","22":"has-default-attributes"},"exclude_global_add_ons":[],"addons":[],"_links":{"self":[{"href":"https:\/\/kauppa.ursa.fi\/kauppa\/wp-json\/wp\/v2\/product\/3404","targetHints":{"allow":["GET"]}}],"collection":[{"href":"https:\/\/kauppa.ursa.fi\/kauppa\/wp-json\/wp\/v2\/product"}],"about":[{"href":"https:\/\/kauppa.ursa.fi\/kauppa\/wp-json\/wp\/v2\/types\/product"}],"replies":[{"embeddable":true,"href":"https:\/\/kauppa.ursa.fi\/kauppa\/wp-json\/wp\/v2\/comments?post=3404"}],"wp:featuredmedia":[{"embeddable":true,"href":"https:\/\/kauppa.ursa.fi\/kauppa\/wp-json\/wp\/v2\/media\/4641"}],"wp:attachment":[{"href":"https:\/\/kauppa.ursa.fi\/kauppa\/wp-json\/wp\/v2\/media?parent=3404"}],"wp:term":[{"taxonomy":"product_brand","embeddable":true,"href":"https:\/\/kauppa.ursa.fi\/kauppa\/wp-json\/wp\/v2\/product_brand?post=3404"},{"taxonomy":"product_cat","embeddable":true,"href":"https:\/\/kauppa.ursa.fi\/kauppa\/wp-json\/wp\/v2\/product_cat?post=3404"},{"taxonomy":"product_tag","embeddable":true,"href":"https:\/\/kauppa.ursa.fi\/kauppa\/wp-json\/wp\/v2\/product_tag?post=3404"}],"curies":[{"name":"wp","href":"https:\/\/api.w.org\/{rel}","templated":true}]}}